{"id":830,"date":"2020-12-14T18:12:49","date_gmt":"2020-12-14T18:12:49","guid":{"rendered":"https:\/\/casadartistes.esfarcultural.net\/?page_id=830"},"modified":"2021-04-06T10:56:17","modified_gmt":"2021-04-06T10:56:17","slug":"residencia-febrer21","status":"publish","type":"page","link":"https:\/\/casadartistes.esfarcultural.net\/es\/residencia-febrer21","title":{"rendered":"RESID\u00c8NCIA FEBRER\/21"},"content":{"rendered":"<div class=\"wpb-content-wrapper\"><p>[vc_row row_type=\u00bbrow\u00bb use_row_as_full_screen_section=\u00bbno\u00bb type=\u00bbfull_width\u00bb text_align=\u00bbleft\u00bb background_animation=\u00bbnone\u00bb css_animation=\u00bb\u00bb][vc_column][vc_column_text]<\/p>\n<h3>RESID\u00c8NCIA FEBRER\/21<\/h3>\n<p>[\/vc_column_text][vc_empty_space][vc_single_image image=\u00bb851&#8243; img_size=\u00bblarge\u00bb qode_css_animation=\u00bb\u00bb][vc_empty_space][vc_column_text]Es una convocatoria dirigida a artistas que necesitan un tiempo para dedicarlo a su proceso de investigaci\u00f3n y \/ o creaci\u00f3n.<\/p>\n<p>Se seleccionar\u00e1n <strong>3 propuestas<\/strong> para realizar una estancia de creaci\u00f3n del <strong>25 de enero al 21 de febrero 2021 *.<\/strong><\/p>\n<p>Las becas incluyen espacio de trabajo y alojamiento valorado en 350 \u20ac.<\/p>\n<p>&nbsp;<\/p>\n<p><strong>Qu\u00e9 se ofrece?<\/strong><\/p>\n<p>1 beca completa. Estancia gratuita.<br \/>\n2 becas al 50% del valor de la estancia.<\/p>\n<p>&nbsp;<\/p>\n<p><strong>\u00bfC\u00f3mo participar?<\/strong><\/p>\n<p>Debe presentar la siguiente documentaci\u00f3n en un solo documento pdf al correo <a href=\"mailto:casadartistes@gmail.com\">casadartistes@gmail.com<\/a>.<\/p>\n<p>El \u00edndice del documento ser\u00e1 el siguiente:<\/p>\n<ol>\n<li>Biograf\u00eda \/ statement (declaraci\u00f3n de intenciones).<\/li>\n<li>Breve carta de motivaci\u00f3n.<\/li>\n<li>Muestra del trabajo reciente con informaci\u00f3n gr\u00e1fica y \/ o textual. M\u00e1ximo 3 proyectos.<\/li>\n<li>Propuesta a desarrollar durante la estancia (trabajos en curso o nuevos).<\/li>\n<li>CV art\u00edstico. Debe incluir los datos personales (nombre completo, lugar y fecha de nacimiento, correo electr\u00f3nico, n\u00famero de tel\u00e9fono, web o v\u00ednculos a redes sociales).<\/li>\n<\/ol>\n<p>&nbsp;<\/p>\n<p>El documento puede estar en catal\u00e1n, castellano o ingl\u00e9s.<\/p>\n<p><span style=\"color: #ff0000;\">Plazo de presentaci\u00f3n: hasta el 30 de diciembre 2020<\/span><br \/>\n<span style=\"color: #ff0000;\">Resoluci\u00f3n: 4 de enero 2021<\/span><br \/>\n<strong>Estancia del 25 de enero al 21 de febrero 2021 *<\/strong><\/p>\n<p>&nbsp;<\/p>\n<p><strong>Aceptaci\u00f3n<\/strong><\/p>\n<p>Una vez se haya notificado la resoluci\u00f3n, el artista tendr\u00e1 7 d\u00edas para aceptar o rechazar la beca. En aceptarla, los y las artistas se comprometen a:<\/p>\n<p>Aceptar los t\u00e9rminos de la convocatoria.<br \/>\nAsegurar su participaci\u00f3n durante las fechas previstas (* no aplazable).<br \/>\nAutorizar el uso de la documentaci\u00f3n visual con fines divulgativos y como archivo de la Casa de Artistas.[\/vc_column_text][\/vc_column][\/vc_row]<\/p>\n<\/div>","protected":false},"excerpt":{"rendered":"<p>[vc_row row_type=\u00bbrow\u00bb use_row_as_full_screen_section=\u00bbno\u00bb type=\u00bbfull_width\u00bb text_align=\u00bbleft\u00bb background_animation=\u00bbnone\u00bb css_animation=\u00bb\u00bb][vc_column][vc_column_text] RESID\u00c8NCIA FEBRER\/21 [\/vc_column_text][vc_empty_space][vc_single_image image=\u00bb851&#8243; img_size=\u00bblarge\u00bb qode_css_animation=\u00bb\u00bb][vc_empty_space][vc_column_text]Es una convocatoria dirigida a artistas que necesitan un tiempo para dedicarlo a su proceso de investigaci\u00f3n y \/ o creaci\u00f3n. Se seleccionar\u00e1n 3 propuestas para realizar una estancia de creaci\u00f3n del 25&#8230;<\/p>\n","protected":false},"author":1,"featured_media":0,"parent":0,"menu_order":0,"comment_status":"closed","ping_status":"closed","template":"","meta":{"footnotes":""},"class_list":["post-830","page","type-page","status-publish","hentry"],"_links":{"self":[{"href":"https:\/\/casadartistes.esfarcultural.net\/es\/wp-json\/wp\/v2\/pages\/830","targetHints":{"allow":["GET"]}}],"collection":[{"href":"https:\/\/casadartistes.esfarcultural.net\/es\/wp-json\/wp\/v2\/pages"}],"about":[{"href":"https:\/\/casadartistes.esfarcultural.net\/es\/wp-json\/wp\/v2\/types\/page"}],"author":[{"embeddable":true,"href":"https:\/\/casadartistes.esfarcultural.net\/es\/wp-json\/wp\/v2\/users\/1"}],"replies":[{"embeddable":true,"href":"https:\/\/casadartistes.esfarcultural.net\/es\/wp-json\/wp\/v2\/comments?post=830"}],"version-history":[{"count":14,"href":"https:\/\/casadartistes.esfarcultural.net\/es\/wp-json\/wp\/v2\/pages\/830\/revisions"}],"predecessor-version":[{"id":833,"href":"https:\/\/casadartistes.esfarcultural.net\/es\/wp-json\/wp\/v2\/pages\/830\/revisions\/833"}],"wp:attachment":[{"href":"https:\/\/casadartistes.esfarcultural.net\/es\/wp-json\/wp\/v2\/media?parent=830"}],"curies":[{"name":"wp","href":"https:\/\/api.w.org\/{rel}","templated":true}]}}