{"id":542,"date":"2020-11-24T13:13:50","date_gmt":"2020-11-24T13:13:50","guid":{"rendered":"https:\/\/casadartistes.esfarcultural.net\/?page_id=542"},"modified":"2024-06-26T17:00:21","modified_gmt":"2024-06-26T17:00:21","slug":"espai-de-creacio","status":"publish","type":"page","link":"https:\/\/casadartistes.esfarcultural.net\/es\/espai-de-creacio","title":{"rendered":"ESPAI DE CREACI\u00d3"},"content":{"rendered":"<div class=\"wpb-content-wrapper\"><p>[vc_row row_type=\u00bbrow\u00bb use_row_as_full_screen_section=\u00bbno\u00bb type=\u00bbfull_width\u00bb text_align=\u00bbleft\u00bb background_animation=\u00bbnone\u00bb css_animation=\u00bb\u00bb][vc_column][vc_column_text]<\/p>\n<h3>La Casa d\u2019Artistes \u00e9s un espai de creaci\u00f3 i pensament situat a Es Mercadal (Menorca). Pensat per realitzar-hi estades creatives i de producci\u00f3 de totes les disciplines art\u00edstiques i d\u2019investigaci\u00f3 en general en mig d\u2019un entorn natural.<\/h3>\n<p>[\/vc_column_text][\/vc_column][\/vc_row][vc_row row_type=\u00bbrow\u00bb use_row_as_full_screen_section=\u00bbno\u00bb type=\u00bbfull_width\u00bb text_align=\u00bbleft\u00bb background_animation=\u00bbnone\u00bb css_animation=\u00bb\u00bb][vc_column][vc_gallery type=\u00bbimage_grid\u00bb images=\u00bb290,289,288,452,286,292,293,285,441,1593,1595,1592,1586,1594,1579,1589,1585,1588,1591,1587,1583,1581,1580,1584&#8243; img_size=\u00bbfull\u00bb onclick=\u00bbimg_link_large\u00bb custom_links_target=\u00bb_blank\u00bb column_number=\u00bb4&#8243; grayscale=\u00bbno\u00bb space_between_images=\u00bbyes\u00bb][vc_separator type=\u00bbnormal\u00bb border_style=\u00bb\u00bb color=\u00bb#ef3737&#8243;][vc_empty_space][\/vc_column][\/vc_row][vc_row row_type=\u00bbrow\u00bb use_row_as_full_screen_section=\u00bbno\u00bb type=\u00bbfull_width\u00bb text_align=\u00bbleft\u00bb background_animation=\u00bbnone\u00bb css_animation=\u00bb\u00bb][vc_column width=\u00bb1\/4&#8243;][\/vc_column][vc_column width=\u00bb1\/2&#8243;][vc_video link=\u00bbhttps:\/\/youtu.be\/Cn1psVFGPaQ\u00bb][\/vc_column][vc_column width=\u00bb1\/4&#8243;][\/vc_column][\/vc_row][vc_row row_type=\u00bbrow\u00bb use_row_as_full_screen_section=\u00bbno\u00bb type=\u00bbfull_width\u00bb text_align=\u00bbleft\u00bb background_animation=\u00bbnone\u00bb css_animation=\u00bb\u00bb][vc_column][vc_empty_space][vc_separator type=\u00bbnormal\u00bb border_style=\u00bb\u00bb color=\u00bb#ef4337&#8243;][\/vc_column][\/vc_row]<\/p>\n<\/div>","protected":false},"excerpt":{"rendered":"<p>[vc_row row_type=\u00bbrow\u00bb use_row_as_full_screen_section=\u00bbno\u00bb type=\u00bbfull_width\u00bb text_align=\u00bbleft\u00bb background_animation=\u00bbnone\u00bb css_animation=\u00bb\u00bb][vc_column][vc_column_text] La Casa d\u2019Artistes \u00e9s un espai de creaci\u00f3 i pensament situat a Es Mercadal (Menorca). Pensat per realitzar-hi estades creatives i de producci\u00f3 de totes les disciplines art\u00edstiques i d\u2019investigaci\u00f3 en general en mig d\u2019un entorn natural. [\/vc_column_text][\/vc_column][\/vc_row][vc_row&#8230;<\/p>\n","protected":false},"author":1,"featured_media":0,"parent":0,"menu_order":0,"comment_status":"closed","ping_status":"closed","template":"","meta":{"footnotes":""},"class_list":["post-542","page","type-page","status-publish","hentry"],"_links":{"self":[{"href":"https:\/\/casadartistes.esfarcultural.net\/es\/wp-json\/wp\/v2\/pages\/542","targetHints":{"allow":["GET"]}}],"collection":[{"href":"https:\/\/casadartistes.esfarcultural.net\/es\/wp-json\/wp\/v2\/pages"}],"about":[{"href":"https:\/\/casadartistes.esfarcultural.net\/es\/wp-json\/wp\/v2\/types\/page"}],"author":[{"embeddable":true,"href":"https:\/\/casadartistes.esfarcultural.net\/es\/wp-json\/wp\/v2\/users\/1"}],"replies":[{"embeddable":true,"href":"https:\/\/casadartistes.esfarcultural.net\/es\/wp-json\/wp\/v2\/comments?post=542"}],"version-history":[{"count":22,"href":"https:\/\/casadartistes.esfarcultural.net\/es\/wp-json\/wp\/v2\/pages\/542\/revisions"}],"predecessor-version":[{"id":3101,"href":"https:\/\/casadartistes.esfarcultural.net\/es\/wp-json\/wp\/v2\/pages\/542\/revisions\/3101"}],"wp:attachment":[{"href":"https:\/\/casadartistes.esfarcultural.net\/es\/wp-json\/wp\/v2\/media?parent=542"}],"curies":[{"name":"wp","href":"https:\/\/api.w.org\/{rel}","templated":true}]}}