{"id":477,"date":"2020-11-24T10:29:10","date_gmt":"2020-11-24T10:29:10","guid":{"rendered":"https:\/\/casadartistes.esfarcultural.net\/?page_id=477"},"modified":"2020-11-24T18:20:06","modified_gmt":"2020-11-24T18:20:06","slug":"taller-obert","status":"publish","type":"page","link":"https:\/\/casadartistes.esfarcultural.net\/es\/taller-obert","title":{"rendered":"TALLER OBERT"},"content":{"rendered":"<div class=\"wpb-content-wrapper\"><p>[vc_row row_type=\u00bbrow\u00bb use_row_as_full_screen_section=\u00bbno\u00bb type=\u00bbfull_width\u00bb text_align=\u00bbleft\u00bb background_animation=\u00bbnone\u00bb css_animation=\u00bb\u00bb][vc_column][vc_column_text]<\/p>\n<h3><span style=\"color: #000000;\">El taller obert permet als visitats poder con\u00e8ixer l\u2019obra i l\u2019artista resident a la Casa d\u2019artistes de Montpalau.\u00a0Al final de la seva estada l\u2019artista exposa, explica les t\u00e8cniques que ha utilitzat i es pot veure com es treballa al taller de la casa d\u2019artistes.<\/span><\/h3>\n<p>[\/vc_column_text][vc_empty_space][vc_separator type=\u00bbnormal\u00bb border_style=\u00bb\u00bb color=\u00bb#dd3333&#8243;][\/vc_column][\/vc_row][vc_row row_type=\u00bbrow\u00bb use_row_as_full_screen_section=\u00bbno\u00bb type=\u00bbfull_width\u00bb text_align=\u00bbleft\u00bb background_animation=\u00bbnone\u00bb css_animation=\u00bb\u00bb css=\u00bb.vc_custom_1606213952822{margin-top: 20px !important;margin-bottom: 20px !important;}\u00bb][vc_column width=\u00bb2\/3&#8243;][vc_single_image image=\u00bb478&#8243; img_size=\u00bblarge\u00bb alignment=\u00bbcenter\u00bb qode_css_animation=\u00bb\u00bb][\/vc_column][vc_column width=\u00bb1\/3&#8243;][vc_column_text]<\/p>\n<h6><span style=\"color: #000000;\">El fot\u00f2graf Toni Amengual, Premi Mallorca de Fotografia Contempor\u00e0nia, ser\u00e0 l\u2019encarregat d\u2019introduir-nos en \u201cLa nova fotografia documental\u201d, confer\u00e8ncia que tindr\u00e0 lloc al Centre de Convencions des Mercadal, el proper dijous 14, a les 19:00, activitat que es relaciona amb la resid\u00e8ncia art\u00edstica que dur a terme a la Casa d\u2019Artistes de Montpalau durant el mesos de gener i febrer.<\/span><\/h6>\n<p>[\/vc_column_text][vc_empty_space height=\u00bb9px\u00bb][vc_single_image image=\u00bb479&#8243; alignment=\u00bbright\u00bb qode_css_animation=\u00bb\u00bb][vc_empty_space height=\u00bb9px\u00bb][vc_column_text]<span style=\"color: #000000;\">Toni Amengual, llicenciat en biologia per la Universitat de Barcelona el 2003, va estudiar fotografia a l\u2019Institut d\u2019Estudis Fotogr\u00e0fics de Catalunya entre 1999 i 2002 i va obtenir un m\u00e0ster en fotoperiodisme a l\u2019Aut\u00f2noma el 2003. Actualment exerceix de director del M\u00e0ster Nova fotografia Documental i Reportatge aplicat a l\u2019IDEP Barcelona i professor associat a Elisava (Barcelona). Entre les seves exposicions figuren Com viure amb la mem\u00f2ria (Museu d\u2019Art Contemporani Castella i Lle\u00f3), Devots (a Les Bernardes, Salt, Girona) o Holydays, mostra que es va exhibir en 2016 al Casal Solleric com a resultat de ser el projecte guanyador de la convocat\u00f2ria i formar\u00e0 part de l\u2019exposici\u00f3 col\u00b7lectiva \u201cIlles d\u2019Art 4\u201d la qual s\u2019inaugurar\u00e0 l\u20191 de mar\u00e7, al casal Solleric de Palma de Mallorca.<\/span>[\/vc_column_text][\/vc_column][\/vc_row][vc_row row_type=\u00bbrow\u00bb use_row_as_full_screen_section=\u00bbno\u00bb type=\u00bbfull_width\u00bb text_align=\u00bbleft\u00bb background_animation=\u00bbnone\u00bb css_animation=\u00bb\u00bb css=\u00bb.vc_custom_1606214064459{margin-top: 20px !important;margin-bottom: 20px !important;}\u00bb][vc_column][vc_separator type=\u00bbnormal\u00bb border_style=\u00bb\u00bb color=\u00bb#dd3333&#8243;][vc_empty_space][vc_gallery type=\u00bbimage_grid\u00bb images=\u00bb510,507,505,503,495,492&#8243; onclick=\u00bbimg_link_large\u00bb column_number=\u00bb2&#8243; grayscale=\u00bbno\u00bb space_between_images=\u00bbno\u00bb][\/vc_column][\/vc_row][vc_row row_type=\u00bbrow\u00bb use_row_as_full_screen_section=\u00bbno\u00bb type=\u00bbfull_width\u00bb text_align=\u00bbleft\u00bb background_animation=\u00bbnone\u00bb css_animation=\u00bb\u00bb][vc_column][vc_empty_space][vc_separator type=\u00bbnormal\u00bb border_style=\u00bb\u00bb color=\u00bb#dd3333&#8243;][\/vc_column][\/vc_row]<\/p>\n<\/div>","protected":false},"excerpt":{"rendered":"<p>[vc_row row_type=\u00bbrow\u00bb use_row_as_full_screen_section=\u00bbno\u00bb type=\u00bbfull_width\u00bb text_align=\u00bbleft\u00bb background_animation=\u00bbnone\u00bb css_animation=\u00bb\u00bb][vc_column][vc_column_text] El taller obert permet als visitats poder con\u00e8ixer l\u2019obra i l\u2019artista resident a la Casa d\u2019artistes de Montpalau.\u00a0Al final de la seva estada l\u2019artista exposa, explica les t\u00e8cniques que ha utilitzat i es pot veure com es treballa&#8230;<\/p>\n","protected":false},"author":1,"featured_media":0,"parent":0,"menu_order":0,"comment_status":"closed","ping_status":"closed","template":"","meta":{"footnotes":""},"class_list":["post-477","page","type-page","status-publish","hentry"],"_links":{"self":[{"href":"https:\/\/casadartistes.esfarcultural.net\/es\/wp-json\/wp\/v2\/pages\/477","targetHints":{"allow":["GET"]}}],"collection":[{"href":"https:\/\/casadartistes.esfarcultural.net\/es\/wp-json\/wp\/v2\/pages"}],"about":[{"href":"https:\/\/casadartistes.esfarcultural.net\/es\/wp-json\/wp\/v2\/types\/page"}],"author":[{"embeddable":true,"href":"https:\/\/casadartistes.esfarcultural.net\/es\/wp-json\/wp\/v2\/users\/1"}],"replies":[{"embeddable":true,"href":"https:\/\/casadartistes.esfarcultural.net\/es\/wp-json\/wp\/v2\/comments?post=477"}],"version-history":[{"count":38,"href":"https:\/\/casadartistes.esfarcultural.net\/es\/wp-json\/wp\/v2\/pages\/477\/revisions"}],"predecessor-version":[{"id":586,"href":"https:\/\/casadartistes.esfarcultural.net\/es\/wp-json\/wp\/v2\/pages\/477\/revisions\/586"}],"wp:attachment":[{"href":"https:\/\/casadartistes.esfarcultural.net\/es\/wp-json\/wp\/v2\/media?parent=477"}],"curies":[{"name":"wp","href":"https:\/\/api.w.org\/{rel}","templated":true}]}}