{"id":4096,"date":"2026-04-01T10:08:49","date_gmt":"2026-04-01T10:08:49","guid":{"rendered":"https:\/\/casadartistes.esfarcultural.net\/?page_id=4096"},"modified":"2026-04-16T12:25:48","modified_gmt":"2026-04-16T12:25:48","slug":"mentoria-biosfera-2026","status":"publish","type":"page","link":"https:\/\/casadartistes.esfarcultural.net\/es\/mentoria-biosfera-2026","title":{"rendered":"MENTORIA BIOSFERA 2026"},"content":{"rendered":"<div class=\"wpb-content-wrapper\"><p>[vc_row row_type=\u00bbrow\u00bb use_row_as_full_screen_section=\u00bbno\u00bb type=\u00bbfull_width\u00bb text_align=\u00bbcenter\u00bb background_animation=\u00bbnone\u00bb css_animation=\u00bb\u00bb css=\u00bb.vc_custom_1610973632409{padding-bottom: 20px !important;}\u00bb][vc_column][vc_empty_space][vc_column_text css=\u00bb\u00bb]<\/p>\n<h2 style=\"text-align: left;\"><strong>MENTOR\u00cdA BECA DE CREACI\u00d3N DOCUMENTAL PREMIO BIOSFERA \u00b7 MENORCA DOC FEST 2026<\/strong><\/h2>\n<p>[\/vc_column_text][vc_empty_space][vc_column_text css=\u00bb\u00bb]<\/p>\n<h3 style=\"text-align: left;\"><span style=\"color: #ea2d2e;\">Artistas seleccionadas<\/span><\/h3>\n<p>[\/vc_column_text][vc_empty_space][\/vc_column][\/vc_row][vc_row row_type=\u00bbrow\u00bb use_row_as_full_screen_section=\u00bbno\u00bb type=\u00bbfull_width\u00bb text_align=\u00bbleft\u00bb background_animation=\u00bbnone\u00bb css_animation=\u00bb\u00bb css=\u00bb.vc_custom_1610973590515{padding-top: 30px !important;padding-right: 0px !important;padding-bottom: 30px !important;padding-left: 0px !important;}\u00bb][vc_column width=\u00bb1\/2&#8243;][vc_empty_space][vc_column_text css=\u00bb\u00bb]<\/p>\n<h5 style=\"text-align: left;\"><span style=\"color: #ea2d2e;\"><b>CRISTINA ENRICH<\/b><\/span><\/h5>\n<p>[\/vc_column_text][vc_empty_space][vc_column_text css=\u00bb\u00bb]<\/p>\n<p style=\"text-align: justify;\"><span style=\"font-weight: 400;\">Cristina Enrich es una cineasta menorquina emergente y jefa de producci\u00f3n especializada en no ficci\u00f3n. Graduada en Comunicaci\u00f3n Audiovisual por la Universitat Polit\u00e8cnica de Val\u00e8ncia. Durante su estancia en Valencia, dirigi\u00f3 su primer cortometraje stop-motion <i>El secreto que se esconde bajo la madera,<\/i> y produjo videoclips y piezas creativas como <i>Guilty Pleasure<\/i>, galardonada en el Berlin Fashion Film Festival. Al regresar a Menorca, continu\u00f3 su carrera como fot\u00f3grafa para el Consell Insular de Menorca (2023-2024) y se incorpor\u00f3 a la producci\u00f3n de documentales como <i>Un ram de locura<\/i> (2025) y <i>Menorca Talai\u00f2tica. El llegat de les pedres<\/i> (2024). Actualmente, cursa el m\u00e1ster en Documental Social (Universitat de Vic), consolidando una mirada autoral centrada en historias locales y cuestiones medioambientales.<\/span><\/p>\n<p>&nbsp;<\/p>\n<p style=\"font-weight: 400; text-align: justify;\"><i>Aigua Dol\u00e7a <\/i>(wip). Flora y Marc, dos menorquines arraigados a la tierra, se enfrentan a pozos secos y barrancos en agon\u00eda debido a la crisis del agua en Menorca. <i><span style=\"font-weight: 400;\">Aigua dol\u00e7a<\/span><\/i><span style=\"font-weight: 400;\"> es un retrato \u00edntimo de dos vidas y de una isla que luchan por vivir en armon\u00eda con una naturaleza que reclama atenci\u00f3n antes de que sea demasiado tarde.<\/span><\/p>\n<p>[\/vc_column_text][vc_empty_space][\/vc_column][vc_column width=\u00bb1\/2&#8243;][vc_empty_space][vc_single_image image=\u00bb4110&#8243; img_size=\u00bbfull\u00bb css=\u00bb\u00bb qode_css_animation=\u00bb\u00bb][\/vc_column][\/vc_row][vc_row row_type=\u00bbrow\u00bb use_row_as_full_screen_section=\u00bbno\u00bb type=\u00bbfull_width\u00bb text_align=\u00bbleft\u00bb background_animation=\u00bbnone\u00bb css_animation=\u00bb\u00bb][vc_column][vc_empty_space][vc_separator type=\u00bbnormal\u00bb border_style=\u00bb\u00bb][vc_empty_space][\/vc_column][\/vc_row][vc_row row_type=\u00bbrow\u00bb use_row_as_full_screen_section=\u00bbno\u00bb type=\u00bbfull_width\u00bb text_align=\u00bbleft\u00bb background_animation=\u00bbnone\u00bb css_animation=\u00bb\u00bb css=\u00bb.vc_custom_1610973590515{padding-top: 30px !important;padding-right: 0px !important;padding-bottom: 30px !important;padding-left: 0px !important;}\u00bb][vc_column width=\u00bb1\/2&#8243;][vc_empty_space][vc_column_text css=\u00bb\u00bb]<\/p>\n<h5 style=\"text-align: left;\"><span style=\"color: #ea2d2e;\"><b>JOANA BRABO<\/b><\/span><\/h5>\n<p>[\/vc_column_text][vc_empty_space][vc_column_text css=\u00bb\u00bb]<\/p>\n<p style=\"font-weight: 400; text-align: justify;\"><span style=\"font-weight: 400;\">La trayectoria art\u00edstica de Joana Brabo se articula alrededor de la palabra como materia pl\u00e1stica, sonora y espacial. Su aproximaci\u00f3n al lenguaje parte de una relaci\u00f3n con la forma visual y sonora de la palabra. Inspirada por la fon\u00e9tica y el uso tipogr\u00e1fico radical de las vanguardias rusas y el dad\u00e1,  busca maneras poco convencionales de plasmar el texto, desplaz\u00e1ndolo de su funci\u00f3n puramente literaria hacia un territorio visual, performativo y espacial. En su pr\u00e1ctica, la palabra se fragmenta, se expande y se desplaza entre distintos soportes: la p\u00e1gina, la pared, las lenguas de signos o la acci\u00f3n performativa. El lenguaje aparece as\u00ed como un campo de experimentaci\u00f3n donde texto, imagen, sonido y gesto conviven y se contaminan.<\/span><\/p>\n<p><span style=\"font-weight: 400;\">Desde 2023 se encuentra desarrollando proyectos con personas sordas en lengua de signos, donde la comunicaci\u00f3n adquiere una nueva capa de corporalidad y presencia.<\/span><\/p>\n<p>&nbsp;<\/p>\n<p style=\"font-weight: 400; text-align: justify;\"><i><span style=\"font-weight: 400;\">Lengua de signos a todo volumen <\/span><\/i><span style=\"font-weight: 400;\">es un proyecto de corto documental protagonizado por personas sordas signantes que nos acerca a una forma \u00fanica de percibir y conectar con el entorno. Desde Menorca, en un contexto marcado por la insularidad y el entorno rural, el film quiere retratar a una comunidad que ha construido su identidad en medio de barreras estructurales y escasos recursos utilizando la percusi\u00f3n como herramienta de reivindicaci\u00f3n.<\/span><\/p>\n<p>[\/vc_column_text][vc_empty_space][\/vc_column][vc_column width=\u00bb1\/2&#8243;][vc_empty_space][vc_single_image image=\u00bb4106&#8243; img_size=\u00bbfull\u00bb css=\u00bb\u00bb qode_css_animation=\u00bb\u00bb][\/vc_column][\/vc_row][vc_row row_type=\u00bbrow\u00bb use_row_as_full_screen_section=\u00bbno\u00bb type=\u00bbfull_width\u00bb text_align=\u00bbleft\u00bb background_animation=\u00bbnone\u00bb css_animation=\u00bb\u00bb][vc_column][vc_empty_space][vc_separator type=\u00bbnormal\u00bb border_style=\u00bb\u00bb][vc_empty_space][\/vc_column][\/vc_row][vc_row row_type=\u00bbrow\u00bb use_row_as_full_screen_section=\u00bbno\u00bb type=\u00bbfull_width\u00bb text_align=\u00bbleft\u00bb background_animation=\u00bbnone\u00bb css_animation=\u00bb\u00bb css=\u00bb.vc_custom_1610973590515{padding-top: 30px !important;padding-right: 0px !important;padding-bottom: 30px !important;padding-left: 0px !important;}\u00bb][vc_column width=\u00bb1\/2&#8243;][vc_empty_space][vc_column_text css=\u00bb\u00bb]<\/p>\n<h5 style=\"text-align: left;\"><span style=\"color: #ea2d2e;\"><b>NINA CHOLET<\/b><\/span><\/h5>\n<p>[\/vc_column_text][vc_empty_space][vc_column_text css=\u00bb\u00bb]<\/p>\n<p style=\"font-weight: 400; text-align: justify;\">Nina Cholet cineasta, apoyada por Ciclic como autora de la Regi\u00f3n Centro (Fr). Su breve documental Sentinelles ha recibido el Grand Prix Festival A l&#8217;Est y sus pel\u00edculas han sido presentadas, entre otras, en la Maison Europ\u00e9enne de la Photographie, Kyotographie, Ovni, Dansfestivalen, Les Rdv de l&#8217;Histoire, Escale Documentaire, Doc de Noirmoutier, Fish&#038;Film. Se sit\u00faa en la encrucijada del cine documental, anal\u00f3gico y de la experimentaci\u00f3n para una investigaci\u00f3n sobre los v\u00ednculos sensibles a la memoria y a los seres vivos, a trav\u00e9s de un enfoque sensorial del documental, ensayos, pel\u00edculas de arte y clips musicales. Explora puentes entre la investigaci\u00f3n cient\u00edfica y el enfoque org\u00e1nico y desarrolla una pr\u00e1ctica comprometida con el medio ambiente, explorando un proceso cinematogr\u00e1fico descolonizado de qu\u00edmica industrial para una pr\u00e1ctica artesanal anal\u00f3gica desarrollada a partir de plantas.<\/p>\n<p>&nbsp;<\/p>\n<p style=\"font-weight: 400; text-align: justify;\"><em>Piel del Mar<\/em> es un cortometraje documental anal\u00f3gico concebido como una traves\u00eda sensorial y pol\u00edtica, que explora los prados de posidonia de la costa de Menorca. Una voz nos gu\u00eda por un mundo sumergido donde la planta marina se convierte en memoria, piel y pel\u00edcula del entorno.<\/p>\n<p>[\/vc_column_text][vc_empty_space][\/vc_column][vc_column width=\u00bb1\/2&#8243;][vc_empty_space][vc_single_image image=\u00bb4111&#8243; img_size=\u00bbfull\u00bb css=\u00bb\u00bb qode_css_animation=\u00bb\u00bb][\/vc_column][\/vc_row][vc_row row_type=\u00bbrow\u00bb use_row_as_full_screen_section=\u00bbno\u00bb type=\u00bbfull_width\u00bb text_align=\u00bbleft\u00bb background_animation=\u00bbnone\u00bb css_animation=\u00bb\u00bb][vc_column][vc_empty_space][vc_separator type=\u00bbnormal\u00bb border_style=\u00bb\u00bb][vc_empty_space][\/vc_column][\/vc_row][vc_row row_type=\u00bbrow\u00bb use_row_as_full_screen_section=\u00bbno\u00bb type=\u00bbfull_width\u00bb text_align=\u00bbleft\u00bb background_animation=\u00bbnone\u00bb css_animation=\u00bb\u00bb css=\u00bb.vc_custom_1775060612187{margin-top: 20px !important;margin-right: 20px !important;margin-bottom: 20px !important;margin-left: 20px !important;border-top-width: 20px !important;border-right-width: 20px !important;border-bottom-width: 20px !important;border-left-width: 20px !important;padding-top: 20px !important;padding-right: 20px !important;padding-bottom: 20px !important;padding-left: 20px !important;background-color: #F4F4F4 !important;border-radius: 10px !important;}\u00bb][vc_column][vc_empty_space][vc_column_text css=\u00bb\u00bb]<\/p>\n<h5 style=\"text-align: left;\"><span style=\"color: #000000;\"><b>MENTORA:<\/b><\/span><\/h5>\n<p>[\/vc_column_text][vc_row_inner row_type=\u00bbrow\u00bb type=\u00bbfull_width\u00bb use_row_as_full_screen_section_slide=\u00bbno\u00bb text_align=\u00bbleft\u00bb css_animation=\u00bb\u00bb][vc_column_inner width=\u00bb1\/2&#8243;][vc_empty_space][vc_column_text css=\u00bb\u00bb]<\/p>\n<h5 style=\"text-align: left;\"><span style=\"color: #ea2d2e;\"><b>ANNA PETRUS<\/b><\/span><\/h5>\n<p>[\/vc_column_text][vc_empty_space][vc_column_text css=\u00bb\u00bb]<\/p>\n<p style=\"font-weight: 400; text-align: justify;\">Anna Petrus es una cineasta, programadora, profesora e investigadora menorquina establecida en Barcelona. Sus trabajos cinematogr\u00e1ficos se han exhibido en festivales tan relevantes como el Festival des Films du Monde de Montr\u00e9al, Sitges, Gij\u00f3n, Zinebi o Abycine, entre muchos otros.<\/p>\n<p style=\"font-weight: 400; text-align: justify;\">Ejerci\u00f3 la cr\u00edtica cinematogr\u00e1fica en medios como Dirigido por y el suplemento Cultura\/s de La Vanguardia, entre otros. Tambi\u00e9n ha sido directora art\u00edstica del DocsBarcelona Film Festival (2023\u20132024) y del Memorimage Film Festival, un evento dedicado al cine de archivo (2020\u20132024).<\/p>\n<p style=\"font-weight: 400; text-align: justify;\">Es cofundadora de Dones Visuals, la asociaci\u00f3n de mujeres cineastas de Catalu\u00f1a, y fue miembro de su junta durante siete a\u00f1os (2017\u20132024). Recientemente ha colaborado con el Diari Ara, donde ha escrito sobre cine, documental, cultura visual y feminismo.<\/p>\n<p style=\"font-weight: 400; text-align: justify;\">Actualmente imparte clases de cine y documental en la Universitat Pompeu Fabra y en la ESCAC, y est\u00e1 preparando su pr\u00f3ximo largometraje de ficci\u00f3n, titulado Ulls de Gat.<\/p>\n<p>[\/vc_column_text][vc_empty_space][\/vc_column_inner][vc_column_inner width=\u00bb1\/2&#8243;][vc_empty_space][vc_single_image image=\u00bb4114&#8243; img_size=\u00bbfull\u00bb css=\u00bb\u00bb qode_css_animation=\u00bb\u00bb][\/vc_column_inner][\/vc_row_inner][vc_empty_space][\/vc_column][\/vc_row][vc_row row_type=\u00bbrow\u00bb use_row_as_full_screen_section=\u00bbno\u00bb type=\u00bbfull_width\u00bb text_align=\u00bbleft\u00bb background_animation=\u00bbnone\u00bb css_animation=\u00bb\u00bb][vc_column][vc_empty_space][vc_empty_space][\/vc_column][\/vc_row]<\/p>\n<\/div>","protected":false},"excerpt":{"rendered":"<p>[vc_row row_type=\u00bbrow\u00bb use_row_as_full_screen_section=\u00bbno\u00bb type=\u00bbfull_width\u00bb text_align=\u00bbcenter\u00bb background_animation=\u00bbnone\u00bb css_animation=\u00bb\u00bb css=\u00bb.vc_custom_1610973632409{padding-bottom: 20px !important;}\u00bb][vc_column][vc_empty_space][vc_column_text css=\u00bb\u00bb] MENTOR\u00cdA BECA DE CREACI\u00d3N DOCUMENTAL PREMIO BIOSFERA \u00b7 MENORCA DOC FEST 2026 [\/vc_column_text][vc_empty_space][vc_column_text css=\u00bb\u00bb] Artistas seleccionadas [\/vc_column_text][vc_empty_space][\/vc_column][\/vc_row][vc_row row_type=\u00bbrow\u00bb use_row_as_full_screen_section=\u00bbno\u00bb type=\u00bbfull_width\u00bb text_align=\u00bbleft\u00bb background_animation=\u00bbnone\u00bb css_animation=\u00bb\u00bb css=\u00bb.vc_custom_1610973590515{padding-top: 30px !important;padding-right: 0px !important;padding-bottom: 30px !important;padding-left: 0px !important;}\u00bb][vc_column width=\u00bb1\/2&#8243;][vc_empty_space][vc_column_text css=\u00bb\u00bb]&#8230;<\/p>\n","protected":false},"author":1,"featured_media":0,"parent":0,"menu_order":0,"comment_status":"closed","ping_status":"closed","template":"","meta":{"footnotes":""},"class_list":["post-4096","page","type-page","status-publish","hentry"],"_links":{"self":[{"href":"https:\/\/casadartistes.esfarcultural.net\/es\/wp-json\/wp\/v2\/pages\/4096","targetHints":{"allow":["GET"]}}],"collection":[{"href":"https:\/\/casadartistes.esfarcultural.net\/es\/wp-json\/wp\/v2\/pages"}],"about":[{"href":"https:\/\/casadartistes.esfarcultural.net\/es\/wp-json\/wp\/v2\/types\/page"}],"author":[{"embeddable":true,"href":"https:\/\/casadartistes.esfarcultural.net\/es\/wp-json\/wp\/v2\/users\/1"}],"replies":[{"embeddable":true,"href":"https:\/\/casadartistes.esfarcultural.net\/es\/wp-json\/wp\/v2\/comments?post=4096"}],"version-history":[{"count":30,"href":"https:\/\/casadartistes.esfarcultural.net\/es\/wp-json\/wp\/v2\/pages\/4096\/revisions"}],"predecessor-version":[{"id":4157,"href":"https:\/\/casadartistes.esfarcultural.net\/es\/wp-json\/wp\/v2\/pages\/4096\/revisions\/4157"}],"wp:attachment":[{"href":"https:\/\/casadartistes.esfarcultural.net\/es\/wp-json\/wp\/v2\/media?parent=4096"}],"curies":[{"name":"wp","href":"https:\/\/api.w.org\/{rel}","templated":true}]}}