{"id":4077,"date":"2026-04-01T09:01:43","date_gmt":"2026-04-01T09:01:43","guid":{"rendered":"https:\/\/casadartistes.esfarcultural.net\/es\/?page_id=4077"},"modified":"2026-04-07T09:22:59","modified_gmt":"2026-04-07T09:22:59","slug":"vi-jornades-de-performance","status":"publish","type":"page","link":"https:\/\/casadartistes.esfarcultural.net\/es\/vi-jornades-de-performance","title":{"rendered":"VI JORNADAS DE PERFORMANCE"},"content":{"rendered":"<div class=\"wpb-content-wrapper\"><p>[vc_row row_type=\u00bbrow\u00bb use_row_as_full_screen_section=\u00bbno\u00bb type=\u00bbfull_width\u00bb text_align=\u00bbleft\u00bb background_animation=\u00bbnone\u00bb css_animation=\u00bb\u00bb][vc_column][vc_empty_space height=\u00bb20px\u00bb][vc_column_text css=\u00bb\u00bb]<\/p>\n<h2 style=\"text-align: center;\"><strong>VI JORNADAS DE PERFORMANCE<br \/>\n<\/strong><\/h2>\n<p>[\/vc_column_text][vc_empty_space height=\u00bb50px\u00bb][\/vc_column][\/vc_row][vc_row row_type=\u00bbrow\u00bb use_row_as_full_screen_section=\u00bbno\u00bb type=\u00bbfull_width\u00bb text_align=\u00bbleft\u00bb background_animation=\u00bbnone\u00bb css_animation=\u00bb\u00bb css=\u00bb.vc_custom_1682527332215{background-color: #ddd9bc !important;}\u00bb][vc_column][vc_empty_space height=\u00bb20px\u00bb][vc_row_inner row_type=\u00bbrow\u00bb type=\u00bbfull_width\u00bb use_row_as_full_screen_section_slide=\u00bbno\u00bb text_align=\u00bbleft\u00bb css_animation=\u00bb\u00bb][vc_column_inner width=\u00bb2\/3&#8243;][vc_column_text css=\u00bb\u00bb]<\/p>\n<p style=\"font-size: 27px;\"><strong>LABORATORIO DE VOZ<\/strong><\/p>\n<p>[\/vc_column_text][vc_empty_space height=\u00bb8px\u00bb][vc_column_text css=\u00bb\u00bb]<\/p>\n<p style=\"font-size: 22px;\">Con Laia Estruch<\/p>\n<p>[\/vc_column_text][\/vc_column_inner][vc_column_inner width=\u00bb1\/3&#8243;][vc_column_text css=\u00bb\u00bb]<\/p>\n<p style=\"font-size: 22px; text-align: right;\"><strong><span style=\"color: #000000;\">Casa d&#8217;Artistes, es Mercadal<\/span><\/strong><\/p>\n<p style=\"font-size: 22px; text-align: right;\"><strong><span style=\"color: #000000;\">30 de mayo del 2026<\/span><\/strong><\/p>\n<p>[\/vc_column_text][vc_empty_space height=\u00bb10px\u00bb][\/vc_column_inner][\/vc_row_inner][vc_empty_space height=\u00bb20px\u00bb][\/vc_column][\/vc_row][vc_row row_type=\u00bbrow\u00bb use_row_as_full_screen_section=\u00bbno\u00bb type=\u00bbfull_width\u00bb text_align=\u00bbleft\u00bb background_animation=\u00bbnone\u00bb css_animation=\u00bb\u00bb][vc_column width=\u00bb1\/3&#8243;][vc_empty_space][vc_single_image image=\u00bb4081&#8243; img_size=\u00bblarge\u00bb css=\u00bb\u00bb qode_css_animation=\u00bb\u00bb][vc_empty_space height=\u00bb10px\u00bb][vc_column_text css=\u00bb\u00bb]Laia Estruch. HUTE (2022). Foto: Anna F\u00e0brega.[\/vc_column_text][vc_empty_space height=\u00bb20px\u00bb][vc_column_text css=\u00bb\u00bb]<\/p>\n<div>\n<div style=\"text-align: justify;\">\n<p><b><\/b><span style=\"font-weight: 400;\"><strong>Laia Estruch<\/strong> (Barcelona 1981), es licenciada en Bellas Artes por la Universitat de Barcelona (2010). Curs\u00f3 su \u00faltimo a\u00f1o de licenciatura en la Universidad The Cooper Union (Nueva York, 2010). <\/span><span style=\"font-weight: 400;\">Su pr\u00e1ctica art\u00edstica se inscribe en el marco de la\u00a0performance\u00a0y la escultura desde donde investiga el lenguaje del cuerpo y la voz. Utilizando el\u00a0<i>spoken word<\/i>, la canci\u00f3n, los objetos y las publicaciones, sus\u00a0proyectos analizan las posibilidades emotivas de la voz a cappella abriendo un espacio de reflexi\u00f3n en torno al car\u00e1cter performativo del registro sonoro y el archivo oral.<\/span><\/p>\n<p><span style=\"font-weight: 400;\">Ha presentado sus proyectos en el Centro Cultural de Espa\u00f1a M\u00e9xico CCEMx (2020), Museo de Arte Contempor\u00e1neo de Barcelona MACBA (2022), PUBLICS, Helsinki (2022), Hauser &#038; Wirth Menorca (2023), Bienal Arte Paiz XXIII (2023), Museo Nacional de Arte de Catalu\u00f1a MNAC (2023), ElPatio by Zona Guapo, Baja California M\u00e9xico (2024), Trienal de Kortrijk, B\u00e9lgica (2024) y el Museo Nacional de Arte Contempor\u00e1neo Reina Sof\u00eda, Madrid (2025), entre otros espacios.<\/span><\/p>\n<\/div>\n<\/div>\n<p>[\/vc_column_text][\/vc_column][vc_column width=\u00bb2\/3&#8243;][vc_empty_space][vc_column_text css=\u00bb\u00bb]<\/p>\n<p style=\"text-align: justify;\"><strong><em><i>La voz, cuerpo a\u00e9reo y espiritual, el cuerpo m\u00e1s performativo que conozco. Se crea, nace en cada inhalaci\u00f3n, tiene una duraci\u00f3n determinada ligada a nuestra respiraci\u00f3n, con unos movimientos y gestos carentes de gravedad, y muere, acaba, en cada exhalaci\u00f3n.<\/i><\/em><\/strong><\/p>\n<p>&nbsp;<\/p>\n<p style=\"font-weight: 400; text-align: justify;\"><span style=\"font-weight: 400;\">El taller est\u00e1 concebido como un laboratorio performativo desde donde investigar los fen\u00f3menos relacionados con la voz dentro del arte contempor\u00e1neo. Un taller donde explorar y descubrir las voces desconocidas e imaginarias que viven en cada una de nosotres para acercarnos al conocimiento de la voz como materia prima, instrumento, dispositivo y espacio de experimentaci\u00f3n de propuestas art\u00edsticas que investiguen las condiciones a\u00e9reas y las posibilidades emotivas de la voz performativa.<\/span><\/p>\n<p style=\"font-weight: 400; text-align: justify;\"><span style=\"font-weight: 400;\">Las sesiones se adentrar\u00e1n en varias maneras de entrenar el cuerpo a\u00e9reo de la voz en relaci\u00f3n con nuestro cuerpo f\u00edsico, para explorar qu\u00e9 espacios puede ocupar la voz para crear territorios sonoros m\u00e1s all\u00e1 de las palabras.<\/span><\/p>\n<p style=\"font-weight: 400; text-align: justify;\"><span style=\"font-weight: 400;\">Partiendo de nuestras voces como material, trabajaremos la oralidad y la escucha de una manera diferente a la que estamos acostumbrades para emprender viajes desconocidos entre sus ecos. Nos adentraremos en un proceso de reconocimiento y escucha de los sonidos de las voces dentro y fuera de nuestro cuerpo y tambi\u00e9n dentro del cuerpo de las palabras, para descubrir nuevos paisajes.<\/span><\/p>\n<p style=\"font-weight: 400; text-align: justify;\"><span style=\"font-weight: 400;\">El taller tambi\u00e9n es concebido como un espacio abierto de aprendizaje com\u00fan, donde la voz es pensada como espacio, recorrido, cuerpo, tiempo, texturas, velocidad, luz, profundidad, oscuridad. A la voz no la juzgamos, nos sorprende y nos propone un lugar de encuentro, de liberaci\u00f3n y sanaci\u00f3n, la voz nos desnuda. Buscaremos una convivencia a trav\u00e9s del encuentro de nuestras voces para que se encuentren, circulen, se reconozcan, cambien de dimensiones, juntas.<\/span><\/p>\n<p style=\"font-weight: 400; text-align: justify;\"><span style=\"font-weight: 400;\">Nos adentraremos en un proceso de creaci\u00f3n conjunto sobre la magia de la voz y sus capacidades de sorpresa y de enga\u00f1o que posee, un trabajo que nos acerque\u00a0 al ilusionismo, haciendo aparecer y desaparecer objetos, cuerpos, lugares, a trav\u00e9s de trucos vocales misteriosos y sorprendentes a partir de la desinhibici\u00f3n y la experimentaci\u00f3n conjunta e individual, dejando que las voces aparezcan y desaparezcan, suenen y dejen de sonar al mismo tiempo que vayamos formando un nuevo territorio sonoro coral, entre todes.<\/span><\/p>\n<p>[\/vc_column_text][vc_empty_space][vc_column_text css=\u00bb\u00bb]<b>Calendario<\/b><\/p>\n<p><span style=\"font-weight: 400;\">S\u00e1bado 30 de mayo.<\/span><\/p>\n<p><span style=\"font-weight: 400;\">De 10 h a 14 h y de 15.30 h a 19.30 h<\/span><\/p>\n<p><b>\u00a0<\/b><\/p>\n<p><b>Destinatarios<\/b><\/p>\n<ul>\n<li style=\"font-weight: 400;\" aria-level=\"1\"><span style=\"font-weight: 400;\">Cualquier persona interesada en la performance, las artes visuales, la m\u00fasica y las esc\u00e9nicas.<br \/>\n<\/span><\/li>\n<li style=\"font-weight: 400;\" aria-level=\"1\"><span style=\"font-weight: 400;\">No es necesario tener conocimientos previos.<br \/>\n<\/span><\/li>\n<li style=\"font-weight: 400;\" aria-level=\"1\"><span style=\"font-weight: 400;\">El taller se impartir\u00e1 en catal\u00e1n.<br \/>\n<\/span><\/li>\n<\/ul>\n<p><span style=\"font-weight: 400;\"><strong>Necesidades:<\/strong> estera de yoga y ropa c\u00f3moda.<br \/>\n<\/span><\/p>\n<p><b>\u00a0<\/b><\/p>\n<p><b>Inscripciones<\/b><\/p>\n<ul>\n<li style=\"font-weight: 400;\" aria-level=\"1\"><span style=\"font-weight: 400;\">Plazas limitadas.<br \/>\n<\/span><\/li>\n<li style=\"font-weight: 400;\" aria-level=\"1\"><span style=\"font-weight: 400;\">Llena el <a href=\"https:\/\/forms.gle\/tvnV7RRHkU7efV6r5\" target=\"_blank\" rel=\"noopener\">formulario<\/a> con tus datos de contacto.<br \/>\n<\/span><\/li>\n<li style=\"font-weight: 400;\" aria-level=\"1\"><span style=\"font-weight: 400;\">Recibir\u00e9is un correo electr\u00f3nico de confirmaci\u00f3n con el n\u00famero de cuenta.<br \/>\n<\/span><\/li>\n<li style=\"font-weight: 400;\" aria-level=\"1\">Ingresar la cuota de 30 \u20ac<\/li>\n<li style=\"font-weight: 400;\" aria-level=\"1\">Plazo para inscribirte: 17 de mayo<\/li>\n<li style=\"font-weight: 400;\" aria-level=\"1\"><span style=\"font-weight: 400;\">Consultas a <\/span><span style=\"font-weight: 400;\">tallersdesfar@gmail.com<\/span><\/li>\n<\/ul>\n<p><span style=\"font-weight: 400;\">\u00a0<\/span><\/p>\n<p><span style=\"font-weight: 400;\">*En\u00a0caso de venir de fuera de Menorca, puedes escribir a tallersdesfar@gmail.com y te informaremos sobre las posibilidades de alojamiento.<\/span>[\/vc_column_text][vc_empty_space][vc_row_inner row_type=\u00bbrow\u00bb type=\u00bbfull_width\u00bb use_row_as_full_screen_section_slide=\u00bbno\u00bb text_align=\u00bbleft\u00bb css_animation=\u00bb\u00bb][vc_column_inner]<a href=\"https:\/\/forms.gle\/tvnV7RRHkU7efV6r5\" target=\"_blank\"  class=\"qbutton \" style=\"\">FORMULARIO<\/a>[\/vc_column_inner][\/vc_row_inner][\/vc_column][\/vc_row][vc_row row_type=\u00bbrow\u00bb use_row_as_full_screen_section=\u00bbno\u00bb type=\u00bbfull_width\u00bb text_align=\u00bbleft\u00bb background_animation=\u00bbnone\u00bb css_animation=\u00bb\u00bb][vc_column][vc_empty_space][\/vc_column][\/vc_row][vc_row row_type=\u00bbrow\u00bb use_row_as_full_screen_section=\u00bbno\u00bb type=\u00bbfull_width\u00bb text_align=\u00bbleft\u00bb background_animation=\u00bbnone\u00bb css_animation=\u00bb\u00bb][vc_column][vc_empty_space][vc_separator type=\u00bbnormal\u00bb border_style=\u00bb\u00bb][vc_empty_space][\/vc_column][\/vc_row]<\/p>\n<\/div>","protected":false},"excerpt":{"rendered":"<p>[vc_row row_type=\u00bbrow\u00bb use_row_as_full_screen_section=\u00bbno\u00bb type=\u00bbfull_width\u00bb text_align=\u00bbleft\u00bb background_animation=\u00bbnone\u00bb css_animation=\u00bb\u00bb][vc_column][vc_empty_space height=\u00bb20px\u00bb][vc_column_text css=\u00bb\u00bb] VI JORNADAS DE PERFORMANCE [\/vc_column_text][vc_empty_space height=\u00bb50px\u00bb][\/vc_column][\/vc_row][vc_row row_type=\u00bbrow\u00bb use_row_as_full_screen_section=\u00bbno\u00bb type=\u00bbfull_width\u00bb text_align=\u00bbleft\u00bb background_animation=\u00bbnone\u00bb css_animation=\u00bb\u00bb css=\u00bb.vc_custom_1682527332215{background-color: #ddd9bc !important;}\u00bb][vc_column][vc_empty_space height=\u00bb20px\u00bb][vc_row_inner row_type=\u00bbrow\u00bb type=\u00bbfull_width\u00bb use_row_as_full_screen_section_slide=\u00bbno\u00bb text_align=\u00bbleft\u00bb css_animation=\u00bb\u00bb][vc_column_inner width=\u00bb2\/3&#8243;][vc_column_text css=\u00bb\u00bb] LABORATORIO DE VOZ [\/vc_column_text][vc_empty_space height=\u00bb8px\u00bb][vc_column_text css=\u00bb\u00bb] Con Laia Estruch [\/vc_column_text][\/vc_column_inner][vc_column_inner width=\u00bb1\/3&#8243;][vc_column_text css=\u00bb\u00bb] Casa&#8230;<\/p>\n","protected":false},"author":1,"featured_media":0,"parent":0,"menu_order":0,"comment_status":"closed","ping_status":"closed","template":"","meta":{"footnotes":""},"class_list":["post-4077","page","type-page","status-publish","hentry"],"_links":{"self":[{"href":"https:\/\/casadartistes.esfarcultural.net\/es\/wp-json\/wp\/v2\/pages\/4077","targetHints":{"allow":["GET"]}}],"collection":[{"href":"https:\/\/casadartistes.esfarcultural.net\/es\/wp-json\/wp\/v2\/pages"}],"about":[{"href":"https:\/\/casadartistes.esfarcultural.net\/es\/wp-json\/wp\/v2\/types\/page"}],"author":[{"embeddable":true,"href":"https:\/\/casadartistes.esfarcultural.net\/es\/wp-json\/wp\/v2\/users\/1"}],"replies":[{"embeddable":true,"href":"https:\/\/casadartistes.esfarcultural.net\/es\/wp-json\/wp\/v2\/comments?post=4077"}],"version-history":[{"count":18,"href":"https:\/\/casadartistes.esfarcultural.net\/es\/wp-json\/wp\/v2\/pages\/4077\/revisions"}],"predecessor-version":[{"id":4132,"href":"https:\/\/casadartistes.esfarcultural.net\/es\/wp-json\/wp\/v2\/pages\/4077\/revisions\/4132"}],"wp:attachment":[{"href":"https:\/\/casadartistes.esfarcultural.net\/es\/wp-json\/wp\/v2\/media?parent=4077"}],"curies":[{"name":"wp","href":"https:\/\/api.w.org\/{rel}","templated":true}]}}