{"id":4065,"date":"2026-03-16T11:42:55","date_gmt":"2026-03-16T11:42:55","guid":{"rendered":"https:\/\/casadartistes.esfarcultural.net\/en\/?page_id=4065"},"modified":"2026-04-01T09:27:55","modified_gmt":"2026-04-01T09:27:55","slug":"natalia-sans","status":"publish","type":"page","link":"https:\/\/casadartistes.esfarcultural.net\/es\/natalia-sans","title":{"rendered":"NAT\u00c0LIA SANS"},"content":{"rendered":"<div class=\"wpb-content-wrapper\"><p>[vc_row row_type=\u00bbrow\u00bb use_row_as_full_screen_section=\u00bbno\u00bb type=\u00bbfull_width\u00bb text_align=\u00bbleft\u00bb background_animation=\u00bbnone\u00bb css_animation=\u00bb\u00bb css=\u00bb.vc_custom_1610971923298{padding-top: 10px !important;padding-bottom: 20px !important;}\u00bb][vc_column][vc_empty_space][vc_column_text css=\u00bb\u00bb]<\/p>\n<h1 style=\"text-align: left;\"><strong>RESIDENCIA NAT\u00c0LIA SANS<\/strong><\/h1>\n<p>[\/vc_column_text][vc_empty_space][vc_column_text css=\u00bb\u00bb]<\/p>\n<h3><span style=\"color: #ff0000;\">Banda seleccionada<\/span><\/h3>\n<p>[\/vc_column_text][vc_empty_space][vc_empty_space][vc_row_inner row_type=\u00bbrow\u00bb type=\u00bbfull_width\u00bb use_row_as_full_screen_section_slide=\u00bbno\u00bb text_align=\u00bbleft\u00bb css_animation=\u00bb\u00bb][vc_column_inner width=\u00bb2\/3&#8243;][vc_empty_space][vc_column_text css=\u00bb\u00bb]<\/p>\n<h5 style=\"text-align: left;\"><strong><span style=\"color: #ea2d2e;\">DAHLIA<\/span><\/strong><\/h5>\n<p>[\/vc_column_text][vc_empty_space][vc_column_text css=\u00bb\u00bb]<\/p>\n<p style=\"font-weight: 400; text-align: justify;\">Dahlia es un grupo de m\u00fasica que vive entre Menorca y Barcelona, formado por Joan Dab\u00e9n Florit (voz y guitarra), Joanjo Serra Florit (guitarra), Josep Pe\u00f1alver Anglada (teclados), Joan Rotger Juli\u00e0 (bajo) y Guillem Pons Taltavull (bater\u00eda).<\/p>\n<p style=\"font-weight: 400; text-align: justify;\">Dahlia se form\u00f3 entre 2020 y 2021, pero no fue hasta diciembre de 2022 cuando se dieron a conocer con la publicaci\u00f3n de dos sencillos autoproducidos y su estreno en directo en el<strong> Teatre des Born de Ciutadella de Menorca<\/strong>. Durante 2023 actuaron en el <strong>Claustre del Carme de Ma\u00f3<\/strong>; quedaron finalistas del concurso <strong>Pop-Rock de Palma<\/strong> y actuaron en el<strong> festival Monkey Week 2023 de Sevilla<\/strong>. Ese mismo a\u00f1o publicaron su <strong>primer EP titulado <i>Perqu\u00e8 s\u00ed i altres motius<\/i><\/strong>. Durante 2024, Dahlia abri\u00f3 el <strong>festival Cranc Illa de Menorca<\/strong> y debut\u00f3 en Barcelona, en la famosa sala <strong>Razzmatazz<\/strong>. Durante 2025 ha vuelto al Teatre des Born y ha sido seleccionado para las primeras fases del <strong>concurso Sona9 de 2025<\/strong>.<\/p>\n<p style=\"font-weight: 400; text-align: justify;\">Su<strong> segundo EP, titulado <i>Perqu\u00e8 no i altres excuses<\/i><\/strong>, llega en septiembre de 2025. Las cuatro piezas musicales que lo forman dialogan con su primer trabajo a nivel compositivo y se miran en artistas admirados como Grateful Dead, El Petit de Cal Eril, Frank Zappa o Big Thief. Este trabajo es una <strong>apuesta por la creatividad y la libertad estil\u00edstica<\/strong>, una apuesta que <strong>ampl\u00eda su imaginario tem\u00e1tico, estil\u00edstico y compositivo, y que destaca por su car\u00e1cter arriesgado, \u00edntimo y perspicaz.<\/strong><\/p>\n<p style=\"font-weight: 400; text-align: justify;\">La m\u00fasica de Dahlia recorre diferentes estilos musicales como el<strong> pop alternativo y el rock progresivo<\/strong>. Dentro de este marco estil\u00edstico flexible, y mezclando las diversas influencias de cada uno de los integrantes del grupo, la propuesta musical se vuelve atrevida. Adem\u00e1s, la m\u00fasica de Dahlia destaca por sus <strong>letras \u00edntimas, coloquiales y con un fuerte car\u00e1cter reflexivo<\/strong> que entonan con el mundo personal de una manera particular.<strong> La heterogeneidad tem\u00e1tica, que refuerza la estil\u00edstica, divaga entre la confusi\u00f3n, el absurdo, la nostalgia y la cr\u00edtica social.<\/strong><\/p>\n<p>[\/vc_column_text][vc_empty_space][\/vc_column_inner][vc_column_inner width=\u00bb1\/3&#8243;][vc_empty_space][vc_empty_space][vc_empty_space][vc_single_image image=\u00bb4066&#8243; img_size=\u00bblarge\u00bb alignment=\u00bbcenter\u00bb onclick=\u00bbcustom_link\u00bb img_link_target=\u00bb_blank\u00bb css=\u00bb\u00bb qode_css_animation=\u00bb\u00bb][vc_empty_space][\/vc_column_inner][\/vc_row_inner][vc_empty_space][vc_separator type=\u00bbnormal\u00bb border_style=\u00bb\u00bb color=\u00bb#0a0a0a\u00bb][vc_empty_space][vc_empty_space][\/vc_column][\/vc_row]<\/p>\n<\/div>","protected":false},"excerpt":{"rendered":"<p>[vc_row row_type=\u00bbrow\u00bb use_row_as_full_screen_section=\u00bbno\u00bb type=\u00bbfull_width\u00bb text_align=\u00bbleft\u00bb background_animation=\u00bbnone\u00bb css_animation=\u00bb\u00bb css=\u00bb.vc_custom_1610971923298{padding-top: 10px !important;padding-bottom: 20px !important;}\u00bb][vc_column][vc_empty_space][vc_column_text css=\u00bb\u00bb] RESIDENCIA NAT\u00c0LIA SANS [\/vc_column_text][vc_empty_space][vc_column_text css=\u00bb\u00bb] Banda seleccionada [\/vc_column_text][vc_empty_space][vc_empty_space][vc_row_inner row_type=\u00bbrow\u00bb type=\u00bbfull_width\u00bb use_row_as_full_screen_section_slide=\u00bbno\u00bb text_align=\u00bbleft\u00bb css_animation=\u00bb\u00bb][vc_column_inner width=\u00bb2\/3&#8243;][vc_empty_space][vc_column_text css=\u00bb\u00bb] DAHLIA [\/vc_column_text][vc_empty_space][vc_column_text css=\u00bb\u00bb] Dahlia es un grupo de m\u00fasica que vive entre Menorca y Barcelona, formado por&#8230;<\/p>\n","protected":false},"author":1,"featured_media":0,"parent":0,"menu_order":0,"comment_status":"closed","ping_status":"closed","template":"","meta":{"footnotes":""},"class_list":["post-4065","page","type-page","status-publish","hentry"],"_links":{"self":[{"href":"https:\/\/casadartistes.esfarcultural.net\/es\/wp-json\/wp\/v2\/pages\/4065","targetHints":{"allow":["GET"]}}],"collection":[{"href":"https:\/\/casadartistes.esfarcultural.net\/es\/wp-json\/wp\/v2\/pages"}],"about":[{"href":"https:\/\/casadartistes.esfarcultural.net\/es\/wp-json\/wp\/v2\/types\/page"}],"author":[{"embeddable":true,"href":"https:\/\/casadartistes.esfarcultural.net\/es\/wp-json\/wp\/v2\/users\/1"}],"replies":[{"embeddable":true,"href":"https:\/\/casadartistes.esfarcultural.net\/es\/wp-json\/wp\/v2\/comments?post=4065"}],"version-history":[{"count":9,"href":"https:\/\/casadartistes.esfarcultural.net\/es\/wp-json\/wp\/v2\/pages\/4065\/revisions"}],"predecessor-version":[{"id":4084,"href":"https:\/\/casadartistes.esfarcultural.net\/es\/wp-json\/wp\/v2\/pages\/4065\/revisions\/4084"}],"wp:attachment":[{"href":"https:\/\/casadartistes.esfarcultural.net\/es\/wp-json\/wp\/v2\/media?parent=4065"}],"curies":[{"name":"wp","href":"https:\/\/api.w.org\/{rel}","templated":true}]}}