{"id":4047,"date":"2026-03-11T17:26:04","date_gmt":"2026-03-11T17:26:04","guid":{"rendered":"https:\/\/casadartistes.esfarcultural.net\/?page_id=4047"},"modified":"2026-03-16T10:28:46","modified_gmt":"2026-03-16T10:28:46","slug":"residencia-llentrisca-2026","status":"publish","type":"page","link":"https:\/\/casadartistes.esfarcultural.net\/es\/residencia-llentrisca-2026","title":{"rendered":"RESIDENCIA LLENTRISCA 2026"},"content":{"rendered":"<div class=\"wpb-content-wrapper\"><p>[vc_row row_type=\u00bbrow\u00bb use_row_as_full_screen_section=\u00bbno\u00bb type=\u00bbfull_width\u00bb text_align=\u00bbleft\u00bb background_animation=\u00bbnone\u00bb css_animation=\u00bb\u00bb css=\u00bb.vc_custom_1610971923298{padding-top: 10px !important;padding-bottom: 20px !important;}\u00bb][vc_column][vc_empty_space][vc_column_text css=\u00bb\u00bb]<\/p>\n<h1 style=\"text-align: left;\"><strong>RESIDENCIA LLENTRISCA<\/strong><\/h1>\n<p>[\/vc_column_text][vc_empty_space][vc_column_text css=\u00bb\u00bb]<\/p>\n<h3><span style=\"color: #ff0000;\">Artista seleccionada<\/span><\/h3>\n<p>[\/vc_column_text][vc_empty_space][vc_empty_space][vc_row_inner row_type=\u00bbrow\u00bb type=\u00bbfull_width\u00bb use_row_as_full_screen_section_slide=\u00bbno\u00bb text_align=\u00bbleft\u00bb css_animation=\u00bb\u00bb][vc_column_inner width=\u00bb2\/3&#8243;][vc_empty_space][vc_column_text css=\u00bb\u00bb]<\/p>\n<h5 style=\"text-align: left;\"><span style=\"color: #ea2d2e;\"><b>J\u00daLIA CATAL\u00c0 BENEJAM<\/b><\/span><\/h5>\n<p>[\/vc_column_text][vc_empty_space][vc_column_text css=\u00bb\u00bb]<\/p>\n<p style=\"font-weight: 400; text-align: justify;\">Nacida en Ciutadella, Menorca, el 1991, J\u00falia Catal\u00e0 Benejam vive en Barcelona desde hace diecisiete a\u00f1os. Es graduada en Filolog\u00eda Catalana, m\u00e1ster en Estudios Avanzados en Lengua y Literatura Catalanas y en Gesti\u00f3n Cultural, y doctora en Estudios Ling\u00fc\u00edsticos, Literarios y Culturales con la tesis <em>La poes\u00eda neom\u00edstica<\/em> de Joan Vinyoli. <em>Una lectura<\/em> de Llibre d\u2019amic i <em>Cants d\u2019Abelone<\/em>.<\/p>\n<p>&nbsp;<\/p>\n<p style=\"font-weight: 400; text-align: justify;\">Desde el 2016 trabaja en la Instituci\u00f3n de las Letras Catalanas. Ha escrito art\u00edculos para revistas y medios como <em>Reduccions<\/em>, <em>Veus baixes<\/em>, <em>Haid\u00e9<\/em>, <em>El Proc\u00e9s<\/em>, <em>Catorze Cultura<\/em> y la colecci\u00f3n \u201cB\u00e8sties\u201d d\u2019Edicions Poncianes, y ha asistido a cursos y talleres de la Escuela Bloom, la Fundaci\u00f3n Joan Brossa-Centre de les Arts Lliures, la Librer\u00eda Finestres y la Librer\u00eda No Llegiu.<\/p>\n<p style=\"font-weight: 400; text-align: justify;\">Ha sido ganadora y finalista de premios literarios c\u00f3mo Francesc de Borja Moll, el Contarella de Literatura Infantil, Ficciones y el de Narraci\u00f3n Corta Isla de Menorca, modalidad escritores menores de 25 a\u00f1os.<\/p>\n<p style=\"font-weight: 400; text-align: justify;\">Actualmente, es miembro del comit\u00e9 de selecci\u00f3n del Premio \u00d2mnium a la Mejor Novela del A\u00f1o, trabaja en la edici\u00f3n cr\u00edtica de la <em>Obra po\u00e9tica completa de Merc\u00e8 Rodoreda<\/em>, junto con la doctora Marina Gust\u00e0, y desarrolla un proyecto de primera novela despu\u00e9s de haber recibido una ayuda a la creaci\u00f3n literaria del Instituto de Estudios Bale\u00e1ricos.<\/p>\n<p>[\/vc_column_text][vc_empty_space][\/vc_column_inner][vc_column_inner width=\u00bb1\/3&#8243;][vc_empty_space][vc_empty_space][vc_empty_space][vc_single_image image=\u00bb4048&#8243; img_size=\u00bblarge\u00bb alignment=\u00bbcenter\u00bb onclick=\u00bbcustom_link\u00bb img_link_target=\u00bb_blank\u00bb css=\u00bb\u00bb qode_css_animation=\u00bb\u00bb][vc_empty_space][\/vc_column_inner][\/vc_row_inner][vc_empty_space][vc_separator type=\u00bbnormal\u00bb border_style=\u00bb\u00bb color=\u00bb#0a0a0a\u00bb][vc_empty_space][vc_empty_space][\/vc_column][\/vc_row]<\/p>\n<\/div>","protected":false},"excerpt":{"rendered":"<p>[vc_row row_type=\u00bbrow\u00bb use_row_as_full_screen_section=\u00bbno\u00bb type=\u00bbfull_width\u00bb text_align=\u00bbleft\u00bb background_animation=\u00bbnone\u00bb css_animation=\u00bb\u00bb css=\u00bb.vc_custom_1610971923298{padding-top: 10px !important;padding-bottom: 20px !important;}\u00bb][vc_column][vc_empty_space][vc_column_text css=\u00bb\u00bb] RESIDENCIA LLENTRISCA [\/vc_column_text][vc_empty_space][vc_column_text css=\u00bb\u00bb] Artista seleccionada [\/vc_column_text][vc_empty_space][vc_empty_space][vc_row_inner row_type=\u00bbrow\u00bb type=\u00bbfull_width\u00bb use_row_as_full_screen_section_slide=\u00bbno\u00bb text_align=\u00bbleft\u00bb css_animation=\u00bb\u00bb][vc_column_inner width=\u00bb2\/3&#8243;][vc_empty_space][vc_column_text css=\u00bb\u00bb] J\u00daLIA CATAL\u00c0 BENEJAM [\/vc_column_text][vc_empty_space][vc_column_text css=\u00bb\u00bb] Nacida en Ciutadella, Menorca, el 1991, J\u00falia Catal\u00e0 Benejam vive en Barcelona desde&#8230;<\/p>\n","protected":false},"author":1,"featured_media":0,"parent":0,"menu_order":0,"comment_status":"closed","ping_status":"closed","template":"","meta":{"footnotes":""},"class_list":["post-4047","page","type-page","status-publish","hentry"],"_links":{"self":[{"href":"https:\/\/casadartistes.esfarcultural.net\/es\/wp-json\/wp\/v2\/pages\/4047","targetHints":{"allow":["GET"]}}],"collection":[{"href":"https:\/\/casadartistes.esfarcultural.net\/es\/wp-json\/wp\/v2\/pages"}],"about":[{"href":"https:\/\/casadartistes.esfarcultural.net\/es\/wp-json\/wp\/v2\/types\/page"}],"author":[{"embeddable":true,"href":"https:\/\/casadartistes.esfarcultural.net\/es\/wp-json\/wp\/v2\/users\/1"}],"replies":[{"embeddable":true,"href":"https:\/\/casadartistes.esfarcultural.net\/es\/wp-json\/wp\/v2\/comments?post=4047"}],"version-history":[{"count":11,"href":"https:\/\/casadartistes.esfarcultural.net\/es\/wp-json\/wp\/v2\/pages\/4047\/revisions"}],"predecessor-version":[{"id":4059,"href":"https:\/\/casadartistes.esfarcultural.net\/es\/wp-json\/wp\/v2\/pages\/4047\/revisions\/4059"}],"wp:attachment":[{"href":"https:\/\/casadartistes.esfarcultural.net\/es\/wp-json\/wp\/v2\/media?parent=4047"}],"curies":[{"name":"wp","href":"https:\/\/api.w.org\/{rel}","templated":true}]}}