{"id":4029,"date":"2026-03-04T10:52:07","date_gmt":"2026-03-04T10:52:07","guid":{"rendered":"https:\/\/casadartistes.esfarcultural.net\/?page_id=4029"},"modified":"2026-03-04T16:56:15","modified_gmt":"2026-03-04T16:56:15","slug":"arts-al-nord-2026","status":"publish","type":"page","link":"https:\/\/casadartistes.esfarcultural.net\/es\/arts-al-nord-2026","title":{"rendered":"ARTS AL NORD 2026"},"content":{"rendered":"<div class=\"wpb-content-wrapper\"><p>[vc_row row_type=\u00bbrow\u00bb use_row_as_full_screen_section=\u00bbno\u00bb type=\u00bbfull_width\u00bb text_align=\u00bbleft\u00bb background_animation=\u00bbnone\u00bb css_animation=\u00bb\u00bb css=\u00bb.vc_custom_1610971923298{padding-top: 10px !important;padding-bottom: 20px !important;}\u00bb][vc_column][vc_empty_space][vc_column_text css=\u00bb\u00bb]<\/p>\n<h1 style=\"text-align: left;\"><strong>RESIDENCIA ARTS AL NORD<\/strong><\/h1>\n<p>[\/vc_column_text][vc_empty_space][vc_column_text css=\u00bb\u00bb]<\/p>\n<h3><span style=\"color: #ff0000;\">Artistas seleccionados<\/span><\/h3>\n<p>[\/vc_column_text][vc_empty_space][vc_empty_space][vc_row_inner row_type=\u00bbrow\u00bb type=\u00bbfull_width\u00bb use_row_as_full_screen_section_slide=\u00bbno\u00bb text_align=\u00bbleft\u00bb css_animation=\u00bb\u00bb][vc_column_inner width=\u00bb2\/3&#8243;][vc_empty_space][vc_column_text css=\u00bb\u00bb]<\/p>\n<h5 style=\"text-align: left;\"><span style=\"color: #ea2d2e;\"><b>JANSKY<\/b><\/span><\/h5>\n<p>[\/vc_column_text][vc_empty_space][vc_column_text css=\u00bb\u00bb]<\/p>\n<p style=\"font-weight: 400; text-align: justify;\"><span style=\"font-weight: 400;\"><span style=\"font-weight: 300;\">El d\u00fao de <i>electroverse<\/i> formado por Laia Malo (poeta, traductora) y Jaume Reus (ambient\u00f3logo, productor, flautista), investiga y experimenta con paisaje sonoro, m\u00fasica y palabra, desde Rampa Lab. Entre sus proyectos destacan los \u00e1lbumes y directos <i>Parella: opera minorica <\/i>(Illes d\u2019Art, 2016), una orquesta tecno de aves entorno al mito de la ciudad sumergida; o <i>Insecta Dance Music<\/i> (MMVV\/IEB, 2022), compuesto con s\u00e1mplers de insectos baleares, y galardonado con el Sound Of The Year de la BBC3\/MoS; los <i>site-specific<\/i> <i>Peu\/Cloc-Cloc\/Tris-Tras\/Trap&#8230;<\/i>, explorando las sonoridades de artesan\u00eda vs. f\u00e1brica (Museu del Cal\u00e7at\/Teatro Principal Inca, 2023); y <i>Nova Volta<\/i> (Museu Mar\u00edtim de Mallorca\/Coves del Drac, 2024); o proyectos de <i>art-science<\/i> como la pionera <i>Gu\u00eda Sonora de Polinizadores,<\/i> <i>Buzzings<\/i> (IMEDEA\/CSIC, 2022), presentada en formato <i>ambisonic<\/i> la Bienal de Venecia 2024.<\/span><\/span><\/p>\n<p>[\/vc_column_text][vc_empty_space][\/vc_column_inner][vc_column_inner width=\u00bb1\/3&#8243;][vc_empty_space][vc_single_image image=\u00bb4031&#8243; img_size=\u00bblarge\u00bb alignment=\u00bbcenter\u00bb onclick=\u00bbcustom_link\u00bb img_link_target=\u00bb_blank\u00bb css=\u00bb\u00bb qode_css_animation=\u00bb\u00bb][vc_empty_space height=\u00bb12px\u00bb][vc_column_text css=\u00bb\u00bb]Foto: Joan Xoxa[\/vc_column_text][vc_empty_space][vc_empty_space][\/vc_column_inner][\/vc_row_inner][vc_empty_space][vc_separator type=\u00bbnormal\u00bb border_style=\u00bb\u00bb color=\u00bb#0a0a0a\u00bb][vc_empty_space][vc_empty_space][\/vc_column][\/vc_row]<\/p>\n<\/div>","protected":false},"excerpt":{"rendered":"<p>[vc_row row_type=\u00bbrow\u00bb use_row_as_full_screen_section=\u00bbno\u00bb type=\u00bbfull_width\u00bb text_align=\u00bbleft\u00bb background_animation=\u00bbnone\u00bb css_animation=\u00bb\u00bb css=\u00bb.vc_custom_1610971923298{padding-top: 10px !important;padding-bottom: 20px !important;}\u00bb][vc_column][vc_empty_space][vc_column_text css=\u00bb\u00bb] RESIDENCIA ARTS AL NORD [\/vc_column_text][vc_empty_space][vc_column_text css=\u00bb\u00bb] Artistas seleccionados [\/vc_column_text][vc_empty_space][vc_empty_space][vc_row_inner row_type=\u00bbrow\u00bb type=\u00bbfull_width\u00bb use_row_as_full_screen_section_slide=\u00bbno\u00bb text_align=\u00bbleft\u00bb css_animation=\u00bb\u00bb][vc_column_inner width=\u00bb2\/3&#8243;][vc_empty_space][vc_column_text css=\u00bb\u00bb] JANSKY [\/vc_column_text][vc_empty_space][vc_column_text css=\u00bb\u00bb] El d\u00fao de electroverse formado por Laia Malo (poeta, traductora) y Jaume Reus&#8230;<\/p>\n","protected":false},"author":1,"featured_media":0,"parent":0,"menu_order":0,"comment_status":"closed","ping_status":"closed","template":"","meta":{"footnotes":""},"class_list":["post-4029","page","type-page","status-publish","hentry"],"_links":{"self":[{"href":"https:\/\/casadartistes.esfarcultural.net\/es\/wp-json\/wp\/v2\/pages\/4029","targetHints":{"allow":["GET"]}}],"collection":[{"href":"https:\/\/casadartistes.esfarcultural.net\/es\/wp-json\/wp\/v2\/pages"}],"about":[{"href":"https:\/\/casadartistes.esfarcultural.net\/es\/wp-json\/wp\/v2\/types\/page"}],"author":[{"embeddable":true,"href":"https:\/\/casadartistes.esfarcultural.net\/es\/wp-json\/wp\/v2\/users\/1"}],"replies":[{"embeddable":true,"href":"https:\/\/casadartistes.esfarcultural.net\/es\/wp-json\/wp\/v2\/comments?post=4029"}],"version-history":[{"count":9,"href":"https:\/\/casadartistes.esfarcultural.net\/es\/wp-json\/wp\/v2\/pages\/4029\/revisions"}],"predecessor-version":[{"id":4045,"href":"https:\/\/casadartistes.esfarcultural.net\/es\/wp-json\/wp\/v2\/pages\/4029\/revisions\/4045"}],"wp:attachment":[{"href":"https:\/\/casadartistes.esfarcultural.net\/es\/wp-json\/wp\/v2\/media?parent=4029"}],"curies":[{"name":"wp","href":"https:\/\/api.w.org\/{rel}","templated":true}]}}