{"id":4020,"date":"2026-03-04T10:42:50","date_gmt":"2026-03-04T10:42:50","guid":{"rendered":"https:\/\/casadartistes.esfarcultural.net\/?page_id=4020"},"modified":"2026-03-04T10:45:46","modified_gmt":"2026-03-04T10:45:46","slug":"podcast","status":"publish","type":"page","link":"https:\/\/casadartistes.esfarcultural.net\/es\/podcast","title":{"rendered":"PODCAST"},"content":{"rendered":"<div class=\"wpb-content-wrapper\"><p>[vc_row row_type=\u00bbrow\u00bb use_row_as_full_screen_section=\u00bbno\u00bb type=\u00bbfull_width\u00bb text_align=\u00bbleft\u00bb background_animation=\u00bbnone\u00bb css_animation=\u00bb\u00bb css=\u00bb.vc_custom_1610971923298{padding-top: 10px !important;padding-bottom: 20px !important;}\u00bb][vc_column][vc_empty_space][vc_column_text css=\u00bb\u00bb]<\/p>\n<h1 style=\"text-align: left;\"><strong>RESIDENCIA PODCAST<\/strong><\/h1>\n<p>[\/vc_column_text][vc_empty_space][vc_column_text css=\u00bb\u00bb]<\/p>\n<h3><span style=\"color: #ff0000;\">Artista seleccionada<\/span><\/h3>\n<p>[\/vc_column_text][vc_empty_space][vc_empty_space][vc_row_inner row_type=\u00bbrow\u00bb type=\u00bbfull_width\u00bb use_row_as_full_screen_section_slide=\u00bbno\u00bb text_align=\u00bbleft\u00bb css_animation=\u00bb\u00bb][vc_column_inner width=\u00bb2\/3&#8243;][vc_empty_space][vc_column_text css=\u00bb\u00bb]<\/p>\n<h5 style=\"text-align: left;\"><span style=\"color: #ea2d2e;\"><b>NEREA ITSASO<\/b><\/span><\/h5>\n<p>[\/vc_column_text][vc_empty_space][vc_column_text css=\u00bb\u00bb]<\/p>\n<p style=\"font-weight: 400; text-align: justify;\"><span style=\"font-weight: 400;\"><span style=\"font-weight: 300;\">Su trayectoria comienza con la creaci\u00f3n cinematogr\u00e1fica, concretamente con el cortometraje en formato de cuento de hadas <i>Jo soc tu i tu ets jo<\/i>, coescrito y codirigido. Su pasi\u00f3n por el guion la lleva a especializarse en la escritura y a trabajar en True Crime Factory como guionista del p\u00f3dcast <i>\u00bfPor qu\u00e9 matamos?<\/i> y gestora de archivo en <i>Crims<\/i>. Esa experiencia transforma su escritura, ya que tratar la ficci\u00f3n como realidad y viceversa se convierte en el eje central de sus proyectos. Actualmente escribe y dirige la obra teatral <i>Nina Ning\u00fa<\/i>, un choque de identidades y relaciones l\u00edquidas en clave tragic\u00f3mica, junto a la compa\u00f1\u00eda emergente barcelonesa Betikoa. A largo plazo, desarrolla el guion del largometraje <i>Narc\u00eds<\/i>, una historia de \u201camor\u201d y poder que mantiene su inter\u00e9s por relatos de ritmo placentero con una cr\u00edtica inc\u00f3moda.<\/span><\/span><\/p>\n<p>[\/vc_column_text][vc_empty_space][\/vc_column_inner][vc_column_inner width=\u00bb1\/3&#8243;][vc_empty_space][vc_single_image image=\u00bb4021&#8243; img_size=\u00bblarge\u00bb alignment=\u00bbcenter\u00bb onclick=\u00bbcustom_link\u00bb img_link_target=\u00bb_blank\u00bb css=\u00bb\u00bb qode_css_animation=\u00bb\u00bb][vc_empty_space][\/vc_column_inner][\/vc_row_inner][vc_empty_space][vc_separator type=\u00bbnormal\u00bb border_style=\u00bb\u00bb color=\u00bb#0a0a0a\u00bb][vc_empty_space][vc_empty_space][\/vc_column][\/vc_row]<\/p>\n<\/div>","protected":false},"excerpt":{"rendered":"<p>[vc_row row_type=\u00bbrow\u00bb use_row_as_full_screen_section=\u00bbno\u00bb type=\u00bbfull_width\u00bb text_align=\u00bbleft\u00bb background_animation=\u00bbnone\u00bb css_animation=\u00bb\u00bb css=\u00bb.vc_custom_1610971923298{padding-top: 10px !important;padding-bottom: 20px !important;}\u00bb][vc_column][vc_empty_space][vc_column_text css=\u00bb\u00bb] RESIDENCIA PODCAST [\/vc_column_text][vc_empty_space][vc_column_text css=\u00bb\u00bb] Artista seleccionada [\/vc_column_text][vc_empty_space][vc_empty_space][vc_row_inner row_type=\u00bbrow\u00bb type=\u00bbfull_width\u00bb use_row_as_full_screen_section_slide=\u00bbno\u00bb text_align=\u00bbleft\u00bb css_animation=\u00bb\u00bb][vc_column_inner width=\u00bb2\/3&#8243;][vc_empty_space][vc_column_text css=\u00bb\u00bb] NEREA ITSASO [\/vc_column_text][vc_empty_space][vc_column_text css=\u00bb\u00bb] Su trayectoria comienza con la creaci\u00f3n cinematogr\u00e1fica, concretamente con el cortometraje en formato de&#8230;<\/p>\n","protected":false},"author":1,"featured_media":0,"parent":0,"menu_order":0,"comment_status":"closed","ping_status":"closed","template":"","meta":{"footnotes":""},"class_list":["post-4020","page","type-page","status-publish","hentry"],"_links":{"self":[{"href":"https:\/\/casadartistes.esfarcultural.net\/es\/wp-json\/wp\/v2\/pages\/4020","targetHints":{"allow":["GET"]}}],"collection":[{"href":"https:\/\/casadartistes.esfarcultural.net\/es\/wp-json\/wp\/v2\/pages"}],"about":[{"href":"https:\/\/casadartistes.esfarcultural.net\/es\/wp-json\/wp\/v2\/types\/page"}],"author":[{"embeddable":true,"href":"https:\/\/casadartistes.esfarcultural.net\/es\/wp-json\/wp\/v2\/users\/1"}],"replies":[{"embeddable":true,"href":"https:\/\/casadartistes.esfarcultural.net\/es\/wp-json\/wp\/v2\/comments?post=4020"}],"version-history":[{"count":4,"href":"https:\/\/casadartistes.esfarcultural.net\/es\/wp-json\/wp\/v2\/pages\/4020\/revisions"}],"predecessor-version":[{"id":4025,"href":"https:\/\/casadartistes.esfarcultural.net\/es\/wp-json\/wp\/v2\/pages\/4020\/revisions\/4025"}],"wp:attachment":[{"href":"https:\/\/casadartistes.esfarcultural.net\/es\/wp-json\/wp\/v2\/media?parent=4020"}],"curies":[{"name":"wp","href":"https:\/\/api.w.org\/{rel}","templated":true}]}}