{"id":3993,"date":"2026-03-03T11:20:39","date_gmt":"2026-03-03T11:20:39","guid":{"rendered":"https:\/\/casadartistes.esfarcultural.net\/?page_id=3993"},"modified":"2026-03-03T12:03:25","modified_gmt":"2026-03-03T12:03:25","slug":"performance-2026","status":"publish","type":"page","link":"https:\/\/casadartistes.esfarcultural.net\/es\/performance-2026","title":{"rendered":"PERFORMANCE 2026"},"content":{"rendered":"<div class=\"wpb-content-wrapper\"><p>[vc_row row_type=\u00bbrow\u00bb use_row_as_full_screen_section=\u00bbno\u00bb type=\u00bbfull_width\u00bb text_align=\u00bbleft\u00bb background_animation=\u00bbnone\u00bb css_animation=\u00bb\u00bb css=\u00bb.vc_custom_1610971923298{padding-top: 10px !important;padding-bottom: 20px !important;}\u00bb][vc_column][vc_empty_space][vc_column_text css=\u00bb\u00bb]<\/p>\n<h1 style=\"text-align: left;\"><strong>RESIDENCIA PERFORMANCE<\/strong><\/h1>\n<p>[\/vc_column_text][vc_empty_space][vc_column_text css=\u00bb\u00bb]<\/p>\n<h3><span style=\"color: #ff0000;\">Artistas seleccionadas<\/span><\/h3>\n<p>[\/vc_column_text][vc_empty_space][vc_empty_space][vc_row_inner row_type=\u00bbrow\u00bb type=\u00bbfull_width\u00bb use_row_as_full_screen_section_slide=\u00bbno\u00bb text_align=\u00bbleft\u00bb css_animation=\u00bb\u00bb][vc_column_inner width=\u00bb2\/3&#8243;][vc_empty_space][vc_column_text css=\u00bb\u00bb]<\/p>\n<h5 style=\"text-align: left;\"><span style=\"color: #ea2d2e;\"><b>IRENE PASCUAL MOLINAS<\/b><\/span><\/h5>\n<p>[\/vc_column_text][vc_empty_space][vc_column_text css=\u00bb\u00bb]<\/p>\n<p style=\"font-weight: 400; text-align: justify;\"><span style=\"font-weight: 400;\">Irene Pascual Molinas (Girona, 1976) es artista, investigadora y docente en artes esc\u00e9nicas. Su pr\u00e1ctica art\u00edstica se articula entre el dibujo, la instalaci\u00f3n y la performance, con especial inter\u00e9s en los dispositivos de participaci\u00f3n, la relaci\u00f3n cuerpo\u2013espacio\u2013instituci\u00f3n y los procesos de mediaci\u00f3n cultural. Su trayectoria internacional est\u00e1 marcada por quince a\u00f1os de residencia en Berl\u00edn, donde trabaj\u00f3 en el \u00e1mbito de la creaci\u00f3n esc\u00e9nica y la escenograf\u00eda. Entre 2007 y 2014 dirigi\u00f3 el centro de artistas en residencia GlogauAIR, impulsando proyectos de intercambio e investigaci\u00f3n art\u00edstica. Ha desarrollado y presentado proyectos en contextos art\u00edsticos e institucionales en diversos pa\u00edses de Europa, as\u00ed como en M\u00e9xico y Camer\u00fan, incluyendo contextos expositivos internacionales como Hauser &#038; Wirth. Actualmente reside en Mallorca, donde desarrolla proyectos art\u00edsticos site-specific y participativos.<\/span><\/p>\n<p>[\/vc_column_text][vc_empty_space][\/vc_column_inner][vc_column_inner width=\u00bb1\/3&#8243;][vc_empty_space][vc_single_image image=\u00bb4003&#8243; img_size=\u00bblarge\u00bb alignment=\u00bbcenter\u00bb onclick=\u00bbcustom_link\u00bb img_link_target=\u00bb_blank\u00bb css=\u00bb\u00bb qode_css_animation=\u00bb\u00bb][vc_empty_space][vc_single_image image=\u00bb3995&#8243; img_size=\u00bblarge\u00bb alignment=\u00bbcenter\u00bb onclick=\u00bbcustom_link\u00bb img_link_target=\u00bb_blank\u00bb css=\u00bb\u00bb qode_css_animation=\u00bb\u00bb][vc_empty_space height=\u00bb8px\u00bb][\/vc_column_inner][\/vc_row_inner][vc_empty_space][vc_separator type=\u00bbnormal\u00bb border_style=\u00bb\u00bb color=\u00bb#0a0a0a\u00bb][vc_empty_space][vc_row_inner row_type=\u00bbrow\u00bb type=\u00bbfull_width\u00bb use_row_as_full_screen_section_slide=\u00bbno\u00bb text_align=\u00bbleft\u00bb css_animation=\u00bb\u00bb][vc_column_inner width=\u00bb2\/3&#8243;][vc_empty_space][vc_column_text css=\u00bb\u00bb]<\/p>\n<h5 style=\"text-align: left;\"><span style=\"color: #ea2d2e;\"><b>\u00d3SCAR BUENO<\/b><\/span><\/h5>\n<p>[\/vc_column_text][vc_empty_space][vc_column_text css=\u00bb\u00bb]<\/p>\n<p style=\"text-align: justify; font-weight: 400;\">\u00d3scar Bueno (1985, Avil\u00e9s, Asturias) es creador e int\u00e9rprete formado en Arte Dram\u00e1tico por la ESAD de Asturias, con Grado Profesional de M\u00fasica en Piano y un m\u00e1ster en Pr\u00e1ctica Esc\u00e9nica y Cultura Visual en el Museo Reina Sof\u00eda. Su trabajo se sit\u00faa en la intersecci\u00f3n entre la performance, la m\u00fasica y la imagen, y se desarrolla a trav\u00e9s de marcos de investigaci\u00f3n que le permiten abordar una misma pregunta desde m\u00faltiples perspectivas. Tambi\u00e9n acompa\u00f1a procesos de otros artistas.<\/p>\n<p style=\"text-align: justify; font-weight: 400;\">Paralelamente, impulsa una l\u00ednea pedag\u00f3gica con talleres y laboratorios de creaci\u00f3n sonora en museos y centros como CA2M, La Casa Encendida, el Museo Thyssen M\u00e1laga y el MACBA. Ha realizado residencias en centros nacionales e internacionales y colabora habitualmente con diversos artistas de la escena contempor\u00e1nea.<\/p>\n<p>&nbsp;<\/p>\n<p style=\"text-align: justify; font-weight: 400;\">Uno de los ejes centrales de su pr\u00e1ctica ha sido la Sonidaci\u00f3n, entendida como la generaci\u00f3n mental de sonido, de la que surgen piezas como Soundtrack, Amarillo Chill\u00f3n y Estudios para sonidaci\u00f3n. Actualmente desarrolla La excitaci\u00f3n del paisaje, una investigaci\u00f3n que retoma el sonido para reflexionar sobre la relaci\u00f3n entre m\u00fasica, imagen, performatividad y naturaleza, con piezas presentadas en festivales y centros de arte.<\/p>\n<p>[\/vc_column_text][vc_empty_space][\/vc_column_inner][vc_column_inner width=\u00bb1\/3&#8243;][vc_empty_space][vc_single_image image=\u00bb4004&#8243; img_size=\u00bblarge\u00bb alignment=\u00bbcenter\u00bb onclick=\u00bbcustom_link\u00bb img_link_target=\u00bb_blank\u00bb css=\u00bb\u00bb qode_css_animation=\u00bb\u00bb][vc_empty_space][vc_single_image image=\u00bb4006&#8243; img_size=\u00bbfull\u00bb alignment=\u00bbcenter\u00bb onclick=\u00bbcustom_link\u00bb img_link_target=\u00bb_blank\u00bb css=\u00bb\u00bb qode_css_animation=\u00bb\u00bb][vc_empty_space height=\u00bb8px\u00bb][\/vc_column_inner][\/vc_row_inner][vc_empty_space][vc_empty_space][\/vc_column][\/vc_row]<\/p>\n<\/div>","protected":false},"excerpt":{"rendered":"<p>[vc_row row_type=\u00bbrow\u00bb use_row_as_full_screen_section=\u00bbno\u00bb type=\u00bbfull_width\u00bb text_align=\u00bbleft\u00bb background_animation=\u00bbnone\u00bb css_animation=\u00bb\u00bb css=\u00bb.vc_custom_1610971923298{padding-top: 10px !important;padding-bottom: 20px !important;}\u00bb][vc_column][vc_empty_space][vc_column_text css=\u00bb\u00bb] RESIDENCIA PERFORMANCE [\/vc_column_text][vc_empty_space][vc_column_text css=\u00bb\u00bb] Artistas seleccionadas [\/vc_column_text][vc_empty_space][vc_empty_space][vc_row_inner row_type=\u00bbrow\u00bb type=\u00bbfull_width\u00bb use_row_as_full_screen_section_slide=\u00bbno\u00bb text_align=\u00bbleft\u00bb css_animation=\u00bb\u00bb][vc_column_inner width=\u00bb2\/3&#8243;][vc_empty_space][vc_column_text css=\u00bb\u00bb] IRENE PASCUAL MOLINAS [\/vc_column_text][vc_empty_space][vc_column_text css=\u00bb\u00bb] Irene Pascual Molinas (Girona, 1976) es artista, investigadora y docente en artes esc\u00e9nicas&#8230;.<\/p>\n","protected":false},"author":1,"featured_media":0,"parent":0,"menu_order":0,"comment_status":"closed","ping_status":"closed","template":"","meta":{"footnotes":""},"class_list":["post-3993","page","type-page","status-publish","hentry"],"_links":{"self":[{"href":"https:\/\/casadartistes.esfarcultural.net\/es\/wp-json\/wp\/v2\/pages\/3993","targetHints":{"allow":["GET"]}}],"collection":[{"href":"https:\/\/casadartistes.esfarcultural.net\/es\/wp-json\/wp\/v2\/pages"}],"about":[{"href":"https:\/\/casadartistes.esfarcultural.net\/es\/wp-json\/wp\/v2\/types\/page"}],"author":[{"embeddable":true,"href":"https:\/\/casadartistes.esfarcultural.net\/es\/wp-json\/wp\/v2\/users\/1"}],"replies":[{"embeddable":true,"href":"https:\/\/casadartistes.esfarcultural.net\/es\/wp-json\/wp\/v2\/comments?post=3993"}],"version-history":[{"count":9,"href":"https:\/\/casadartistes.esfarcultural.net\/es\/wp-json\/wp\/v2\/pages\/3993\/revisions"}],"predecessor-version":[{"id":4013,"href":"https:\/\/casadartistes.esfarcultural.net\/es\/wp-json\/wp\/v2\/pages\/3993\/revisions\/4013"}],"wp:attachment":[{"href":"https:\/\/casadartistes.esfarcultural.net\/es\/wp-json\/wp\/v2\/media?parent=3993"}],"curies":[{"name":"wp","href":"https:\/\/api.w.org\/{rel}","templated":true}]}}