{"id":3972,"date":"2026-02-27T12:09:41","date_gmt":"2026-02-27T12:09:41","guid":{"rendered":"https:\/\/casadartistes.esfarcultural.net\/?page_id=3972"},"modified":"2026-03-03T11:30:47","modified_gmt":"2026-03-03T11:30:47","slug":"illes-dart-2026","status":"publish","type":"page","link":"https:\/\/casadartistes.esfarcultural.net\/es\/illes-dart-2026","title":{"rendered":"ILLES D&#8217;ART 2026"},"content":{"rendered":"<div class=\"wpb-content-wrapper\"><p>[vc_row row_type=\u00bbrow\u00bb use_row_as_full_screen_section=\u00bbno\u00bb type=\u00bbfull_width\u00bb text_align=\u00bbleft\u00bb background_animation=\u00bbnone\u00bb css_animation=\u00bb\u00bb css=\u00bb.vc_custom_1610971923298{padding-top: 10px !important;padding-bottom: 20px !important;}\u00bb][vc_column][vc_empty_space][vc_column_text css=\u00bb\u00bb]<\/p>\n<h1 style=\"text-align: left;\"><strong>RESIDENCIA ILLES D&#8217;ART<\/strong><\/h1>\n<p>[\/vc_column_text][vc_empty_space][vc_column_text css=\u00bb\u00bb]<\/p>\n<h3><span style=\"color: #ff0000;\">Artistas seleccionados<\/span><\/h3>\n<p>[\/vc_column_text][vc_empty_space][vc_empty_space][vc_row_inner row_type=\u00bbrow\u00bb type=\u00bbfull_width\u00bb use_row_as_full_screen_section_slide=\u00bbno\u00bb text_align=\u00bbleft\u00bb css_animation=\u00bb\u00bb][vc_column_inner width=\u00bb2\/3&#8243;][vc_empty_space][vc_column_text css=\u00bb\u00bb]<\/p>\n<h5 style=\"text-align: left;\"><span style=\"color: #ea2d2e;\"><b>CLARA GARRIGA ANDREU<\/b><\/span><\/h5>\n<p>[\/vc_column_text][vc_empty_space][vc_column_text css=\u00bb\u00bb]<\/p>\n<p style=\"font-weight: 400; text-align: justify;\">Clara Garriga Andreu (Ma\u00f3, 1984) es fot\u00f3grafa, vide\u00f3grafa y artista visual menorquina. Su pr\u00e1ctica se sit\u00faa en el \u00e1mbito de la fotograf\u00eda contempor\u00e1nea y el audiovisual, con un especial inter\u00e9s en la narrativa art\u00edstico-documental y su di\u00e1logo con otros lenguajes. Trabaja a partir de realidades sociales feministas vinculadas al territorio que habita o vividas en primera persona, abordadas desde una mirada po\u00e9tica y cr\u00edtica.<\/p>\n<p>&nbsp;<\/p>\n<p style=\"font-weight: 400; text-align: justify;\">Su trabajo explora las desigualdades de g\u00e9nero y las diversas formas de violencia hacia la mujer, as\u00ed como la relaci\u00f3n entre cuerpo y territorio, con Menorca como presencia constante y simb\u00f3lica. Formalmente combina fotograf\u00eda, v\u00eddeo e instalaci\u00f3n, integrando procesos manuales como el collage, la costura y el trenzado sobre fotograf\u00eda impresa, buscando nuevas formas de deconstrucci\u00f3n y expresi\u00f3n manual de la imagen.<\/p>\n<p style=\"font-weight: 400; text-align: justify;\">Fot\u00f3grafa aut\u00f3noma desde 2008, ha expuesto individualmente tanto en Espa\u00f1a como en el extranjero. Solo durante el a\u00f1o 2025 ha recibido el Premio Lab Oliver y el Premio Biosfera del Menorca Doc Fest, y ha expuesto en la Sala del Roser de Ciutadella, en Barcelona y en Argentina.<\/p>\n<p>[\/vc_column_text][vc_empty_space][\/vc_column_inner][vc_column_inner width=\u00bb1\/3&#8243;][vc_empty_space][vc_single_image image=\u00bb3975&#8243; img_size=\u00bblarge\u00bb alignment=\u00bbcenter\u00bb onclick=\u00bbcustom_link\u00bb img_link_target=\u00bb_blank\u00bb css=\u00bb\u00bb qode_css_animation=\u00bb\u00bb][vc_empty_space][vc_single_image image=\u00bb3976&#8243; img_size=\u00bblarge\u00bb alignment=\u00bbcenter\u00bb onclick=\u00bbcustom_link\u00bb img_link_target=\u00bb_blank\u00bb css=\u00bb\u00bb qode_css_animation=\u00bb\u00bb][vc_empty_space height=\u00bb8px\u00bb][\/vc_column_inner][\/vc_row_inner][vc_empty_space][vc_separator type=\u00bbnormal\u00bb border_style=\u00bb\u00bb color=\u00bb#0a0a0a\u00bb][vc_empty_space][vc_row_inner row_type=\u00bbrow\u00bb type=\u00bbfull_width\u00bb use_row_as_full_screen_section_slide=\u00bbno\u00bb text_align=\u00bbleft\u00bb css_animation=\u00bb\u00bb][vc_column_inner width=\u00bb2\/3&#8243;][vc_empty_space][vc_column_text css=\u00bb\u00bb]<\/p>\n<h5 style=\"text-align: left;\"><span style=\"color: #ea2d2e;\"><b>ROBERTO CAMPILLO<\/b><\/span><\/h5>\n<p>[\/vc_column_text][vc_empty_space][vc_column_text css=\u00bb\u00bb]<\/p>\n<p style=\"text-align: justify;\">Roberto Campillo<span style=\"font-weight: 400;\"> es autor y creador visual vinculado a la cultura popular y a la divulgaci\u00f3n del imaginario de las Islas Baleares. Su pr\u00e1ctica combina ilustraci\u00f3n, narrativa y dise\u00f1o con una clara voluntad de poner en valor el patrimonio inmaterial, entendiendo el juego y la creaci\u00f3n de contenidos como herramientas de transmisi\u00f3n cultural. Ha publicado diversos libros con editoriales como Nova Editorial Moll, Editorial Sa\u00efm, Insula Liter\u00e0ria y Sa Filosa, centrados en la mitolog\u00eda, la fiesta y los relatos populares. Paralelamente, desarrolla proyectos interdisciplinarios, especialmente en el \u00e1mbito del juego de mesa, como <\/span><i><span style=\"font-weight: 400;\">A\u00efllats<\/span><\/i><span style=\"font-weight: 400;\">, <\/span><i><span style=\"font-weight: 400;\">Captura Criatura<\/span><\/i><span style=\"font-weight: 400;\"> y <\/span><i><span style=\"font-weight: 400;\">4 Illes<\/span><\/i><span style=\"font-weight: 400;\"> (Dino Ludens). Ha sido seleccionado en residencias de gr\u00e1fica contempor\u00e1nea y participa habitualmente en espacios de divulgaci\u00f3n cultural. Su trabajo busca actualizar la tradici\u00f3n mediante lenguajes visuales contempor\u00e1neos, generando puentes entre memoria, territorio y nuevas generaciones.<\/span><\/p>\n<p>[\/vc_column_text][vc_empty_space][\/vc_column_inner][vc_column_inner width=\u00bb1\/3&#8243;][vc_empty_space][vc_single_image image=\u00bb3979&#8243; img_size=\u00bblarge\u00bb alignment=\u00bbcenter\u00bb onclick=\u00bbcustom_link\u00bb img_link_target=\u00bb_blank\u00bb css=\u00bb\u00bb qode_css_animation=\u00bb\u00bb][vc_empty_space][vc_single_image image=\u00bb3978&#8243; img_size=\u00bbfull\u00bb alignment=\u00bbcenter\u00bb onclick=\u00bbcustom_link\u00bb img_link_target=\u00bb_blank\u00bb css=\u00bb\u00bb qode_css_animation=\u00bb\u00bb][vc_empty_space height=\u00bb8px\u00bb][\/vc_column_inner][\/vc_row_inner][vc_empty_space][vc_empty_space][\/vc_column][\/vc_row]<\/p>\n<\/div>","protected":false},"excerpt":{"rendered":"<p>[vc_row row_type=\u00bbrow\u00bb use_row_as_full_screen_section=\u00bbno\u00bb type=\u00bbfull_width\u00bb text_align=\u00bbleft\u00bb background_animation=\u00bbnone\u00bb css_animation=\u00bb\u00bb css=\u00bb.vc_custom_1610971923298{padding-top: 10px !important;padding-bottom: 20px !important;}\u00bb][vc_column][vc_empty_space][vc_column_text css=\u00bb\u00bb] RESIDENCIA ILLES D&#8217;ART [\/vc_column_text][vc_empty_space][vc_column_text css=\u00bb\u00bb] Artistas seleccionados [\/vc_column_text][vc_empty_space][vc_empty_space][vc_row_inner row_type=\u00bbrow\u00bb type=\u00bbfull_width\u00bb use_row_as_full_screen_section_slide=\u00bbno\u00bb text_align=\u00bbleft\u00bb css_animation=\u00bb\u00bb][vc_column_inner width=\u00bb2\/3&#8243;][vc_empty_space][vc_column_text css=\u00bb\u00bb] CLARA GARRIGA ANDREU [\/vc_column_text][vc_empty_space][vc_column_text css=\u00bb\u00bb] Clara Garriga Andreu (Ma\u00f3, 1984) es fot\u00f3grafa, vide\u00f3grafa y artista visual menorquina&#8230;.<\/p>\n","protected":false},"author":1,"featured_media":0,"parent":0,"menu_order":0,"comment_status":"closed","ping_status":"closed","template":"","meta":{"footnotes":""},"class_list":["post-3972","page","type-page","status-publish","hentry"],"_links":{"self":[{"href":"https:\/\/casadartistes.esfarcultural.net\/es\/wp-json\/wp\/v2\/pages\/3972","targetHints":{"allow":["GET"]}}],"collection":[{"href":"https:\/\/casadartistes.esfarcultural.net\/es\/wp-json\/wp\/v2\/pages"}],"about":[{"href":"https:\/\/casadartistes.esfarcultural.net\/es\/wp-json\/wp\/v2\/types\/page"}],"author":[{"embeddable":true,"href":"https:\/\/casadartistes.esfarcultural.net\/es\/wp-json\/wp\/v2\/users\/1"}],"replies":[{"embeddable":true,"href":"https:\/\/casadartistes.esfarcultural.net\/es\/wp-json\/wp\/v2\/comments?post=3972"}],"version-history":[{"count":16,"href":"https:\/\/casadartistes.esfarcultural.net\/es\/wp-json\/wp\/v2\/pages\/3972\/revisions"}],"predecessor-version":[{"id":4001,"href":"https:\/\/casadartistes.esfarcultural.net\/es\/wp-json\/wp\/v2\/pages\/3972\/revisions\/4001"}],"wp:attachment":[{"href":"https:\/\/casadartistes.esfarcultural.net\/es\/wp-json\/wp\/v2\/media?parent=3972"}],"curies":[{"name":"wp","href":"https:\/\/api.w.org\/{rel}","templated":true}]}}