{"id":3960,"date":"2026-02-16T09:08:14","date_gmt":"2026-02-16T09:08:14","guid":{"rendered":"https:\/\/casadartistes.esfarcultural.net\/?page_id=3960"},"modified":"2026-02-16T10:01:04","modified_gmt":"2026-02-16T10:01:04","slug":"teatre","status":"publish","type":"page","link":"https:\/\/casadartistes.esfarcultural.net\/es\/teatre","title":{"rendered":"TEATRE"},"content":{"rendered":"<div class=\"wpb-content-wrapper\"><p>[vc_row row_type=\u00bbrow\u00bb use_row_as_full_screen_section=\u00bbno\u00bb type=\u00bbfull_width\u00bb text_align=\u00bbleft\u00bb background_animation=\u00bbnone\u00bb css_animation=\u00bb\u00bb css=\u00bb.vc_custom_1610971923298{padding-top: 10px !important;padding-bottom: 20px !important;}\u00bb][vc_column][vc_empty_space][vc_column_text css=\u00bb\u00bb]<\/p>\n<h1 style=\"text-align: left;\"><strong><span style=\"color: #000000;\">TEATRO DE FORNELLS<\/span><\/strong><\/h1>\n<p>[\/vc_column_text][vc_empty_space height=\u00bb15px\u00bb][vc_column_text css=\u00bb\u00bb]<\/p>\n<h3 style=\"text-align: left;\"><span style=\"color: #ff0000;\">Artistas seleccionadas<\/span><\/h3>\n<p>[\/vc_column_text][vc_empty_space][vc_empty_space][vc_row_inner row_type=\u00bbrow\u00bb type=\u00bbfull_width\u00bb use_row_as_full_screen_section_slide=\u00bbno\u00bb text_align=\u00bbleft\u00bb css_animation=\u00bb\u00bb][vc_column_inner width=\u00bb1\/2&#8243;][vc_empty_space][vc_column_text css=\u00bb\u00bb]<\/p>\n<p style=\"text-align: justify;\"><b>Macarena y Olivia<\/b><span style=\"font-weight: 400;\">. Formadas en artes esc\u00e9nicas, est\u00e1n acostumbradas a pasar largas temporadas inmersas en procesos de creaci\u00f3n colectiva e investigaci\u00f3n. Han compartido talleres en direcci\u00f3n esc\u00e9nica con Carlos Tu\u00f1\u00f3n, director de la compa\u00f1\u00eda [los n\u00fameros imaginarios].<\/span><\/p>\n<p style=\"text-align: justify;\"><span style=\"font-weight: 400;\">El 2019, estrenaron su primera obra como directoras al <em>Corral de Comedias de Alcal\u00e1 de Henares<\/em>. Macarena estren\u00f3 <em>Fumarolas<\/em> y Olivia<em> #aboutlastnight<\/em>. Aquella peque\u00f1a coincidencia las vincul\u00f3 como artistas emergentes. Hace tres a\u00f1os empezaron a merendar juntas con la intenci\u00f3n de levantar un proyecto. Aquellas ma\u00f1anas las han llevado hasta Menorca para continuar investigando su pr\u00f3xima obra.<\/span><\/p>\n<p style=\"text-align: justify;\"><span style=\"font-weight: 400;\">Su paso por la isla, en el marco de la residencia en el centro de creaci\u00f3n Casa de Artistas y en el Teatro de Fornells, est\u00e1 dividido en tres etapas. Una primera etapa en septiembre, en la cual se han dedicado a la investigaci\u00f3n esc\u00e9nica y la escritura. Una segunda en noviembre, para continuar con el proceso de creaci\u00f3n vinculado a la isla. Y, finalmente, una tercera etapa de creaci\u00f3n esc\u00e9nica y pose en com\u00fan con el p\u00fablico en febrero del 2026.<\/span><\/p>\n<p>&nbsp;<\/p>\n<p>&nbsp;<\/p>\n<p style=\"text-align: justify;\"><b>Olivia Delc\u00e1n.<\/b><span style=\"font-weight: 400;\"> Estrena este a\u00f1o su primer cortometraje,\u00a0<em>Instrucciones\u00a0para\u00a0cocinar\u00a0un\u00a0pollo\u00a0bajo\u00a0tierra<\/em>, codirigido con Nacho S\u00e1nchez. Adem\u00e1s, est\u00e1 desarrollando su primer largometraje, <em>La\u00a0hija\u00a0bastarda<\/em>, que forma parte del programa Rueda de la Academia de Cine y ha obtenido el primer premio al Talentos Lab de Atl\u00e0ntida Film Fest. Tambi\u00e9n ha coescrito y protagonizado la pel\u00edcula <em>Isla\u00a0Bonita<\/em>, de Fernando\u00a0Colomo.<\/span><\/p>\n<p>&nbsp;<\/p>\n<p style=\"text-align: justify;\"><b>Macarena Regueiro.<\/b><span style=\"font-weight: 400;\"> Es directora, dramaturga, actriz y ceramista. Actualmente, est\u00e1 escribiendo su primera novela, con la cual estuvo de residencia en abril del 2025 en Francia, en el centro Manoir de La Moissie. Su trabajo como creadora se caracteriza por la mezcla de lenguajes esc\u00e9nicos. Con <em>Fumarolas<\/em> asienta las bases como creadora, dirigiendo, escribiendo y protagonizando sus propuestas. En su \u00faltimo proyecto,<em> Lo que se rompe<\/em>, trabaj\u00f3 con un elenco de bailarinas coreografiado por el bailaor Julio Ruiz.<\/span><\/p>\n<p>[\/vc_column_text][vc_empty_space][\/vc_column_inner][vc_column_inner width=\u00bb1\/2&#8243;][vc_empty_space][vc_empty_space][vc_single_image image=\u00bb3961&#8243; img_size=\u00bblarge\u00bb alignment=\u00bbcenter\u00bb onclick=\u00bbcustom_link\u00bb img_link_target=\u00bb_blank\u00bb css=\u00bb\u00bb qode_css_animation=\u00bb\u00bb link=\u00bbhttp:\/\/sandrinedeumier.com\/\u00bb][vc_empty_space height=\u00bb12px\u00bb][vc_single_image image=\u00bb3962&#8243; img_size=\u00bblarge\u00bb alignment=\u00bbcenter\u00bb onclick=\u00bbcustom_link\u00bb img_link_target=\u00bb_blank\u00bb css=\u00bb\u00bb qode_css_animation=\u00bb\u00bb link=\u00bbhttp:\/\/sandrinedeumier.com\/\u00bb][vc_empty_space][\/vc_column_inner][\/vc_row_inner][vc_empty_space][vc_empty_space][\/vc_column][\/vc_row]<\/p>\n<\/div>","protected":false},"excerpt":{"rendered":"<p>[vc_row row_type=\u00bbrow\u00bb use_row_as_full_screen_section=\u00bbno\u00bb type=\u00bbfull_width\u00bb text_align=\u00bbleft\u00bb background_animation=\u00bbnone\u00bb css_animation=\u00bb\u00bb css=\u00bb.vc_custom_1610971923298{padding-top: 10px !important;padding-bottom: 20px !important;}\u00bb][vc_column][vc_empty_space][vc_column_text css=\u00bb\u00bb] TEATRO DE FORNELLS [\/vc_column_text][vc_empty_space height=\u00bb15px\u00bb][vc_column_text css=\u00bb\u00bb] Artistas seleccionadas [\/vc_column_text][vc_empty_space][vc_empty_space][vc_row_inner row_type=\u00bbrow\u00bb type=\u00bbfull_width\u00bb use_row_as_full_screen_section_slide=\u00bbno\u00bb text_align=\u00bbleft\u00bb css_animation=\u00bb\u00bb][vc_column_inner width=\u00bb1\/2&#8243;][vc_empty_space][vc_column_text css=\u00bb\u00bb] Macarena y Olivia. Formadas en artes esc\u00e9nicas, est\u00e1n acostumbradas a pasar largas temporadas inmersas en procesos&#8230;<\/p>\n","protected":false},"author":1,"featured_media":0,"parent":0,"menu_order":0,"comment_status":"closed","ping_status":"closed","template":"","meta":{"footnotes":""},"class_list":["post-3960","page","type-page","status-publish","hentry"],"_links":{"self":[{"href":"https:\/\/casadartistes.esfarcultural.net\/es\/wp-json\/wp\/v2\/pages\/3960","targetHints":{"allow":["GET"]}}],"collection":[{"href":"https:\/\/casadartistes.esfarcultural.net\/es\/wp-json\/wp\/v2\/pages"}],"about":[{"href":"https:\/\/casadartistes.esfarcultural.net\/es\/wp-json\/wp\/v2\/types\/page"}],"author":[{"embeddable":true,"href":"https:\/\/casadartistes.esfarcultural.net\/es\/wp-json\/wp\/v2\/users\/1"}],"replies":[{"embeddable":true,"href":"https:\/\/casadartistes.esfarcultural.net\/es\/wp-json\/wp\/v2\/comments?post=3960"}],"version-history":[{"count":4,"href":"https:\/\/casadartistes.esfarcultural.net\/es\/wp-json\/wp\/v2\/pages\/3960\/revisions"}],"predecessor-version":[{"id":3969,"href":"https:\/\/casadartistes.esfarcultural.net\/es\/wp-json\/wp\/v2\/pages\/3960\/revisions\/3969"}],"wp:attachment":[{"href":"https:\/\/casadartistes.esfarcultural.net\/es\/wp-json\/wp\/v2\/media?parent=3960"}],"curies":[{"name":"wp","href":"https:\/\/api.w.org\/{rel}","templated":true}]}}