{"id":3926,"date":"2026-01-29T09:11:46","date_gmt":"2026-01-29T09:11:46","guid":{"rendered":"https:\/\/casadartistes.esfarcultural.net\/?page_id=3926"},"modified":"2026-01-29T09:46:00","modified_gmt":"2026-01-29T09:46:00","slug":"esceniques","status":"publish","type":"page","link":"https:\/\/casadartistes.esfarcultural.net\/es\/esceniques","title":{"rendered":"ESC\u00c8NIQUES"},"content":{"rendered":"<div class=\"wpb-content-wrapper\"><p>[vc_row row_type=\u00bbrow\u00bb use_row_as_full_screen_section=\u00bbno\u00bb type=\u00bbfull_width\u00bb text_align=\u00bbleft\u00bb background_animation=\u00bbnone\u00bb css_animation=\u00bb\u00bb css=\u00bb.vc_custom_1610971923298{padding-top: 10px !important;padding-bottom: 20px !important;}\u00bb][vc_column][vc_empty_space][vc_column_text css=\u00bb\u00bb]<\/p>\n<h1 style=\"text-align: left;\"><strong><span style=\"color: #000000;\">ESC\u00c9NICAS<\/span><\/strong><\/h1>\n<p>[\/vc_column_text][vc_empty_space height=\u00bb15px\u00bb][vc_column_text css=\u00bb\u00bb]<\/p>\n<h3 style=\"text-align: left;\"><span style=\"color: #ff0000;\">Artistas seleccionadas<\/span><\/h3>\n<p>[\/vc_column_text][vc_empty_space][vc_empty_space][vc_row_inner row_type=\u00bbrow\u00bb type=\u00bbfull_width\u00bb use_row_as_full_screen_section_slide=\u00bbno\u00bb text_align=\u00bbleft\u00bb css_animation=\u00bb\u00bb][vc_column_inner width=\u00bb2\/4&#8243;][vc_empty_space][vc_column_text css=\u00bb\u00bb]<strong>Anna Ferrer i Valeria Mata<\/strong>, ambas hijas de panaderos, proponen un espacio com\u00fan para trenzar un relato con sus voces, sus manos y materiales de archivo. Pensando con el pan, recrean memorias e imaginan mundos posibles desde la sensorialitat de un oficio que las acompa\u00f1a desde la infancia. \u201cNacer con el pan bajo el brazo\u201d, estar cuerpo a cuerpo con la masa y haber crecido en un obrador model\u00f3 la manera en que se relacionan una con la m\u00fasica y la otra con la antropolog\u00eda. Para ellas, estas pr\u00e1cticas solo encuentran su prop\u00f3sito cuando son capaces de nutrir y ofrecerse del mismo modo en que lo hace el pan.<\/p>\n<p>&nbsp;<\/p>\n<p>&nbsp;<\/p>\n<p><strong>Anna Ferrer <\/strong>(Menorca, 1993) canta, compone y descompone canciones de otros tiempos. Cuida y espiga la canci\u00f3n de ra\u00edz popular desmitific\u00e1ndola y haci\u00e9ndola universal. As\u00ed es como sus m\u00fasicas se inspiran en la tradici\u00f3n, mientras evolucionan hacia sonoridades propias atravesadas por sintetizadores.<\/p>\n<p>&nbsp;<\/p>\n<p><strong>Valeria Mata<\/strong> es investigadora y antrop\u00f3loga social formada en Madrid, Ciudad de M\u00e9xico y Londres. Su investigaci\u00f3n aborda los v\u00ednculos entre arte y antropolog\u00eda, el viaje y la cultura alimentaria. Entre 2015 y 2019 dirigi\u00f3 MUEVE, una biblioteca itinerante de publicaciones latinoamericanas. Es autora de <em>Plagie, copio, manipulo, robo, reescriba este libro<\/em> (2018) y <em>Todo lo que se mueve<\/em> (2020).[\/vc_column_text][vc_empty_space][\/vc_column_inner][vc_column_inner width=\u00bb1\/4&#8243;][vc_empty_space][vc_single_image image=\u00bb3939&#8243; img_size=\u00bblarge\u00bb css=\u00bb\u00bb qode_css_animation=\u00bb\u00bb][vc_empty_space height=\u00bb10px\u00bb][vc_column_text css=\u00bb\u00bb]<\/p>\n<p style=\"text-align: justify;\">\u00abAnna Ferrer. De Salva Lopez\u00bb<\/p>\n<p>[\/vc_column_text][\/vc_column_inner][vc_column_inner width=\u00bb1\/4&#8243;][vc_empty_space][vc_single_image image=\u00bb3929&#8243; img_size=\u00bblarge\u00bb css=\u00bb\u00bb qode_css_animation=\u00bb\u00bb][vc_empty_space height=\u00bb10px\u00bb][vc_column_text css=\u00bb\u00bb]<\/p>\n<p style=\"text-align: justify;\">\u00abValeria Mata. De Gus-Rohmer\u00bb<\/p>\n<p>[\/vc_column_text][\/vc_column_inner][\/vc_row_inner][vc_empty_space][vc_empty_space][\/vc_column][\/vc_row]<\/p>\n<\/div>","protected":false},"excerpt":{"rendered":"<p>[vc_row row_type=\u00bbrow\u00bb use_row_as_full_screen_section=\u00bbno\u00bb type=\u00bbfull_width\u00bb text_align=\u00bbleft\u00bb background_animation=\u00bbnone\u00bb css_animation=\u00bb\u00bb css=\u00bb.vc_custom_1610971923298{padding-top: 10px !important;padding-bottom: 20px !important;}\u00bb][vc_column][vc_empty_space][vc_column_text css=\u00bb\u00bb] ESC\u00c9NICAS [\/vc_column_text][vc_empty_space height=\u00bb15px\u00bb][vc_column_text css=\u00bb\u00bb] Artistas seleccionadas [\/vc_column_text][vc_empty_space][vc_empty_space][vc_row_inner row_type=\u00bbrow\u00bb type=\u00bbfull_width\u00bb use_row_as_full_screen_section_slide=\u00bbno\u00bb text_align=\u00bbleft\u00bb css_animation=\u00bb\u00bb][vc_column_inner width=\u00bb2\/4&#8243;][vc_empty_space][vc_column_text css=\u00bb\u00bb]Anna Ferrer i Valeria Mata, ambas hijas de panaderos, proponen un espacio com\u00fan para trenzar un relato con sus&#8230;<\/p>\n","protected":false},"author":1,"featured_media":0,"parent":0,"menu_order":0,"comment_status":"closed","ping_status":"closed","template":"","meta":{"footnotes":""},"class_list":["post-3926","page","type-page","status-publish","hentry"],"_links":{"self":[{"href":"https:\/\/casadartistes.esfarcultural.net\/es\/wp-json\/wp\/v2\/pages\/3926","targetHints":{"allow":["GET"]}}],"collection":[{"href":"https:\/\/casadartistes.esfarcultural.net\/es\/wp-json\/wp\/v2\/pages"}],"about":[{"href":"https:\/\/casadartistes.esfarcultural.net\/es\/wp-json\/wp\/v2\/types\/page"}],"author":[{"embeddable":true,"href":"https:\/\/casadartistes.esfarcultural.net\/es\/wp-json\/wp\/v2\/users\/1"}],"replies":[{"embeddable":true,"href":"https:\/\/casadartistes.esfarcultural.net\/es\/wp-json\/wp\/v2\/comments?post=3926"}],"version-history":[{"count":20,"href":"https:\/\/casadartistes.esfarcultural.net\/es\/wp-json\/wp\/v2\/pages\/3926\/revisions"}],"predecessor-version":[{"id":3943,"href":"https:\/\/casadartistes.esfarcultural.net\/es\/wp-json\/wp\/v2\/pages\/3926\/revisions\/3943"}],"wp:attachment":[{"href":"https:\/\/casadartistes.esfarcultural.net\/es\/wp-json\/wp\/v2\/media?parent=3926"}],"curies":[{"name":"wp","href":"https:\/\/api.w.org\/{rel}","templated":true}]}}