{"id":3870,"date":"2026-01-20T10:22:07","date_gmt":"2026-01-20T10:22:07","guid":{"rendered":"https:\/\/casadartistes.esfarcultural.net\/?page_id=3870"},"modified":"2026-01-23T10:41:20","modified_gmt":"2026-01-23T10:41:20","slug":"residencies-de-creacio-2026","status":"publish","type":"page","link":"https:\/\/casadartistes.esfarcultural.net\/es\/residencies-de-creacio-2026","title":{"rendered":"RESIDENCIAS DE CREACI\u00d3N 2026"},"content":{"rendered":"<div class=\"wpb-content-wrapper\"><p>[vc_row row_type=\u00bbrow\u00bb use_row_as_full_screen_section=\u00bbno\u00bb type=\u00bbfull_width\u00bb text_align=\u00bbleft\u00bb background_animation=\u00bbnone\u00bb css_animation=\u00bb\u00bb][vc_column][vc_empty_space][vc_row_inner row_type=\u00bbrow\u00bb type=\u00bbfull_width\u00bb use_row_as_full_screen_section_slide=\u00bbno\u00bb text_align=\u00bbleft\u00bb css_animation=\u00bb\u00bb][vc_column_inner][vc_single_image image=\u00bb3910&#8243; img_size=\u00bblarge\u00bb alignment=\u00bbcenter\u00bb css=\u00bb\u00bb qode_css_animation=\u00bb\u00bb][\/vc_column_inner][\/vc_row_inner][vc_empty_space][vc_empty_space][vc_column_text css=\u00bb\u00bb]<\/p>\n<h5><span style=\"color: #00b4d3;\"><b>1. INTRODUCCI\u00d3N<\/b><\/span><\/h5>\n<p><span style=\"font-weight: 400;\">El <\/span><b>Centro de Creaci\u00f3n Casa d&#8217;Artistes<\/b><span style=\"font-weight: 400;\"> es un proyecto de Es FAR Cultural, una asociaci\u00f3n que fomenta el intercambio de valores y la reflexi\u00f3n a trav\u00e9s de la formaci\u00f3n, la investigaci\u00f3n, el arte y la cultura contempor\u00e1nea. Esta convocatoria tiene el objetivo de <\/span><b>seleccionar creadores\/se para participar de las residencias de artes visuales, performance, creaci\u00f3n de podcast, m\u00fasica y arte sonoro del 2026. Los proyectos que se presenten pueden ser propuestas en proceso o de nueva creaci\u00f3n.<\/b><\/p>\n<p>&nbsp;<\/p>\n<p>&nbsp;<\/p>\n<h4><b>1.1. Requisitos generales de participaci\u00f3n<\/b><\/h4>\n<ul>\n<li style=\"font-weight: 400;\" aria-level=\"1\"><span style=\"font-weight: 400;\">Pueden participar creadores\/as mayores de edad.<\/span><\/li>\n<li style=\"font-weight: 400;\" aria-level=\"1\"><span style=\"font-weight: 400;\">Tener la capacidad de presentar una factura oficial.<\/span><\/li>\n<li style=\"font-weight: 400;\" aria-level=\"1\"><span style=\"font-weight: 400;\">Disponibilidad para hacer una entrevista en l\u00ednea en caso de que la organizaci\u00f3n lo solicite.<\/span><\/li>\n<li style=\"font-weight: 400;\" aria-level=\"1\"><span style=\"font-weight: 400;\">Cada candidato\/a podr\u00e1 solicitar un m\u00e1ximo de dos residencias de diferente \u00e1mbito, aunque solo podr\u00e1 ser elegible para una.<\/span><\/li>\n<\/ul>\n<p><span style=\"font-weight: 400;\"> <\/span><\/p>\n<p>&nbsp;<\/p>\n<h4><b>1.2. Compromisos generales del creador\/a<\/b><\/h4>\n<ul>\n<li style=\"font-weight: 400;\" aria-level=\"1\"><span style=\"font-weight: 400;\">Aprovechar la residencia para la investigaci\u00f3n y\/o creaci\u00f3n del proyecto escogido.<\/span><\/li>\n<li style=\"font-weight: 400;\" aria-level=\"1\"><span style=\"font-weight: 400;\">Participar de una muestra del proyecto en curso en el marco de la residencia.<\/span><\/li>\n<li style=\"font-weight: 400;\" aria-level=\"1\"><span style=\"font-weight: 400;\">Entregar una breve memoria del proyecto desarrollado.<\/span><\/li>\n<li style=\"font-weight: 400;\" aria-level=\"1\"><span style=\"font-weight: 400;\">Cumplir con el calendario acordado.<\/span><\/li>\n<li style=\"font-weight: 400;\" aria-level=\"1\"><span style=\"font-weight: 400;\">Autoriza a Es FAR Cultural a emplear su imagen as\u00ed como la documentaci\u00f3n visual, audiovisual y\/o sonora de su trabajo art\u00edstico con fines de comunicaci\u00f3n y divulgaci\u00f3n no comercial.<\/span><\/li>\n<li style=\"font-weight: 400;\" aria-level=\"1\"><span style=\"font-weight: 400;\">Citar el apoyo de Es FAR Cultural en todas las acciones de comunicaci\u00f3n y divulgaci\u00f3n del proyecto desarrollado durante la residencia y posterior recorrido art\u00edstico.<\/span><\/li>\n<li style=\"font-weight: 400;\" aria-level=\"1\"><span style=\"font-weight: 400;\">La resoluci\u00f3n de esta convocatoria se comunicar\u00e1 oficialmente a trav\u00e9s de correo electr\u00f3nico. El creador\/a se compromete a aceptar o rechazar esta resoluci\u00f3n en el plazo m\u00e1ximo de 5 d\u00edas naturales desde la fecha de comunicaci\u00f3n.<\/span><\/li>\n<li style=\"font-weight: 400;\" aria-level=\"1\"><span style=\"font-weight: 400;\">El creador\/a acepta los t\u00e9rminos de esta convocatoria.<\/span><\/li>\n<\/ul>\n<p>&nbsp;<\/p>\n<p>&nbsp;<\/p>\n<h5><span style=\"color: #00b4d3;\"><b>2. PROGRAMA DE RESIDENCIAS 2026<\/b><\/span><\/h5>\n<p><span style=\"font-weight: 400;\">Todos los creadores\/as seleccionados tendr\u00e1n acceso a un espacio de trabajo y acompa\u00f1amiento del personal del centro. Solo los creadores\/as con residencia fuera de la isla de Menorca tendr\u00e1n cubierto:<\/span><\/p>\n<ul>\n<li style=\"font-weight: 400;\" aria-level=\"1\"><span style=\"font-weight: 400;\">Un viaje de ida y vuelta desde el lugar habitual de residencia, dentro de Europa. (Por motivos de sostenibilidad, los desplazamientos desde Barcelona y Mallorca se har\u00e1n en barco).<\/span><\/li>\n<li style=\"font-weight: 400;\" aria-level=\"1\"><span style=\"font-weight: 400;\">Alojamiento en el centro de creaci\u00f3n.<\/span><\/li>\n<li style=\"font-weight: 400;\" aria-level=\"1\"><span style=\"font-weight: 400;\">Se podr\u00e1n cubrir extras de viaje y alojamiento relacionados con la maternidad (ni\u00f1os menores de 3 a\u00f1os).<\/span><\/li>\n<\/ul>\n<p><span style=\"font-weight: 400;\">Estas prestaciones son comunes a todos los programas de residencia del 2026.<\/span><\/p>\n<p><span style=\"font-weight: 400;\"> <\/span><\/p>\n<p>&nbsp;<\/p>\n<h4><b>2.1. Residencia <\/b><b><i>Illes d\u2019Art <\/i><\/b><b>(artes visuales)<\/b><\/h4>\n<p><i><span style=\"font-weight: 400;\">Illes d\u2019Art<\/span><\/i><span style=\"font-weight: 400;\"> es el proyecto embrionario de Casa de Artistas. Desde 2015 se han celebrado 9 ediciones en las cuales han participado m\u00e1s de 42 artistas de todas las Islas Baleares.<\/span><\/p>\n<p><span style=\"font-weight: 400;\">Se seleccionar\u00e1n <\/span><b>2 artistas visuales residentes en las Islas Baleares, de los cuales <\/b><b>al menos 1 ser\u00e1 residente en Menorca.<\/b><\/p>\n<ul>\n<li style=\"font-weight: 400;\" aria-level=\"1\"><b>Duraci\u00f3n de la residencia:<\/b><span style=\"font-weight: 400;\"> 20 d\u00edas, entre el 2 de marzo y el 10 de mayo. Las fechas se pactar\u00e1n con la organizaci\u00f3n.<\/span><\/li>\n<li style=\"font-weight: 400;\" aria-level=\"1\"><b>Honorarios<\/b><span style=\"font-weight: 400;\"> de 1100 \u20ac.<\/span><\/li>\n<\/ul>\n<p>&nbsp;<\/p>\n<p><b>Documentaci\u00f3n a aportar:<\/b><\/p>\n<ul>\n<li style=\"font-weight: 400;\" aria-level=\"1\"><b>Dosier de artista que contenga<\/b><span style=\"font-weight: 400;\">: <\/span><i><span style=\"font-weight: 400;\">statement art\u00edstic<\/span><\/i><span style=\"font-weight: 400;\">o, trayectoria y muestra del trabajo reciente. (El archivo debe tener un m\u00e1ximo de 10 p\u00e1ginas y 10 MB).<\/span><\/li>\n<li style=\"font-weight: 400;\" aria-level=\"1\"><b>Idea del proyecto a desarrollar que contenga:<\/b><span style=\"font-weight: 400;\"> breve descripci\u00f3n del proyecto a desarrollar, objetivos que se quieren lograr durante la residencia y carta de motivaci\u00f3n. (El archivo debe tener un m\u00e1ximo de 3 p\u00e1ginas, documentaci\u00f3n visual incluida. El peso m\u00e1ximo soportado ser\u00e1 de 10 MB).<\/span><\/li>\n<li style=\"font-weight: 400;\" aria-level=\"1\"><b>Copia del DNI o certificado de empadronamiento.<\/b><\/li>\n<\/ul>\n<p><span style=\"font-weight: 400;\"> <\/span><\/p>\n<p>&nbsp;<\/p>\n<h4><b>2.2. Residencia de <\/b><b><i>performance<\/i><\/b><b> (performance)<\/b><\/h4>\n<p><span style=\"font-weight: 400;\">La Residencia de Performance es un proyecto que se enmarca dentro de las Jornadas de Performance, un programa que combina la formaci\u00f3n, el apoyo a la creaci\u00f3n y la divulgaci\u00f3n del arte de acci\u00f3n y la performance. Esta residencia est\u00e1 pensada para creadores\/as que est\u00e9n interesadas en participar de la formaci\u00f3n, sin que esta sea obligatoria.<\/span><\/p>\n<p><b>Se seleccionar\u00e1n 2 artistas. <\/b><span style=\"font-weight: 400;\">Se valorar\u00e1 que al menos 1 sea de las Islas Baleares.<\/span><\/p>\n<ul>\n<li style=\"font-weight: 400;\" aria-level=\"1\"><b>Duraci\u00f3n de la residencia: <\/b><span style=\"font-weight: 400;\">20 d\u00edas, entre el 4 de mayo y el 8 de junio. Las fechas se pactar\u00e1n con la organizaci\u00f3n.<\/span><\/li>\n<li style=\"font-weight: 400;\" aria-level=\"1\"><b>Fechas de la formaci\u00f3n:<\/b><span style=\"font-weight: 400;\"> 29 y 30 de mayo (pendiente de confirmar los detalles).<\/span><\/li>\n<li style=\"font-weight: 400;\" aria-level=\"1\"><b>Honorarios<\/b><span style=\"font-weight: 400;\"> de 900 \u20ac.<\/span><\/li>\n<\/ul>\n<p>&nbsp;<\/p>\n<p><b>Documentaci\u00f3n a aportar:<\/b><\/p>\n<ul>\n<li style=\"font-weight: 400;\" aria-level=\"1\"><b>Dosier de artista que contenga<\/b><span style=\"font-weight: 400;\">: <\/span><i><span style=\"font-weight: 400;\">statement art\u00edstic<\/span><\/i><span style=\"font-weight: 400;\">o, trayectoria y muestra del trabajo reciente. (El archivo debe tener un m\u00e1ximo de 10 p\u00e1ginas y 10 MB).<\/span><\/li>\n<li style=\"font-weight: 400;\" aria-level=\"1\"><b>Idea del proyecto a desarrollar que contenga:<\/b><span style=\"font-weight: 400;\"> breve descripci\u00f3n del proyecto a desarrollar, objetivos que se quieren lograr durante la residencia y carta de motivaci\u00f3n. (El archivo debe tener un m\u00e1ximo de 3 p\u00e1ginas, documentaci\u00f3n visual incluida. El peso m\u00e1ximo soportado ser\u00e1 de 10 MB).<\/span><\/li>\n<li style=\"font-weight: 400;\" aria-level=\"1\"><b>Para los artistas de las Islas Baleares:<\/b><span style=\"font-weight: 400;\"> copia del DNI o certificado de empadronamiento.<\/span><\/li>\n<\/ul>\n<p>&nbsp;<\/p>\n<p>&nbsp;<\/p>\n<h4><b style=\"color: #000000;\">2.3. <\/b><b style=\"color: #000000;\"><i>Creaci\u00f3n de podcast en catal\u00e1n <\/i><\/b><b style=\"color: #000000;\">(cultura radiof\u00f3nica)<\/b><\/h4>\n<p><span style=\"font-weight: 400;\">La ayuda de Creaci\u00f3n de Podcast en catal\u00e1n es una propuesta vinculada a R\u00e0dio Far, una radio colaborativa que ofrece contenidos culturales en catal\u00e1n creados desde Menorca y con perspectiva insular. El podcast acabado se emitir\u00e1 en R\u00e0dio Far; la finalidad es propiciar la investigaci\u00f3n y la creaci\u00f3n de contenidos culturales en formato radiof\u00f3nico que presente diferencias respecto a su programaci\u00f3n habitual.<\/span><\/p>\n<p><span style=\"font-weight: 400;\">Se seleccionar\u00e1 a 1 creador\/a, con habilidades creativas, comunicativas y con conocimientos b\u00e1sicos de edici\u00f3n de audio, con el objetivo de producir un podcast creativo en lengua catalana. La organizaci\u00f3n propondr\u00e1 una tem\u00e1tica cultural como punto de partida, desde el cual el creador\/a deber\u00e1 elaborar un proyecto. El centro de creaci\u00f3n Casa d\u2019Artistes y R\u00e0dio Far ofrecer\u00e1n formaci\u00f3n b\u00e1sica y acompa\u00f1amiento.<\/span><\/p>\n<p><span style=\"font-weight: 400;\"> <\/span><\/p>\n<ul>\n<li style=\"font-weight: 400;\" aria-level=\"1\"><b>Duraci\u00f3n de la residencia: <\/b><span style=\"font-weight: 400;\">20 d\u00edas, entre el 27 de marzo y el 12 de mayo. Las fechas se pactar\u00e1n con la organizaci\u00f3n.<\/span><\/li>\n<li style=\"font-weight: 400;\" aria-level=\"1\"><b>Emisi\u00f3n del podcast prevista a principios de julio del 2026.<\/b><\/li>\n<li style=\"font-weight: 400;\" aria-level=\"1\"><b>Honorarios<\/b><span style=\"font-weight: 400;\"> de 900 \u20ac.<\/span><\/li>\n<\/ul>\n<p>&nbsp;<\/p>\n<p><b>Documentaci\u00f3n a aportar:<\/b><\/p>\n<ul>\n<li style=\"font-weight: 400;\" aria-level=\"1\"><b>Documento PDF que contenga:<\/b><span style=\"font-weight: 400;\"> curr\u00edculum, breve carta de motivaci\u00f3n y, en caso de tenerlo, muestra de programas de radio o podcast en los que se haya participado. El archivo debe tener un m\u00e1ximo de 3 p\u00e1ginas y 1 MB.  <\/span><\/li>\n<\/ul>\n<p>&nbsp;<\/p>\n<p>&nbsp;<\/p>\n<h4><b>2.4. Residencia <\/b><b><i>Arts al Nord <\/i><\/b><b>(m\u00fasica y arte sonoro)<\/b><\/h4>\n<p><span style=\"font-weight: 400;\">La Residencia <\/span><i><span style=\"font-weight: 400;\">Arts al Nord <\/span><\/i><span style=\"font-weight: 400;\">se enmarca dentro del ciclo de artes vivas Arts al Nort, una muestra de peque\u00f1o formato y artes vivas en diferentes espacios culturales y p\u00fablicos del norte de Menorca.<\/span><\/p>\n<p><b>Se seleccionar\u00e1 1 artista<\/b> <b>o colectivo <\/b><span style=\"font-weight: 400;\">que emplee el sonido como herramienta de investigaci\u00f3n y creaci\u00f3n contempor\u00e1nea, ya sea en la realizaci\u00f3n de m\u00fasica, m\u00fasica experimental, arte sonoro o cualquier hibridaci\u00f3n de disciplinas donde el sonido sea protagonista. El proyecto resultante tambi\u00e9n se podr\u00e1 divulgar a trav\u00e9s de R\u00e0dio Far.<\/span><\/p>\n<ul>\n<li style=\"font-weight: 400;\" aria-level=\"1\"><b>Duraci\u00f3n de la residencia:<\/b><span style=\"font-weight: 400;\"> 20 d\u00edas, entre el 6 y el 29 de junio. Las fechas se pactar\u00e1n con la organizaci\u00f3n.<\/span><\/li>\n<li style=\"font-weight: 400;\" aria-level=\"1\"><b>Honorarios<\/b><span style=\"font-weight: 400;\"> de 1100 \u20ac.<\/span><\/li>\n<\/ul>\n<p><span style=\"font-weight: 400;\"> <\/span><\/p>\n<p><b>Documentaci\u00f3n a aportar:<\/b><\/p>\n<ul>\n<li style=\"font-weight: 400;\" aria-level=\"1\"><b>Dosier de artista que contenga:<\/b><i><span style=\"font-weight: 400;\"> statement art\u00edstico<\/span><\/i><span style=\"font-weight: 400;\">, trayectoria y muestra del trabajo reciente con enlaces a archivos de audio y\/o video. (El archivo debe tener un m\u00e1ximo de 10 p\u00e1ginas y 10 MB).<\/span><\/li>\n<\/ul>\n<p><span style=\"font-weight: 400;\"><b>Esbozo del proyecto a desarrollar que contenga:<\/b> breve descripci\u00f3n del proyecto a desarrollar, objetivos que se quieren lograr durante la residencia y carta de motivaci\u00f3n. (El archivo debe tener un m\u00e1ximo de 3 p\u00e1ginas, documentaci\u00f3n visual incluida. El peso m\u00e1ximo soportado ser\u00e1 de 10 MB).<\/span>[\/vc_column_text][vc_empty_space][vc_row_inner row_type=\u00bbrow\u00bb type=\u00bbfull_width\u00bb use_row_as_full_screen_section_slide=\u00bbno\u00bb text_align=\u00bbleft\u00bb css_animation=\u00bb\u00bb css=\u00bb.vc_custom_1768905794901{border-top-width: 3px !important;border-right-width: 3px !important;border-bottom-width: 3px !important;border-left-width: 3px !important;padding-top: 10px !important;padding-right: 10px !important;padding-bottom: 10px !important;padding-left: 10px !important;background-color: #FFF4E0 !important;border-radius: 2px !important;border-color: #000000 !important;}\u00bb][vc_column_inner css=\u00bb.vc_custom_1768905836313{border-top-width: 2px !important;border-right-width: 2px !important;border-bottom-width: 2px !important;border-left-width: 2px !important;border-left-style: solid !important;border-right-style: solid !important;border-top-style: solid !important;border-bottom-style: solid !important;border-color: #000000 !important;}\u00bb][vc_column_text css=\u00bb\u00bb]<\/p>\n<h5><b>INSCRIPCI\u00d3N A LA CONVOCATORIA (todas las l\u00edneas)<\/b><\/h5>\n<ul>\n<li style=\"font-weight: 400;\" aria-level=\"1\"><span style=\"font-weight: 400;\">Accede al<\/span><a href=\"https:\/\/docs.google.com\/forms\/d\/11OEKoibWJ0HR0Dp5jPoD31yvHdsG9NO4Ump0KxFF0Fo\/edit\"><span style=\"font-weight: 400;\"> formulario<\/span><\/a><span style=\"font-weight: 400;\"> en l\u00ednea.<\/span><\/li>\n<li style=\"font-weight: 400;\" aria-level=\"1\"><span style=\"font-weight: 400;\">La documentaci\u00f3n puede estar en catal\u00e1n, castellano o ingl\u00e9s. <\/span><\/li>\n<li style=\"font-weight: 400;\" aria-level=\"1\"><span style=\"font-weight: 400;\">Plazo para presentar solicitudes: <\/span><b>5 de febrero, a las 23.59 h<\/b><\/li>\n<li style=\"font-weight: 400;\" aria-level=\"1\"><span style=\"font-weight: 400;\">Resoluci\u00f3n: <\/span><b>12 de febrero<\/b><\/li>\n<\/ul>\n<p><span style=\"font-weight: 400;\">Para resolver dudas, pod\u00e9is escribir a<\/span><span style=\"font-weight: 400;\"> <\/span><a href=\"mailto:casadartistes@gmail.com\"><span style=\"font-weight: 400;\">casadartistes@gmail.com<\/span><\/a>[\/vc_column_text][vc_empty_space][\/vc_column_inner][\/vc_row_inner][vc_empty_space]<a href=\"https:\/\/docs.google.com\/forms\/d\/11OEKoibWJ0HR0Dp5jPoD31yvHdsG9NO4Ump0KxFF0Fo\/viewform?edit_requested=true\" target=\"_blank\"  class=\"qbutton \" style=\"\">FORMULARIO DE LA CONVOCATORIA<\/a>[vc_empty_space][\/vc_column][\/vc_row]<\/p>\n<\/div>","protected":false},"excerpt":{"rendered":"<p>[vc_row row_type=\u00bbrow\u00bb use_row_as_full_screen_section=\u00bbno\u00bb type=\u00bbfull_width\u00bb text_align=\u00bbleft\u00bb background_animation=\u00bbnone\u00bb css_animation=\u00bb\u00bb][vc_column][vc_empty_space][vc_row_inner row_type=\u00bbrow\u00bb type=\u00bbfull_width\u00bb use_row_as_full_screen_section_slide=\u00bbno\u00bb text_align=\u00bbleft\u00bb css_animation=\u00bb\u00bb][vc_column_inner][vc_single_image image=\u00bb3910&#8243; img_size=\u00bblarge\u00bb alignment=\u00bbcenter\u00bb css=\u00bb\u00bb qode_css_animation=\u00bb\u00bb][\/vc_column_inner][\/vc_row_inner][vc_empty_space][vc_empty_space][vc_column_text css=\u00bb\u00bb] 1. INTRODUCCI\u00d3N El Centro de Creaci\u00f3n Casa d&#8217;Artistes es un proyecto de Es FAR Cultural, una asociaci\u00f3n que fomenta el intercambio de valores y la reflexi\u00f3n a&#8230;<\/p>\n","protected":false},"author":1,"featured_media":0,"parent":0,"menu_order":0,"comment_status":"closed","ping_status":"closed","template":"","meta":{"footnotes":""},"class_list":["post-3870","page","type-page","status-publish","hentry"],"_links":{"self":[{"href":"https:\/\/casadartistes.esfarcultural.net\/es\/wp-json\/wp\/v2\/pages\/3870","targetHints":{"allow":["GET"]}}],"collection":[{"href":"https:\/\/casadartistes.esfarcultural.net\/es\/wp-json\/wp\/v2\/pages"}],"about":[{"href":"https:\/\/casadartistes.esfarcultural.net\/es\/wp-json\/wp\/v2\/types\/page"}],"author":[{"embeddable":true,"href":"https:\/\/casadartistes.esfarcultural.net\/es\/wp-json\/wp\/v2\/users\/1"}],"replies":[{"embeddable":true,"href":"https:\/\/casadartistes.esfarcultural.net\/es\/wp-json\/wp\/v2\/comments?post=3870"}],"version-history":[{"count":44,"href":"https:\/\/casadartistes.esfarcultural.net\/es\/wp-json\/wp\/v2\/pages\/3870\/revisions"}],"predecessor-version":[{"id":3923,"href":"https:\/\/casadartistes.esfarcultural.net\/es\/wp-json\/wp\/v2\/pages\/3870\/revisions\/3923"}],"wp:attachment":[{"href":"https:\/\/casadartistes.esfarcultural.net\/es\/wp-json\/wp\/v2\/media?parent=3870"}],"curies":[{"name":"wp","href":"https:\/\/api.w.org\/{rel}","templated":true}]}}