{"id":3769,"date":"2025-07-24T17:03:46","date_gmt":"2025-07-24T17:03:46","guid":{"rendered":"https:\/\/casadartistes.esfarcultural.net\/?page_id=3769"},"modified":"2025-10-27T10:25:19","modified_gmt":"2025-10-27T10:25:19","slug":"entrellac-entrelacs-2025","status":"publish","type":"page","link":"https:\/\/casadartistes.esfarcultural.net\/es\/entrellac-entrelacs-2025","title":{"rendered":"ENTRELLA\u00c7-ENTRELACS"},"content":{"rendered":"<div class=\"wpb-content-wrapper\"><p>[vc_row row_type=\u00bbrow\u00bb use_row_as_full_screen_section=\u00bbno\u00bb type=\u00bbfull_width\u00bb text_align=\u00bbcenter\u00bb background_animation=\u00bbnone\u00bb css_animation=\u00bb\u00bb css=\u00bb.vc_custom_1753376665896{padding-top: 10px !important;padding-bottom: 20px !important;}\u00bb][vc_column][vc_empty_space][vc_single_image image=\u00bb3770&#8243; img_size=\u00bblarge\u00bb css=\u00bb\u00bb qode_css_animation=\u00bb\u00bb][vc_empty_space][vc_column_text css=\u00bb\u00bb]<\/p>\n<p style=\"text-align: justify;\">ENTRELLA\u00c7 \u2013 ENTRELACS promueve la <strong>creaci\u00f3n art\u00edstica en formato multimedia y apoyo digital<\/strong> a trav\u00e9s de un programa profesional que incluye un encuentro de formaci\u00f3n y cocreaci\u00f3n, una residencia art\u00edstica itinerante y una itinerancia de difusi\u00f3n. La convocatoria se dirige a <strong>colectivos o a artistas que quieran trabajar colectivamente (2 miembros)<\/strong> con propuestas que hibriden la fotograf\u00eda y el arte sonoro, posibilitando la incorporaci\u00f3n otros lenguajes art\u00edsticos como la palabra.<\/p>\n<p>&nbsp;<\/p>\n<p style=\"text-align: justify;\">Este es un proyecto <a href=\"https:\/\/esfarcultural.net\/\"><strong>FAR Cultural<\/strong><\/a>, <strong>Ull x Ull<\/strong> y\u00a0<strong><a href=\"https:\/\/maison-salvan.fr\/\">Maison Salvan \u2013 Centre d\u2019art et r\u00e9sidence d\u2019artistes<\/a><\/strong>, en el cual tambi\u00e9n est\u00e1n implicados el festival de cine y fotograf\u00eda documental <strong><a href=\"https:\/\/www.menorcadocfest.com\/\">Menorca Doc Fest<\/a> <\/strong>y el festival de fotograf\u00eda de Rub\u00ed <strong><a href=\"https:\/\/www.lanuu.cat\/\">La Nuu<\/a><\/strong>. ENTRELLA\u00c7 cuenta con el apoyo de la Eurorregi\u00f3n Pirineos Mediterr\u00e1neo.<\/p>\n<p>[\/vc_column_text][vc_empty_space][vc_empty_space][vc_separator type=\u00bbnormal\u00bb border_style=\u00bb\u00bb][vc_empty_space][vc_empty_space][vc_column_text css=\u00bb\u00bb]<\/p>\n<h3 style=\"text-align: left;\"><span style=\"color: #ff0000;\">Artistas seleccionados<\/span><\/h3>\n<p>[\/vc_column_text][vc_empty_space][vc_row_inner row_type=\u00bbrow\u00bb type=\u00bbfull_width\u00bb use_row_as_full_screen_section_slide=\u00bbno\u00bb text_align=\u00bbleft\u00bb css_animation=\u00bb\u00bb][vc_column_inner width=\u00bb2\/3&#8243;][vc_empty_space][vc_column_text css=\u00bb\u00bb]<\/p>\n<h5 style=\"text-align: left;\"><span style=\"color: #ea2d2e;\"><b>G\u00c9N\u00c9RIQUE MARDI<\/b><\/span><\/h5>\n<p>[\/vc_column_text][vc_empty_space][vc_column_text css=\u00bb\u00bb]<\/p>\n<p style=\"text-align: justify;\"><span style=\"font-weight: 400;\">G\u00e9n\u00e9rique Mardi naci\u00f3 a finales de 2022 en Toulouse, cuando Juliette Pym (bajo) y Bonella Holloway (teclado) se conocieron. Sus temas se componen, escriben y cantan juntos, invitando a un espacio \u00edntimo y sensible a sus oyentes. Ambas trabajan originalmente en el arte contempor\u00e1neo, un trasfondo que resuena en su enfoque musical, influenciado por la <\/span><i><span style=\"font-weight: 400;\">no-wave<\/span><\/i><span style=\"font-weight: 400;\"> y el <\/span><i><span style=\"font-weight: 400;\">spoken word<\/span><\/i><span style=\"font-weight: 400;\">, te\u00f1ido de un esp\u00edritu pop<\/span><i><span style=\"font-weight: 400;\"> lo-fi<\/span><\/i><span style=\"font-weight: 400;\">.<\/span><\/p>\n<p style=\"text-align: justify;\"><span style=\"font-weight: 400;\">Sus melod\u00edas sencillas se construyen alrededor de letras cuya tem\u00e1tica se sit\u00faa en lo cotidiano, una aproximaci\u00f3n cruda pero sutil de la ansiedad, la adicci\u00f3n y el afecto. Ofrecen una fiesta agridulce, en un intento de sublimar la repetitividad de los patrones cotidianos.<\/span><\/p>\n<p style=\"text-align: justify;\"><span style=\"font-weight: 400;\">Hasta ahora han dado m\u00e1s de 50 conciertos en Francia, B\u00e9lgica y Suiza. En la primavera de 2024 publicaron su primer \u00e1lbum, <\/span><i><span style=\"font-weight: 400;\">Rebecca<\/span><\/i><span style=\"font-weight: 400;\">, en dos sellos independientes franceses, AB Records y Coeur Sur Toi.<\/span><\/p>\n<p style=\"text-align: justify;\"><span style=\"font-weight: 400;\">En su trabajo como artista visual, los medios preferidos de Bonella Holloway son el v\u00eddeo, el texto y la performance. Sus obras cuestionan las normas de los sistemas ling\u00fc\u00edsticos, conductuales, psicol\u00f3gicos, sexuales y de g\u00e9nero.<\/span><\/p>\n<p style=\"text-align: justify;\"><span style=\"font-weight: 400;\">Juliette Pym se form\u00f3 en historia del arte y, tras varias experiencias profesionales en el campo del arte contempor\u00e1neo, toca en varios proyectos musicales (F.R.B., Laura Bolt) y participa en diversas colaboraciones art\u00edsticas junto a Cabaret Sommes, Ancora y Electriq bleu.<\/span><\/p>\n<p>&nbsp;<\/p>\n<p style=\"text-align: justify;\"><b>Proyecto de residencia<\/b><\/p>\n<p style=\"text-align: justify;\"><span style=\"font-weight: 400;\">Para la residencia ENTRELLA\u00c7, G\u00e9n\u00e9rique Mardi ampliar\u00e1 un tema continuamente presente en su pr\u00e1ctica musical y art\u00edstica: la uni\u00f3n. Explorar\u00e1n la noci\u00f3n de fiesta como ritual, compuesto por un n\u00famero de reglas aceptadas e instituidas por un grupo particular de personas en un espacio concreto.<\/span><\/p>\n<p style=\"text-align: justify;\"><span style=\"font-weight: 400;\">Un ritual tiene dos facetas indisociables, a la vez opuestas y complementarias: la tradici\u00f3n y la emancipaci\u00f3n. G\u00e9n\u00e9rique Mardi tratar\u00e1 de encontrar tradiciones festivas locales en los tres territorios, a trav\u00e9s de denominadores comunes y especificidades \u00fanicas, centrando la m\u00fasica en su enfoque art\u00edstico.<\/span><\/p>\n<p>[\/vc_column_text][vc_empty_space][\/vc_column_inner][vc_column_inner width=\u00bb1\/3&#8243;][vc_empty_space][vc_empty_space][vc_single_image image=\u00bb3777&#8243; img_size=\u00bbfull\u00bb alignment=\u00bbcenter\u00bb css=\u00bb\u00bb qode_css_animation=\u00bb\u00bb][vc_empty_space][vc_single_image image=\u00bb3778&#8243; img_size=\u00bbfull\u00bb alignment=\u00bbcenter\u00bb css=\u00bb\u00bb qode_css_animation=\u00bb\u00bb][vc_empty_space height=\u00bb8px\u00bb][\/vc_column_inner][\/vc_row_inner][vc_empty_space][vc_empty_space][\/vc_column][\/vc_row]<\/p>\n<\/div>","protected":false},"excerpt":{"rendered":"<p>[vc_row row_type=\u00bbrow\u00bb use_row_as_full_screen_section=\u00bbno\u00bb type=\u00bbfull_width\u00bb text_align=\u00bbcenter\u00bb background_animation=\u00bbnone\u00bb css_animation=\u00bb\u00bb css=\u00bb.vc_custom_1753376665896{padding-top: 10px !important;padding-bottom: 20px !important;}\u00bb][vc_column][vc_empty_space][vc_single_image image=\u00bb3770&#8243; img_size=\u00bblarge\u00bb css=\u00bb\u00bb qode_css_animation=\u00bb\u00bb][vc_empty_space][vc_column_text css=\u00bb\u00bb] ENTRELLA\u00c7 \u2013 ENTRELACS promueve la creaci\u00f3n art\u00edstica en formato multimedia y apoyo digital a trav\u00e9s de un programa profesional que incluye un encuentro de formaci\u00f3n y cocreaci\u00f3n, una&#8230;<\/p>\n","protected":false},"author":1,"featured_media":0,"parent":0,"menu_order":0,"comment_status":"closed","ping_status":"closed","template":"","meta":{"footnotes":""},"class_list":["post-3769","page","type-page","status-publish","hentry"],"_links":{"self":[{"href":"https:\/\/casadartistes.esfarcultural.net\/es\/wp-json\/wp\/v2\/pages\/3769","targetHints":{"allow":["GET"]}}],"collection":[{"href":"https:\/\/casadartistes.esfarcultural.net\/es\/wp-json\/wp\/v2\/pages"}],"about":[{"href":"https:\/\/casadartistes.esfarcultural.net\/es\/wp-json\/wp\/v2\/types\/page"}],"author":[{"embeddable":true,"href":"https:\/\/casadartistes.esfarcultural.net\/es\/wp-json\/wp\/v2\/users\/1"}],"replies":[{"embeddable":true,"href":"https:\/\/casadartistes.esfarcultural.net\/es\/wp-json\/wp\/v2\/comments?post=3769"}],"version-history":[{"count":13,"href":"https:\/\/casadartistes.esfarcultural.net\/es\/wp-json\/wp\/v2\/pages\/3769\/revisions"}],"predecessor-version":[{"id":3785,"href":"https:\/\/casadartistes.esfarcultural.net\/es\/wp-json\/wp\/v2\/pages\/3769\/revisions\/3785"}],"wp:attachment":[{"href":"https:\/\/casadartistes.esfarcultural.net\/es\/wp-json\/wp\/v2\/media?parent=3769"}],"curies":[{"name":"wp","href":"https:\/\/api.w.org\/{rel}","templated":true}]}}