{"id":3758,"date":"2025-07-24T16:28:45","date_gmt":"2025-07-24T16:28:45","guid":{"rendered":"https:\/\/casadartistes.esfarcultural.net\/?page_id=3758"},"modified":"2025-11-06T16:59:20","modified_gmt":"2025-11-06T16:59:20","slug":"residencia-stripart-2025","status":"publish","type":"page","link":"https:\/\/casadartistes.esfarcultural.net\/es\/residencia-stripart-2025","title":{"rendered":"RESIDENCIA STRIPART"},"content":{"rendered":"<div class=\"wpb-content-wrapper\"><p>[vc_row row_type=\u00bbrow\u00bb use_row_as_full_screen_section=\u00bbno\u00bb type=\u00bbfull_width\u00bb text_align=\u00bbleft\u00bb background_animation=\u00bbnone\u00bb css_animation=\u00bb\u00bb css=\u00bb.vc_custom_1610971923298{padding-top: 10px !important;padding-bottom: 20px !important;}\u00bb][vc_column][vc_empty_space][vc_column_text css=\u00bb\u00bb]<\/p>\n<h1 style=\"text-align: left;\"><strong>RESIDENCIA STRIPART<\/strong><\/h1>\n<p>[\/vc_column_text][vc_empty_space height=\u00bb15px\u00bb][vc_column_text css=\u00bb\u00bb]<\/p>\n<h3><span style=\"color: #ff0000;\">Artista seleccionada<\/span><\/h3>\n<p>[\/vc_column_text][vc_empty_space][vc_empty_space][vc_row_inner row_type=\u00bbrow\u00bb type=\u00bbfull_width\u00bb use_row_as_full_screen_section_slide=\u00bbno\u00bb text_align=\u00bbleft\u00bb css_animation=\u00bb\u00bb][vc_column_inner width=\u00bb2\/3&#8243;][vc_empty_space][vc_column_text css=\u00bb\u00bb]<\/p>\n<h5 style=\"text-align: left;\"><span style=\"color: #ea2d2e;\"><b>LAURA ARANDA LAVADO<\/b><\/span><\/h5>\n<p>[\/vc_column_text][vc_empty_space][vc_column_text css=\u00bb\u00bb]<\/p>\n<p style=\"text-align: justify;\"><span style=\"font-weight: 400;\">Es artista visual, fot\u00f3grafa y antrop\u00f3loga nacida en Granollers (1994). Tiene estudios en Antropolog\u00eda Social y Cultural (Universitat de Barcelona, 2020), Gr\u00e1fica Publicitaria (2016), Fotograf\u00eda Documental (Grisart, 2017) y un Posgrado en Fotograf\u00eda, Creaci\u00f3n y Reflexi\u00f3n (<\/span><span style=\"font-weight: 400;\">Institut d\u2019Estudis Fotogr\u00e0fics de Catalunya<\/span><span style=\"font-weight: 400;\">, 2023).\u00a0<\/span><\/p>\n<p>&nbsp;<\/p>\n<p style=\"text-align: justify;\"><span style=\"font-weight: 400;\">Trabaja la intersecci\u00f3n entre antropolog\u00eda e imagen, explorando la fotograf\u00eda desde una mirada cr\u00edtica que interroga su ontolog\u00eda, genealog\u00eda y sus l\u00edmites como herramienta de poder, memoria y representaci\u00f3n. Le interesa cuestionar los c\u00f3digos cl\u00e1sicos de representaci\u00f3n a trav\u00e9s de t\u00e9cnicas experimentales y procesos autoetnogr\u00e1ficos.<\/span><\/p>\n<p style=\"text-align: justify;\"><span style=\"font-weight: 400;\">Es coordinadora de <\/span><i><span style=\"font-weight: 400;\">Vigilia<\/span><\/i><span style=\"font-weight: 400;\">, un espacio colectivo de encuentro, lectura y creaci\u00f3n que promueve v\u00ednculos entre artistas, fomenta la pr\u00e1ctica creativa y edita una revista colaborativa. Ha participado en residencias art\u00edsticas en <\/span><span style=\"font-weight: 400;\">Espai d\u2019Arts de Roca Umbert <\/span><span style=\"font-weight: 400;\">de Granollers o <\/span><span style=\"font-weight: 400;\">Cal Gras en<\/span><span style=\"font-weight: 400;\"> Aviny\u00f3 (Catalunya), espacios que han contribuido al desarrollo de sus proyectos m\u00e1s recientes.<\/span><\/p>\n<p style=\"text-align: justify;\"><span style=\"font-weight: 400;\">Adem\u00e1s, ha expuesto en KBr Fundaci\u00f3n Mapfre Barcelona Photo Center y su trabajo se ha visto en diferentes festivales como ArtPhoto BCN, Fineart Igualada, Festival La Nuu, Lum\u00ednic Festival y Festival Stripart, entre otros.\u00a0<\/span><\/p>\n<p>&nbsp;<\/p>\n<p style=\"text-align: justify;\"><span style=\"font-weight: 400;\">Actualmente est\u00e1 trabajando en procesos anal\u00f3gicos y experimentales, adem\u00e1s de combinar docencia, trabajos personales y fotograf\u00eda profesional.<\/span><\/p>\n<p>[\/vc_column_text][vc_empty_space][\/vc_column_inner][vc_column_inner width=\u00bb1\/3&#8243;][vc_empty_space][vc_single_image image=\u00bb3760&#8243; img_size=\u00bbfull\u00bb alignment=\u00bbcenter\u00bb css=\u00bb\u00bb qode_css_animation=\u00bb\u00bb][vc_empty_space][vc_single_image image=\u00bb3759&#8243; img_size=\u00bbfull\u00bb alignment=\u00bbcenter\u00bb css=\u00bb\u00bb qode_css_animation=\u00bb\u00bb][vc_empty_space height=\u00bb8px\u00bb][\/vc_column_inner][\/vc_row_inner][vc_empty_space][vc_empty_space][\/vc_column][\/vc_row]<\/p>\n<\/div>","protected":false},"excerpt":{"rendered":"<p>[vc_row row_type=\u00bbrow\u00bb use_row_as_full_screen_section=\u00bbno\u00bb type=\u00bbfull_width\u00bb text_align=\u00bbleft\u00bb background_animation=\u00bbnone\u00bb css_animation=\u00bb\u00bb css=\u00bb.vc_custom_1610971923298{padding-top: 10px !important;padding-bottom: 20px !important;}\u00bb][vc_column][vc_empty_space][vc_column_text css=\u00bb\u00bb] RESIDENCIA STRIPART [\/vc_column_text][vc_empty_space height=\u00bb15px\u00bb][vc_column_text css=\u00bb\u00bb] Artista seleccionada [\/vc_column_text][vc_empty_space][vc_empty_space][vc_row_inner row_type=\u00bbrow\u00bb type=\u00bbfull_width\u00bb use_row_as_full_screen_section_slide=\u00bbno\u00bb text_align=\u00bbleft\u00bb css_animation=\u00bb\u00bb][vc_column_inner width=\u00bb2\/3&#8243;][vc_empty_space][vc_column_text css=\u00bb\u00bb] LAURA ARANDA LAVADO [\/vc_column_text][vc_empty_space][vc_column_text css=\u00bb\u00bb] Es artista visual, fot\u00f3grafa y antrop\u00f3loga nacida en Granollers (1994). Tiene estudios&#8230;<\/p>\n","protected":false},"author":1,"featured_media":3760,"parent":0,"menu_order":0,"comment_status":"closed","ping_status":"closed","template":"","meta":{"footnotes":""},"class_list":["post-3758","page","type-page","status-publish","has-post-thumbnail","hentry"],"_links":{"self":[{"href":"https:\/\/casadartistes.esfarcultural.net\/es\/wp-json\/wp\/v2\/pages\/3758","targetHints":{"allow":["GET"]}}],"collection":[{"href":"https:\/\/casadartistes.esfarcultural.net\/es\/wp-json\/wp\/v2\/pages"}],"about":[{"href":"https:\/\/casadartistes.esfarcultural.net\/es\/wp-json\/wp\/v2\/types\/page"}],"author":[{"embeddable":true,"href":"https:\/\/casadartistes.esfarcultural.net\/es\/wp-json\/wp\/v2\/users\/1"}],"replies":[{"embeddable":true,"href":"https:\/\/casadartistes.esfarcultural.net\/es\/wp-json\/wp\/v2\/comments?post=3758"}],"version-history":[{"count":6,"href":"https:\/\/casadartistes.esfarcultural.net\/es\/wp-json\/wp\/v2\/pages\/3758\/revisions"}],"predecessor-version":[{"id":3765,"href":"https:\/\/casadartistes.esfarcultural.net\/es\/wp-json\/wp\/v2\/pages\/3758\/revisions\/3765"}],"wp:featuredmedia":[{"embeddable":true,"href":"https:\/\/casadartistes.esfarcultural.net\/es\/wp-json\/wp\/v2\/media\/3760"}],"wp:attachment":[{"href":"https:\/\/casadartistes.esfarcultural.net\/es\/wp-json\/wp\/v2\/media?parent=3758"}],"curies":[{"name":"wp","href":"https:\/\/api.w.org\/{rel}","templated":true}]}}