{"id":3712,"date":"2025-06-09T17:00:58","date_gmt":"2025-06-09T17:00:58","guid":{"rendered":"https:\/\/casadartistes.esfarcultural.net\/?page_id=3712"},"modified":"2026-01-14T13:01:23","modified_gmt":"2026-01-14T13:01:23","slug":"mapes-narratius","status":"publish","type":"page","link":"https:\/\/casadartistes.esfarcultural.net\/es\/mapes-narratius","title":{"rendered":"MAPES NARRATIUS"},"content":{"rendered":"<div class=\"wpb-content-wrapper\"><p>[vc_row row_type=\u00bbrow\u00bb use_row_as_full_screen_section=\u00bbno\u00bb type=\u00bbfull_width\u00bb text_align=\u00bbleft\u00bb background_animation=\u00bbnone\u00bb css_animation=\u00bb\u00bb][vc_column][vc_empty_space][vc_empty_space][vc_column_text css=\u00bb\u00bb]<\/p>\n<h3 style=\"text-align: justify;\"><strong>Mapes narratius<\/strong><\/h3>\n<p>[\/vc_column_text][\/vc_column][\/vc_row][vc_row row_type=\u00bbrow\u00bb use_row_as_full_screen_section=\u00bbno\u00bb type=\u00bbfull_width\u00bb text_align=\u00bbleft\u00bb background_animation=\u00bbnone\u00bb css_animation=\u00bb\u00bb][vc_column width=\u00bb1\/2&#8243;][vc_empty_space][vc_column_text css=\u00bb\u00bb]<\/p>\n<p style=\"text-align: justify;\">Llentrisca edicions i la Biblioteca de Ma\u00f3 van oferir \u201cMapes narratius\u201d, un taller d\u2019escriptura en catal\u00e0, impartit per l\u2019escriptor Roger Coch, en dues sessions de tres hores, el divendres capvespre 7 de novembre i dissabte mat\u00ed 9 de novembre a la Biblioteca p\u00fablica de Ma\u00f3, en el qual es van descobrir estrat\u00e8gies per conduir les idees per convertir-les en una novel\u2022la.<br \/>\nEntre els assistents es van seleccionar fins a tres projectes becats que seran tutoritzats pel Roger Coch entre gener i mar\u00e7 de 2026.<\/p>\n<p>&nbsp;<\/p>\n<p>&nbsp;<\/p>\n<p style=\"text-align: justify;\">Roger Coch (Barcelona, 1990) \u00e9s escriptor i es dedica a acompanyar projectes literaris i processos creatius, i a impartir tallers d\u2019escriptura. Autor d\u2019<em>Udzu<\/em> (Males Herbes, 2017) i coautor, juntament amb Muriel Villanueva (amb el pseud\u00f2nim Muriel Rogers), de la trilogia <em>La Esfera<\/em> (Planeta, 2016; traducci\u00f3 catalana Columna, 2016): <em>Sin alas<\/em>, <em>Alas de \u00cdcaro<\/em> i <em>El vuelo del f\u00e9nix.<\/em> Tamb\u00e9 ha escrit contes, poemes i can\u00e7ons. Ha publicat el conte <em>La m\u00e0 blanca<\/em> a Branca #3: Ritu. Ha rebut la beca per a la creaci\u00f3 liter\u00e0ria 2021 i 2022 pels reculls de contes <em>Les esquerdes<\/em> i <em>Les altres dimensions<\/em>, respectivament. Actualment treballa en la seva nova novel\u00b7la.<\/p>\n<p>[\/vc_column_text][vc_empty_space][\/vc_column][vc_column width=\u00bb1\/2&#8243;][vc_empty_space][vc_single_image image=\u00bb3867&#8243; img_size=\u00bbfull\u00bb css=\u00bb\u00bb qode_css_animation=\u00bb\u00bb][vc_empty_space][\/vc_column][\/vc_row][vc_row row_type=\u00bbrow\u00bb use_row_as_full_screen_section=\u00bbno\u00bb type=\u00bbfull_width\u00bb text_align=\u00bbleft\u00bb background_animation=\u00bbnone\u00bb css_animation=\u00bb\u00bb][vc_column][vc_empty_space][vc_empty_space][vc_separator type=\u00bbnormal\u00bb border_style=\u00bb\u00bb][vc_empty_space][vc_empty_space][\/vc_column][\/vc_row][vc_row row_type=\u00bbrow\u00bb use_row_as_full_screen_section=\u00bbno\u00bb type=\u00bbfull_width\u00bb text_align=\u00bbleft\u00bb background_animation=\u00bbnone\u00bb css_animation=\u00bb\u00bb][vc_column][vc_empty_space][vc_empty_space][vc_column_text css=\u00bb\u00bb]<\/p>\n<h3 style=\"text-align: justify;\"><strong>Mapes narratius. Cartografies per a un projecte literari<\/strong><\/h3>\n<p>[\/vc_column_text][\/vc_column][\/vc_row][vc_row row_type=\u00bbrow\u00bb use_row_as_full_screen_section=\u00bbno\u00bb type=\u00bbfull_width\u00bb text_align=\u00bbleft\u00bb background_animation=\u00bbnone\u00bb css_animation=\u00bb\u00bb][vc_column width=\u00bb1\/2&#8243;][vc_empty_space][vc_column_text css=\u00bb\u00bb]<\/p>\n<p style=\"text-align: justify;\">\u201cMapes narratius. Cartografies per a un projecte literari\u201d \u00e9s un taller d\u2019escriptura, creat i impartit per l\u2019escriptor Roger Coch, i organitzat per Casa d\u2019Artistes i Llentrisca Edicions, desenvolupat durant tot un intens mat\u00ed del 10 d\u2019abril del 2023, i que va sorgir de la resid\u00e8ncia d\u2019escriptura que l\u2019escriptor catal\u00e0 va efectuar a Casa d\u2019Artistes.<\/p>\n<p>&nbsp;<\/p>\n<p style=\"text-align: justify;\">El taller va donar a con\u00e8ixer als assistents (escriptors\/res professionals i aficionats\/des a l\u2019escriptura), els mapes narratius com a recurs per a elaborar un projecte literari per orientar-se a l\u2019hora de planificar, d\u2019una manera creativa, qualsevol dels apartats de l\u2019obra (personatges, estructura, hist\u00f2ria, context). Els mapes s\u00f3n eines que es poden emprar abans o despr\u00e9s d\u2019escriure el primer esborrany de la hist\u00f2ria. I, sobretot, s\u00f3n un artefacte vital per expandir l&#8217;obra m\u00e9s enll\u00e0 dels l\u00edmits del text, ja que ajuden a crear imatges i faciliten la comprensi\u00f3 del sentit profund del material que tenim entre mans; tamb\u00e9 treuen pressi\u00f3 a l&#8217;escriptura i ens permeten gaudir del proc\u00e9s creatiu.<\/p>\n<p>&nbsp;<\/p>\n<p style=\"text-align: justify;\">Roger Coch (Barcelona, 1990) \u00e9s escriptor i es dedica a acompanyar projectes literaris i processos creatius, i a impartir tallers d\u2019escriptura. Autor d\u2019<em>Udzu<\/em> (Males Herbes, 2017) i coautor, juntament amb Muriel Villanueva (amb el pseud\u00f2nim Muriel Rogers), de la trilogia <em>La Esfera<\/em> (Planeta, 2016; traducci\u00f3 catalana Columna, 2016): <em>Sin alas<\/em>, <em>Alas de \u00cdcaro<\/em> i <em>El vuelo del f\u00e9nix.<\/em> Tamb\u00e9 ha escrit contes, poemes i can\u00e7ons. Ha publicat el conte <em>La m\u00e0 blanca<\/em> a Branca #3: Ritu. Ha rebut la beca per a la creaci\u00f3 liter\u00e0ria 2021 i 2022 pels reculls de contes <em>Les esquerdes<\/em> i <em>Les altres dimensions<\/em>, respectivament. Actualment treballa en la seva nova novel\u00b7la.<\/p>\n<p>[\/vc_column_text][vc_empty_space][\/vc_column][vc_column width=\u00bb1\/2&#8243;][vc_empty_space][vc_single_image image=\u00bb3715&#8243; img_size=\u00bbfull\u00bb css=\u00bb\u00bb qode_css_animation=\u00bb\u00bb][vc_empty_space][\/vc_column][\/vc_row][vc_row row_type=\u00bbrow\u00bb use_row_as_full_screen_section=\u00bbno\u00bb type=\u00bbfull_width\u00bb text_align=\u00bbleft\u00bb background_animation=\u00bbnone\u00bb css_animation=\u00bb\u00bb][vc_column width=\u00bb1\/6&#8243;][vc_empty_space][\/vc_column][vc_column width=\u00bb2\/3&#8243;][vc_empty_space][vc_gallery interval=\u00bb3&#8243; images=\u00bb3739,3738,3720,3722,3730,3729,3728,3727&#8243; img_size=\u00bbfull\u00bb css=\u00bb\u00bb][\/vc_column][vc_column width=\u00bb1\/6&#8243;][vc_empty_space][\/vc_column][\/vc_row]<\/p>\n<\/div>","protected":false},"excerpt":{"rendered":"<p>[vc_row row_type=\u00bbrow\u00bb use_row_as_full_screen_section=\u00bbno\u00bb type=\u00bbfull_width\u00bb text_align=\u00bbleft\u00bb background_animation=\u00bbnone\u00bb css_animation=\u00bb\u00bb][vc_column][vc_empty_space][vc_empty_space][vc_column_text css=\u00bb\u00bb] Mapes narratius [\/vc_column_text][\/vc_column][\/vc_row][vc_row row_type=\u00bbrow\u00bb use_row_as_full_screen_section=\u00bbno\u00bb type=\u00bbfull_width\u00bb text_align=\u00bbleft\u00bb background_animation=\u00bbnone\u00bb css_animation=\u00bb\u00bb][vc_column width=\u00bb1\/2&#8243;][vc_empty_space][vc_column_text css=\u00bb\u00bb] Llentrisca edicions i la Biblioteca de Ma\u00f3 van oferir \u201cMapes narratius\u201d, un taller d\u2019escriptura en catal\u00e0, impartit per l\u2019escriptor Roger Coch, en dues sessions de tres&#8230;<\/p>\n","protected":false},"author":1,"featured_media":0,"parent":0,"menu_order":0,"comment_status":"closed","ping_status":"closed","template":"","meta":{"footnotes":""},"class_list":["post-3712","page","type-page","status-publish","hentry"],"_links":{"self":[{"href":"https:\/\/casadartistes.esfarcultural.net\/es\/wp-json\/wp\/v2\/pages\/3712","targetHints":{"allow":["GET"]}}],"collection":[{"href":"https:\/\/casadartistes.esfarcultural.net\/es\/wp-json\/wp\/v2\/pages"}],"about":[{"href":"https:\/\/casadartistes.esfarcultural.net\/es\/wp-json\/wp\/v2\/types\/page"}],"author":[{"embeddable":true,"href":"https:\/\/casadartistes.esfarcultural.net\/es\/wp-json\/wp\/v2\/users\/1"}],"replies":[{"embeddable":true,"href":"https:\/\/casadartistes.esfarcultural.net\/es\/wp-json\/wp\/v2\/comments?post=3712"}],"version-history":[{"count":10,"href":"https:\/\/casadartistes.esfarcultural.net\/es\/wp-json\/wp\/v2\/pages\/3712\/revisions"}],"predecessor-version":[{"id":3869,"href":"https:\/\/casadartistes.esfarcultural.net\/es\/wp-json\/wp\/v2\/pages\/3712\/revisions\/3869"}],"wp:attachment":[{"href":"https:\/\/casadartistes.esfarcultural.net\/es\/wp-json\/wp\/v2\/media?parent=3712"}],"curies":[{"name":"wp","href":"https:\/\/api.w.org\/{rel}","templated":true}]}}