{"id":3609,"date":"2025-05-19T10:28:59","date_gmt":"2025-05-19T10:28:59","guid":{"rendered":"https:\/\/casadartistes.esfarcultural.net\/?page_id=3609"},"modified":"2025-05-19T10:31:04","modified_gmt":"2025-05-19T10:31:04","slug":"llentrisca","status":"publish","type":"page","link":"https:\/\/casadartistes.esfarcultural.net\/es\/llentrisca","title":{"rendered":"LLENTRISCA"},"content":{"rendered":"<div class=\"wpb-content-wrapper\"><p>[vc_row row_type=\u00bbrow\u00bb use_row_as_full_screen_section=\u00bbno\u00bb type=\u00bbfull_width\u00bb text_align=\u00bbleft\u00bb background_animation=\u00bbnone\u00bb css_animation=\u00bb\u00bb css=\u00bb.vc_custom_1610971923298{padding-top: 10px !important;padding-bottom: 20px !important;}\u00bb][vc_column][vc_empty_space][vc_column_text css=\u00bb\u00bb]<\/p>\n<h1 style=\"text-align: left;\"><strong>RESIDENCIA LLENTRISCA<\/strong><\/h1>\n<p>[\/vc_column_text][vc_empty_space][vc_column_text css=\u00bb\u00bb]<\/p>\n<h3><span style=\"color: #ff0000;\">Artista seleccionado<\/span><\/h3>\n<p>[\/vc_column_text][vc_empty_space][vc_empty_space][vc_row_inner row_type=\u00bbrow\u00bb type=\u00bbfull_width\u00bb use_row_as_full_screen_section_slide=\u00bbno\u00bb text_align=\u00bbleft\u00bb css_animation=\u00bb\u00bb][vc_column_inner width=\u00bb2\/3&#8243;][vc_empty_space][vc_column_text css=\u00bb\u00bb]<\/p>\n<h5 style=\"text-align: left;\"><span style=\"color: #ea2d2e;\"><b>JOAN PONS (Menorca)<\/b><\/span><\/h5>\n<p>[\/vc_column_text][vc_empty_space][vc_column_text css=\u00bb\u00bb]<\/p>\n<p style=\"text-align: justify;\"><span style=\"font-weight: 400;\">Joan Pons, nacido en Ferreries, Menorca, en 1960, el a\u00f1o de la muerte de Albert Camus, es uno de los pocos escritores en catal\u00e1n, tal vez el \u00fanico, que forma parte de antolog\u00edas internacionales o nacionales por sus cuentos, sus novelas o sus poemas. Cofundador de la Revista Post-al, considerada por el diario El Pa\u00eds una de las primeras muestras de ciberpunk en Espa\u00f1a, ha ganado los premios Joan Ramis i Ramis por <i>N\u00e0ufrags<\/i>, Joaquim Ruyra por <i>Remant cap al sol<\/i>, Fundaci\u00f3 Enciclop\u00e8dia Catalana por <i>Homes sols<\/i> y Ciutat d\u2019Alzira por <i>La casa de gel<\/i>. Ha sido traducido al castellano, franc\u00e9s y ruso,\u00a0 su obra, <i>Barba-rossa <\/i>\u00a0ha sido teatralizada por la compa\u00f1ia La Trup, sus <i>Hist\u00f2ries Naturals<\/i> han sido musicadas y el primer relato que public\u00f3, <i>o cregui el que diuen de mi<\/i>, ha sido traducido recientemente al franc\u00e9s en la prestigiosa revista CAF\u00c9 (Colecto Aleatorio de Fragmentos \u00c9trangers) presentada este 2025 en Par\u00eds. Desde hace unos a\u00f1os publica una serie de art\u00edculos con el t\u00edtulo de <i>Pedraules<\/i> -las palabras son las piedras de los escritores- en la prensa.<\/span><\/p>\n<p>[\/vc_column_text][vc_empty_space][\/vc_column_inner][vc_column_inner width=\u00bb1\/3&#8243;][vc_empty_space][vc_single_image image=\u00bb3610&#8243; img_size=\u00bbfull\u00bb alignment=\u00bbcenter\u00bb css=\u00bb\u00bb qode_css_animation=\u00bb\u00bb][vc_empty_space][\/vc_column_inner][\/vc_row_inner][vc_empty_space][vc_empty_space][\/vc_column][\/vc_row]<\/p>\n<\/div>","protected":false},"excerpt":{"rendered":"<p>[vc_row row_type=\u00bbrow\u00bb use_row_as_full_screen_section=\u00bbno\u00bb type=\u00bbfull_width\u00bb text_align=\u00bbleft\u00bb background_animation=\u00bbnone\u00bb css_animation=\u00bb\u00bb css=\u00bb.vc_custom_1610971923298{padding-top: 10px !important;padding-bottom: 20px !important;}\u00bb][vc_column][vc_empty_space][vc_column_text css=\u00bb\u00bb] RESIDENCIA LLENTRISCA [\/vc_column_text][vc_empty_space][vc_column_text css=\u00bb\u00bb] Artista seleccionado [\/vc_column_text][vc_empty_space][vc_empty_space][vc_row_inner row_type=\u00bbrow\u00bb type=\u00bbfull_width\u00bb use_row_as_full_screen_section_slide=\u00bbno\u00bb text_align=\u00bbleft\u00bb css_animation=\u00bb\u00bb][vc_column_inner width=\u00bb2\/3&#8243;][vc_empty_space][vc_column_text css=\u00bb\u00bb] JOAN PONS (Menorca) [\/vc_column_text][vc_empty_space][vc_column_text css=\u00bb\u00bb] Joan Pons, nacido en Ferreries, Menorca, en 1960, el a\u00f1o de la muerte&#8230;<\/p>\n","protected":false},"author":1,"featured_media":0,"parent":0,"menu_order":0,"comment_status":"closed","ping_status":"closed","template":"","meta":{"footnotes":""},"class_list":["post-3609","page","type-page","status-publish","hentry"],"_links":{"self":[{"href":"https:\/\/casadartistes.esfarcultural.net\/es\/wp-json\/wp\/v2\/pages\/3609","targetHints":{"allow":["GET"]}}],"collection":[{"href":"https:\/\/casadartistes.esfarcultural.net\/es\/wp-json\/wp\/v2\/pages"}],"about":[{"href":"https:\/\/casadartistes.esfarcultural.net\/es\/wp-json\/wp\/v2\/types\/page"}],"author":[{"embeddable":true,"href":"https:\/\/casadartistes.esfarcultural.net\/es\/wp-json\/wp\/v2\/users\/1"}],"replies":[{"embeddable":true,"href":"https:\/\/casadartistes.esfarcultural.net\/es\/wp-json\/wp\/v2\/comments?post=3609"}],"version-history":[{"count":4,"href":"https:\/\/casadartistes.esfarcultural.net\/es\/wp-json\/wp\/v2\/pages\/3609\/revisions"}],"predecessor-version":[{"id":3614,"href":"https:\/\/casadartistes.esfarcultural.net\/es\/wp-json\/wp\/v2\/pages\/3609\/revisions\/3614"}],"wp:attachment":[{"href":"https:\/\/casadartistes.esfarcultural.net\/es\/wp-json\/wp\/v2\/media?parent=3609"}],"curies":[{"name":"wp","href":"https:\/\/api.w.org\/{rel}","templated":true}]}}