{"id":3575,"date":"2025-05-15T17:43:06","date_gmt":"2025-05-15T17:43:06","guid":{"rendered":"https:\/\/casadartistes.esfarcultural.net\/?page_id=3575"},"modified":"2025-05-19T10:22:03","modified_gmt":"2025-05-19T10:22:03","slug":"residencia-arts-al-nord-2025-2","status":"publish","type":"page","link":"https:\/\/casadartistes.esfarcultural.net\/es\/residencia-arts-al-nord-2025-2","title":{"rendered":"RESID\u00c8NCIA ARTS AL NORD 2025"},"content":{"rendered":"<div class=\"wpb-content-wrapper\"><p>[vc_row row_type=\u00bbrow\u00bb use_row_as_full_screen_section=\u00bbno\u00bb type=\u00bbfull_width\u00bb text_align=\u00bbleft\u00bb background_animation=\u00bbnone\u00bb css_animation=\u00bb\u00bb css=\u00bb.vc_custom_1610971923298{padding-top: 10px !important;padding-bottom: 20px !important;}\u00bb][vc_column][vc_empty_space][vc_column_text css=\u00bb\u00bb]<\/p>\n<h1 style=\"text-align: left;\"><strong>RESIDENCIA ARTS AL NORD<\/strong><\/h1>\n<p>[\/vc_column_text][vc_empty_space][vc_column_text css=\u00bb\u00bb]<\/p>\n<h3><span style=\"color: #ff0000;\">Artistas seleccionadas<\/span><\/h3>\n<p>[\/vc_column_text][vc_empty_space][vc_empty_space][vc_row_inner row_type=\u00bbrow\u00bb type=\u00bbfull_width\u00bb use_row_as_full_screen_section_slide=\u00bbno\u00bb text_align=\u00bbleft\u00bb css_animation=\u00bb\u00bb][vc_column_inner width=\u00bb2\/3&#8243;][vc_empty_space][vc_column_text css=\u00bb\u00bb]<\/p>\n<h5 style=\"text-align: left;\"><span style=\"color: #ea2d2e;\"><b>LA BAL\u00c8NICA (Catalu\u00f1a)<\/b><\/span><\/h5>\n<p>[\/vc_column_text][vc_empty_space][vc_column_text css=\u00bb\u00bb]<\/p>\n<p style=\"text-align: justify;\"><span style=\"font-weight: 400;\">Son un t\u00e1ndem co-creativo interdisciplinar formado por Mar Seriny\u00e0 Gou (artista visual, performer e investigadora) y Jordi Homs (compositor y cantante) que utilizan las artes visuales, la voz, la m\u00fasica y la performance en la investigaci\u00f3n de nuevos lenguajes y nuevas formas de comunicaci\u00f3n.<\/span><\/p>\n<p style=\"text-align: justify;\"><span style=\"font-weight: 400;\">\u00a0<\/span><\/p>\n<p style=\"text-align: justify;\"><span style=\"font-weight: 400;\">Los une la pasi\u00f3n por la voz humana, el cuerpo y la naturaleza. Jordi ha dedicado gran parte de su carrera a investigar las relaciones del cuerpo y la voz. Y Mar en el estudio y la pr\u00e1ctica de la performance y el proceso creativo. Su inter\u00e9s se centra en el di\u00e1logo con los elementos naturales, para canalizar y explorar las inquietudes art\u00edsticas y vitales actuales, para encontrar nuevas maneras de relacionarse entre ellos y su entorno.<\/span><\/p>\n<p style=\"text-align: justify;\"><span style=\"font-weight: 400;\">\u00a0<\/span><\/p>\n<p style=\"text-align: justify;\"><span style=\"font-weight: 400;\">Sus creaciones cogen m\u00faltiples formas, desde performances vocales, conciertos performativos, video-creaciones e instalaciones.\u00a0<\/span><\/p>\n<p style=\"text-align: justify;\"><span style=\"font-weight: 400;\">\u00a0<\/span><\/p>\n<p style=\"text-align: justify;\"><span style=\"font-weight: 400;\">Desde su fundaci\u00f3n en 2023, han ganado la Beca Agita de l&#8217;Ajuntament de Figueres 2023 por la creaci\u00f3n del film experimental<\/span><i><span style=\"font-weight: 400;\"> BAL\u00c8NIC<\/span><\/i><span style=\"font-weight: 400;\">. Han sido invitados a las jornadas de arte y ciencia ENBLUEMENT, organizadas por Naciones Unidas en el Instituto de Estudios del Mar de Barcelona. Tambi\u00e9n han sido invitados a participar de una residencia art\u00edstica a La Traverse (Par\u00eds 2024) vinculada a los estudios del mar de la Universidad de la Sorbonne y han actuado en diferentes espacios y festivales como La Galer\u00eda Imagin\u00e9rie de Par\u00eds (Francia), Rencontre Sonore Hors Fronti\u00e8re de Cerb\u00e8re (Francia) y Casa de Cultura de Girona.<\/span><\/p>\n<p>[\/vc_column_text][vc_empty_space][\/vc_column_inner][vc_column_inner width=\u00bb1\/3&#8243;][vc_empty_space][vc_single_image image=\u00bb3576&#8243; img_size=\u00bblarge\u00bb alignment=\u00bbcenter\u00bb onclick=\u00bbcustom_link\u00bb img_link_target=\u00bb_blank\u00bb css=\u00bb\u00bb qode_css_animation=\u00bb\u00bb link=\u00bbhttp:\/\/sandrinedeumier.com\/\u00bb][vc_empty_space][vc_single_image image=\u00bb3577&#8243; img_size=\u00bblarge\u00bb alignment=\u00bbcenter\u00bb onclick=\u00bbcustom_link\u00bb img_link_target=\u00bb_blank\u00bb css=\u00bb\u00bb qode_css_animation=\u00bb\u00bb link=\u00bbhttp:\/\/sandrinedeumier.com\/\u00bb][vc_empty_space height=\u00bb8px\u00bb][\/vc_column_inner][\/vc_row_inner][vc_empty_space][vc_empty_space][\/vc_column][\/vc_row]<\/p>\n<\/div>","protected":false},"excerpt":{"rendered":"<p>[vc_row row_type=\u00bbrow\u00bb use_row_as_full_screen_section=\u00bbno\u00bb type=\u00bbfull_width\u00bb text_align=\u00bbleft\u00bb background_animation=\u00bbnone\u00bb css_animation=\u00bb\u00bb css=\u00bb.vc_custom_1610971923298{padding-top: 10px !important;padding-bottom: 20px !important;}\u00bb][vc_column][vc_empty_space][vc_column_text css=\u00bb\u00bb] RESIDENCIA ARTS AL NORD [\/vc_column_text][vc_empty_space][vc_column_text css=\u00bb\u00bb] Artistas seleccionadas [\/vc_column_text][vc_empty_space][vc_empty_space][vc_row_inner row_type=\u00bbrow\u00bb type=\u00bbfull_width\u00bb use_row_as_full_screen_section_slide=\u00bbno\u00bb text_align=\u00bbleft\u00bb css_animation=\u00bb\u00bb][vc_column_inner width=\u00bb2\/3&#8243;][vc_empty_space][vc_column_text css=\u00bb\u00bb] LA BAL\u00c8NICA (Catalu\u00f1a) [\/vc_column_text][vc_empty_space][vc_column_text css=\u00bb\u00bb] Son un t\u00e1ndem co-creativo interdisciplinar formado por Mar Seriny\u00e0 Gou (artista&#8230;<\/p>\n","protected":false},"author":1,"featured_media":0,"parent":0,"menu_order":0,"comment_status":"closed","ping_status":"closed","template":"","meta":{"footnotes":""},"class_list":["post-3575","page","type-page","status-publish","hentry"],"_links":{"self":[{"href":"https:\/\/casadartistes.esfarcultural.net\/es\/wp-json\/wp\/v2\/pages\/3575","targetHints":{"allow":["GET"]}}],"collection":[{"href":"https:\/\/casadartistes.esfarcultural.net\/es\/wp-json\/wp\/v2\/pages"}],"about":[{"href":"https:\/\/casadartistes.esfarcultural.net\/es\/wp-json\/wp\/v2\/types\/page"}],"author":[{"embeddable":true,"href":"https:\/\/casadartistes.esfarcultural.net\/es\/wp-json\/wp\/v2\/users\/1"}],"replies":[{"embeddable":true,"href":"https:\/\/casadartistes.esfarcultural.net\/es\/wp-json\/wp\/v2\/comments?post=3575"}],"version-history":[{"count":8,"href":"https:\/\/casadartistes.esfarcultural.net\/es\/wp-json\/wp\/v2\/pages\/3575\/revisions"}],"predecessor-version":[{"id":3586,"href":"https:\/\/casadartistes.esfarcultural.net\/es\/wp-json\/wp\/v2\/pages\/3575\/revisions\/3586"}],"wp:attachment":[{"href":"https:\/\/casadartistes.esfarcultural.net\/es\/wp-json\/wp\/v2\/media?parent=3575"}],"curies":[{"name":"wp","href":"https:\/\/api.w.org\/{rel}","templated":true}]}}