{"id":3557,"date":"2025-05-15T17:21:15","date_gmt":"2025-05-15T17:21:15","guid":{"rendered":"https:\/\/casadartistes.esfarcultural.net\/?page_id=3557"},"modified":"2025-05-19T10:49:50","modified_gmt":"2025-05-19T10:49:50","slug":"performance-2025","status":"publish","type":"page","link":"https:\/\/casadartistes.esfarcultural.net\/es\/performance-2025","title":{"rendered":"PERFORMANCE 2025"},"content":{"rendered":"<div class=\"wpb-content-wrapper\"><p>[vc_row row_type=\u00bbrow\u00bb use_row_as_full_screen_section=\u00bbno\u00bb type=\u00bbfull_width\u00bb text_align=\u00bbleft\u00bb background_animation=\u00bbnone\u00bb css_animation=\u00bb\u00bb css=\u00bb.vc_custom_1610971923298{padding-top: 10px !important;padding-bottom: 20px !important;}\u00bb][vc_column][vc_empty_space][vc_column_text css=\u00bb\u00bb]<\/p>\n<h1 style=\"text-align: left;\"><strong>RESIDENCIA DE PERFORMANCE<\/strong><\/h1>\n<p>[\/vc_column_text][vc_empty_space][vc_column_text css=\u00bb\u00bb]<\/p>\n<h3><span style=\"color: #ff0000;\">Artistas seleccionadas<\/span><\/h3>\n<p>[\/vc_column_text][vc_empty_space][vc_empty_space][vc_row_inner row_type=\u00bbrow\u00bb type=\u00bbfull_width\u00bb use_row_as_full_screen_section_slide=\u00bbno\u00bb text_align=\u00bbleft\u00bb css_animation=\u00bb\u00bb][vc_column_inner][vc_empty_space][vc_column_text css=\u00bb\u00bb]<\/p>\n<h5 style=\"text-align: left;\"><span style=\"color: #ea2d2e;\"><b>KAORI ISHIHARA (Jap\u00f3n &#8211; Menorca)<\/b><\/span><\/h5>\n<p>[\/vc_column_text][\/vc_column_inner][\/vc_row_inner][vc_row_inner row_type=\u00bbrow\u00bb type=\u00bbfull_width\u00bb use_row_as_full_screen_section_slide=\u00bbno\u00bb text_align=\u00bbleft\u00bb css_animation=\u00bb\u00bb][vc_column_inner width=\u00bb1\/2&#8243;][vc_empty_space][vc_column_text css=\u00bb\u00bb]<\/p>\n<p style=\"text-align: justify;\"><span style=\"font-weight: 400;\">Artista pluridisciplinar interesada en los procesos creativos vivos con un fuerte anclaje en el espacio y el tiempo donde se desarrollan. Su pr\u00e1ctica, ritualizada, transita entre las artes pl\u00e1sticas, la performance y los sonidos con instrumentos ancestrales y naturales, a trav\u00e9s de los cuales explora el concepto de frontera; los l\u00edmites entre \u00edntimo y com\u00fan, visible y oculto, vida y muerte o luz y oscuridad, entre otras.\u00a0<\/span><\/p>\n<p style=\"text-align: justify;\"><span style=\"font-weight: 400;\">\u00a0<\/span><\/p>\n<p style=\"text-align: justify;\"><span style=\"font-weight: 400;\">Su formaci\u00f3n y experiencia en pintura, sonidos ancestrales y conciencia corporal constituyen la base de su expresi\u00f3n art\u00edstica y son el pilar de su trayectoria, de la cual destaca la realizaci\u00f3n de performances en directo para la programaci\u00f3n Nits de Lluna Plena en L\u00edthica. Pedreres de s\u2019Hostal (2023, Ciutadella de Menorca), Territori. International Performance Art Festival (2023, Ibiza) o al Festival Iberoamericano de Teatro Independiente de Menorca (2024, Es Mercadal).<\/span><\/p>\n<p style=\"text-align: justify;\"><span style=\"font-weight: 400;\"><br \/>\nTambi\u00e9n ha creado performances espec\u00edficas para dialogar con el trabajo otros artistas visuales, como es el caso de la acci\u00f3n <i>Entrelazo<\/i>, con la obra de Nuria Rom\u00e1n (2022), <i>Meditaciones con T\u00e0pies<\/i>, en el marco de la exposici\u00f3n \u00abAntoni T\u00e0pies, a l\u2019ombra\u00bb en el Museo Ca n\u2019Oliver (2024, Ma\u00f3) o la acci\u00f3n de inauguraci\u00f3n de la F\u00e1brica40 (Ma\u00f3), donde dialoga con la exposici\u00f3n fotogr\u00e1fica de Jos\u00e9 Mar\u00eda de Orbe (2024).<\/span><\/p>\n<p>[\/vc_column_text][vc_empty_space][\/vc_column_inner][vc_column_inner width=\u00bb1\/2&#8243;][vc_empty_space][vc_single_image image=\u00bb3558&#8243; img_size=\u00bblarge\u00bb alignment=\u00bbcenter\u00bb onclick=\u00bbcustom_link\u00bb img_link_target=\u00bb_blank\u00bb css=\u00bb\u00bb qode_css_animation=\u00bb\u00bb link=\u00bbhttp:\/\/sandrinedeumier.com\/\u00bb][vc_empty_space height=\u00bb8px\u00bb][vc_column_text css=\u00bb\u00bb]<\/p>\n<p style=\"text-align: justify;\"><span style=\"font-weight: 400;\">Cr\u00e9ditos fotograf\u00eda: Anita de Austria<\/span><\/p>\n<p>[\/vc_column_text][vc_empty_space][\/vc_column_inner][\/vc_row_inner][vc_empty_space][vc_separator type=\u00bbnormal\u00bb border_style=\u00bb\u00bb color=\u00bb#0a0a0a\u00bb][vc_empty_space][vc_empty_space][vc_row_inner row_type=\u00bbrow\u00bb type=\u00bbfull_width\u00bb use_row_as_full_screen_section_slide=\u00bbno\u00bb text_align=\u00bbleft\u00bb css_animation=\u00bb\u00bb][vc_column_inner][vc_empty_space][vc_column_text css=\u00bb\u00bb]<\/p>\n<h5 style=\"text-align: left;\"><span style=\"color: #ea2d2e;\"><b>MARINA BARSY JANER x ISIL SOL VIL (Puerto Rico y Catalunya)<\/b><\/span><\/h5>\n<p>[\/vc_column_text][vc_empty_space][\/vc_column_inner][\/vc_row_inner][vc_row_inner row_type=\u00bbrow\u00bb type=\u00bbfull_width\u00bb use_row_as_full_screen_section_slide=\u00bbno\u00bb text_align=\u00bbleft\u00bb css_animation=\u00bb\u00bb][vc_column_inner width=\u00bb1\/2&#8243;][vc_empty_space][vc_column_text css=\u00bb\u00bb]<\/p>\n<p style=\"text-align: justify;\"><span style=\"font-weight: 400;\">Su pr\u00e1ctica art\u00edstica es un acto transgresor donde se entremezclan sus psiques, cuerpas, sensorialidades y afectividades extremas. Entienden la m\u00edmesis como un v\u00ednculo hacia la deconstrucci\u00f3n de la noci\u00f3n moderna del individuo neoliberal, eliminando la concepci\u00f3n dual del ser y la supresi\u00f3n del ego. A trav\u00e9s de sus proyectos exploran sensibilidades alternas que desaf\u00edan las cronolog\u00edas hist\u00f3ricas impuestas y destruyen la dicotom\u00eda hombre-mujer, descolonizando el cuerpo y la mente como un acto subversivo.<\/span><\/p>\n<p style=\"text-align: justify;\"><span style=\"font-weight: 400;\">\u00a0<\/span><\/p>\n<p style=\"text-align: justify;\"><span style=\"font-weight: 400;\">Como artistas e investigadoras, empiezan su trabajo conjunto en el 2015, enraizadas en la filosof\u00eda y poes\u00eda del amor subversivo y los cuidados extremos. Han presentado obra en Europa, Asia y las Am\u00e9ricas en festivales, museos y galer\u00edas como Tempting Failure (Reino Unido), Live Art Ireland (Irlanda), CCCB (Espa\u00f1a), Ex Teresa Arte Actual (M\u00e9xico), F.I.A.P. (Martinica) y Viva! ArtAction (Canad\u00e1), entre otros. Su obra forma parte del archivo del Live Art Development Agency (Reino Unido), del Art Exchange Project (Reino Unido) y del Netherlands Institute for Sound and Vision (Pa\u00edses Bajos), entre otros.<\/span><\/p>\n<p style=\"text-align: justify;\"><span style=\"font-weight: 400;\">\u00a0<\/span><\/p>\n<p style=\"text-align: justify;\"><span style=\"font-weight: 400;\">Como pedagogas de la performance, han realizado cursos dentro del Programa de Estudios Independientes del Museo de Arte Contempor\u00e1neo de Puerto Rico, el programa Massana Permanent de La Massana Centro de Arte y Dise\u00f1o de Barcelona y en los departamentos de Bellas Artes de la Universidad de Puerto Rico y la Universidad de Barcelona.<\/span><\/p>\n<p style=\"text-align: justify;\"><span style=\"font-weight: 400;\">\u00a0<\/span><\/p>\n<p style=\"text-align: justify;\"><span style=\"font-weight: 400;\">Adem\u00e1s, son directoras del espacio de creaci\u00f3n y pedagog\u00eda radical <a href=\"http:\/\/materic.org\/\">MATERIC.ORG.<\/a> y curadoras de MAR DE ISLAS Encuentro de Performance del Caribe y <\/span><span style=\"font-weight: 400;\">EMPREMTA Festival Internacional de Performance.<\/span><\/p>\n<p>[\/vc_column_text][vc_empty_space][\/vc_column_inner][vc_column_inner width=\u00bb1\/2&#8243;][vc_empty_space][vc_single_image image=\u00bb3559&#8243; img_size=\u00bblarge\u00bb alignment=\u00bbcenter\u00bb onclick=\u00bbcustom_link\u00bb img_link_target=\u00bb_blank\u00bb css=\u00bb\u00bb qode_css_animation=\u00bb\u00bb link=\u00bbhttp:\/\/sandrinedeumier.com\/\u00bb][vc_column_text css=\u00bb\u00bb]<\/p>\n<p style=\"text-align: justify;\"><span style=\"font-weight: 400;\">Cr\u00e9ditos fotograf\u00eda: Albert Mart\u00ednez<\/span><\/p>\n<p>[\/vc_column_text][vc_empty_space][\/vc_column_inner][\/vc_row_inner][vc_empty_space][vc_empty_space][\/vc_column][\/vc_row]<\/p>\n<\/div>","protected":false},"excerpt":{"rendered":"<p>[vc_row row_type=\u00bbrow\u00bb use_row_as_full_screen_section=\u00bbno\u00bb type=\u00bbfull_width\u00bb text_align=\u00bbleft\u00bb background_animation=\u00bbnone\u00bb css_animation=\u00bb\u00bb css=\u00bb.vc_custom_1610971923298{padding-top: 10px !important;padding-bottom: 20px !important;}\u00bb][vc_column][vc_empty_space][vc_column_text css=\u00bb\u00bb] RESIDENCIA DE PERFORMANCE [\/vc_column_text][vc_empty_space][vc_column_text css=\u00bb\u00bb] Artistas seleccionadas [\/vc_column_text][vc_empty_space][vc_empty_space][vc_row_inner row_type=\u00bbrow\u00bb type=\u00bbfull_width\u00bb use_row_as_full_screen_section_slide=\u00bbno\u00bb text_align=\u00bbleft\u00bb css_animation=\u00bb\u00bb][vc_column_inner][vc_empty_space][vc_column_text css=\u00bb\u00bb] KAORI ISHIHARA (Jap\u00f3n &#8211; Menorca) [\/vc_column_text][\/vc_column_inner][\/vc_row_inner][vc_row_inner row_type=\u00bbrow\u00bb type=\u00bbfull_width\u00bb use_row_as_full_screen_section_slide=\u00bbno\u00bb text_align=\u00bbleft\u00bb css_animation=\u00bb\u00bb][vc_column_inner width=\u00bb1\/2&#8243;][vc_empty_space][vc_column_text css=\u00bb\u00bb] Artista pluridisciplinar interesada en los&#8230;<\/p>\n","protected":false},"author":1,"featured_media":0,"parent":0,"menu_order":0,"comment_status":"closed","ping_status":"closed","template":"","meta":{"footnotes":""},"class_list":["post-3557","page","type-page","status-publish","hentry"],"_links":{"self":[{"href":"https:\/\/casadartistes.esfarcultural.net\/es\/wp-json\/wp\/v2\/pages\/3557","targetHints":{"allow":["GET"]}}],"collection":[{"href":"https:\/\/casadartistes.esfarcultural.net\/es\/wp-json\/wp\/v2\/pages"}],"about":[{"href":"https:\/\/casadartistes.esfarcultural.net\/es\/wp-json\/wp\/v2\/types\/page"}],"author":[{"embeddable":true,"href":"https:\/\/casadartistes.esfarcultural.net\/es\/wp-json\/wp\/v2\/users\/1"}],"replies":[{"embeddable":true,"href":"https:\/\/casadartistes.esfarcultural.net\/es\/wp-json\/wp\/v2\/comments?post=3557"}],"version-history":[{"count":21,"href":"https:\/\/casadartistes.esfarcultural.net\/es\/wp-json\/wp\/v2\/pages\/3557\/revisions"}],"predecessor-version":[{"id":3637,"href":"https:\/\/casadartistes.esfarcultural.net\/es\/wp-json\/wp\/v2\/pages\/3557\/revisions\/3637"}],"wp:attachment":[{"href":"https:\/\/casadartistes.esfarcultural.net\/es\/wp-json\/wp\/v2\/media?parent=3557"}],"curies":[{"name":"wp","href":"https:\/\/api.w.org\/{rel}","templated":true}]}}