{"id":3546,"date":"2025-05-13T16:58:58","date_gmt":"2025-05-13T16:58:58","guid":{"rendered":"https:\/\/casadartistes.esfarcultural.net\/?page_id=3546"},"modified":"2025-05-19T10:22:08","modified_gmt":"2025-05-19T10:22:08","slug":"illes-dart-2025","status":"publish","type":"page","link":"https:\/\/casadartistes.esfarcultural.net\/es\/illes-dart-2025","title":{"rendered":"ILLES D&#8217;ART 2025"},"content":{"rendered":"<div class=\"wpb-content-wrapper\"><p>[vc_row row_type=\u00bbrow\u00bb use_row_as_full_screen_section=\u00bbno\u00bb type=\u00bbfull_width\u00bb text_align=\u00bbleft\u00bb background_animation=\u00bbnone\u00bb css_animation=\u00bb\u00bb css=\u00bb.vc_custom_1610971923298{padding-top: 10px !important;padding-bottom: 20px !important;}\u00bb][vc_column][vc_empty_space][vc_column_text css=\u00bb\u00bb]<\/p>\n<h1 style=\"text-align: left;\"><strong>RESIDENCIA ILLES D&#8217;ART<\/strong><\/h1>\n<p>[\/vc_column_text][vc_empty_space][vc_column_text css=\u00bb\u00bb]<\/p>\n<h3><span style=\"color: #ff0000;\">Artistas seleccionadas<\/span><\/h3>\n<p>[\/vc_column_text][vc_empty_space][vc_empty_space][vc_row_inner row_type=\u00bbrow\u00bb type=\u00bbfull_width\u00bb use_row_as_full_screen_section_slide=\u00bbno\u00bb text_align=\u00bbleft\u00bb css_animation=\u00bb\u00bb][vc_column_inner width=\u00bb2\/3&#8243;][vc_empty_space][vc_column_text css=\u00bb\u00bb]<\/p>\n<h5 style=\"text-align: left;\"><span style=\"color: #ea2d2e;\"><b>MAR VILLEYRA REDONDO (Menorca)<\/b><\/span><\/h5>\n<p>[\/vc_column_text][vc_empty_space][vc_column_text css=\u00bb\u00bb]<\/p>\n<p style=\"text-align: justify;\"><span style=\"font-weight: 400;\">Es artista multidisciplinaria y curadora. Trabaja mediante la fotograf\u00eda digital y anal\u00f3gica, la imagen impresa, las videoinstalaciones y la escritura experimental para articular y manipular los materiales generados y otorgarlos nuevas formas expresivas. A menudo tambi\u00e9n emplea otros materiales anal\u00f3gicos como el fax o el t\u00f3rculo de grabado para transformar la imagen y experimentar con los resultados que aportan las m\u00e1quinas obsoletas.<\/span><\/p>\n<p style=\"text-align: justify;\"><span style=\"font-weight: 400;\">\u00a0<\/span><\/p>\n<p style=\"text-align: justify;\"><span style=\"font-weight: 400;\">Su premisa art\u00edstica se basa en la idea de transformar la inmaterialidad digital en resultados tangibles y sensibles, que atraviesen el cuerpo y permitan configurar nuevas narrativas sobre la memoria colectiva y la ficci\u00f3n como herramienta de significaci\u00f3n.\u00a0<\/span><\/p>\n<p style=\"text-align: justify;\"><span style=\"font-weight: 400;\">\u00a0<\/span><\/p>\n<p style=\"text-align: justify;\"><span style=\"font-weight: 400;\">Mar Villeyra es graduada en el Grado Universitario de Artes y Dise\u00f1o en la menci\u00f3n de Arte en la Escuela Massana (2023) y, posteriormente, curs\u00f3 el Posgrado de Exposiciones, Curadur\u00eda y Dise\u00f1o en EINA (2024). Actualmente, est\u00e1 estudiando el M\u00e1ster Universitario en Gesti\u00f3n Cultural de la UOC.<\/span><\/p>\n<p style=\"text-align: justify;\"><span style=\"font-weight: 400;\">\u00a0<\/span><\/p>\n<p style=\"text-align: justify;\"><span style=\"font-weight: 400;\">En los \u00faltimos a\u00f1os, ha participado en diferentes exposiciones colectivas como \u00abCapicua\u00bb (2023, La Capella, Barcelona), \u00abSobretaula\u00bb (2023, Fabra i Coats, Barcelona), \u00abGalets al Galliner\u00bb (2023, El Corralito CCA, Terrassa) y \u00ab\u00c0vies\u00bb (2024, Centre de Cultura de Dones Francesca Bonnemaison, Barcelona). La exposici\u00f3n m\u00e1s reciente ha sido \u00abVida Muerte \/ Muerte Vida (Po\u00e9ticas del Caos)\u00bb en \u00c1tica Art Gallery (Ma\u00f3).<\/span><\/p>\n<p style=\"text-align: justify;\"><span style=\"font-weight: 400;\">\u00a0<\/span><\/p>\n<p style=\"text-align: justify;\"><span style=\"font-weight: 400;\">Como curadora, ha realizado diferentes exposiciones como \u00ab1998\u00bb de Kenjiro (2023, Convent de San Diego, Alaior), \u00abEnfant Terrible &#038; Donde Mueren los D\u00edas\u00bb de Kenjiro (2024, Fabrica40, Ma\u00f3) y, junto a Tomeu S\u00e1nchez, la colectiva \u00abContempor\u00e1nea 2025\u00bb (\u00c1tica Art Gallery, Ma\u00f3).<\/span><\/p>\n<p>[\/vc_column_text][vc_empty_space][\/vc_column_inner][vc_column_inner width=\u00bb1\/3&#8243;][vc_empty_space][vc_single_image image=\u00bb3552&#8243; img_size=\u00bblarge\u00bb alignment=\u00bbcenter\u00bb onclick=\u00bbcustom_link\u00bb img_link_target=\u00bb_blank\u00bb css=\u00bb\u00bb qode_css_animation=\u00bb\u00bb link=\u00bbhttp:\/\/sandrinedeumier.com\/\u00bb][vc_empty_space][vc_single_image image=\u00bb3551&#8243; img_size=\u00bblarge\u00bb alignment=\u00bbcenter\u00bb onclick=\u00bbcustom_link\u00bb img_link_target=\u00bb_blank\u00bb css=\u00bb\u00bb qode_css_animation=\u00bb\u00bb link=\u00bbhttp:\/\/sandrinedeumier.com\/\u00bb][vc_empty_space height=\u00bb8px\u00bb][\/vc_column_inner][\/vc_row_inner][vc_empty_space][vc_separator type=\u00bbnormal\u00bb border_style=\u00bb\u00bb color=\u00bb#0a0a0a\u00bb][vc_empty_space][vc_row_inner row_type=\u00bbrow\u00bb type=\u00bbfull_width\u00bb use_row_as_full_screen_section_slide=\u00bbno\u00bb text_align=\u00bbleft\u00bb css_animation=\u00bb\u00bb][vc_column_inner width=\u00bb2\/3&#8243;][vc_empty_space][vc_column_text css=\u00bb\u00bb]<\/p>\n<h5 style=\"text-align: left;\"><span style=\"color: #ea2d2e;\"><b>JORDI C\u00c1RDENAS (Menorca)<\/b><\/span><\/h5>\n<p>[\/vc_column_text][vc_empty_space][vc_column_text css=\u00bb\u00bb]<\/p>\n<p style=\"text-align: justify;\"><span style=\"font-weight: 400;\">Su pr\u00e1ctica art\u00edstica se basa en la pintura y el dibujo como medios para crear im\u00e1genes con implicaciones personales y sociales con un punto de vista absurdo, ir\u00f3nico y rom\u00e1ntico.\u00a0<\/span><\/p>\n<p style=\"text-align: justify;\"><span style=\"font-weight: 400;\">\u00a0<\/span><\/p>\n<p style=\"text-align: justify;\"><span style=\"font-weight: 400;\">En el \u00e1mbito pict\u00f3rico siempre ha buscado la forma de subvertir la tradici\u00f3n, esquivando el abuso de seriedad y solemnidad de la pintura de los \u00faltimos siglos y otorg\u00e1ndole una generosa dosis de sentido del humor. Tambi\u00e9n se interesa por otros procedimientos t\u00e9cnicos como el muralismo y la escultura, los cuales le permiten expandir su trabajo y encontrar otras formas expresivas.<\/span><\/p>\n<p style=\"text-align: justify;\"><span style=\"font-weight: 400;\">\u00a0<\/span><\/p>\n<p style=\"text-align: justify;\"><span style=\"font-weight: 400;\">Jordi C\u00e1rdenas se ha formado en dibujo, pintura y artes aplicadas al muro en diferentes escuelas como Academia Carmen de Los Llanos (2016, Barcelona) o la Escuela superior de arte y dise\u00f1o Llotja (2017, Barcelona) y con diferentes profesionales como Miguel G\u00f3mez Losada (2022, Fresco Arte, Madrid) o Vincent Desiderio (2023, Quarantine Events, Menorca), entre otras.<\/span><\/p>\n<p style=\"text-align: justify;\"><span style=\"font-weight: 400;\">\u00a0<\/span><\/p>\n<p style=\"text-align: justify;\"><span style=\"font-weight: 400;\">Ha expuesto en diferentes colectivas como \u00abContempor\u00e1nea 25\u00bb (2025, \u00c1tica Gallery, Ma\u00f3), \u00ab25\u00ba cumplea\u00f1os The Reynolds Foundation\u00bb (2022, Ma\u00f3) o \u00abCulturele Supermarkt\u00bb (2020, *Roodkapje, Rotterdam), entre otros. De las exposiciones individuales, destaca \u00abTan rom\u00e0ntic com precari\u00bb en la Sala Sant Antoni (2024, Ma\u00f3). Adem\u00e1s, su trabajo ha recibido diferentes premios y becas de creaci\u00f3n y formaci\u00f3n, y tambi\u00e9n tiene obra en dep\u00f3sito en Khroma Galer\u00eda, Galer\u00eda Artara y Vidrart.<\/span><\/p>\n<p>[\/vc_column_text][vc_empty_space][\/vc_column_inner][vc_column_inner width=\u00bb1\/3&#8243;][vc_empty_space][vc_single_image image=\u00bb3550&#8243; img_size=\u00bblarge\u00bb alignment=\u00bbcenter\u00bb onclick=\u00bbcustom_link\u00bb img_link_target=\u00bb_blank\u00bb css=\u00bb\u00bb qode_css_animation=\u00bb\u00bb link=\u00bbhttp:\/\/sandrinedeumier.com\/\u00bb][vc_empty_space][vc_single_image image=\u00bb3588&#8243; img_size=\u00bbfull\u00bb alignment=\u00bbcenter\u00bb onclick=\u00bbcustom_link\u00bb img_link_target=\u00bb_blank\u00bb css=\u00bb\u00bb qode_css_animation=\u00bb\u00bb link=\u00bbhttp:\/\/sandrinedeumier.com\/\u00bb][vc_empty_space height=\u00bb8px\u00bb][\/vc_column_inner][\/vc_row_inner][vc_empty_space][vc_empty_space][\/vc_column][\/vc_row]<\/p>\n<\/div>","protected":false},"excerpt":{"rendered":"<p>[vc_row row_type=\u00bbrow\u00bb use_row_as_full_screen_section=\u00bbno\u00bb type=\u00bbfull_width\u00bb text_align=\u00bbleft\u00bb background_animation=\u00bbnone\u00bb css_animation=\u00bb\u00bb css=\u00bb.vc_custom_1610971923298{padding-top: 10px !important;padding-bottom: 20px !important;}\u00bb][vc_column][vc_empty_space][vc_column_text css=\u00bb\u00bb] RESIDENCIA ILLES D&#8217;ART [\/vc_column_text][vc_empty_space][vc_column_text css=\u00bb\u00bb] Artistas seleccionadas [\/vc_column_text][vc_empty_space][vc_empty_space][vc_row_inner row_type=\u00bbrow\u00bb type=\u00bbfull_width\u00bb use_row_as_full_screen_section_slide=\u00bbno\u00bb text_align=\u00bbleft\u00bb css_animation=\u00bb\u00bb][vc_column_inner width=\u00bb2\/3&#8243;][vc_empty_space][vc_column_text css=\u00bb\u00bb] MAR VILLEYRA REDONDO (Menorca) [\/vc_column_text][vc_empty_space][vc_column_text css=\u00bb\u00bb] Es artista multidisciplinaria y curadora. Trabaja mediante la fotograf\u00eda digital y&#8230;<\/p>\n","protected":false},"author":1,"featured_media":0,"parent":0,"menu_order":0,"comment_status":"closed","ping_status":"closed","template":"","meta":{"footnotes":""},"class_list":["post-3546","page","type-page","status-publish","hentry"],"_links":{"self":[{"href":"https:\/\/casadartistes.esfarcultural.net\/es\/wp-json\/wp\/v2\/pages\/3546","targetHints":{"allow":["GET"]}}],"collection":[{"href":"https:\/\/casadartistes.esfarcultural.net\/es\/wp-json\/wp\/v2\/pages"}],"about":[{"href":"https:\/\/casadartistes.esfarcultural.net\/es\/wp-json\/wp\/v2\/types\/page"}],"author":[{"embeddable":true,"href":"https:\/\/casadartistes.esfarcultural.net\/es\/wp-json\/wp\/v2\/users\/1"}],"replies":[{"embeddable":true,"href":"https:\/\/casadartistes.esfarcultural.net\/es\/wp-json\/wp\/v2\/comments?post=3546"}],"version-history":[{"count":13,"href":"https:\/\/casadartistes.esfarcultural.net\/es\/wp-json\/wp\/v2\/pages\/3546\/revisions"}],"predecessor-version":[{"id":3592,"href":"https:\/\/casadartistes.esfarcultural.net\/es\/wp-json\/wp\/v2\/pages\/3546\/revisions\/3592"}],"wp:attachment":[{"href":"https:\/\/casadartistes.esfarcultural.net\/es\/wp-json\/wp\/v2\/media?parent=3546"}],"curies":[{"name":"wp","href":"https:\/\/api.w.org\/{rel}","templated":true}]}}