{"id":3520,"date":"2025-05-05T09:58:39","date_gmt":"2025-05-05T09:58:39","guid":{"rendered":"https:\/\/casadartistes.esfarcultural.net\/?page_id=3520"},"modified":"2025-05-27T15:38:24","modified_gmt":"2025-05-27T15:38:24","slug":"entrellacs","status":"publish","type":"page","link":"https:\/\/casadartistes.esfarcultural.net\/es\/entrellacs","title":{"rendered":"ENTRELLA\u00c7"},"content":{"rendered":"<div class=\"wpb-content-wrapper\"><p>[vc_row row_type=\u00bbrow\u00bb use_row_as_full_screen_section=\u00bbno\u00bb type=\u00bbfull_width\u00bb text_align=\u00bbleft\u00bb background_animation=\u00bbnone\u00bb css_animation=\u00bb\u00bb][vc_column][vc_empty_space][vc_row_inner row_type=\u00bbrow\u00bb type=\u00bbfull_width\u00bb use_row_as_full_screen_section_slide=\u00bbno\u00bb text_align=\u00bbleft\u00bb css_animation=\u00bb\u00bb][vc_column_inner][vc_single_image image=\u00bb3643&#8243; img_size=\u00bblarge\u00bb alignment=\u00bbcenter\u00bb css=\u00bb\u00bb qode_css_animation=\u00bb\u00bb][\/vc_column_inner][\/vc_row_inner][vc_empty_space][vc_empty_space][vc_column_text css=\u00bb\u00bb]<strong style=\"font-size: 16px;\">1. INTRODUCCI\u00d3N<\/strong><b style=\"font-size: 16px;\"><\/b>[\/vc_column_text][vc_empty_space height=\u00bb10px\u00bb][vc_column_text css=\u00bb\u00bb]<\/p>\n<p style=\"text-align: justify;\"><span style=\"font-weight: 400;\">ENTRELLA\u00c7 &#8211; ENTRELACS <\/span><span style=\"font-weight: 400;\">promueve la <strong>creaci\u00f3n art\u00edstica en formato multimedia y soporte digital<\/strong> mediante un programa profesional que incluye un encuentro de formaci\u00f3n y cocreaci\u00f3n, una residencia art\u00edstica itinerante y una itinerancia de difusi\u00f3n. La convocatoria se dirige a <strong>colectivos o artistas que quieran trabajar colectivamente (dos personas)<\/strong> con propuestas que hibriden la fotograf\u00eda y el arte sonoro, posibilitando la incorporaci\u00f3n de otros lenguajes art\u00edsticos como la palabra.<\/span><\/p>\n<p>&nbsp;<\/p>\n<p style=\"text-align: justify;\"><span style=\"font-weight: 400;\">Este es un proyecto de <\/span><a href=\"https:\/\/esfarcultural.net\/\"><span style=\"font-weight: 400;\"><strong>FAR Cultural<\/strong><\/span><\/a><span style=\"font-weight: 400;\">, <strong>Ull x Ull<\/strong> y\u00a0<\/span><strong><a href=\"https:\/\/maison-salvan.fr\/\">Maison Salvan &#8211; Centre d\u2019art et r\u00e9sidence d\u2019artistes<\/a><\/strong><span style=\"font-weight: 400;\">, en el que tambi\u00e9n se implican el festival de cine y fotograf\u00eda documental <\/span><strong><a href=\"https:\/\/www.menorcadocfest.com\/\">Menorca Doc Fest<\/a><\/strong><span style=\"font-weight: 400;\"> y el festival de fotograf\u00eda\u00a0de <strong>Rub\u00ed <\/strong><\/span><strong><a href=\"https:\/\/www.lanuu.cat\/\">La Nuu<\/a><\/strong><span style=\"font-weight: 400;\">.<\/span><span style=\"font-weight: 400;\"> ENTRELLA\u00c7 <\/span><span style=\"font-weight: 400;\">cuenta con el apoyo de la Eurorregi\u00f3n Pirineos Mediterr\u00e1neo.<\/span><\/p>\n<p>&nbsp;<\/p>\n<p>&nbsp;<\/p>\n<p><b style=\"font-size: 16px;\">2. CALENDARIO Y OBJETIVOS<\/b>[\/vc_column_text][vc_empty_space height=\u00bb10px\u00bb][vc_row_inner row_type=\u00bbrow\u00bb type=\u00bbfull_width\u00bb use_row_as_full_screen_section_slide=\u00bbno\u00bb text_align=\u00bbleft\u00bb css_animation=\u00bb\u00bb][vc_column_inner width=\u00bb1\/3&#8243;][vc_column_text css=\u00bb\u00bb]<strong>Octubre 2025<span style=\"color: #dd3333;\">*<\/span><\/strong><\/p>\n<p>Festival La Nuu (Rub\u00ed, Catalu\u00f1a)[\/vc_column_text][\/vc_column_inner][vc_column_inner width=\u00bb2\/3&#8243;][vc_column_text css=\u00bb\u00bb]<\/p>\n<p style=\"text-align: left;\"><strong>Encuentro profesional en La Nuu:<\/strong><\/p>\n<ul>\n<li style=\"font-weight: 400;\" aria-level=\"1\"><span style=\"font-weight: 400;\">Masterclass con profesional en multimedia.<\/span><\/li>\n<li style=\"font-weight: 400;\" aria-level=\"1\"><span style=\"font-weight: 400;\">Trabajo de cocreaci\u00f3n. El colectivo art\u00edstico, junto con Es FAR Cultural, Ull x Ull y Maison Salvan, trabajar\u00e1n conjuntamente en la idea de proyecto a desarrollar.<\/span><\/li>\n<li style=\"font-weight: 400;\" aria-level=\"1\"><span style=\"font-weight: 400;\">Durante el proceso de creaci\u00f3n del proyecto (octubre 2025 &#8211; abril 2026), el colectivo recibir\u00e1 mentor\u00edas regulares por parte de un profesional de La Nuu.<\/span><\/li>\n<\/ul>\n<p>[\/vc_column_text][\/vc_column_inner][\/vc_row_inner][vc_empty_space height=\u00bb10px\u00bb][vc_separator type=\u00bbnormal\u00bb border_style=\u00bb\u00bb][vc_empty_space height=\u00bb10px\u00bb][vc_row_inner row_type=\u00bbrow\u00bb type=\u00bbfull_width\u00bb use_row_as_full_screen_section_slide=\u00bbno\u00bb text_align=\u00bbleft\u00bb css_animation=\u00bb\u00bb][vc_column_inner width=\u00bb1\/3&#8243;][vc_column_text css=\u00bb\u00bb]<strong>Entre el 3 de noviembre y el 19 de diciembre de 2025 (fechas flexibles).<\/strong><\/p>\n<p>Casa d\u2019Artistes (Es Mercadal, Menorca)[\/vc_column_text][\/vc_column_inner][vc_column_inner width=\u00bb2\/3&#8243;][vc_column_text css=\u00bb\u00bb]<\/p>\n<p style=\"text-align: justify;\"><strong>Residencia de creaci\u00f3n de 3 a 4 semanas.<\/strong><\/p>\n<ul>\n<li style=\"font-weight: 400;\" aria-level=\"1\"><span style=\"font-weight: 400;\">Trabajo de creaci\u00f3n del proyecto multimedia, partiendo del trabajo previo de cocreaci\u00f3n realizado en el encuentro profesional en La Nuu.<\/span><\/li>\n<\/ul>\n<p>[\/vc_column_text][\/vc_column_inner][\/vc_row_inner][vc_empty_space height=\u00bb10px\u00bb][vc_separator type=\u00bbnormal\u00bb border_style=\u00bb\u00bb][vc_empty_space height=\u00bb10px\u00bb][vc_row_inner row_type=\u00bbrow\u00bb type=\u00bbfull_width\u00bb use_row_as_full_screen_section_slide=\u00bbno\u00bb text_align=\u00bbleft\u00bb css_animation=\u00bb\u00bb][vc_column_inner width=\u00bb1\/3&#8243;][vc_column_text css=\u00bb\u00bb]<strong>Abril 2026<span style=\"color: #dd3333;\">*<\/span><\/strong><\/p>\n<p>Maison Salvan &#8211; Centre d\u2019art et r\u00e9sidence d\u2019artistes (Ville de Lab\u00e8ge)[\/vc_column_text][\/vc_column_inner][vc_column_inner width=\u00bb2\/3&#8243;][vc_column_text css=\u00bb\u00bb]<\/p>\n<p style=\"text-align: justify;\"><strong>Residencia de creaci\u00f3n de 3 a 4 semanas.<\/strong><\/p>\n<ul>\n<li style=\"text-align: justify;\"><strong><span style=\"font-weight: 400;\">Continuidad del proyecto multimedia trabajado en las etapas previas.<\/span>\u00a0<\/strong><\/li>\n<\/ul>\n<p>[\/vc_column_text][\/vc_column_inner][\/vc_row_inner][vc_empty_space height=\u00bb10px\u00bb][vc_separator type=\u00bbnormal\u00bb border_style=\u00bb\u00bb][vc_empty_space height=\u00bb10px\u00bb][vc_row_inner row_type=\u00bbrow\u00bb type=\u00bbfull_width\u00bb use_row_as_full_screen_section_slide=\u00bbno\u00bb text_align=\u00bbleft\u00bb css_animation=\u00bb\u00bb][vc_column_inner width=\u00bb1\/3&#8243;][vc_column_text css=\u00bb\u00bb]<strong>Junio 2026<span style=\"color: #dd3333;\">*<\/span><\/strong><\/p>\n<p>Maison Salvan (Ville de Lab\u00e8ge)[\/vc_column_text][\/vc_column_inner][vc_column_inner width=\u00bb2\/3&#8243;][vc_column_text css=\u00bb\u00bb]<\/p>\n<p style=\"text-align: justify;\"><span style=\"font-weight: 400;\"><strong>Itinerancia de difusi\u00f3n 1.<\/strong> Activaci\u00f3n del proyecto multimedia en la programaci\u00f3n de junio de Maison Salvan.<\/span><\/p>\n<p>[\/vc_column_text][\/vc_column_inner][\/vc_row_inner][vc_empty_space height=\u00bb10px\u00bb][vc_separator type=\u00bbnormal\u00bb border_style=\u00bb\u00bb][vc_empty_space height=\u00bb10px\u00bb][vc_row_inner row_type=\u00bbrow\u00bb type=\u00bbfull_width\u00bb use_row_as_full_screen_section_slide=\u00bbno\u00bb text_align=\u00bbleft\u00bb css_animation=\u00bb\u00bb][vc_column_inner width=\u00bb1\/3&#8243;][vc_column_text css=\u00bb\u00bb]<strong>Octubre 2026<span style=\"color: #dd3333;\">*<\/span><\/strong><\/p>\n<p>Festival La Nuu (Rub\u00ed)<strong><br style=\"font-weight: 400;\" \/><\/strong>[\/vc_column_text][\/vc_column_inner][vc_column_inner width=\u00bb2\/3&#8243;][vc_column_text css=\u00bb\u00bb]<\/p>\n<p style=\"text-align: justify;\"><span style=\"font-weight: 400;\"><strong>Itinerancia de difusi\u00f3n 2.<\/strong> Programaci\u00f3n dentro de la 12\u00aa edici\u00f3n de La Nuu. Festival de fotograf\u00eda de Rub\u00ed.<\/span><\/p>\n<p>[\/vc_column_text][\/vc_column_inner][\/vc_row_inner][vc_empty_space height=\u00bb10px\u00bb][vc_separator type=\u00bbnormal\u00bb border_style=\u00bb\u00bb][vc_empty_space height=\u00bb10px\u00bb][vc_row_inner row_type=\u00bbrow\u00bb type=\u00bbfull_width\u00bb use_row_as_full_screen_section_slide=\u00bbno\u00bb text_align=\u00bbleft\u00bb css_animation=\u00bb\u00bb][vc_column_inner width=\u00bb1\/3&#8243;][vc_column_text css=\u00bb\u00bb]<strong>Octubre &#8211; Noviembre 2026<span style=\"color: #dd3333;\">*<\/span><\/strong><\/p>\n<p>Menorca Doc Fest (Menorca)[\/vc_column_text][\/vc_column_inner][vc_column_inner width=\u00bb2\/3&#8243;][vc_column_text css=\u00bb\u00bb]<\/p>\n<p style=\"text-align: justify;\"><span style=\"font-weight: 400;\"><strong>Itinerancia de difusi\u00f3n 3.<\/strong> Programaci\u00f3n dentro de la 8\u00aa edici\u00f3n del Menorca Doc Fest. Festival de cine y fotograf\u00eda documental.<\/span><\/p>\n<p>[\/vc_column_text][\/vc_column_inner][\/vc_row_inner][vc_empty_space][vc_column_text css=\u00bb\u00bb]<span style=\"color: #dd3333;\"><b>*Fechas exactas pendientes de confirmar.<\/b><\/span><\/p>\n<p>&nbsp;<\/p>\n<p>&nbsp;<\/p>\n<p><b style=\"font-size: 16px;\">3. REQUISITOS GENERALES PARA PARTICIPAR<\/b>[\/vc_column_text][vc_empty_space height=\u00bb10px\u00bb][vc_column_text css=\u00bb\u00bb]<\/p>\n<ul>\n<li style=\"text-align: justify;\"><span style=\"font-weight: 400;\">Pueden participar creadores\/as originarios o residentes en alg\u00fan municipio de la Eurorregi\u00f3n (Occitanie, Catalu\u00f1a y las Islas Baleares).\u00a0<\/span><\/li>\n<li style=\"font-weight: 400;\" aria-level=\"1\"><span style=\"font-weight: 400;\">Pueden participar colectivos art\u00edsticos constituidos y, tambi\u00e9n, grupos de artistas individuales que quieran trabajar conjuntamente en este proyecto. En ambos casos, se aceptan m\u00e1ximo 2 componentes.<\/span><\/li>\n<li style=\"font-weight: 400;\" aria-level=\"1\"><span style=\"font-weight: 400;\">Tener la capacidad de facturar en concepto de honorarios o derechos de exhibici\u00f3n.<\/span><\/li>\n<li style=\"font-weight: 400;\" aria-level=\"1\"><span style=\"font-weight: 400;\">Estar disponible para hacer una entrevista en l\u00ednea en caso de que el jurado o la organizaci\u00f3n lo solicite.<\/span><\/li>\n<li style=\"text-align: justify;\"><span style=\"font-weight: 400;\">Los proyectos que vayan en contra de los derechos fundamentales de las personas quedar\u00e1n excluidos de esta convocatoria.<\/span><\/li>\n<\/ul>\n<p>&nbsp;<\/p>\n<p>&nbsp;<\/p>\n<p><b style=\"font-size: 16px;\">4. COMPROMISOS GENERALES DEL COLECTIVO<\/b>[\/vc_column_text][vc_empty_space height=\u00bb10px\u00bb][vc_column_text css=\u00bb\u00bb]<\/p>\n<ul>\n<li style=\"text-align: justify;\"><span style=\"font-weight: 400;\">Entregar una breve memoria del proyecto desarrollado y un m\u00ednimo de 4 im\u00e1genes del proyecto.<\/span><\/li>\n<li style=\"font-weight: 400;\" aria-level=\"1\"><span style=\"font-weight: 400;\">Autoriza a Es FAR Cultural, Ull x Ull y Maison Salvan al uso de su imagen personal y de la documentaci\u00f3n visual, audiovisual y\/o sonora de su obra con fines comunicativos y divulgativos no comerciales.<\/span><\/li>\n<li style=\"font-weight: 400;\" aria-level=\"1\"><span style=\"font-weight: 400;\">Citar el apoyo de Es FAR Cultural, Ull x Ull y Maison Salvan en todas las acciones de comunicaci\u00f3n y divulgaci\u00f3n del proyecto creado en el marco de ENTRELLA\u00c7.<\/span><\/li>\n<li style=\"font-weight: 400;\" aria-level=\"1\"><span style=\"font-weight: 400;\">Los gastos que no est\u00e9n detallados en el apartado \u00abprestaciones\u00bb de estas bases, corren a cargo del colectivo participante.<\/span><\/li>\n<li style=\"font-weight: 400;\" aria-level=\"1\"><span style=\"font-weight: 400;\">La resoluci\u00f3n de esta convocatoria se comunicar\u00e1 a trav\u00e9s de correo electr\u00f3nico. El colectivo se compromete a aceptar o rechazar esta resoluci\u00f3n en el plazo m\u00e1ximo de 5 d\u00edas h\u00e1biles desde la fecha de comunicaci\u00f3n.<\/span><\/li>\n<li style=\"font-weight: 400;\" aria-level=\"1\"><span style=\"font-weight: 400;\">Acepta los t\u00e9rminos de esta convocatoria y la normativa de los centros de creaci\u00f3n, la cual se librar\u00e1 al inicio de la residencia.<\/span><\/li>\n<\/ul>\n<p>&nbsp;<\/p>\n<p>&nbsp;<\/p>\n<p><b style=\"font-size: 16px;\">5. PRESTACIONES<\/b>[\/vc_column_text][vc_empty_space height=\u00bb10px\u00bb][vc_column_text css=\u00bb\u00bb]<\/p>\n<ul>\n<li><span style=\"font-weight: 400;\">Viaje de ida y vuelta del lugar habitual de residencia del colectivo en todas las etapas del proyecto, con un l\u00edmite de 330 \u20ac por etapa y colectivo. Las entidades organizadoras se encargar\u00e1n de la gesti\u00f3n de los billetes.<\/span><\/li>\n<li style=\"font-weight: 400;\" aria-level=\"1\"><span style=\"font-weight: 400;\">Alojamiento en todas las etapas del proyecto.\u00a0\u00a0<\/span><\/li>\n<li style=\"font-weight: 400;\" aria-level=\"1\"><span style=\"font-weight: 400;\">Subsistencia al encuentro profesional a La Nuu y en todas las etapas de la itinerancia de difusi\u00f3n.\u00a0<\/span><\/li>\n<li style=\"font-weight: 400;\" aria-level=\"1\"><span style=\"font-weight: 400;\">Honorarios de 3900 \u20ac por colectivo, los cuales se har\u00e1n en tres pagos de 1300 \u20ac.<\/span><\/li>\n<li style=\"font-weight: 400;\" aria-level=\"1\"><span style=\"font-weight: 400;\">Derechos de autor\/a de 1500 \u20ac por colectivo por la participaci\u00f3n en la itinerancia de difusi\u00f3n, el cual se har\u00e1 en tres pagos de 500 \u20ac.<\/span><\/li>\n<\/ul>\n<p>&nbsp;<\/p>\n<p>&nbsp;<\/p>\n<p><b style=\"font-size: 16px;\">6. PROCESO DE INSCRIPCI\u00d3N A LA CONVOCATORIA<\/b>[\/vc_column_text][vc_empty_space height=\u00bb10px\u00bb][vc_column_text css=\u00bb\u00bb]<span style=\"font-weight: 400;\">Accede al <\/span><a href=\"https:\/\/docs.google.com\/forms\/d\/e\/1FAIpQLScCPk-DgdI9ZTOpQUl3J8bDg5_UqiY61-1aGPgEg2zUQpW9hQ\/viewform\"><strong>formulario<\/strong><\/a> <span style=\"font-weight: 400;\">en l\u00ednea y sigue las indicaciones. Toda la documentaci\u00f3n se tiene que presentar en ingl\u00e9s o castellano.<\/span><\/p>\n<ul>\n<li style=\"font-weight: 400;\" aria-level=\"1\"><span style=\"font-weight: 400;\"><strong>Adjunta el dosier de obra que contenga:<\/strong> statement art\u00edstico, trayectoria art\u00edstica del colectivo o miembros del grupo (en formato CV o texto) y muestra del trabajo reciente del colectivo o miembro del grupo. El archivo tiene que tener un m\u00e1ximo de 10 p\u00e1ginas y 10 MB.\u00a0<\/span><\/li>\n<li style=\"font-weight: 400;\" aria-level=\"1\"><span style=\"font-weight: 400;\"><strong>Esbozo del proyecto a desarrollar que contenga:<\/strong> descripci\u00f3n de intereses en la participaci\u00f3n de la residencia, motivaciones para trabajar de forma *colectiva, breve *presentaci\u00f3n de la idea a desarrollar colectivamente, la cual tendr\u00e1 que vincular los tres territorios (Occitanie, Islas Baleares y Catalu\u00f1a). El archivo tiene que tener un m\u00e1ximo de 3 p\u00e1ginas y 1 MB.<\/span><\/li>\n<\/ul>\n<p>&nbsp;<\/p>\n<p>&nbsp;<\/p>\n<p><span style=\"font-weight: 400;\"><strong>Plazo para presentar solicitudes:<\/strong> 30 de junio de 2025<\/span><\/p>\n<p><span style=\"font-weight: 400;\"><strong>Resoluci\u00f3n:<\/strong> 8 de julio de 2025<\/span>[\/vc_column_text][vc_empty_space]<a href=\"https:\/\/docs.google.com\/forms\/d\/e\/1FAIpQLScCPk-DgdI9ZTOpQUl3J8bDg5_UqiY61-1aGPgEg2zUQpW9hQ\/viewform\" target=\"_blank\"  class=\"qbutton \" style=\"\">INSCRIPCI\u00d3N<\/a>[vc_empty_space][\/vc_column][\/vc_row]<\/p>\n<\/div>","protected":false},"excerpt":{"rendered":"<p>[vc_row row_type=\u00bbrow\u00bb use_row_as_full_screen_section=\u00bbno\u00bb type=\u00bbfull_width\u00bb text_align=\u00bbleft\u00bb background_animation=\u00bbnone\u00bb css_animation=\u00bb\u00bb][vc_column][vc_empty_space][vc_row_inner row_type=\u00bbrow\u00bb type=\u00bbfull_width\u00bb use_row_as_full_screen_section_slide=\u00bbno\u00bb text_align=\u00bbleft\u00bb css_animation=\u00bb\u00bb][vc_column_inner][vc_single_image image=\u00bb3643&#8243; img_size=\u00bblarge\u00bb alignment=\u00bbcenter\u00bb css=\u00bb\u00bb qode_css_animation=\u00bb\u00bb][\/vc_column_inner][\/vc_row_inner][vc_empty_space][vc_empty_space][vc_column_text css=\u00bb\u00bb]1. INTRODUCCI\u00d3N[\/vc_column_text][vc_empty_space height=\u00bb10px\u00bb][vc_column_text css=\u00bb\u00bb] ENTRELLA\u00c7 &#8211; ENTRELACS promueve la creaci\u00f3n art\u00edstica en formato multimedia y soporte digital mediante un programa profesional que incluye un encuentro de formaci\u00f3n y&#8230;<\/p>\n","protected":false},"author":1,"featured_media":0,"parent":0,"menu_order":0,"comment_status":"closed","ping_status":"closed","template":"","meta":{"footnotes":""},"class_list":["post-3520","page","type-page","status-publish","hentry"],"_links":{"self":[{"href":"https:\/\/casadartistes.esfarcultural.net\/es\/wp-json\/wp\/v2\/pages\/3520","targetHints":{"allow":["GET"]}}],"collection":[{"href":"https:\/\/casadartistes.esfarcultural.net\/es\/wp-json\/wp\/v2\/pages"}],"about":[{"href":"https:\/\/casadartistes.esfarcultural.net\/es\/wp-json\/wp\/v2\/types\/page"}],"author":[{"embeddable":true,"href":"https:\/\/casadartistes.esfarcultural.net\/es\/wp-json\/wp\/v2\/users\/1"}],"replies":[{"embeddable":true,"href":"https:\/\/casadartistes.esfarcultural.net\/es\/wp-json\/wp\/v2\/comments?post=3520"}],"version-history":[{"count":43,"href":"https:\/\/casadartistes.esfarcultural.net\/es\/wp-json\/wp\/v2\/pages\/3520\/revisions"}],"predecessor-version":[{"id":3666,"href":"https:\/\/casadartistes.esfarcultural.net\/es\/wp-json\/wp\/v2\/pages\/3520\/revisions\/3666"}],"wp:attachment":[{"href":"https:\/\/casadartistes.esfarcultural.net\/es\/wp-json\/wp\/v2\/media?parent=3520"}],"curies":[{"name":"wp","href":"https:\/\/api.w.org\/{rel}","templated":true}]}}