{"id":3365,"date":"2024-12-02T10:20:09","date_gmt":"2024-12-02T10:20:09","guid":{"rendered":"https:\/\/casadartistes.esfarcultural.net\/?page_id=3365"},"modified":"2024-12-02T11:34:57","modified_gmt":"2024-12-02T11:34:57","slug":"residencia-calc","status":"publish","type":"page","link":"https:\/\/casadartistes.esfarcultural.net\/es\/residencia-calc","title":{"rendered":"RESID\u00c8NCIA CAL\u00c7"},"content":{"rendered":"<div class=\"wpb-content-wrapper\"><p>[vc_row row_type=\u00bbrow\u00bb use_row_as_full_screen_section=\u00bbno\u00bb type=\u00bbfull_width\u00bb text_align=\u00bbleft\u00bb background_animation=\u00bbnone\u00bb css_animation=\u00bb\u00bb css=\u00bb.vc_custom_1610971923298{padding-top: 10px !important;padding-bottom: 20px !important;}\u00bb][vc_column][vc_empty_space][vc_column_text css=\u00bb\u00bb]<\/p>\n<h1 style=\"text-align: left;\"><strong>RESIDENCIA CAL\u00c7<\/strong><\/h1>\n<p>[\/vc_column_text][vc_empty_space][vc_column_text css=\u00bb\u00bb]<\/p>\n<h3><span style=\"color: #ff0000;\">Artista seleccionada<\/span><\/h3>\n<p>[\/vc_column_text][vc_empty_space][vc_empty_space][vc_row_inner row_type=\u00bbrow\u00bb type=\u00bbfull_width\u00bb use_row_as_full_screen_section_slide=\u00bbno\u00bb text_align=\u00bbleft\u00bb css_animation=\u00bb\u00bb][vc_column_inner width=\u00bb2\/3&#8243;][vc_empty_space][vc_column_text css=\u00bb\u00bb]<\/p>\n<h5 style=\"text-align: left;\"><span style=\"color: #ea2d2e;\"><b>CLARA GASSULL QUER (BARCELONA, 1994)<\/b><\/span><\/h5>\n<p>[\/vc_column_text][vc_empty_space][vc_column_text css=\u00bb\u00bb]<\/p>\n<p style=\"text-align: justify;\"><span style=\"font-weight: 400;\">Soy artista visual y mediadora. Mi pr\u00e1ctica art\u00edstica parte de la contemplaci\u00f3n, la investigaci\u00f3n y la acci\u00f3n para trabajar sobre el hecho desapercibido o inesperado, lo min\u00fasculo o infinito para captar lo inexplicable y lo maravilloso de lo observado o experimentado. El proceso de abstracci\u00f3n al que someto mis b\u00fasquedas suele pasar por una fotograf\u00eda con o sin c\u00e1mara con un especial inter\u00e9s por la esencia de la creaci\u00f3n de una imagen, la luz. A menudo, cuento tambi\u00e9n con materializaciones que pasan por el dibujo, la escultura, la instalaci\u00f3n, el v\u00eddeo y otras t\u00e9cnicas experimentales. \u00daltimamente en mi trabajo establezco lazos con otras \u00e1reas como son la geolog\u00eda y la arqueolog\u00eda. Esta aproximaci\u00f3n art\u00edstica se desarrolla tambi\u00e9n en el campo de la mediaci\u00f3n, donde trabajo de forma independiente en varios proyectos educativo-art\u00edsticos vinculados a museos, espacios de arte, festivales, escuelas, institutos y otros centros. Desde 2019 coordino el proyecto de mediaci\u00f3n de Can Many\u00e9, espacio de arte y creaci\u00f3n contempor\u00e1nea de Alella, dise\u00f1ando y realizando las propuestas educativas relacionadas con las exposiciones. Tambi\u00e9n soy cofundadora de LaBabuch (M\u00e9rigny, Francia), un espacio cultural en el que tienen lugar encuentros, talleres y residencias con diferentes autores en torno al lenguaje fotogr\u00e1fico.<\/span><\/p>\n<p>&nbsp;<\/p>\n<p style=\"text-align: justify;\"><span style=\"font-weight: 400;\">\u00a0<\/span><\/p>\n<p style=\"text-align: left;\"><a href=\"https:\/\/www.instagram.com\/claragassullquer\/\" target=\"_blank\" rel=\"noopener\">@claragassullquer<\/a><\/p>\n<p>[\/vc_column_text][vc_empty_space][\/vc_column_inner][vc_column_inner width=\u00bb1\/3&#8243;][vc_empty_space][vc_single_image image=\u00bb3366&#8243; img_size=\u00bblarge\u00bb alignment=\u00bbcenter\u00bb css=\u00bb\u00bb qode_css_animation=\u00bb\u00bb][vc_empty_space height=\u00bb8px\u00bb][vc_column_text css=\u00bb\u00bb]<span style=\"font-weight: 400;\">Fot\u00f3grafo: Israel Ari\u00f1o<\/span>[\/vc_column_text][vc_empty_space][vc_single_image image=\u00bb3367&#8243; img_size=\u00bblarge\u00bb alignment=\u00bbcenter\u00bb css=\u00bb.vc_custom_1733138926639{background-color: #000000 !important;border-color: #000000 !important;}\u00bb qode_css_animation=\u00bb\u00bb][vc_empty_space height=\u00bb8px\u00bb][\/vc_column_inner][\/vc_row_inner][vc_empty_space height=\u00bb40&#8243;][vc_row_inner row_type=\u00bbrow\u00bb type=\u00bbfull_width\u00bb use_row_as_full_screen_section_slide=\u00bbno\u00bb text_align=\u00bbleft\u00bb css_animation=\u00bb\u00bb][vc_column_inner width=\u00bb1\/6&#8243;][\/vc_column_inner][vc_column_inner width=\u00bb1\/6&#8243;][vc_single_image image=\u00bb2873&#8243; css=\u00bb\u00bb qode_css_animation=\u00bb\u00bb][\/vc_column_inner][vc_column_inner width=\u00bb1\/6&#8243;][vc_single_image image=\u00bb3374&#8243; img_size=\u00bbmedium\u00bb css=\u00bb\u00bb qode_css_animation=\u00bb\u00bb][\/vc_column_inner][vc_column_inner width=\u00bb1\/6&#8243;][vc_single_image image=\u00bb3373&#8243; img_size=\u00bbmedium\u00bb css=\u00bb\u00bb qode_css_animation=\u00bb\u00bb][\/vc_column_inner][vc_column_inner width=\u00bb1\/6&#8243;][vc_single_image image=\u00bb3372&#8243; img_size=\u00bbmedium\u00bb css=\u00bb\u00bb qode_css_animation=\u00bb\u00bb][\/vc_column_inner][vc_column_inner width=\u00bb1\/6&#8243;][\/vc_column_inner][\/vc_row_inner][vc_empty_space height=\u00bb40&#8243;][vc_empty_space height=\u00bb40&#8243;][vc_separator type=\u00bbnormal\u00bb border_style=\u00bb\u00bb color=\u00bb#0a0a0a\u00bb][vc_empty_space][\/vc_column][\/vc_row]<\/p>\n<\/div>","protected":false},"excerpt":{"rendered":"<p>[vc_row row_type=\u00bbrow\u00bb use_row_as_full_screen_section=\u00bbno\u00bb type=\u00bbfull_width\u00bb text_align=\u00bbleft\u00bb background_animation=\u00bbnone\u00bb css_animation=\u00bb\u00bb css=\u00bb.vc_custom_1610971923298{padding-top: 10px !important;padding-bottom: 20px !important;}\u00bb][vc_column][vc_empty_space][vc_column_text css=\u00bb\u00bb] RESIDENCIA CAL\u00c7 [\/vc_column_text][vc_empty_space][vc_column_text css=\u00bb\u00bb] Artista seleccionada [\/vc_column_text][vc_empty_space][vc_empty_space][vc_row_inner row_type=\u00bbrow\u00bb type=\u00bbfull_width\u00bb use_row_as_full_screen_section_slide=\u00bbno\u00bb text_align=\u00bbleft\u00bb css_animation=\u00bb\u00bb][vc_column_inner width=\u00bb2\/3&#8243;][vc_empty_space][vc_column_text css=\u00bb\u00bb] CLARA GASSULL QUER (BARCELONA, 1994) [\/vc_column_text][vc_empty_space][vc_column_text css=\u00bb\u00bb] Soy artista visual y mediadora. Mi pr\u00e1ctica art\u00edstica parte de la&#8230;<\/p>\n","protected":false},"author":1,"featured_media":0,"parent":0,"menu_order":0,"comment_status":"closed","ping_status":"closed","template":"","meta":{"footnotes":""},"class_list":["post-3365","page","type-page","status-publish","hentry"],"_links":{"self":[{"href":"https:\/\/casadartistes.esfarcultural.net\/es\/wp-json\/wp\/v2\/pages\/3365","targetHints":{"allow":["GET"]}}],"collection":[{"href":"https:\/\/casadartistes.esfarcultural.net\/es\/wp-json\/wp\/v2\/pages"}],"about":[{"href":"https:\/\/casadartistes.esfarcultural.net\/es\/wp-json\/wp\/v2\/types\/page"}],"author":[{"embeddable":true,"href":"https:\/\/casadartistes.esfarcultural.net\/es\/wp-json\/wp\/v2\/users\/1"}],"replies":[{"embeddable":true,"href":"https:\/\/casadartistes.esfarcultural.net\/es\/wp-json\/wp\/v2\/comments?post=3365"}],"version-history":[{"count":11,"href":"https:\/\/casadartistes.esfarcultural.net\/es\/wp-json\/wp\/v2\/pages\/3365\/revisions"}],"predecessor-version":[{"id":3382,"href":"https:\/\/casadartistes.esfarcultural.net\/es\/wp-json\/wp\/v2\/pages\/3365\/revisions\/3382"}],"wp:attachment":[{"href":"https:\/\/casadartistes.esfarcultural.net\/es\/wp-json\/wp\/v2\/media?parent=3365"}],"curies":[{"name":"wp","href":"https:\/\/api.w.org\/{rel}","templated":true}]}}