{"id":3337,"date":"2024-11-12T09:10:56","date_gmt":"2024-11-12T09:10:56","guid":{"rendered":"https:\/\/casadartistes.esfarcultural.net\/?page_id=3337"},"modified":"2024-11-13T12:10:27","modified_gmt":"2024-11-13T12:10:27","slug":"artsalnord","status":"publish","type":"page","link":"https:\/\/casadartistes.esfarcultural.net\/es\/artsalnord","title":{"rendered":"(arts al nord)"},"content":{"rendered":"<div class=\"wpb-content-wrapper\"><p>[vc_row row_type=\u00bbrow\u00bb use_row_as_full_screen_section=\u00bbno\u00bb type=\u00bbfull_width\u00bb text_align=\u00bbleft\u00bb background_animation=\u00bbnone\u00bb css_animation=\u00bb\u00bb css=\u00bb.vc_custom_1610971923298{padding-top: 10px !important;padding-bottom: 20px !important;}\u00bb][vc_column][vc_empty_space][vc_column_text css=\u00bb\u00bb]<\/p>\n<h1 style=\"text-align: left;\"><strong>(arts al nord)<\/strong><\/h1>\n<p>[\/vc_column_text][vc_empty_space height=\u00bb20px\u00bb][vc_column_text css=\u00bb\u00bb]<\/p>\n<h3><span style=\"color: #ff0000;\">Artistas seleccionados<\/span><\/h3>\n<p>[\/vc_column_text][vc_empty_space][vc_empty_space][vc_row_inner row_type=\u00bbrow\u00bb type=\u00bbfull_width\u00bb use_row_as_full_screen_section_slide=\u00bbno\u00bb text_align=\u00bbleft\u00bb css_animation=\u00bb\u00bb][vc_column_inner width=\u00bb2\/3&#8243;][vc_empty_space][vc_column_text css=\u00bb\u00bb]<\/p>\n<h5 style=\"text-align: left;\"><span style=\"color: #ea2d2e;\"><b>MARCO MANCONI<\/b><\/span><\/h5>\n<p>[\/vc_column_text][vc_empty_space][vc_column_text css=\u00bb\u00bb]<\/p>\n<p style=\"text-align: justify;\"><span style=\"color: #000000;\">Marco Manconi, alias j-mve (1998), es un m\u00fasico sardo y productor de m\u00fasica electr\u00f3nica. Empez\u00f3 su carrera como guitarrista y posteriormente se dedic\u00f3 a explorar la m\u00fasica electr\u00f3nica a trav\u00e9s de la pr\u00e1ctica diaria con instrumentos como la guitarra el\u00e9ctrica, los sintetizadores y los ordenadores. Activo sobre todo como \u201cperformer\u201d tambi\u00e9n se dedica a la composici\u00f3n y, en 2020, compuso la banda sonora del cortometraje <em>S&#8217;Espropriu<\/em>, dirigido por Emanuele Massa. Durante sus estudios, descubri\u00f3 un especial inter\u00e9s por la fotograf\u00eda anal\u00f3gica, lo que le llev\u00f3 a experimentar con nuevas formas de expresi\u00f3n y a buscar una fusi\u00f3n con la m\u00fasica que reflejara plenamente los rasgos melanc\u00f3licos que siempre han caracterizado sus obras . En junio de 2022 se gradu\u00f3 en Sonolog\u00eda en el Real Conservatorio de La Haya (Pa\u00edses Bajos), donde perfeccion\u00f3 sus t\u00e9cnicas de composici\u00f3n y dise\u00f1o sonoro.<\/span><\/p>\n<p>&nbsp;<\/p>\n<p><a href=\"https:\/\/www.instagram.com\/j_mve_\/\" target=\"_blank\" rel=\"noopener\">@j-mve<\/a>[\/vc_column_text][vc_empty_space][\/vc_column_inner][vc_column_inner width=\u00bb1\/3&#8243;][vc_empty_space][vc_single_image image=\u00bb3338&#8243; img_size=\u00bblarge\u00bb alignment=\u00bbcenter\u00bb onclick=\u00bbcustom_link\u00bb img_link_target=\u00bb_blank\u00bb css=\u00bb\u00bb qode_css_animation=\u00bb\u00bb link=\u00bbhttp:\/\/sandrinedeumier.com\/\u00bb][vc_empty_space height=\u00bb8px\u00bb][vc_column_text css=\u00bb\u00bb]<span style=\"font-weight: 400;\">Foto de: Ambra Iride Sechi<\/span>[\/vc_column_text][vc_empty_space][\/vc_column_inner][\/vc_row_inner][vc_empty_space][vc_separator type=\u00bbnormal\u00bb border_style=\u00bb\u00bb color=\u00bb#0a0a0a\u00bb][vc_empty_space][vc_row_inner row_type=\u00bbrow\u00bb type=\u00bbfull_width\u00bb use_row_as_full_screen_section_slide=\u00bbno\u00bb text_align=\u00bbleft\u00bb css_animation=\u00bb\u00bb][vc_column_inner width=\u00bb2\/3&#8243;][vc_empty_space][vc_column_text css=\u00bb\u00bb]<\/p>\n<h5 style=\"text-align: left;\"><span style=\"color: #ea2d2e;\"><b>MARTINO CORRIAS<\/b><\/span><\/h5>\n<p>[\/vc_column_text][vc_empty_space][vc_column_text css=\u00bb\u00bb]<\/p>\n<p style=\"text-align: justify;\">Martino Corrias, nacido en Cerde\u00f1a en 1999 y actualmente residente en Bolonia, es un artista musical que combina elementos sonoros naturales y electr\u00f3nicos. Con una formaci\u00f3n cl\u00e1sica, fue desarrollando progresivamente un inter\u00e9s por la m\u00fasica electr\u00f3nica, buscando combinar las cualidades naturales de los instrumentos de madera y grabaciones de campo con sonidos sint\u00e9ticos y met\u00e1licos, creando atm\u00f3sferas propias de los clubs underground. Su estilo combina melod\u00edas \u201crave\u201d con sonidos m\u00e1s duros y abrasivos.<\/p>\n<p style=\"text-align: justify;\">Compone la banda sonora de la instalaci\u00f3n de hamacas del arquitecto Francesco Careri, y de la exposici\u00f3n <em>Rural Queer<\/em> del artista visual Marco Loi. Junto con el director Martino Pinna, es seleccionado para la 4a edici\u00f3n del festival de videoarte <em>Maratona Di Visione<\/em> con la obra <em>Eadweard<\/em>. En diciembre de 2023 lanza su primer proyecto musical de investigaci\u00f3n <em>Quadri dell incomprensione.<\/em> Actualmente, colabora con la dramaturga Simone Azzu en el espect\u00e1culo teatral audiovisual <em>Petter Prigioniero Politico<\/em>, con el que son elegidos como ganadores de la 23 edici\u00f3n del Premio Cervi;, entre otros.<\/p>\n<p>&nbsp;<\/p>\n<p style=\"text-align: justify;\"><a href=\"https:\/\/www.instagram.com\/martinocorrias\/\" target=\"_blank\" rel=\"noopener\">@<span class=\"x1lliihq x193iq5w x6ikm8r x10wlt62 xlyipyv xuxw1ft\">martinocorrias<\/span><\/a><\/p>\n<p>[\/vc_column_text][vc_empty_space][\/vc_column_inner][vc_column_inner width=\u00bb1\/3&#8243;][vc_empty_space][vc_empty_space][vc_single_image image=\u00bb3339&#8243; img_size=\u00bblarge\u00bb alignment=\u00bbcenter\u00bb onclick=\u00bbcustom_link\u00bb img_link_target=\u00bb_blank\u00bb css=\u00bb\u00bb qode_css_animation=\u00bb\u00bb link=\u00bbhttp:\/\/sandrinedeumier.com\/\u00bb][vc_empty_space height=\u00bb8px\u00bb][vc_column_text css=\u00bb\u00bb]<span style=\"font-weight: 400;\">Martino Corrias<\/span>[\/vc_column_text][vc_empty_space][\/vc_column_inner][\/vc_row_inner][vc_empty_space][vc_separator type=\u00bbnormal\u00bb border_style=\u00bb\u00bb color=\u00bb#0a0a0a\u00bb][vc_empty_space][vc_row_inner row_type=\u00bbrow\u00bb type=\u00bbfull_width\u00bb use_row_as_full_screen_section_slide=\u00bbno\u00bb text_align=\u00bbleft\u00bb css_animation=\u00bb\u00bb][vc_column_inner width=\u00bb2\/3&#8243;][vc_empty_space][vc_column_text css=\u00bb\u00bb]<\/p>\n<h5 style=\"text-align: left;\"><span style=\"color: #ea2d2e;\"><b>MARIO ADAMO<\/b><\/span><\/h5>\n<p>[\/vc_column_text][vc_empty_space][vc_column_text css=\u00bb\u00bb]<\/p>\n<p style=\"text-align: justify;\">Mario Adamo (Palermo, 1997) es un m\u00fasico y artista sonoro italiano. Curs\u00f3 estudios cl\u00e1sicos en el<br \/>\nBachillerato y, posteriormente, se diplom\u00f3 como ingeniero de sonido para cine en el Piano Focale, de<br \/>\nPalermo.<\/p>\n<p style=\"text-align: justify;\">Ha llevado a cabo tareas de grabaci\u00f3n de campo siendo asistente de direcci\u00f3n art\u00edstica y asistente de sonido de la artista Simona Barbera, durante el taller <em>Redes de Micelio<\/em> (26\/8-07\/09\/22), realizado por Posto Segreto en la Riserva Naturale Bosco de Alcamo (Sicilia). Ha realizado un concierto en directo con motivo de<em> Veglia al di l\u00e0 del Tempo<\/em> (17\/09\/22), por la inauguraci\u00f3n de la exposici\u00f3n de Nicola Baratto y Yannis Mouravas, en Chiesa di San Nicol\u00f2 di Bari, Alcamo. Ha compuesto y dise\u00f1ado la instalaci\u00f3n de la obra audiovisual <em>Allerta, Respira, Refugio<\/em> por las jordanas contempor\u00e1neas en el Museo de Arte Contempor\u00e1neo de Alcamo (08\/10\/22). Ha dise\u00f1ado tambi\u00e9n el sonido y ha actuado en directo para su instalaci\u00f3n <em>Poisoned<\/em>, para la Cappella dell&#8217;Incoronazione, en el Museo Riso de Palermo, como parte de <em>Territory<\/em> por Ortigia Sound System Festival con la colaboraci\u00f3n de Landescape (29\/12\/22). Ha realizado tambi\u00e9n un concierto en directo en el Haus Der Kunst Palermo, durante la presentaci\u00f3n de <em>Occhio Occhi<\/em> (17\/02\/2023). Y ha compuesto la m\u00fasica para la pel\u00edcula <em>Reconnosance<\/em> del artista y cineasta Victor Auslander.<\/p>\n<p>&nbsp;<\/p>\n<p style=\"text-align: justify;\"><a href=\"https:\/\/www.instagram.com\/mario__adamo\/\" target=\"_blank\" rel=\"noopener\">@mario__adamo<\/a><\/p>\n<p>[\/vc_column_text][vc_empty_space][\/vc_column_inner][vc_column_inner width=\u00bb1\/3&#8243;][vc_empty_space][vc_empty_space height=\u00bb15px\u00bb][vc_single_image image=\u00bb3340&#8243; img_size=\u00bbfull\u00bb alignment=\u00bbcenter\u00bb onclick=\u00bbcustom_link\u00bb img_link_target=\u00bb_blank\u00bb css=\u00bb\u00bb qode_css_animation=\u00bb\u00bb link=\u00bbhttp:\/\/sandrinedeumier.com\/\u00bb][vc_empty_space height=\u00bb8px\u00bb][vc_column_text css=\u00bb\u00bb]<span style=\"font-weight: 400;\">Mario Adamo<\/span>[\/vc_column_text][\/vc_column_inner][\/vc_row_inner][vc_empty_space][vc_separator type=\u00bbnormal\u00bb border_style=\u00bb\u00bb color=\u00bb#0a0a0a\u00bb][vc_empty_space height=\u00bb70px\u00bb][\/vc_column][\/vc_row][vc_row row_type=\u00bbrow\u00bb use_row_as_full_screen_section=\u00bbno\u00bb type=\u00bbfull_width\u00bb text_align=\u00bbleft\u00bb background_animation=\u00bbnone\u00bb css_animation=\u00bb\u00bb css=\u00bb.vc_custom_1610971923298{padding-top: 10px !important;padding-bottom: 20px !important;}\u00bb][vc_column][vc_column_text css=\u00bb\u00bb]<\/p>\n<p style=\"text-align: left;\"><strong>El proyecto de residencia (arts al nord) ha sido financiado por la Uni\u00f3n Europea e implementado por el Goethe-Institut. Las opiniones expresadas aqu\u00ed no reflejan la opini\u00f3n oficial de la Uni\u00f3n Europea.<\/strong><\/p>\n<p>[\/vc_column_text][vc_empty_space][vc_empty_space][\/vc_column][\/vc_row]<\/p>\n<\/div>","protected":false},"excerpt":{"rendered":"<p>[vc_row row_type=\u00bbrow\u00bb use_row_as_full_screen_section=\u00bbno\u00bb type=\u00bbfull_width\u00bb text_align=\u00bbleft\u00bb background_animation=\u00bbnone\u00bb css_animation=\u00bb\u00bb css=\u00bb.vc_custom_1610971923298{padding-top: 10px !important;padding-bottom: 20px !important;}\u00bb][vc_column][vc_empty_space][vc_column_text css=\u00bb\u00bb] (arts al nord) [\/vc_column_text][vc_empty_space height=\u00bb20px\u00bb][vc_column_text css=\u00bb\u00bb] Artistas seleccionados [\/vc_column_text][vc_empty_space][vc_empty_space][vc_row_inner row_type=\u00bbrow\u00bb type=\u00bbfull_width\u00bb use_row_as_full_screen_section_slide=\u00bbno\u00bb text_align=\u00bbleft\u00bb css_animation=\u00bb\u00bb][vc_column_inner width=\u00bb2\/3&#8243;][vc_empty_space][vc_column_text css=\u00bb\u00bb] MARCO MANCONI [\/vc_column_text][vc_empty_space][vc_column_text css=\u00bb\u00bb] Marco Manconi, alias j-mve (1998), es un m\u00fasico sardo y productor de&#8230;<\/p>\n","protected":false},"author":1,"featured_media":0,"parent":0,"menu_order":0,"comment_status":"closed","ping_status":"closed","template":"","meta":{"footnotes":""},"class_list":["post-3337","page","type-page","status-publish","hentry"],"_links":{"self":[{"href":"https:\/\/casadartistes.esfarcultural.net\/es\/wp-json\/wp\/v2\/pages\/3337","targetHints":{"allow":["GET"]}}],"collection":[{"href":"https:\/\/casadartistes.esfarcultural.net\/es\/wp-json\/wp\/v2\/pages"}],"about":[{"href":"https:\/\/casadartistes.esfarcultural.net\/es\/wp-json\/wp\/v2\/types\/page"}],"author":[{"embeddable":true,"href":"https:\/\/casadartistes.esfarcultural.net\/es\/wp-json\/wp\/v2\/users\/1"}],"replies":[{"embeddable":true,"href":"https:\/\/casadartistes.esfarcultural.net\/es\/wp-json\/wp\/v2\/comments?post=3337"}],"version-history":[{"count":20,"href":"https:\/\/casadartistes.esfarcultural.net\/es\/wp-json\/wp\/v2\/pages\/3337\/revisions"}],"predecessor-version":[{"id":3363,"href":"https:\/\/casadartistes.esfarcultural.net\/es\/wp-json\/wp\/v2\/pages\/3337\/revisions\/3363"}],"wp:attachment":[{"href":"https:\/\/casadartistes.esfarcultural.net\/es\/wp-json\/wp\/v2\/media?parent=3337"}],"curies":[{"name":"wp","href":"https:\/\/api.w.org\/{rel}","templated":true}]}}