{"id":3293,"date":"2024-09-06T07:34:33","date_gmt":"2024-09-06T07:34:33","guid":{"rendered":"https:\/\/casadartistes.esfarcultural.net\/?page_id=3293"},"modified":"2025-10-27T10:38:37","modified_gmt":"2025-10-27T10:38:37","slug":"projecte-mentoria","status":"publish","type":"page","link":"https:\/\/casadartistes.esfarcultural.net\/es\/projecte-mentoria","title":{"rendered":"MENTORIA BIOSFERA"},"content":{"rendered":"<div class=\"wpb-content-wrapper\"><p>[vc_row row_type=\u00bbrow\u00bb use_row_as_full_screen_section=\u00bbno\u00bb type=\u00bbfull_width\u00bb text_align=\u00bbcenter\u00bb background_animation=\u00bbnone\u00bb css_animation=\u00bb\u00bb css=\u00bb.vc_custom_1610973632409{padding-bottom: 20px !important;}\u00bb][vc_column][vc_empty_space][vc_column_text css=\u00bb\u00bb]<\/p>\n<h2 style=\"text-align: left;\"><strong>MENTOR\u00cdA BECA DE CREACI\u00d3N DOCUMENTAL DEL MENORCA DOC FEST<\/strong><\/h2>\n<p>[\/vc_column_text][vc_empty_space][vc_column_text css=\u00bb\u00bb]<\/p>\n<h3 style=\"text-align: left;\"><span style=\"color: #ea2d2e;\">Artistas seleccionadas<\/span><\/h3>\n<p>[\/vc_column_text][vc_empty_space][\/vc_column][\/vc_row][vc_row row_type=\u00bbrow\u00bb use_row_as_full_screen_section=\u00bbno\u00bb type=\u00bbfull_width\u00bb text_align=\u00bbleft\u00bb background_animation=\u00bbnone\u00bb css_animation=\u00bb\u00bb css=\u00bb.vc_custom_1610973590515{padding-top: 30px !important;padding-right: 0px !important;padding-bottom: 30px !important;padding-left: 0px !important;}\u00bb][vc_column width=\u00bb1\/2&#8243;][vc_empty_space][vc_column_text css=\u00bb\u00bb]<\/p>\n<h5 style=\"text-align: left;\"><span style=\"color: #ea2d2e;\"><b>MARIA BESORA Y ALBA BOSCH-DUR\u00c1N <span style=\"font-weight: 400;\">(Catalu\u00f1a)<\/span><\/b><\/span><\/h5>\n<p>[\/vc_column_text][vc_empty_space][vc_column_text css=\u00bb\u00bb]<\/p>\n<p style=\"text-align: justify;\"><span style=\"font-weight: 400;\">Maria Besora es cineasta especializada en direcci\u00f3n y montaje cinematogr\u00e1fico. Tambi\u00e9n acompa\u00f1a proyectos de creaci\u00f3n cinematogr\u00e1fica para j\u00f3venes y es la jefa de proyecto del VOC Festival \u00d2mnium de Cortometrajes, donde tambi\u00e9n trabaja como programadora. Alba Bosch es productora ejecutiva y de desarrollo con larga trayectoria. Ha trabajado como asistente de producci\u00f3n y postproducci\u00f3n en varios proyectos, as\u00ed como en el desarrollo de guion, financiaci\u00f3n y gesti\u00f3n de medios de diversos proyectos audiovisuales. Tambi\u00e9n es tesorera de la junta de Dons Visuals y tutora de producci\u00f3n de la Acci\u00f3 Viver.<\/span><\/p>\n<p>[\/vc_column_text][vc_empty_space][vc_separator type=\u00bbnormal\u00bb border_style=\u00bb\u00bb][vc_empty_space][vc_column_text css=\u00bb\u00bb]<\/p>\n<h5 style=\"text-align: left;\"><span style=\"color: #ea2d2e;\"><b>CLARA GARRIGA <span style=\"font-weight: 400;\">(Menorca)<\/span><\/b><\/span><\/h5>\n<p>[\/vc_column_text][vc_empty_space][vc_column_text css=\u00bb\u00bb]<\/p>\n<p style=\"text-align: justify;\"><span style=\"font-weight: 400;\">Fot\u00f3grafa, vide\u00f3grafa y artista visual. Trabaja como aut\u00f3noma en diferentes proyectos art\u00edsticos y comerciales (eventos, producci\u00f3n documental y videoarte). Algunos de sus clientes han sido ayuntamiento e instituciones de Menorca, entidades privadas y editoriales como El Peri\u00f3dico de Catalu\u00f1a, Fundaci\u00f3 T\u00e0pies y Tecla sala o Lumen Studio, entre otros.<\/span><\/p>\n<p>[\/vc_column_text][vc_empty_space][vc_separator type=\u00bbnormal\u00bb border_style=\u00bb\u00bb][vc_empty_space][vc_column_text css=\u00bb\u00bb]<\/p>\n<h5 style=\"text-align: left;\"><span style=\"color: #ea2d2e;\"><b>ALIS SCHAEFFER Y JO\u00e3O BORGES <span style=\"font-weight: 400;\">(Catalu\u00f1a)<\/span><\/b><\/span><\/h5>\n<p>[\/vc_column_text][vc_empty_space][vc_column_text css=\u00bb\u00bb]<\/p>\n<p style=\"text-align: justify;\"><span style=\"font-weight: 400;\">Alis Schaeffer es cineasta, directora de arte y artista visual. Ha participado en varios proyectos audiovisuales, desde cortometrajes, documentales y videoclips hasta piezas publicitarias, trabajando espacios y construyendo narrativas. Actualmente, explora sensibilidades e inquietudes a trav\u00e9s de distintos medios, desarrollando proyectos que transitan en los medios art\u00edsticos. Jo\u00e3o Borges es graduado en filosof\u00eda, pol\u00edtica y econom\u00eda, periodista especializado en p\u00f3dcast y cr\u00edtica cultural. Colabora en medios como Panenka, MondoSonoro y N\u00favol con entrevistas, cr\u00f3nicas y rese\u00f1as de exposiciones, pel\u00edculas y series.<\/span><\/p>\n<p>[\/vc_column_text][\/vc_column][vc_column width=\u00bb1\/2&#8243;][vc_empty_space][vc_single_image image=\u00bb3618&#8243; img_size=\u00bbfull\u00bb css=\u00bb\u00bb qode_css_animation=\u00bb\u00bb][\/vc_column][\/vc_row][vc_row row_type=\u00bbrow\u00bb use_row_as_full_screen_section=\u00bbno\u00bb type=\u00bbfull_width\u00bb text_align=\u00bbleft\u00bb background_animation=\u00bbnone\u00bb css_animation=\u00bb\u00bb][vc_column][vc_empty_space][vc_empty_space][\/vc_column][\/vc_row]<\/p>\n<\/div>","protected":false},"excerpt":{"rendered":"<p>[vc_row row_type=\u00bbrow\u00bb use_row_as_full_screen_section=\u00bbno\u00bb type=\u00bbfull_width\u00bb text_align=\u00bbcenter\u00bb background_animation=\u00bbnone\u00bb css_animation=\u00bb\u00bb css=\u00bb.vc_custom_1610973632409{padding-bottom: 20px !important;}\u00bb][vc_column][vc_empty_space][vc_column_text css=\u00bb\u00bb] MENTOR\u00cdA BECA DE CREACI\u00d3N DOCUMENTAL DEL MENORCA DOC FEST [\/vc_column_text][vc_empty_space][vc_column_text css=\u00bb\u00bb] Artistas seleccionadas [\/vc_column_text][vc_empty_space][\/vc_column][\/vc_row][vc_row row_type=\u00bbrow\u00bb use_row_as_full_screen_section=\u00bbno\u00bb type=\u00bbfull_width\u00bb text_align=\u00bbleft\u00bb background_animation=\u00bbnone\u00bb css_animation=\u00bb\u00bb css=\u00bb.vc_custom_1610973590515{padding-top: 30px !important;padding-right: 0px !important;padding-bottom: 30px !important;padding-left: 0px !important;}\u00bb][vc_column width=\u00bb1\/2&#8243;][vc_empty_space][vc_column_text css=\u00bb\u00bb] MARIA BESORA Y&#8230;<\/p>\n","protected":false},"author":1,"featured_media":0,"parent":0,"menu_order":0,"comment_status":"closed","ping_status":"closed","template":"","meta":{"footnotes":""},"class_list":["post-3293","page","type-page","status-publish","hentry"],"_links":{"self":[{"href":"https:\/\/casadartistes.esfarcultural.net\/es\/wp-json\/wp\/v2\/pages\/3293","targetHints":{"allow":["GET"]}}],"collection":[{"href":"https:\/\/casadartistes.esfarcultural.net\/es\/wp-json\/wp\/v2\/pages"}],"about":[{"href":"https:\/\/casadartistes.esfarcultural.net\/es\/wp-json\/wp\/v2\/types\/page"}],"author":[{"embeddable":true,"href":"https:\/\/casadartistes.esfarcultural.net\/es\/wp-json\/wp\/v2\/users\/1"}],"replies":[{"embeddable":true,"href":"https:\/\/casadartistes.esfarcultural.net\/es\/wp-json\/wp\/v2\/comments?post=3293"}],"version-history":[{"count":16,"href":"https:\/\/casadartistes.esfarcultural.net\/es\/wp-json\/wp\/v2\/pages\/3293\/revisions"}],"predecessor-version":[{"id":3806,"href":"https:\/\/casadartistes.esfarcultural.net\/es\/wp-json\/wp\/v2\/pages\/3293\/revisions\/3806"}],"wp:attachment":[{"href":"https:\/\/casadartistes.esfarcultural.net\/es\/wp-json\/wp\/v2\/media?parent=3293"}],"curies":[{"name":"wp","href":"https:\/\/api.w.org\/{rel}","templated":true}]}}