{"id":3291,"date":"2024-09-06T07:31:48","date_gmt":"2024-09-06T07:31:48","guid":{"rendered":"https:\/\/casadartistes.esfarcultural.net\/?page_id=3291"},"modified":"2024-09-06T15:00:27","modified_gmt":"2024-09-06T15:00:27","slug":"residencia-biosfera","status":"publish","type":"page","link":"https:\/\/casadartistes.esfarcultural.net\/es\/residencia-biosfera","title":{"rendered":"RESID\u00c8NCIA BIOSFERA"},"content":{"rendered":"<div class=\"wpb-content-wrapper\"><p>[vc_row row_type=\u00bbrow\u00bb use_row_as_full_screen_section=\u00bbno\u00bb type=\u00bbfull_width\u00bb text_align=\u00bbcenter\u00bb background_animation=\u00bbnone\u00bb css_animation=\u00bb\u00bb css=\u00bb.vc_custom_1610973632409{padding-bottom: 20px !important;}\u00bb][vc_column][vc_empty_space][vc_column_text css=\u00bb\u00bb]<\/p>\n<h1 style=\"text-align: left;\"><strong>RESIDENCIA BIOSFERA<\/strong><\/h1>\n<p>[\/vc_column_text][vc_column_text css=\u00bb\u00bb]<\/p>\n<h3 style=\"text-align: left;\"><span style=\"color: #ea2d2e;\">Con mentor\u00eda de la guionista y directora <a href=\"http:\/\/www.laiamanresa.com\/\">Laia Manresa<\/a><\/span><\/h3>\n<p>[\/vc_column_text][vc_empty_space][vc_empty_space][vc_empty_space][vc_column_text css=\u00bb\u00bb]<\/p>\n<h3 style=\"text-align: left;\"><span style=\"color: #ea2d2e;\">Artistas seleccionadas<\/span><\/h3>\n<p>[\/vc_column_text][\/vc_column][\/vc_row][vc_row row_type=\u00bbrow\u00bb use_row_as_full_screen_section=\u00bbno\u00bb type=\u00bbfull_width\u00bb text_align=\u00bbleft\u00bb background_animation=\u00bbnone\u00bb css_animation=\u00bb\u00bb css=\u00bb.vc_custom_1610973590515{padding-top: 30px !important;padding-right: 0px !important;padding-bottom: 30px !important;padding-left: 0px !important;}\u00bb][vc_column width=\u00bb2\/3&#8243;][vc_empty_space][vc_column_text css=\u00bb\u00bb]<\/p>\n<h5 style=\"text-align: left;\"><span style=\"color: #ea2d2e;\"><b>CLAUDIA BARTHELEMY<\/b><\/span><\/h5>\n<p>[\/vc_column_text][vc_empty_space][vc_column_text css=\u00bb\u00bb]<b>Claudia Barthelemy<\/b><span style=\"font-weight: 400;\"> (Menorca, 1991) es cineasta y antrop\u00f3loga especializada en el uso de herramientas etnogr\u00e1ficas para la diversidad audiovisual. Colabora con productoras nacionales e internacionales como guionista, asesora y\/o investigadora. Sus proyectos han participado en laboratorios como Docs Barcelona, \u200b\u200bCoofilm (como mentora de gui\u00f3n documental del programa Mastermind), Cima Impulsa y las Residencias de la Academia del Cine.<\/span><\/p>\n<p>&nbsp;<\/p>\n<p><span style=\"font-weight: 400;\">Ha dirigido y escrito los cortometrajes documentales \u00abNota de voz pendiente\u00bb (Encuentro Estatal de Violencia Vicaria e Institucional, Volando Vengo), \u00abReminiscencias de una convivencia\u00bb (Ayuntamiento de El Vell\u00f3n, Taller Fractal), \u00abLib\u00e9rate\u00bb codirigido con Andrea Casaseca (Teatro Fern\u00e1n G\u00f3mez), la pieza multimedia \u00abLa vida\u00bb, codirigido con Cristina Amate, y ha escrito el gui\u00f3n del cortometraje documental \u00abVida\u00bb de Hendrik Rojas, quien tambi\u00e9n ha editado. Ha participado en el proyecto colectivo \u00abArchipi\u00e9lago\u00bb (Colectivo Archipi\u00e9lago y Cochabamba Films) y ha producido el documental de ficci\u00f3n \u00abTiempo\u00bb de Cristina Amate, en fase de postproducci\u00f3n; la fotograf\u00eda forma parte, tambi\u00e9n, de su trabajo (\u201cJambar\u201d).<\/span><\/p>\n<p>&nbsp;<\/p>\n<p><span style=\"font-weight: 400;\">Actualmente, est\u00e1 inmersa en la finalizaci\u00f3n del documental creativo \u201cRojo y sus platillos voladores\u201d, y en la investigaci\u00f3n y escritura del gui\u00f3n, coescrito con Ana Puentes, del documental \u201cTaranta\u201d de Samuel Nacar.<\/span><\/p>\n<p>&nbsp;<\/p>\n<p>&nbsp;<\/p>\n<p><a href=\"https:\/\/www.claudiabarthelemy.com\/es\/\">claudiabarthelemy.com<\/a>[\/vc_column_text][vc_empty_space][vc_empty_space][\/vc_column][vc_column width=\u00bb1\/3&#8243;][vc_empty_space]<div class='image_hover ' style='' data-transition-delay=''><div class='images_holder'><img class='' src='https:\/\/casadartistes.esfarcultural.net\/wp-content\/uploads\/2024\/09\/Foto_ClaudiaBarthelemy-1-scaled.jpg' alt='' style='' \/><img class='hover_image' src='' alt='' style='' \/><\/div><\/div>[vc_empty_space][\/vc_column][\/vc_row][vc_row row_type=\u00bbrow\u00bb use_row_as_full_screen_section=\u00bbno\u00bb type=\u00bbfull_width\u00bb text_align=\u00bbleft\u00bb background_animation=\u00bbnone\u00bb css_animation=\u00bb\u00bb][vc_column][vc_empty_space][vc_separator type=\u00bbnormal\u00bb border_style=\u00bb\u00bb][vc_empty_space][\/vc_column][\/vc_row][vc_row row_type=\u00bbrow\u00bb use_row_as_full_screen_section=\u00bbno\u00bb type=\u00bbfull_width\u00bb text_align=\u00bbleft\u00bb background_animation=\u00bbnone\u00bb css_animation=\u00bb\u00bb css=\u00bb.vc_custom_1610973590515{padding-top: 30px !important;padding-right: 0px !important;padding-bottom: 30px !important;padding-left: 0px !important;}\u00bb][vc_column width=\u00bb2\/3&#8243;][vc_empty_space][vc_column_text css=\u00bb\u00bb]<\/p>\n<h5 style=\"text-align: left;\"><span style=\"color: #ea2d2e;\"><b>MACI\u00c0 FLORIT CAMPINS<\/b><\/span><\/h5>\n<p>[\/vc_column_text][vc_empty_space][vc_column_text css=\u00bb\u00bb]<b>Maci\u00e0 Florit Campins<\/b><span style=\"font-weight: 400;\"> (Menorca, 1990) es director de cine. Se gradu\u00f3 en Humanidades por la Universidad Pompeu Fabra y, gracias a la beca DOCMA, curs\u00f3 el m\u00e1ster en Cine Documental en el IPECC-Centro Cultural Matadero (Madrid).<\/span><\/p>\n<p>&nbsp;<\/p>\n<p><span style=\"font-weight: 400;\">Desde 2015, trabaja como director y montador en la productora cinematogr\u00e1fica independiente Elsabeth, con sede en Solsona. Su experiencia profesional incluye la producci\u00f3n de programas culturales de televisi\u00f3n, videos musicales y largometrajes documentales y de ficci\u00f3n.<\/span><\/p>\n<p>&nbsp;<\/p>\n<p><span style=\"font-weight: 400;\">En 2020, entra como socio en Elsabeth Produccions y, junto con su socio Xavier Puig, producen, realizan y editan programas como \u201cEl retorn de les lluernes\u201d (2020), \u201cUna hist\u00f2ria de la literatura\u201d (2021) o \u201cLes feres\u201d (2024), documentales como \u201cTotes les criatures\u201d (2021), \u201cMorente i Barcelona\u201d (2023), \u201cPa\u00eds de t\u00f2fona\u201d (2023), y sesiones de m\u00fasica en directo para el proyecto \u201cDirectori de les m\u00fasiques del Cardener\u201d.<\/span><\/p>\n<p>&nbsp;<\/p>\n<p><span style=\"font-weight: 400;\">Despu\u00e9s de dirigir cuatro cortos documentales, en 2021 estren\u00f3 \u00abPedra p\u00e0tria\u00bb, su primer largometraje como director. La pel\u00edcula se estren\u00f3 en Doclisboa, nominada al premio europeo Doc Alliance, y seleccionada en m\u00faltiples festivales nacionales e internacionales, entre los que destacan Visions du R\u00e9el, DOK Leipzig, Black Canvas, Mayordocs o Alcances, donde recibi\u00f3 el premio en la mejor pel\u00edcula. El cortometraje documental \u00abT\u00f2tem\u00bb es su \u00faltimo trabajo cinematogr\u00e1fico.<\/span>[\/vc_column_text][vc_empty_space][vc_empty_space][\/vc_column][vc_column width=\u00bb1\/3&#8243;][vc_empty_space]<div class='image_hover ' style='' data-transition-delay=''><div class='images_holder'><img class='' src='https:\/\/casadartistes.esfarcultural.net\/wp-content\/uploads\/2024\/09\/Macia-Florit-\u00a9-Laia-Serch-1.jpg' alt='' style='' \/><img class='hover_image' src='' alt='' style='' \/><\/div><\/div>[vc_empty_space][\/vc_column][\/vc_row][vc_row row_type=\u00bbrow\u00bb use_row_as_full_screen_section=\u00bbno\u00bb type=\u00bbfull_width\u00bb text_align=\u00bbleft\u00bb background_animation=\u00bbnone\u00bb css_animation=\u00bb\u00bb][vc_column][vc_empty_space][vc_separator type=\u00bbnormal\u00bb border_style=\u00bb\u00bb][vc_empty_space][\/vc_column][\/vc_row][vc_row row_type=\u00bbrow\u00bb use_row_as_full_screen_section=\u00bbno\u00bb type=\u00bbfull_width\u00bb text_align=\u00bbleft\u00bb background_animation=\u00bbnone\u00bb css_animation=\u00bb\u00bb css=\u00bb.vc_custom_1610973590515{padding-top: 30px !important;padding-right: 0px !important;padding-bottom: 30px !important;padding-left: 0px !important;}\u00bb][vc_column width=\u00bb2\/3&#8243;][vc_empty_space][vc_column_text css=\u00bb\u00bb]<\/p>\n<h5 style=\"text-align: left;\"><span style=\"color: #ea2d2e;\"><b>ARNAU CLOQUELLS<\/b><\/span><\/h5>\n<p>[\/vc_column_text][vc_empty_space][vc_column_text css=\u00bb\u00bb]<b>Arnau Cloquells <\/b><span style=\"font-weight: 400;\">(Menorca, 2001) es creador audiovisual, cineasta y freelance. Ha cursado el grado en cinematograf\u00eda, Bande \u00e0 Part (2020-2022), especializ\u00e1ndose, posteriormente, en montaje, en el ESCAC (2022-2023). Es un apasionado de la fotograf\u00eda y del v\u00eddeo, algunos de cuyos proyectos personales han sido premiados en distintos cert\u00e1menes (Primer premio en el certamen de fotograf\u00eda submarina para la preservaci\u00f3n del mar Balear, MARE, con la fotograf\u00eda \u00abTocant el mar\u00bb, 2021). Muchas de sus obras, tanto fotogr\u00e1ficas como audiovisuales, est\u00e1n fuertemente influenciadas por el mar y el entorno natural.<\/span><\/p>\n<p>&nbsp;<\/p>\n<p><span style=\"font-weight: 400;\">Ha trabajado en diversas especialidades del mundo audiovisual: director de fotograf\u00eda (\u201cSol sol\u201d, \u201cEl que haur\u00edem fet\u201d, \u201cRamat\u201d&#8230;), montador (\u201cEn Mesquida\u201d, la docuserie \u201cEls inexperts\u201d&#8230;), color \u201cEl que haur\u00edem fet\u201d, \u201cEstiu blau\u201d&#8230;), t\u00e9cnico de sonido (\u201cRamon Coll\u201d de la docuserie \u201cMenorquins\u201d&#8230;), ayudante de producci\u00f3n (\u201cBluebanana x Sevilla\u201d&#8230;) \u2026 Su obra comprende tanto el documental, como la ficci\u00f3n, la publicidad (Es Paput, BlueBanana Brand, Buragun Menorca\u2026) y el videoclip (Titu Mart\u00ed, Verlaat, Paunezz, Fiappii\u2026). Como director ha dirigido los cortometrajes documentales \u00abTao\u00bb (2021) y \u00abMar pla\u00bb (2023).<\/span><\/p>\n<p>&nbsp;<\/p>\n<p>&nbsp;<\/p>\n<p><a href=\"https:\/\/arnicloq.com\/\">arnicloq.com<\/a>[\/vc_column_text][vc_empty_space][vc_empty_space][\/vc_column][vc_column width=\u00bb1\/3&#8243;][vc_empty_space]<div class='image_hover ' style='' data-transition-delay=''><div class='images_holder'><img class='' src='https:\/\/casadartistes.esfarcultural.net\/wp-content\/uploads\/2024\/09\/000452-013-VK-scaled.jpg' alt='' style='' \/><img class='hover_image' src='' alt='' style='' \/><\/div><\/div>[vc_empty_space][\/vc_column][\/vc_row][vc_row row_type=\u00bbrow\u00bb use_row_as_full_screen_section=\u00bbno\u00bb type=\u00bbfull_width\u00bb text_align=\u00bbleft\u00bb background_animation=\u00bbnone\u00bb css_animation=\u00bb\u00bb][vc_column][vc_empty_space][vc_separator type=\u00bbnormal\u00bb border_style=\u00bb\u00bb][\/vc_column][\/vc_row]<\/p>\n<\/div>","protected":false},"excerpt":{"rendered":"<p>[vc_row row_type=\u00bbrow\u00bb use_row_as_full_screen_section=\u00bbno\u00bb type=\u00bbfull_width\u00bb text_align=\u00bbcenter\u00bb background_animation=\u00bbnone\u00bb css_animation=\u00bb\u00bb css=\u00bb.vc_custom_1610973632409{padding-bottom: 20px !important;}\u00bb][vc_column][vc_empty_space][vc_column_text css=\u00bb\u00bb] RESIDENCIA BIOSFERA [\/vc_column_text][vc_column_text css=\u00bb\u00bb] Con mentor\u00eda de la guionista y directora Laia Manresa [\/vc_column_text][vc_empty_space][vc_empty_space][vc_empty_space][vc_column_text css=\u00bb\u00bb] Artistas seleccionadas [\/vc_column_text][\/vc_column][\/vc_row][vc_row row_type=\u00bbrow\u00bb use_row_as_full_screen_section=\u00bbno\u00bb type=\u00bbfull_width\u00bb text_align=\u00bbleft\u00bb background_animation=\u00bbnone\u00bb css_animation=\u00bb\u00bb css=\u00bb.vc_custom_1610973590515{padding-top: 30px !important;padding-right: 0px !important;padding-bottom: 30px !important;padding-left: 0px !important;}\u00bb][vc_column width=\u00bb2\/3&#8243;][vc_empty_space][vc_column_text&#8230;<\/p>\n","protected":false},"author":1,"featured_media":0,"parent":0,"menu_order":0,"comment_status":"closed","ping_status":"closed","template":"","meta":{"footnotes":""},"class_list":["post-3291","page","type-page","status-publish","hentry"],"_links":{"self":[{"href":"https:\/\/casadartistes.esfarcultural.net\/es\/wp-json\/wp\/v2\/pages\/3291","targetHints":{"allow":["GET"]}}],"collection":[{"href":"https:\/\/casadartistes.esfarcultural.net\/es\/wp-json\/wp\/v2\/pages"}],"about":[{"href":"https:\/\/casadartistes.esfarcultural.net\/es\/wp-json\/wp\/v2\/types\/page"}],"author":[{"embeddable":true,"href":"https:\/\/casadartistes.esfarcultural.net\/es\/wp-json\/wp\/v2\/users\/1"}],"replies":[{"embeddable":true,"href":"https:\/\/casadartistes.esfarcultural.net\/es\/wp-json\/wp\/v2\/comments?post=3291"}],"version-history":[{"count":12,"href":"https:\/\/casadartistes.esfarcultural.net\/es\/wp-json\/wp\/v2\/pages\/3291\/revisions"}],"predecessor-version":[{"id":3331,"href":"https:\/\/casadartistes.esfarcultural.net\/es\/wp-json\/wp\/v2\/pages\/3291\/revisions\/3331"}],"wp:attachment":[{"href":"https:\/\/casadartistes.esfarcultural.net\/es\/wp-json\/wp\/v2\/media?parent=3291"}],"curies":[{"name":"wp","href":"https:\/\/api.w.org\/{rel}","templated":true}]}}