{"id":3289,"date":"2024-09-06T07:28:46","date_gmt":"2024-09-06T07:28:46","guid":{"rendered":"https:\/\/casadartistes.esfarcultural.net\/?page_id=3289"},"modified":"2024-09-06T10:10:08","modified_gmt":"2024-09-06T10:10:08","slug":"residencia-llentrisca","status":"publish","type":"page","link":"https:\/\/casadartistes.esfarcultural.net\/es\/residencia-llentrisca","title":{"rendered":"RESID\u00c8NCIA LLENTRISCA"},"content":{"rendered":"<div class=\"wpb-content-wrapper\"><p>[vc_row row_type=\u00bbrow\u00bb use_row_as_full_screen_section=\u00bbno\u00bb type=\u00bbfull_width\u00bb text_align=\u00bbcenter\u00bb background_animation=\u00bbnone\u00bb css_animation=\u00bb\u00bb css=\u00bb.vc_custom_1610973632409{padding-bottom: 20px !important;}\u00bb][vc_column][vc_empty_space][vc_column_text css=\u00bb\u00bb]<\/p>\n<h1 style=\"text-align: left;\"><strong>RESIDENCIA \u00abLLENTRISCA\u00bb<\/strong><\/h1>\n<p>[\/vc_column_text][vc_empty_space][vc_column_text css=\u00bb\u00bb]<\/p>\n<h3 style=\"text-align: left;\"><span style=\"color: #ea2d2e;\">Artista seleccionado<\/span><\/h3>\n<p>[\/vc_column_text][vc_empty_space][\/vc_column][\/vc_row][vc_row row_type=\u00bbrow\u00bb use_row_as_full_screen_section=\u00bbno\u00bb type=\u00bbfull_width\u00bb text_align=\u00bbleft\u00bb background_animation=\u00bbnone\u00bb css_animation=\u00bb\u00bb css=\u00bb.vc_custom_1610973590515{padding-top: 30px !important;padding-right: 0px !important;padding-bottom: 30px !important;padding-left: 0px !important;}\u00bb][vc_column width=\u00bb2\/3&#8243;][vc_empty_space][vc_column_text css=\u00bb\u00bb]<\/p>\n<h5 style=\"text-align: left;\"><span style=\"color: #ea2d2e;\"><b>DAMI\u00c0 ROTGER MIR\u00d3<\/b><\/span><\/h5>\n<p>[\/vc_column_text][vc_empty_space][vc_column_text css=\u00bb\u00bb]<span style=\"font-weight: 400;\">Dami\u00e0 Rotger Mir\u00f3, Ferreries, Menorca, 1981. Hace casi veinte a\u00f1os que est\u00e1 establecido en Mallorca. Su vida est\u00e1 envuelta de letras y palabras. Es tip\u00f3grafo, docente y poeta. Tambi\u00e9n autor de <\/span><i><span style=\"font-weight: 400;\">El pa\u00eds dels rellotges<\/span><\/i><span style=\"font-weight: 400;\">, cuento juvenil galardonado con el primer Premio Francesc d\u2019Albranca y de los poemarios <\/span><i><span style=\"font-weight: 400;\">Grams de tu<\/span><\/i><span style=\"font-weight: 400;\"> (Ed. Menorca, 2015. Segundo premio Illa de Menorca), <\/span><i><span style=\"font-weight: 400;\">Lletrescades<\/span><\/i><span style=\"font-weight: 400;\"> (Ed. Campgr\u00e0fic, 2016), <\/span><i><span style=\"font-weight: 400;\">482 mm<\/span><\/i><span style=\"font-weight: 400;\"> (Ed. Bilib\u00fa, 2018), <\/span><i><span style=\"font-weight: 400;\">Ar\u00e8ola<\/span><\/i><span style=\"font-weight: 400;\"> (Adia Edicions, 2019. Premio Bernat Vidal i Tom\u00e0s 2019), <\/span><i><span style=\"font-weight: 400;\">Llibre d&#8217;esvalots<\/span><\/i><span style=\"font-weight: 400;\"> (editorial Moll, 2021), <\/span><i><span style=\"font-weight: 400;\">Umbilical<\/span><\/i><span style=\"font-weight: 400;\"> (editorial Moll, 2023) y <\/span><i><span style=\"font-weight: 400;\">Calls al gest<\/span><\/i><span style=\"font-weight: 400;\"> (Vincle editorial, 2023 premi Teodor Llorente)<\/span><span style=\"font-weight: 400;\">. Sus poemas se han publicado en las antolog\u00edas <\/span><i><span style=\"font-weight: 400;\">Illanvers<\/span><\/i><span style=\"font-weight: 400;\"> (2016), <\/span><i><span style=\"font-weight: 400;\">Mianorca<\/span><\/i><span style=\"font-weight: 400;\"> (2016), <\/span><i><span style=\"font-weight: 400;\">Lletraferits<\/span><\/i><span style=\"font-weight: 400;\"> (2017), <\/span><i><span style=\"font-weight: 400;\">Veus Paral\u00b7leles<\/span><\/i><span style=\"font-weight: 400;\"> (2017), <\/span><i><span style=\"font-weight: 400;\">Versus<\/span><\/i><span style=\"font-weight: 400;\"> (2019), <\/span><i><span style=\"font-weight: 400;\">Illanvers<\/span><\/i><span style=\"font-weight: 400;\"> (2021), <\/span><i><span style=\"font-weight: 400;\">Beyond the Language<\/span><\/i><span style=\"font-weight: 400;\"> (Anglaterra, 2022), <\/span><i><span style=\"font-weight: 400;\">En clars abismes se\u2019m fa desig<\/span><\/i><span style=\"font-weight: 400;\"> (Eivissa, 2022) y en <\/span><i><span style=\"font-weight: 400;\">Illanvers<\/span><\/i><span style=\"font-weight: 400;\"> (2021)<\/span><span style=\"font-weight: 400;\"> y de una parte del libro <\/span><i><span style=\"font-weight: 400;\">Sgt. Pepper\u2019s a trav\u00e9s del espejo<\/span><\/i><span style=\"font-weight: 400;\"> (T&#038;B Editores, 2017)<\/span><span style=\"font-weight: 400;\">. Junto con Marc Fuentes, ha publicado los fanzines punks-po\u00e9ticos <\/span><i><span style=\"font-weight: 400;\">Nedar la fosca<\/span><\/i><span style=\"font-weight: 400;\"> (2016), <\/span><i><span style=\"font-weight: 400;\">La carn i l\u2019innombrable<\/span><\/i><span style=\"font-weight: 400;\"> (2017) i <\/span><i><span style=\"font-weight: 400;\">Suor negra<\/span><\/i><span style=\"font-weight: 400;\"> (2018)<\/span><span style=\"font-weight: 400;\">. Sus poemas se han traducido al castellano, ingl\u00e9s, italiano y polaco.<\/span><\/p>\n<p>&nbsp;<\/p>\n<p><span style=\"font-weight: 400;\">Su inter\u00e9s por la poes\u00eda dicha, lo ha llevado a recitar en multitud de actos, presentaciones, fiestas y festivales de todo el pa\u00eds y a organizar, desde hace algunos a\u00f1os, \u00abLluna de mala lengua\u00bb, recitales po\u00e9ticos donde los versos inundan la noche palmesana.\u00a0<\/span><\/p>\n<p><span style=\"font-weight: 400;\">Es vocal de las Islas Baleares de la <\/span><span style=\"font-weight: 400;\">Associaci\u00f3 d&#8217;Escriptors amb Llengua Catalana (AELC)<\/span><span style=\"font-weight: 400;\">, dise\u00f1ador editorial y de identidad gr\u00e1fica de la m\u00edtica colecci\u00f3n Balenguera en Editorial Moll y desde el 2023 asesor tipogr\u00e1fico de la prestigiosa editorial Campgr\u00e0fic.<\/span><\/p>\n<p>&nbsp;<\/p>\n<p><span style=\"font-weight: 400;\">Como tip\u00f3grafo es profesor de dise\u00f1o tipogr\u00e1fico, historia de la tipograf\u00eda y proyectos editoriales en EDIB, y autor de m\u00e1s de una docena de nuevas familias tipogr\u00e1ficas, tanto de recreaci\u00f3n hist\u00f3rica como de formulaci\u00f3n contempor\u00e1nea. Ha obtenido numerosos premios y reconocimientos nacionales e internacionales y sus trabajos se han expuesto y publicado por todo el mundo; Mallorca, Barcelona, Am\u00e9rica, Madrid, Francia, China, R\u00edo de Janeiro, Val\u00e8ncia, Alemania, etc.<\/span>[\/vc_column_text][vc_empty_space][vc_empty_space][\/vc_column][vc_column width=\u00bb1\/3&#8243;][vc_empty_space]<div class='image_hover ' style='' data-transition-delay=''><div class='images_holder'><img class='' src='https:\/\/casadartistes.esfarcultural.net\/wp-content\/uploads\/2024\/09\/48262e5e-e8cb-4357-9d34-6fdffec30286.jpg' alt='' style='' \/><img class='hover_image' src='' alt='' style='' \/><\/div><\/div>[vc_empty_space][\/vc_column][\/vc_row][vc_row row_type=\u00bbrow\u00bb use_row_as_full_screen_section=\u00bbno\u00bb type=\u00bbfull_width\u00bb text_align=\u00bbleft\u00bb background_animation=\u00bbnone\u00bb css_animation=\u00bb\u00bb][vc_column][vc_empty_space][vc_separator type=\u00bbnormal\u00bb border_style=\u00bb\u00bb][vc_empty_space][\/vc_column][\/vc_row]<\/p>\n<\/div>","protected":false},"excerpt":{"rendered":"<p>[vc_row row_type=\u00bbrow\u00bb use_row_as_full_screen_section=\u00bbno\u00bb type=\u00bbfull_width\u00bb text_align=\u00bbcenter\u00bb background_animation=\u00bbnone\u00bb css_animation=\u00bb\u00bb css=\u00bb.vc_custom_1610973632409{padding-bottom: 20px !important;}\u00bb][vc_column][vc_empty_space][vc_column_text css=\u00bb\u00bb] RESIDENCIA \u00abLLENTRISCA\u00bb [\/vc_column_text][vc_empty_space][vc_column_text css=\u00bb\u00bb] Artista seleccionado [\/vc_column_text][vc_empty_space][\/vc_column][\/vc_row][vc_row row_type=\u00bbrow\u00bb use_row_as_full_screen_section=\u00bbno\u00bb type=\u00bbfull_width\u00bb text_align=\u00bbleft\u00bb background_animation=\u00bbnone\u00bb css_animation=\u00bb\u00bb css=\u00bb.vc_custom_1610973590515{padding-top: 30px !important;padding-right: 0px !important;padding-bottom: 30px !important;padding-left: 0px !important;}\u00bb][vc_column width=\u00bb2\/3&#8243;][vc_empty_space][vc_column_text css=\u00bb\u00bb] DAMI\u00c0 ROTGER MIR\u00d3 [\/vc_column_text][vc_empty_space][vc_column_text css=\u00bb\u00bb]Dami\u00e0 Rotger Mir\u00f3, Ferreries, Menorca, 1981&#8230;.<\/p>\n","protected":false},"author":1,"featured_media":0,"parent":0,"menu_order":0,"comment_status":"closed","ping_status":"closed","template":"","meta":{"footnotes":""},"class_list":["post-3289","page","type-page","status-publish","hentry"],"_links":{"self":[{"href":"https:\/\/casadartistes.esfarcultural.net\/es\/wp-json\/wp\/v2\/pages\/3289","targetHints":{"allow":["GET"]}}],"collection":[{"href":"https:\/\/casadartistes.esfarcultural.net\/es\/wp-json\/wp\/v2\/pages"}],"about":[{"href":"https:\/\/casadartistes.esfarcultural.net\/es\/wp-json\/wp\/v2\/types\/page"}],"author":[{"embeddable":true,"href":"https:\/\/casadartistes.esfarcultural.net\/es\/wp-json\/wp\/v2\/users\/1"}],"replies":[{"embeddable":true,"href":"https:\/\/casadartistes.esfarcultural.net\/es\/wp-json\/wp\/v2\/comments?post=3289"}],"version-history":[{"count":6,"href":"https:\/\/casadartistes.esfarcultural.net\/es\/wp-json\/wp\/v2\/pages\/3289\/revisions"}],"predecessor-version":[{"id":3307,"href":"https:\/\/casadartistes.esfarcultural.net\/es\/wp-json\/wp\/v2\/pages\/3289\/revisions\/3307"}],"wp:attachment":[{"href":"https:\/\/casadartistes.esfarcultural.net\/es\/wp-json\/wp\/v2\/media?parent=3289"}],"curies":[{"name":"wp","href":"https:\/\/api.w.org\/{rel}","templated":true}]}}