{"id":3283,"date":"2024-09-06T07:22:41","date_gmt":"2024-09-06T07:22:41","guid":{"rendered":"https:\/\/casadartistes.esfarcultural.net\/?page_id=3283"},"modified":"2024-09-06T08:55:21","modified_gmt":"2024-09-06T08:55:21","slug":"residencia-stripart","status":"publish","type":"page","link":"https:\/\/casadartistes.esfarcultural.net\/es\/residencia-stripart","title":{"rendered":"RESID\u00c8NCIA STRIPART"},"content":{"rendered":"<div class=\"wpb-content-wrapper\"><p>[vc_row row_type=\u00bbrow\u00bb use_row_as_full_screen_section=\u00bbno\u00bb type=\u00bbfull_width\u00bb text_align=\u00bbcenter\u00bb background_animation=\u00bbnone\u00bb css_animation=\u00bb\u00bb css=\u00bb.vc_custom_1610973632409{padding-bottom: 20px !important;}\u00bb][vc_column][vc_empty_space][vc_column_text css=\u00bb\u00bb]<\/p>\n<h1 style=\"text-align: left;\"><strong>RESIDENCIA STRIPART<\/strong><\/h1>\n<p>[\/vc_column_text][vc_empty_space][vc_column_text css=\u00bb\u00bb]<\/p>\n<h3 style=\"text-align: left;\"><span style=\"color: #ea2d2e;\">Artista seleccionada<\/span><\/h3>\n<p>[\/vc_column_text][vc_empty_space][\/vc_column][\/vc_row][vc_row row_type=\u00bbrow\u00bb use_row_as_full_screen_section=\u00bbno\u00bb type=\u00bbfull_width\u00bb text_align=\u00bbleft\u00bb background_animation=\u00bbnone\u00bb css_animation=\u00bb\u00bb css=\u00bb.vc_custom_1610973590515{padding-top: 30px !important;padding-right: 0px !important;padding-bottom: 30px !important;padding-left: 0px !important;}\u00bb][vc_column width=\u00bb2\/3&#8243;][vc_empty_space][vc_column_text css=\u00bb\u00bb]<\/p>\n<h5 style=\"text-align: left;\"><span style=\"color: #ea2d2e;\"><b>CRISTINA REID<\/b><\/span><\/h5>\n<p>[\/vc_column_text][vc_empty_space][vc_column_text css=\u00bb\u00bb]<\/p>\n<p style=\"text-align: justify;\"><span style=\"font-weight: 400;\">La pr\u00e1ctica multidisciplinar de Cristina Reid se centra en la recopilaci\u00f3n, manipulaci\u00f3n, fragmentaci\u00f3n y distorsi\u00f3n de medios, im\u00e1genes e informaci\u00f3n. Trabaja\u00a0 con v\u00eddeo, instalaciones y collage, y explora c\u00f3mo se difunden y experimentan los medios de comunicaci\u00f3n a trav\u00e9s del tiempo. Le interesa la semi\u00f3tica y las estructuras de poder que influyen en el funcionamiento de las im\u00e1genes, as\u00ed como las narrativas e interconexiones que se producen cuando se ponen en contacto im\u00e1genes diversas. Su formaci\u00f3n en Historia del Arte y archiv\u00edstica influye en su pr\u00e1ctica, ya que trabaja a partir de un archivo de im\u00e1genes personales encontradas para explorar c\u00f3mo su descontextualizaci\u00f3n destaca el peso y el absurdo de las im\u00e1genes y la informaci\u00f3n infiltr\u00e1ndose en la conciencia colectiva.<\/span><\/p>\n<p>[\/vc_column_text][vc_empty_space][vc_empty_space][vc_column_text css=\u00bb\u00bb]<\/p>\n<p style=\"text-align: justify;\"><span style=\"font-weight: 400;\">Cristina Reid (1993, Nueva York) es una artista multidisciplinar residente en Barcelona. Es licenciada en Historia del Arte por la Syracuse University y titulada en Bellas Artes por Met\u00e0fora Studio Arts en Barcelona, donde defendi\u00f3 su tesis en el MACBA Centre d\u2019Estudis. Ha participado en exposiciones colectivas en FOC, Mutuo Centro y la Galer\u00eda Joan Prats. Su trabajo ha sido expuesto en el Loop Festival (Barcelona 2022), Sala Equis (Madrid 2023) y,<\/span><span style=\"font-weight: 400;\"> actualmente, se puede visitar una exposici\u00f3n individual de su obra en Espai Souvenir durante el Festival de Arte Emergente Art Nou (Barcelona 2024).<\/span><span style=\"font-weight: 400;\"> Est\u00e1 terminando, tambi\u00e9n, un m\u00e1ster en Producci\u00f3n e Investigaci\u00f3n Art\u00edstica en la Universitat de Barcelona, y es residente en Tangent Projects.<\/span><\/p>\n<p>&nbsp;<\/p>\n<p>&nbsp;<\/p>\n<p><a href=\"https:\/\/www.cristinareid.com\/\">cristinareid.com<\/a><\/p>\n<p>&nbsp;<\/p>\n<p>&nbsp;<\/p>\n<p>&nbsp;<\/p>\n<div class=\"content content_top_margin\">\n<div class=\"content_inner\">\n<div class=\"container\">\n<div class=\"container_inner default_template_holder clearfix\">\n<div class=\"wpb-content-wrapper\">\n<div class=\"vc_row wpb_row section vc_row-fluid \">\n<div class=\" full_section_inner clearfix\">\n<div class=\"wpb_column vc_column_container vc_col-sm-12\">\n<div class=\"vc_column-inner\">\n<div class=\"wpb_wrapper\">\n<div class=\"wpb_text_column wpb_content_element \">\n<div class=\"wpb_wrapper\">\n<p><strong>Con la colaboraci\u00f3n de <a href=\"https:\/\/ajuntament.barcelona.cat\/ccivics\/guinardo\/\">Centre C\u00edvic Guinard\u00f3<\/a> y\u00a0<a href=\"https:\/\/stripart.cat\/\">Festival Stripart<\/a>.<\/strong><\/p>\n<\/div>\n<\/div>\n<\/div>\n<\/div>\n<\/div>\n<\/div>\n<\/div>\n<\/div>\n<\/div>\n<\/div>\n<\/div>\n<\/div>\n<footer class=\"qodef-page-footer \">\n<div class=\"footer_inner clearfix\">\n<div class=\"footer_top_holder\">\n<div class=\"footer_top footer_top_full\">\n<div class=\"four_columns clearfix\">\n<div class=\"qode_column column2\">\n<div class=\"column_inner\"><\/div>\n<\/div>\n<\/div>\n<\/div>\n<\/div>\n<\/div>\n<\/footer>\n<p>[\/vc_column_text][\/vc_column][vc_column width=\u00bb1\/3&#8243;][vc_empty_space]<div class='image_hover ' style='' data-transition-delay=''><div class='images_holder'><img class='' src='https:\/\/casadartistes.esfarcultural.net\/wp-content\/uploads\/2024\/09\/Untitled-2.jpg' alt='' style='' \/><img class='hover_image' src='' alt='' style='' \/><\/div><\/div>[vc_empty_space]<div class='image_hover ' style='' data-transition-delay=''><div class='images_holder'><img class='' src='https:\/\/casadartistes.esfarcultural.net\/wp-content\/uploads\/2024\/09\/IMG_1375-3-scaled.jpg' alt='' style='' \/><img class='hover_image' src='' alt='' style='' \/><\/div><\/div>[\/vc_column][\/vc_row][vc_row row_type=\u00bbrow\u00bb use_row_as_full_screen_section=\u00bbno\u00bb type=\u00bbfull_width\u00bb text_align=\u00bbleft\u00bb background_animation=\u00bbnone\u00bb css_animation=\u00bb\u00bb][vc_column][vc_empty_space][vc_separator type=\u00bbnormal\u00bb border_style=\u00bb\u00bb][vc_empty_space][\/vc_column][\/vc_row]<\/p>\n<\/div>","protected":false},"excerpt":{"rendered":"<p>[vc_row row_type=\u00bbrow\u00bb use_row_as_full_screen_section=\u00bbno\u00bb type=\u00bbfull_width\u00bb text_align=\u00bbcenter\u00bb background_animation=\u00bbnone\u00bb css_animation=\u00bb\u00bb css=\u00bb.vc_custom_1610973632409{padding-bottom: 20px !important;}\u00bb][vc_column][vc_empty_space][vc_column_text css=\u00bb\u00bb] RESIDENCIA STRIPART [\/vc_column_text][vc_empty_space][vc_column_text css=\u00bb\u00bb] Artista seleccionada [\/vc_column_text][vc_empty_space][\/vc_column][\/vc_row][vc_row row_type=\u00bbrow\u00bb use_row_as_full_screen_section=\u00bbno\u00bb type=\u00bbfull_width\u00bb text_align=\u00bbleft\u00bb background_animation=\u00bbnone\u00bb css_animation=\u00bb\u00bb css=\u00bb.vc_custom_1610973590515{padding-top: 30px !important;padding-right: 0px !important;padding-bottom: 30px !important;padding-left: 0px !important;}\u00bb][vc_column width=\u00bb2\/3&#8243;][vc_empty_space][vc_column_text css=\u00bb\u00bb] CRISTINA REID [\/vc_column_text][vc_empty_space][vc_column_text css=\u00bb\u00bb] La pr\u00e1ctica multidisciplinar de Cristina Reid&#8230;<\/p>\n","protected":false},"author":1,"featured_media":0,"parent":0,"menu_order":0,"comment_status":"closed","ping_status":"closed","template":"","meta":{"footnotes":""},"class_list":["post-3283","page","type-page","status-publish","hentry"],"_links":{"self":[{"href":"https:\/\/casadartistes.esfarcultural.net\/es\/wp-json\/wp\/v2\/pages\/3283","targetHints":{"allow":["GET"]}}],"collection":[{"href":"https:\/\/casadartistes.esfarcultural.net\/es\/wp-json\/wp\/v2\/pages"}],"about":[{"href":"https:\/\/casadartistes.esfarcultural.net\/es\/wp-json\/wp\/v2\/types\/page"}],"author":[{"embeddable":true,"href":"https:\/\/casadartistes.esfarcultural.net\/es\/wp-json\/wp\/v2\/users\/1"}],"replies":[{"embeddable":true,"href":"https:\/\/casadartistes.esfarcultural.net\/es\/wp-json\/wp\/v2\/comments?post=3283"}],"version-history":[{"count":10,"href":"https:\/\/casadartistes.esfarcultural.net\/es\/wp-json\/wp\/v2\/pages\/3283\/revisions"}],"predecessor-version":[{"id":3285,"href":"https:\/\/casadartistes.esfarcultural.net\/es\/wp-json\/wp\/v2\/pages\/3283\/revisions\/3285"}],"wp:attachment":[{"href":"https:\/\/casadartistes.esfarcultural.net\/es\/wp-json\/wp\/v2\/media?parent=3283"}],"curies":[{"name":"wp","href":"https:\/\/api.w.org\/{rel}","templated":true}]}}