{"id":3173,"date":"2024-07-01T12:02:18","date_gmt":"2024-07-01T12:02:18","guid":{"rendered":"https:\/\/casadartistes.esfarcultural.net\/?page_id=3173"},"modified":"2024-07-02T11:23:01","modified_gmt":"2024-07-02T11:23:01","slug":"residencia-f16","status":"publish","type":"page","link":"https:\/\/casadartistes.esfarcultural.net\/es\/residencia-f16","title":{"rendered":"RESID\u00c8NCIA F16"},"content":{"rendered":"<div class=\"wpb-content-wrapper\"><p>[vc_row row_type=\u00bbrow\u00bb use_row_as_full_screen_section=\u00bbno\u00bb type=\u00bbfull_width\u00bb text_align=\u00bbleft\u00bb background_animation=\u00bbnone\u00bb css_animation=\u00bb\u00bb][vc_column][vc_empty_space][vc_column_text css=\u00bb\u00bb]<\/p>\n<h1><strong>RESIDENCIA F16<\/strong><\/h1>\n<p>[\/vc_column_text][vc_empty_space][vc_column_text css=\u00bb\u00bb]<\/p>\n<h3><span style=\"color: #ff0000;\">Artista seleccionada<\/span><\/h3>\n<p>[\/vc_column_text][vc_empty_space][\/vc_column][\/vc_row][vc_row row_type=\u00bbrow\u00bb use_row_as_full_screen_section=\u00bbno\u00bb type=\u00bbfull_width\u00bb text_align=\u00bbleft\u00bb background_animation=\u00bbnone\u00bb css_animation=\u00bb\u00bb css=\u00bb.vc_custom_1610973590515{padding-top: 30px !important;padding-right: 0px !important;padding-bottom: 30px !important;padding-left: 0px !important;}\u00bb][vc_column width=\u00bb1\/2&#8243;][vc_empty_space][vc_column_text css=\u00bb\u00bb]<\/p>\n<h5 style=\"text-align: left;\"><span style=\"color: #ea2d2e;\"><b>NATXA POMAR (PALMA,1988)<\/b><\/span><\/h5>\n<p>[\/vc_column_text][vc_empty_space][vc_column_text css=\u00bb\u00bb]<\/p>\n<p style=\"text-align: justify;\"><span style=\"font-weight: 400;\">Natxa Pomar <\/span><span style=\"font-weight: 400;\">es licenciada en Comunicaci\u00f3n Audiovisual por la Universidad Pompeu Fabra de Barcelona, \u200b\u200bcon un a\u00f1o de intercambio en Finlandia (Tampere University of Applied Sciences). Tiene un m\u00e1ster en Fotograf\u00eda y Sociolog\u00eda por Goldsmiths, University of London, y formaci\u00f3n pedag\u00f3gica.<\/span><\/p>\n<p>&nbsp;<\/p>\n<p style=\"text-align: justify;\"><span style=\"font-weight: 400;\">Ha realizado las exposiciones individuales \u201cLas Hermanitas\u201d (Es Baluard Museo de Arte Moderno y Contempor\u00e1neo de Palma, 2014), \u201cLas mujeres que se adentraban en el bosque\u201d (Galer\u00eda Fran Reus, PalmaPhoto, 2015), \u201cTerra Ignota\u201d (Casal Son Tugores, Alar\u00f3, 2013) y \u201cCorrespondencias\u201d (Can Prunera, S\u00f3ller, 2016). Tambi\u00e9n ha dirigido el documental \u00abArgelia: un viaje de ida y vuelta\u00bb, coproducido por IB3 y Cin\u00e9tica Producciones.<\/span><\/p>\n<p>&nbsp;<\/p>\n<p style=\"text-align: justify;\"><span style=\"font-weight: 400;\">\u00a0Su trabajo se ha expuesto de forma colectiva en el certamen Art Jove Memoria Hist\u00f3rica, con el proyecto \u201cNo son como nosotros\u201d (Casa Planas, 2023), en \u201cEcce Mulier\u201d (Capilla de La Misericordia, 2016), en \u201cTabula Zanja o la imposibilidad de construir una generaci\u00f3n\u201d (MUU Galleria, MUU Kaapeli Helsinki, y Es Baluard, 2015), en \u201cDesaparici\u00f3n. Ausencia a pretexto\u201d (Fran Reus, 2014), en \u201cIdentidades: Espacio, Lugar, Territorio\u201d (ABA Art Contemporani, PalmaPhoto 2013), en la Foto8 Gallery (Londres, 2012) y en la Maison de Europe et de Orient (Par\u00eds, 2010), entre otros.<\/span><\/p>\n<p>&nbsp;<\/p>\n<p style=\"text-align: justify;\"><span style=\"font-weight: 400;\">Ha ganado la beca Archie Gittes del C\u00edrculo de Bellas Artes de Palma (2014), ha sido finalista en el Art Jove de Memoria Hist\u00f3rica 2023, y ha recibido una menci\u00f3n de honor en el Premio Ciudad de Manacor (2013) y en el Arte Joven de Artes Visuales (2013). En 2011 fue becada por el I Encuentro de Artistas Novos en Galicia, organizado por Rafael Doctor, y seleccionada por el Patio de la Lonja en el Festival de Fotograf\u00eda Emergente de Lleida.<\/span><\/p>\n<p>&nbsp;<\/p>\n<p style=\"text-align: justify;\"><span style=\"font-weight: 400;\">Ha participado en el programa <\/span><i><span style=\"font-weight: 400;\">Las Cl\u00ednicas<\/span><\/i><span style=\"font-weight: 400;\"> de Es Baluard y ha realizado cursos de fotograf\u00eda en la escuela Grisart (Barcelona), as\u00ed como talleres con artistas y comisarios como Pierre Gonnord, Rafael Doctor y Alberto Garc\u00eda-Alix.<\/span><\/p>\n<p>&nbsp;<\/p>\n<p>&nbsp;<\/p>\n<p style=\"text-align: justify;\"><span style=\"font-weight: 400;\">Mi trabajo gira en torno a la investigaci\u00f3n art\u00edstico-sociol\u00f3gica a trav\u00e9s de la fotograf\u00eda, el v\u00eddeo y la palabra escrita. Mi obra reflexiona cr\u00edticamente sobre la identidad, la memoria, el poder y la pol\u00edtica, desde una perspectiva personal, feminista y con una dimensi\u00f3n narrativa y participativa. Los temas que trato son los trazos del pasado en el presente a trav\u00e9s de paisajes, topograf\u00edas e instalaciones. Me interesa la repetici\u00f3n c\u00edclica de la historia (y de las historias), la memoria social, colectiva, individual y familiar, as\u00ed como la arqueolog\u00eda del lugar, lo invisible, las f\u00e1bulas y los para\u00edsos perdidos.<\/span><\/p>\n<p>[\/vc_column_text][\/vc_column][vc_column width=\u00bb1\/2&#8243;][vc_empty_space]<div class='image_hover ' style='' data-transition-delay=''><div class='images_holder'><img class='active_image ' src='https:\/\/casadartistes.esfarcultural.net\/wp-content\/uploads\/2024\/07\/Natxa-Pomar-foto-gravant-1.jpg' alt='' style='' \/><img class='hover_image' src='https:\/\/casadartistes.esfarcultural.net\/wp-content\/uploads\/2024\/07\/NATXA-POMAR-.png' alt='' style='' \/><\/div><\/div>[\/vc_column][\/vc_row][vc_row row_type=\u00bbrow\u00bb use_row_as_full_screen_section=\u00bbno\u00bb type=\u00bbfull_width\u00bb text_align=\u00bbleft\u00bb background_animation=\u00bbnone\u00bb css_animation=\u00bb\u00bb css=\u00bb.vc_custom_1610971923298{padding-top: 10px !important;padding-bottom: 20px !important;}\u00bb][vc_column][vc_separator type=\u00bbnormal\u00bb border_style=\u00bb\u00bb color=\u00bb#0a0a0a\u00bb][\/vc_column][\/vc_row][vc_row row_type=\u00bbrow\u00bb use_row_as_full_screen_section=\u00bbno\u00bb type=\u00bbfull_width\u00bb text_align=\u00bbleft\u00bb background_animation=\u00bbnone\u00bb css_animation=\u00bb\u00bb][vc_column][vc_empty_space][vc_empty_space][\/vc_column][\/vc_row]<\/p>\n<\/div>","protected":false},"excerpt":{"rendered":"<p>[vc_row row_type=\u00bbrow\u00bb use_row_as_full_screen_section=\u00bbno\u00bb type=\u00bbfull_width\u00bb text_align=\u00bbleft\u00bb background_animation=\u00bbnone\u00bb css_animation=\u00bb\u00bb][vc_column][vc_empty_space][vc_column_text css=\u00bb\u00bb] RESIDENCIA F16 [\/vc_column_text][vc_empty_space][vc_column_text css=\u00bb\u00bb] Artista seleccionada [\/vc_column_text][vc_empty_space][\/vc_column][\/vc_row][vc_row row_type=\u00bbrow\u00bb use_row_as_full_screen_section=\u00bbno\u00bb type=\u00bbfull_width\u00bb text_align=\u00bbleft\u00bb background_animation=\u00bbnone\u00bb css_animation=\u00bb\u00bb css=\u00bb.vc_custom_1610973590515{padding-top: 30px !important;padding-right: 0px !important;padding-bottom: 30px !important;padding-left: 0px !important;}\u00bb][vc_column width=\u00bb1\/2&#8243;][vc_empty_space][vc_column_text css=\u00bb\u00bb] NATXA POMAR (PALMA,1988) [\/vc_column_text][vc_empty_space][vc_column_text css=\u00bb\u00bb] Natxa Pomar es licenciada en Comunicaci\u00f3n Audiovisual por&#8230;<\/p>\n","protected":false},"author":1,"featured_media":0,"parent":0,"menu_order":0,"comment_status":"closed","ping_status":"closed","template":"","meta":{"footnotes":""},"class_list":["post-3173","page","type-page","status-publish","hentry"],"_links":{"self":[{"href":"https:\/\/casadartistes.esfarcultural.net\/es\/wp-json\/wp\/v2\/pages\/3173","targetHints":{"allow":["GET"]}}],"collection":[{"href":"https:\/\/casadartistes.esfarcultural.net\/es\/wp-json\/wp\/v2\/pages"}],"about":[{"href":"https:\/\/casadartistes.esfarcultural.net\/es\/wp-json\/wp\/v2\/types\/page"}],"author":[{"embeddable":true,"href":"https:\/\/casadartistes.esfarcultural.net\/es\/wp-json\/wp\/v2\/users\/1"}],"replies":[{"embeddable":true,"href":"https:\/\/casadartistes.esfarcultural.net\/es\/wp-json\/wp\/v2\/comments?post=3173"}],"version-history":[{"count":16,"href":"https:\/\/casadartistes.esfarcultural.net\/es\/wp-json\/wp\/v2\/pages\/3173\/revisions"}],"predecessor-version":[{"id":3221,"href":"https:\/\/casadartistes.esfarcultural.net\/es\/wp-json\/wp\/v2\/pages\/3173\/revisions\/3221"}],"wp:attachment":[{"href":"https:\/\/casadartistes.esfarcultural.net\/es\/wp-json\/wp\/v2\/media?parent=3173"}],"curies":[{"name":"wp","href":"https:\/\/api.w.org\/{rel}","templated":true}]}}