{"id":3150,"date":"2024-07-01T10:16:15","date_gmt":"2024-07-01T10:16:15","guid":{"rendered":"https:\/\/casadartistes.esfarcultural.net\/?page_id=3150"},"modified":"2024-07-02T11:15:12","modified_gmt":"2024-07-02T11:15:12","slug":"arts-al-nord-2024","status":"publish","type":"page","link":"https:\/\/casadartistes.esfarcultural.net\/es\/arts-al-nord-2024","title":{"rendered":"ARTS AL NORD 2024"},"content":{"rendered":"<div class=\"wpb-content-wrapper\"><p>[vc_row row_type=\u00bbrow\u00bb use_row_as_full_screen_section=\u00bbno\u00bb type=\u00bbfull_width\u00bb text_align=\u00bbleft\u00bb background_animation=\u00bbnone\u00bb css_animation=\u00bb\u00bb][vc_column][vc_empty_space][vc_column_text css=\u00bb\u00bb]<\/p>\n<h1><strong>ARTS AL NORD<\/strong><\/h1>\n<p>[\/vc_column_text][vc_empty_space][vc_column_text css=\u00bb\u00bb]<\/p>\n<h3><span style=\"color: #ff0000;\">Artista seleccionado<\/span><\/h3>\n<p>[\/vc_column_text][vc_empty_space][\/vc_column][\/vc_row][vc_row row_type=\u00bbrow\u00bb use_row_as_full_screen_section=\u00bbno\u00bb type=\u00bbfull_width\u00bb text_align=\u00bbleft\u00bb background_animation=\u00bbnone\u00bb css_animation=\u00bb\u00bb css=\u00bb.vc_custom_1610973590515{padding-top: 30px !important;padding-right: 0px !important;padding-bottom: 30px !important;padding-left: 0px !important;}\u00bb][vc_column width=\u00bb2\/3&#8243;][vc_empty_space][vc_column_text css=\u00bb\u00bb]<\/p>\n<h5 style=\"text-align: left;\"><strong><span style=\"color: #ea2d2e;\">SIMONE, DIEGO IRIBE (1987, Bah\u00eda Blanca, Argentina)<\/span><\/strong><\/h5>\n<p>[\/vc_column_text][vc_empty_space][vc_column_text css=\u00bb\u00bb]<\/p>\n<p style=\"text-align: justify;\"><span style=\"font-weight: 400;\">Simone es un m\u00fasico y artista sonoro argentino. Actualmente, reside en las Islas Baleares, Espa\u00f1a. Su trabajo se compone al relacionar sonidos concretos que remiten a la cultura iberoamericana con sonidos de s\u00edntesis y procesos electr\u00f3nicos, poniendo en juego el paisaje sonoro del territorio con las tensiones globales.<\/span><\/p>\n<p style=\"text-align: justify;\"><span style=\"font-weight: 400;\">\u00a0<\/span><\/p>\n<p style=\"text-align: justify;\"><span style=\"font-weight: 400;\">Su enfoque presta atenci\u00f3n a las formas de producci\u00f3n del arte popular y sus gestos est\u00e9ticos, que se dan m\u00e1s por creaci\u00f3n colectiva que por voluntad individual. De ah\u00ed la participaci\u00f3n de m\u00fasicos locales en el desarrollo de sus producciones. \u201cTodo lo que no es tradici\u00f3n es plagio\u201d, dec\u00eda Igor Stravinski en su \u00abPo\u00e9tica Musical\u00bb.<\/span><\/p>\n<p style=\"text-align: justify;\"><span style=\"font-weight: 400;\">\u00a0<\/span><\/p>\n<p style=\"text-align: justify;\"><span style=\"font-weight: 400;\">En 2023 publica \u00abUn bolero per l\u2019Archiduque\u00bb, un libro editado por Casa Planas como resultado de la investigaci\u00f3n <Experiencias tecnol\u00f3gicas> en colaboraci\u00f3n con el Teatre Principal, donde desarrolla una perspectiva sobre la utilizaci\u00f3n de lo folcl\u00f3rico en la imagen sonora de las Islas Baleares durante la explosi\u00f3n tur\u00edstica entre los a\u00f1os 50 y 70.<\/span><\/p>\n<p style=\"text-align: justify;\"><span style=\"font-weight: 400;\">\u00a0<\/span><\/p>\n<p style=\"text-align: justify;\"><span style=\"font-weight: 400;\">Simone se ha formado como guitarrista y profesor de m\u00fasica en la Facultad de Artes de la Universidad de La Plata, Buenos Aires. Tambi\u00e9n se form\u00f3 en dise\u00f1o sonoro con Santiago \u00c1vila y Cana San Mart\u00edn en la misma casa de estudios. Actualmente, produce m\u00fasica, arte sonoro para obras de teatro, videoarte, instalaciones y trabaja con archivo.<\/span><\/p>\n<p style=\"text-align: justify;\"><span style=\"font-weight: 400;\">\u00a0<\/span><\/p>\n<p style=\"text-align: justify;\"><span style=\"font-weight: 400;\">Ha sido becado por el Institut d\u2019Estudis Bale\u00e0rics (IEB) y por el Teatro Principal de Palma. Ha publicado m\u00fasica para el sello chileno \u201cNew Latam Beats\u201d representando a los productores emergentes argentinos. Adem\u00e1s, ha participado en la primera residencia de creaci\u00f3n para m\u00fasicos de Mallorca realizada en la Fundaci\u00f3n ACA y ha compartido sus producciones en FiraB!, y Fira de Manresa.<\/span><\/p>\n<p>&nbsp;<\/p>\n<p>&nbsp;<\/p>\n<p><a href=\"https:\/\/simoneeemusica.wixsite.com\/simone\" target=\"_blank\" rel=\"noopener\">simoneeemusica.wixsite.com<\/a><\/p>\n<p><a href=\"https:\/\/www.instagram.com\/simone_musica\" target=\"_blank\" rel=\"noopener\">@simone_musica<\/a>[\/vc_column_text][\/vc_column][vc_column width=\u00bb1\/3&#8243;][vc_empty_space][vc_empty_space]<div class='image_hover ' style='' data-transition-delay=''><div class='images_holder'><img class='active_image ' src='https:\/\/casadartistes.esfarcultural.net\/wp-content\/uploads\/2024\/07\/foto_simone.png' alt='' style='' \/><img class='hover_image' src='https:\/\/casadartistes.esfarcultural.net\/wp-content\/uploads\/2024\/07\/SIMONE.png' alt='' style='' \/><\/div><\/div>[\/vc_column][\/vc_row][vc_row row_type=\u00bbrow\u00bb use_row_as_full_screen_section=\u00bbno\u00bb type=\u00bbfull_width\u00bb text_align=\u00bbleft\u00bb background_animation=\u00bbnone\u00bb css_animation=\u00bb\u00bb css=\u00bb.vc_custom_1610971923298{padding-top: 10px !important;padding-bottom: 20px !important;}\u00bb][vc_column][vc_separator type=\u00bbnormal\u00bb border_style=\u00bb\u00bb color=\u00bb#0a0a0a\u00bb][\/vc_column][\/vc_row][vc_row row_type=\u00bbrow\u00bb use_row_as_full_screen_section=\u00bbno\u00bb type=\u00bbfull_width\u00bb text_align=\u00bbleft\u00bb background_animation=\u00bbnone\u00bb css_animation=\u00bb\u00bb][vc_column][vc_empty_space][vc_empty_space][\/vc_column][\/vc_row]<\/p>\n<\/div>","protected":false},"excerpt":{"rendered":"<p>[vc_row row_type=\u00bbrow\u00bb use_row_as_full_screen_section=\u00bbno\u00bb type=\u00bbfull_width\u00bb text_align=\u00bbleft\u00bb background_animation=\u00bbnone\u00bb css_animation=\u00bb\u00bb][vc_column][vc_empty_space][vc_column_text css=\u00bb\u00bb] ARTS AL NORD [\/vc_column_text][vc_empty_space][vc_column_text css=\u00bb\u00bb] Artista seleccionado [\/vc_column_text][vc_empty_space][\/vc_column][\/vc_row][vc_row row_type=\u00bbrow\u00bb use_row_as_full_screen_section=\u00bbno\u00bb type=\u00bbfull_width\u00bb text_align=\u00bbleft\u00bb background_animation=\u00bbnone\u00bb css_animation=\u00bb\u00bb css=\u00bb.vc_custom_1610973590515{padding-top: 30px !important;padding-right: 0px !important;padding-bottom: 30px !important;padding-left: 0px !important;}\u00bb][vc_column width=\u00bb2\/3&#8243;][vc_empty_space][vc_column_text css=\u00bb\u00bb] SIMONE, DIEGO IRIBE (1987, Bah\u00eda Blanca, Argentina) [\/vc_column_text][vc_empty_space][vc_column_text css=\u00bb\u00bb] Simone es un&#8230;<\/p>\n","protected":false},"author":1,"featured_media":0,"parent":0,"menu_order":0,"comment_status":"closed","ping_status":"closed","template":"","meta":{"footnotes":""},"class_list":["post-3150","page","type-page","status-publish","hentry"],"_links":{"self":[{"href":"https:\/\/casadartistes.esfarcultural.net\/es\/wp-json\/wp\/v2\/pages\/3150","targetHints":{"allow":["GET"]}}],"collection":[{"href":"https:\/\/casadartistes.esfarcultural.net\/es\/wp-json\/wp\/v2\/pages"}],"about":[{"href":"https:\/\/casadartistes.esfarcultural.net\/es\/wp-json\/wp\/v2\/types\/page"}],"author":[{"embeddable":true,"href":"https:\/\/casadartistes.esfarcultural.net\/es\/wp-json\/wp\/v2\/users\/1"}],"replies":[{"embeddable":true,"href":"https:\/\/casadartistes.esfarcultural.net\/es\/wp-json\/wp\/v2\/comments?post=3150"}],"version-history":[{"count":34,"href":"https:\/\/casadartistes.esfarcultural.net\/es\/wp-json\/wp\/v2\/pages\/3150\/revisions"}],"predecessor-version":[{"id":3217,"href":"https:\/\/casadartistes.esfarcultural.net\/es\/wp-json\/wp\/v2\/pages\/3150\/revisions\/3217"}],"wp:attachment":[{"href":"https:\/\/casadartistes.esfarcultural.net\/es\/wp-json\/wp\/v2\/media?parent=3150"}],"curies":[{"name":"wp","href":"https:\/\/api.w.org\/{rel}","templated":true}]}}