{"id":3121,"date":"2024-06-27T08:49:14","date_gmt":"2024-06-27T08:49:14","guid":{"rendered":"https:\/\/casadartistes.esfarcultural.net\/?page_id=3121"},"modified":"2024-07-02T10:34:59","modified_gmt":"2024-07-02T10:34:59","slug":"residencia-de-performance","status":"publish","type":"page","link":"https:\/\/casadartistes.esfarcultural.net\/es\/residencia-de-performance","title":{"rendered":"RESID\u00c8NCIA DE PERFORMANCE"},"content":{"rendered":"<div class=\"wpb-content-wrapper\"><p>[vc_row row_type=\u00bbrow\u00bb use_row_as_full_screen_section=\u00bbno\u00bb type=\u00bbfull_width\u00bb text_align=\u00bbcenter\u00bb background_animation=\u00bbnone\u00bb css_animation=\u00bb\u00bb css=\u00bb.vc_custom_1610973632409{padding-bottom: 20px !important;}\u00bb][vc_column][vc_empty_space][vc_column_text css=\u00bb\u00bb]<\/p>\n<h1 style=\"text-align: left;\"><b>RESIDENCIA DE PERFORMANCE<\/b><\/h1>\n<p>[\/vc_column_text][vc_empty_space][vc_column_text css=\u00bb\u00bb]<\/p>\n<h3 style=\"text-align: left;\"><span style=\"color: #ea2d2e;\">Artistas seleccionadas<\/span><\/h3>\n<p>[\/vc_column_text][vc_empty_space][\/vc_column][\/vc_row][vc_row row_type=\u00bbrow\u00bb use_row_as_full_screen_section=\u00bbno\u00bb type=\u00bbfull_width\u00bb text_align=\u00bbleft\u00bb background_animation=\u00bbnone\u00bb css_animation=\u00bb\u00bb css=\u00bb.vc_custom_1610973590515{padding-top: 30px !important;padding-right: 0px !important;padding-bottom: 30px !important;padding-left: 0px !important;}\u00bb][vc_column width=\u00bb2\/3&#8243;][vc_empty_space][vc_column_text css=\u00bb\u00bb]<\/p>\n<h5 style=\"text-align: left;\"><span style=\"color: #ea2d2e;\"><b>ESTEL BOADA<\/b><\/span><\/h5>\n<p>[\/vc_column_text][vc_empty_space][vc_column_text css=\u00bb\u00bb]<\/p>\n<p style=\"text-align: justify;\"><span style=\"font-weight: 400;\">Mi madre me ense\u00f1\u00f3 la importancia de observar y elegir una buena patata antes de cocinar. O bien la <\/span><i><span style=\"font-weight: 400;\">Red Pontiac<\/span><\/i><span style=\"font-weight: 400;\"> de piel roja con ojos marcados o la <\/span><i><span style=\"font-weight: 400;\">Kennebec<\/span><\/i><span style=\"font-weight: 400;\">, tambi\u00e9n conocida como la protegida patata de Prades, de piel amarilla y tersa.<\/span><\/p>\n<p>&nbsp;<\/p>\n<p style=\"text-align: justify;\"><span style=\"font-weight: 400;\">Con mi hermana nos pas\u00e1bamos los d\u00edas haciendo voces de todas las canciones que o\u00edamos en la radio, yo siempre hac\u00eda la segunda voz. Cuando mis padres no estaban en casa bailaba los \u201c<\/span><i><span style=\"font-weight: 400;\">Pitufos Makineros<\/span><\/i><span style=\"font-weight: 400;\">\u201d sobre la mesa del comedor. Mi padre, a pesar de ser comercial, me ense\u00f1aba que puedes hacer lo que quieras, incluso en la calle, que a la gente no le importa tus locuras. Todo impulsa y genera el cuerpo activo que soy como cantante, artista pl\u00e1stica y trabajadora multifac\u00e9tica.<\/span><\/p>\n<p>&nbsp;<\/p>\n<p style=\"text-align: justify;\"><span style=\"font-weight: 400;\">Paralelamente, me interesa la est\u00e9tica y el dise\u00f1o como forma de comunicaci\u00f3n gr\u00e1fica, de la misma forma que un ni\u00f1o adora que sus padres le hagan la avioneta antes de hacerle comer las papillas de cada d\u00eda.<\/span><\/p>\n<p>&nbsp;<\/p>\n<p style=\"text-align: justify;\"><span style=\"font-weight: 400;\">B\u00e1sicamente, creo en el poder de la mitificaci\u00f3n de la cucharada porque, al final, todos somos papillas de pl\u00e1tano, muesli o avena, qu\u00e9 m\u00e1s da.<\/span><\/p>\n<p>[\/vc_column_text][vc_empty_space][vc_empty_space][vc_column_text css=\u00bb\u00bb]<\/p>\n<p style=\"text-align: justify;\"><span style=\"font-weight: 400;\">Despu\u00e9s de estudiar Bellas Artes (2009-2013) y empezar a impulsarme culturalmente como curadora de proyectos art\u00edsticos contextuales, me anim\u00e9 a estudiar tipograf\u00eda suiza y dise\u00f1o editorial debido a mi dislexia y pasi\u00f3n por la estructura visual y en las din\u00e1micas que se pueden generar sobre algo tan sencillo como un papel. Despu\u00e9s, la ola art\u00edstica quiso llegar a la parte m\u00e1s performativa hasta llegar a la m\u00fasica, la voz y la gestualidad corporal como actos de liberaci\u00f3n personal, en la que me ubico actualmente.<\/span><\/p>\n<p style=\"text-align: justify;\"><span style=\"font-weight: 400;\">\u00a0<\/span><\/p>\n<p style=\"text-align: justify;\"><span style=\"font-weight: 400;\">Me interesa la educaci\u00f3n como formato de investigaci\u00f3n experimental, el sonido y la m\u00fasica como canales de difusi\u00f3n comunicativa multidireccional, cuyo dibujo como testigo diario quiz\u00e1s no es testigo, y la acci\u00f3n como creaci\u00f3n estrat\u00e9gica de la atenci\u00f3n corporal y espacial. Juego, voz, espacio y colectivo en vena, ahora y siempre.<\/span><\/p>\n<p>&nbsp;<\/p>\n<p>&nbsp;<\/p>\n<p style=\"text-align: justify;\"><a href=\"https:\/\/estelboada.hotglue.me\/?bio\/\" target=\"_blank\" rel=\"noopener\">estelboada.hotglue.me<\/a><\/p>\n<p>[\/vc_column_text][\/vc_column][vc_column width=\u00bb1\/3&#8243;][vc_empty_space]<div class='image_hover ' style='' data-transition-delay=''><div class='images_holder'><img class='active_image ' src='https:\/\/casadartistes.esfarcultural.net\/wp-content\/uploads\/2024\/06\/Estel_2-scaled.jpg' alt='' style='' \/><img class='hover_image' src='https:\/\/casadartistes.esfarcultural.net\/wp-content\/uploads\/2024\/06\/Estel_1.jpeg' alt='' style='' \/><\/div><\/div>[vc_empty_space][\/vc_column][\/vc_row][vc_row row_type=\u00bbrow\u00bb use_row_as_full_screen_section=\u00bbno\u00bb type=\u00bbfull_width\u00bb text_align=\u00bbleft\u00bb background_animation=\u00bbnone\u00bb css_animation=\u00bb\u00bb css=\u00bb.vc_custom_1610971923298{padding-top: 10px !important;padding-bottom: 20px !important;}\u00bb][vc_column][vc_separator type=\u00bbnormal\u00bb border_style=\u00bb\u00bb color=\u00bb#0a0a0a\u00bb][\/vc_column][\/vc_row][vc_row row_type=\u00bbrow\u00bb use_row_as_full_screen_section=\u00bbno\u00bb type=\u00bbfull_width\u00bb text_align=\u00bbcenter\u00bb background_animation=\u00bbnone\u00bb css_animation=\u00bb\u00bb css=\u00bb.vc_custom_1610971790637{padding-top: 10px !important;padding-bottom: 30px !important;}\u00bb][vc_column][vc_column_text css=\u00bb\u00bb]<\/p>\n<h5 style=\"text-align: left;\"><span style=\"color: #ea2d2e;\"><b>TERESA W<\/b><\/span><\/h5>\n<p>[\/vc_column_text][\/vc_column][\/vc_row][vc_row row_type=\u00bbrow\u00bb use_row_as_full_screen_section=\u00bbno\u00bb type=\u00bbfull_width\u00bb text_align=\u00bbleft\u00bb background_animation=\u00bbnone\u00bb css_animation=\u00bb\u00bb css=\u00bb.vc_custom_1610973117877{padding-top: 0px !important;padding-bottom: 30px !important;}\u00bb][vc_column width=\u00bb2\/3&#8243;][vc_column_text css=\u00bb.vc_custom_1719916147065{padding-top: 30px !important;}\u00bb]<\/p>\n<p style=\"text-align: justify;\"><span style=\"font-weight: 400;\">Teresa W (Barcelona, 1995) es hada \uff65.*\uff65\uff61\uff9f\uff65. y artista. Curiosa-fascinada por el misterio del ritual comunitario, explora la intersecci\u00f3n entre performance y arte sonoro en piezas que hablan a muchas voces. En este camino se encuentra con \u201c<i>cercle de fades\u201d<\/i> (c\u00edrculo de hadas), el colectivo de performance al que pertenece. <i>\u201cCercle de fades<\/i>\u201d es su utop\u00eda, el mundo en el que quiere vivir, su familia astral, su clan. El campo donde se mueve <b>w<\/b> es un abstracto: es el terreno de lo sensible, de lo que percibimos que est\u00e1 ah\u00ed, pero que no se puede pronunciar.<\/span><\/p>\n<p>[\/vc_column_text][vc_empty_space][vc_column_text css=\u00bb.vc_custom_1719916175245{padding-top: 30px !important;}\u00bb]<\/p>\n<p style=\"text-align: justify;\"><span style=\"font-weight: 400;\">Actualmente, trabaja en el proyecto \u201csons per la fi del m\u00f3n\u201d, que ha recibido el Premio Art Jove Creaci\u00f3 (2024), el cual se desarrollar\u00e1, en parte, en residencia en la Casa de Artistas, para presentarse en las IV Jornadas de Performance de Menorca (2024). Tambi\u00e9n colabora con el colectivo \u201c<\/span><i><span style=\"font-weight: 400;\">cercle de fades<\/span><\/i><span style=\"font-weight: 400;\">\u201d en el proyecto \u201cllamando a mi alma\u201d, realizado gracias a la Beca de Residencia de Artes Visuales y Performance (2023) que se presentar\u00e1, en breve tanto, en \u201cLa Capella\u201d como en la &#8216;Estruch, F\u00e1brica de Creaci\u00f3n de las Artes en Vivo (2024).<\/span><\/p>\n<p>&nbsp;<\/p>\n<p style=\"text-align: justify;\"><span style=\"font-weight: 400;\">En el pasado ha performado en espacios como la Fundaci\u00f3 Mir\u00f3 (2023), el Centro de Artes Santa M\u00f2nica (2022) o el Festival Art Nou (2022) con el colectivo \u201ccercle de fades \u201c, y en el CCCB en colaboraci\u00f3n con Eduard Escoffet (2022), entre otros. Ha expuesto en centros como el Museo del Dise\u00f1o de Barcelona (2021) o la Galer\u00eda Esther Montoriol (2016), y ha recibido reconocimientos como el Premio Art Nit Campos (2023) o el Premio Menci\u00f3n Especial Performance (2022). Tambi\u00e9n ha participado como investigadora en el proyecto de investigaci\u00f3n europeo \u201cMusae\u201d, junto con S+T+Arts y la Universidad de Barcelona, \u200b\u200bha colaborado con el CCCB, el Centro Pompidou de Par\u00eds y la HKW de Berl\u00edn para el programa \u201c Culturas de Porvenir\u201d (2021-22) y ha obtenido la Beca para la Investigaci\u00f3n y la Innovaci\u00f3n en el \u00e1mbito de las Artes Visuales (2023).<\/span><\/p>\n<p>&nbsp;<\/p>\n<p>&nbsp;<\/p>\n<p style=\"text-align: justify;\"><a href=\"https:\/\/www.instagram.com\/teresawxyz\/\" target=\"_blank\" rel=\"noopener\">@teresawxyz<\/a><\/p>\n<p>[\/vc_column_text][\/vc_column][vc_column width=\u00bb1\/3&#8243;][vc_empty_space]<div class='image_hover ' style='' data-transition-delay=''><div class='images_holder'><img class='active_image ' src='https:\/\/casadartistes.esfarcultural.net\/wp-content\/uploads\/2024\/06\/Teresa_2.jpg' alt='' style='' \/><img class='hover_image' src='https:\/\/casadartistes.esfarcultural.net\/wp-content\/uploads\/2024\/06\/Teresa_1.jpeg' alt='' style='' \/><\/div><\/div>[\/vc_column][\/vc_row][vc_row row_type=\u00bbrow\u00bb use_row_as_full_screen_section=\u00bbno\u00bb type=\u00bbfull_width\u00bb text_align=\u00bbleft\u00bb background_animation=\u00bbnone\u00bb css_animation=\u00bb\u00bb css=\u00bb.vc_custom_1610973136118{padding-top: px !important;padding-bottom: 30px !important;}\u00bb][vc_column][vc_separator type=\u00bbnormal\u00bb border_style=\u00bb\u00bb color=\u00bb#0a0a0a\u00bb][\/vc_column][\/vc_row]<\/p>\n<\/div>","protected":false},"excerpt":{"rendered":"<p>[vc_row row_type=\u00bbrow\u00bb use_row_as_full_screen_section=\u00bbno\u00bb type=\u00bbfull_width\u00bb text_align=\u00bbcenter\u00bb background_animation=\u00bbnone\u00bb css_animation=\u00bb\u00bb css=\u00bb.vc_custom_1610973632409{padding-bottom: 20px !important;}\u00bb][vc_column][vc_empty_space][vc_column_text css=\u00bb\u00bb] RESIDENCIA DE PERFORMANCE [\/vc_column_text][vc_empty_space][vc_column_text css=\u00bb\u00bb] Artistas seleccionadas [\/vc_column_text][vc_empty_space][\/vc_column][\/vc_row][vc_row row_type=\u00bbrow\u00bb use_row_as_full_screen_section=\u00bbno\u00bb type=\u00bbfull_width\u00bb text_align=\u00bbleft\u00bb background_animation=\u00bbnone\u00bb css_animation=\u00bb\u00bb css=\u00bb.vc_custom_1610973590515{padding-top: 30px !important;padding-right: 0px !important;padding-bottom: 30px !important;padding-left: 0px !important;}\u00bb][vc_column width=\u00bb2\/3&#8243;][vc_empty_space][vc_column_text css=\u00bb\u00bb] ESTEL BOADA [\/vc_column_text][vc_empty_space][vc_column_text css=\u00bb\u00bb] Mi madre me ense\u00f1\u00f3 la&#8230;<\/p>\n","protected":false},"author":1,"featured_media":0,"parent":0,"menu_order":0,"comment_status":"closed","ping_status":"closed","template":"","meta":{"footnotes":""},"class_list":["post-3121","page","type-page","status-publish","hentry"],"_links":{"self":[{"href":"https:\/\/casadartistes.esfarcultural.net\/es\/wp-json\/wp\/v2\/pages\/3121","targetHints":{"allow":["GET"]}}],"collection":[{"href":"https:\/\/casadartistes.esfarcultural.net\/es\/wp-json\/wp\/v2\/pages"}],"about":[{"href":"https:\/\/casadartistes.esfarcultural.net\/es\/wp-json\/wp\/v2\/types\/page"}],"author":[{"embeddable":true,"href":"https:\/\/casadartistes.esfarcultural.net\/es\/wp-json\/wp\/v2\/users\/1"}],"replies":[{"embeddable":true,"href":"https:\/\/casadartistes.esfarcultural.net\/es\/wp-json\/wp\/v2\/comments?post=3121"}],"version-history":[{"count":17,"href":"https:\/\/casadartistes.esfarcultural.net\/es\/wp-json\/wp\/v2\/pages\/3121\/revisions"}],"predecessor-version":[{"id":3214,"href":"https:\/\/casadartistes.esfarcultural.net\/es\/wp-json\/wp\/v2\/pages\/3121\/revisions\/3214"}],"wp:attachment":[{"href":"https:\/\/casadartistes.esfarcultural.net\/es\/wp-json\/wp\/v2\/media?parent=3121"}],"curies":[{"name":"wp","href":"https:\/\/api.w.org\/{rel}","templated":true}]}}