{"id":2397,"date":"2023-08-02T10:18:15","date_gmt":"2023-08-02T10:18:15","guid":{"rendered":"https:\/\/casadartistes.esfarcultural.net\/?page_id=2397"},"modified":"2024-06-26T16:49:50","modified_gmt":"2024-06-26T16:49:50","slug":"residencia-stripart-2023","status":"publish","type":"page","link":"https:\/\/casadartistes.esfarcultural.net\/es\/residencia-stripart-2023","title":{"rendered":"RESID\u00c8NCIA STRIPART"},"content":{"rendered":"<div class=\"wpb-content-wrapper\"><p>[vc_row row_type=\u00bbrow\u00bb use_row_as_full_screen_section=\u00bbno\u00bb type=\u00bbfull_width\u00bb text_align=\u00bbleft\u00bb background_animation=\u00bbnone\u00bb css_animation=\u00bb\u00bb][vc_column][vc_empty_space][vc_column_text css=\u00bb\u00bb]<\/p>\n<h3><span style=\"color: #ff0000;\">RESID\u00c8NCIA STRIPART 2023<\/span><\/h3>\n<h3>Artista seleccionada<\/h3>\n<p>[\/vc_column_text][vc_empty_space][\/vc_column][\/vc_row][vc_row row_type=\u00bbrow\u00bb use_row_as_full_screen_section=\u00bbno\u00bb type=\u00bbfull_width\u00bb text_align=\u00bbleft\u00bb background_animation=\u00bbnone\u00bb css_animation=\u00bb\u00bb][vc_column width=\u00bb1\/2&#8243;][vc_empty_space][vc_column_text css=\u00bb\u00bb]<\/p>\n<p style=\"text-align: justify;\">Karolina Adamczak \u00e9s una artista emergent nascuda a Pol\u00f2nia i criada a Irlanda. Actualment viu i treballa a Val\u00e8ncia (Espanya).<\/p>\n<p>&nbsp;<\/p>\n<p style=\"text-align: justify;\">En 2021 es va graduar en Belles arts en el DunLaoghaire Institute of Art, Design and Technology(Dubl\u00edn, Irlanda). Despr\u00e9s de la seva graduaci\u00f3, va ser seleccionada per a participar en diverses exposicions a Irlanda com You Breathe DifferentlyDown Here comissariada per Amanda Coogan en Dra\u00edocht, Origins comissariada per Paul McAreeen Lismore Castle Arts, i RDS Visual Art Awards, comissariada per Vera Klute en RHA Gallery. En aquesta \u00faltima, va rebre el premi RDS Members&#8217;Art Fund.<\/p>\n<p>&nbsp;<\/p>\n<p style=\"text-align: justify;\">Durant l&#8217;any que va viure a Barcelona, va fer pr\u00e0ctiques a Sib\u00e8ria Dansa com a fot\u00f2grafa i vide\u00f3grafa. Recentment ha finalitzat el m\u00e0ster de Producci\u00f3 Art\u00edstica en la Universitat Polit\u00e8cnica de Val\u00e8ncia. A Val\u00e8ncia ha participat en diverses exposicions com PAM!23 i ShortPAM i ha estat seleccionada per a exposar la seva obra en PAM!*PAM!24, que tindr\u00e0 lloc en 2024.<\/p>\n<p>&nbsp;<\/p>\n<p style=\"text-align: justify;\">Karolina Adamczak explora el que significa \u00e9sser hum\u00e0 indagant en els nostres sentiments i emocions a trav\u00e9s del videoart i la performance. Les seves obres destaquen la import\u00e0ncia de permetre&#8217;ns experimentar i expressar tot l&#8217;espectre de les nostres emocions, alguna cosa que generalment no fomenta la societat moderna, que ens instrueix per a mantenir-nos sempre positius, independents i forts en lloc de deixar-nos ser vulnerables i sincers.<\/p>\n<p>&nbsp;<\/p>\n<p style=\"text-align: justify;\">En les seves obres exposa estructures i aspectes de la societat moderna que ens fan sentir alienats. Al mateix temps, l&#8217;artista retrata les parts ocultes i vulnerables de les nostres vides, amb el que pret\u00e9n fer-nos sentir m\u00e9s connectats en permetre&#8217;ns recon\u00e8ixer la similitud de les nostres experi\u00e8ncies. Tamb\u00e9 critica les tend\u00e8ncies humanes que ens porten a descurar-nos a nosaltres mateixos, als quals ens envolten i al nostre entorn.<\/p>\n<p>&nbsp;<\/p>\n<p style=\"text-align: justify;\">El treball de Karolina es fonamenta en la idea de l&#8217;amor i sorgeixen a partir de viv\u00e8ncies reals. L&#8217;artista considera la seva pr\u00e0ctica art\u00edstica com una forma d&#8217;activisme i un mode de q\u00fcestionar i denunciar els problemes i tab\u00fas socials. Karolinacreu en la capacitat de l&#8217;art per a influir a la societat i sanar-la.<\/p>\n<p>[\/vc_column_text][vc_empty_space][vc_column_text]<\/p>\n<p style=\"text-align: center;\"><a href=\"https:\/\/www.karolinaadamczak.com\/\" target=\"_blank\" rel=\"noopener\">karolinaadamczak.com<\/a><\/p>\n<p style=\"text-align: center;\">IG <a href=\"https:\/\/www.instagram.com\/karrollaaa\/\" target=\"_blank\" rel=\"noopener\">@karrollaaa<\/a><\/p>\n<p>[\/vc_column_text][vc_empty_space][vc_empty_space][\/vc_column][vc_column width=\u00bb1\/2&#8243;][vc_single_image image=\u00bb2401&#8243; img_size=\u00bblarge\u00bb alignment=\u00bbcenter\u00bb qode_css_animation=\u00bb\u00bb][vc_empty_space][vc_single_image image=\u00bb2400&#8243; img_size=\u00bblarge\u00bb alignment=\u00bbcenter\u00bb qode_css_animation=\u00bb\u00bb][vc_empty_space][vc_empty_space][\/vc_column][\/vc_row][vc_row row_type=\u00bbrow\u00bb use_row_as_full_screen_section=\u00bbno\u00bb type=\u00bbfull_width\u00bb text_align=\u00bbleft\u00bb background_animation=\u00bbnone\u00bb css_animation=\u00bb\u00bb][vc_column][vc_column_text css=\u00bb\u00bb]Amb la col\u00b7laboraci\u00f3 del Centre C\u00edvic Guinard\u00f3 i Festival Stripart.[\/vc_column_text][\/vc_column][\/vc_row]<\/p>\n<\/div>","protected":false},"excerpt":{"rendered":"<p>[vc_row row_type=\u00bbrow\u00bb use_row_as_full_screen_section=\u00bbno\u00bb type=\u00bbfull_width\u00bb text_align=\u00bbleft\u00bb background_animation=\u00bbnone\u00bb css_animation=\u00bb\u00bb][vc_column][vc_empty_space][vc_column_text css=\u00bb\u00bb] RESID\u00c8NCIA STRIPART 2023 Artista seleccionada [\/vc_column_text][vc_empty_space][\/vc_column][\/vc_row][vc_row row_type=\u00bbrow\u00bb use_row_as_full_screen_section=\u00bbno\u00bb type=\u00bbfull_width\u00bb text_align=\u00bbleft\u00bb background_animation=\u00bbnone\u00bb css_animation=\u00bb\u00bb][vc_column width=\u00bb1\/2&#8243;][vc_empty_space][vc_column_text css=\u00bb\u00bb] Karolina Adamczak \u00e9s una artista emergent nascuda a Pol\u00f2nia i criada a Irlanda. Actualment viu i treballa a Val\u00e8ncia (Espanya). &nbsp; En 2021&#8230;<\/p>\n","protected":false},"author":1,"featured_media":0,"parent":0,"menu_order":0,"comment_status":"closed","ping_status":"closed","template":"","meta":{"footnotes":""},"class_list":["post-2397","page","type-page","status-publish","hentry"],"_links":{"self":[{"href":"https:\/\/casadartistes.esfarcultural.net\/es\/wp-json\/wp\/v2\/pages\/2397","targetHints":{"allow":["GET"]}}],"collection":[{"href":"https:\/\/casadartistes.esfarcultural.net\/es\/wp-json\/wp\/v2\/pages"}],"about":[{"href":"https:\/\/casadartistes.esfarcultural.net\/es\/wp-json\/wp\/v2\/types\/page"}],"author":[{"embeddable":true,"href":"https:\/\/casadartistes.esfarcultural.net\/es\/wp-json\/wp\/v2\/users\/1"}],"replies":[{"embeddable":true,"href":"https:\/\/casadartistes.esfarcultural.net\/es\/wp-json\/wp\/v2\/comments?post=2397"}],"version-history":[{"count":15,"href":"https:\/\/casadartistes.esfarcultural.net\/es\/wp-json\/wp\/v2\/pages\/2397\/revisions"}],"predecessor-version":[{"id":3094,"href":"https:\/\/casadartistes.esfarcultural.net\/es\/wp-json\/wp\/v2\/pages\/2397\/revisions\/3094"}],"wp:attachment":[{"href":"https:\/\/casadartistes.esfarcultural.net\/es\/wp-json\/wp\/v2\/media?parent=2397"}],"curies":[{"name":"wp","href":"https:\/\/api.w.org\/{rel}","templated":true}]}}