{"id":2283,"date":"2023-05-29T08:16:20","date_gmt":"2023-05-29T08:16:20","guid":{"rendered":"https:\/\/casadartistes.esfarcultural.net\/?page_id=2283"},"modified":"2023-05-29T11:08:18","modified_gmt":"2023-05-29T11:08:18","slug":"creacio-sonora-23","status":"publish","type":"page","link":"https:\/\/casadartistes.esfarcultural.net\/es\/creacio-sonora-23","title":{"rendered":"CREACI\u00d3N SONORA 2023"},"content":{"rendered":"<div class=\"wpb-content-wrapper\"><p>[vc_row row_type=\u00bbrow\u00bb use_row_as_full_screen_section=\u00bbno\u00bb type=\u00bbfull_width\u00bb text_align=\u00bbleft\u00bb background_animation=\u00bbnone\u00bb css_animation=\u00bb\u00bb][vc_column][vc_column_text]<\/p>\n<div class=\"wpb_text_column wpb_content_element \">\n<div class=\"wpb_wrapper\">\n<h3>RESIDENCIA DE CREACI\u00d3N SONORA <i>ARTS AL NORD<\/i> \u00b7 2023<\/h3>\n<\/div>\n<\/div>\n<p>[\/vc_column_text][vc_empty_space][vc_single_image image=\u00bb2338&#8243; img_size=\u00bblarge\u00bb alignment=\u00bbcenter\u00bb qode_css_animation=\u00bb\u00bb][vc_empty_space][vc_column_text]<\/p>\n<p style=\"text-align: justify;\"><span style=\"font-weight: 400;\">El <\/span><b>programa de residencias de creaci\u00f3n sonora <\/b><b><i>Arts al Nord<\/i><\/b><b> se dirige a artistas que emplean el sonido como herramienta de investigaci\u00f3n y creaci\u00f3n contempor\u00e1nea<\/b><span style=\"font-weight: 400;\">, ya sea en la realizaci\u00f3n de piezas de m\u00fasica experimental, instalaciones sonoras, performances, conciertos que hibriden los visuales y el arte sonoro, etc. La convocatoria est\u00e1 abierta a artistas de todas partes que necesitan tiempo y espacio para dedicarlo a proyectos de investigaci\u00f3n y creaci\u00f3n en proceso o de nueva creaci\u00f3n.\u00a0<\/span><\/p>\n<p style=\"text-align: justify;\"><span style=\"font-weight: 400;\">Nos interesan especialmente los proyectos con enfoques cr\u00edticos y constructivos, los que se deleitan para conocer y relacionarse con el contexto local desde la curiosidad y el no juicio. Tambi\u00e9n los que proponen narrativas alternativas hibridando temas de inter\u00e9s y\/o experimentando con los formatos y lenguajes.<\/span><\/p>\n<p style=\"text-align: justify;\"><span style=\"font-weight: 400;\">Se prev\u00e9 la selecci\u00f3n de una propuesta para hacer una estancia de investigaci\u00f3n y creaci\u00f3n en la Casa d\u2019Artistes (Menorca) <\/span><b>del 7 al 27 de agosto de 2023.<\/b><\/p>\n<p>&nbsp;<\/p>\n<p style=\"text-align: justify;\"><b>\u00bfQu\u00e9 se ofrece?<\/b><\/p>\n<ul>\n<li style=\"font-weight: 400;\" aria-level=\"1\"><span style=\"font-weight: 400;\">Alojamiento (valorado en 460 \u20ac\/mes) en Casa d\u2019Artistes. Incluye habitaci\u00f3n totalmente equipada. Tambi\u00e9n espacios compartidos: cocina, ba\u00f1o, cuarto de estar y biblioteca.<\/span><\/li>\n<li style=\"font-weight: 400;\" aria-level=\"1\"><span style=\"font-weight: 400;\">Espacio de trabajo en\u00a0 Casa d\u2019Artistes. Todos los espacios de trabajo son compartidos (taller polivalente, espacio coworking, etc.)<\/span><\/li>\n<li style=\"font-weight: 400;\" aria-level=\"1\"><span style=\"font-weight: 400;\">Desplazamientos ida y vuelta, en el caso de que el artista sea de fuera de la isla (hasta 150 \u20ac dentro del estado espa\u00f1ol y 350 \u20ac dentro de la Uni\u00f3n Europea). La compra de los billetes la gestionar\u00e1 la asociaci\u00f3n Es FAR Cultural.<\/span><\/li>\n<li style=\"font-weight: 400;\" aria-level=\"1\"><span style=\"font-weight: 400;\">Honorarios de 600 \u20ac, mediante la emisi\u00f3n de factura.\u00a0<\/span><\/li>\n<\/ul>\n<p>&nbsp;<\/p>\n<p style=\"text-align: justify;\"><b>Compromisos del artista<\/b><\/p>\n<ul>\n<li style=\"font-weight: 400;\" aria-level=\"1\"><span style=\"font-weight: 400;\">El artista aprovechar\u00e1 la residencia para la investigaci\u00f3n o la creaci\u00f3n relacionada con su investigaci\u00f3n, pr\u00e1ctica art\u00edstica o proyecto presentado.<\/span><\/li>\n<li style=\"font-weight: 400;\" aria-level=\"1\"><span style=\"font-weight: 400;\">El artista se compromete a participar de una actividad abierta al p\u00fablico en la cual se d\u00e9 a conocer el proyecto desarrollado durante el periodo de residencia. El formato de la actividad dentro del programa de residencias de creaci\u00f3n sonora <\/span><i><span style=\"font-weight: 400;\">Arts al Nord<\/span><\/i><span style=\"font-weight: 400;\"> puede ser un concierto, una instalaci\u00f3n sonora, una performance, etc. acompa\u00f1ado de un coloquio posterior con el artista. El objetivo de este tipo de actividad es acercar los procesos de creaci\u00f3n contempor\u00e1nea, el proyecto Casa d\u2019Artistes y <\/span><i><span style=\"font-weight: 400;\">Arts al Nord <\/span><\/i><span style=\"font-weight: 400;\">a la ciudadan\u00eda menorquina, as\u00ed como generar un espacio de intercambio entre artistas sonoros y p\u00fablico para acercar la cultura contempor\u00e1nea a todo el mundo.<\/span><\/li>\n<li style=\"font-weight: 400;\" aria-level=\"1\"><span style=\"font-weight: 400;\">El acontecimiento se har\u00e1 durante el periodo de residencia y se coordinar\u00e1 con Es FAR Cultural.<\/span><\/li>\n<li style=\"font-weight: 400;\" aria-level=\"1\"><span style=\"font-weight: 400;\">El artista debe tener la capacidad de facturar, ya sea como aut\u00f3nomo, a trav\u00e9s de cooperativa, asociaci\u00f3n u otros formatos. As\u00ed mismo, acepta que el pago de los honorarios sea al acabar la residencia.<\/span><\/li>\n<li style=\"font-weight: 400;\" aria-level=\"1\"><span style=\"font-weight: 400;\">El artista asegurar\u00e1 su participaci\u00f3n durante las fechas previstas (no aplazables). Por eso, dispondr\u00e1 de 3 d\u00edas para aceptar o rechazar la residencia a trav\u00e9s del documento de aceptaci\u00f3n formal que le facilitar\u00e1 la organizaci\u00f3n.<\/span><\/li>\n<li style=\"font-weight: 400;\" aria-level=\"1\"><span style=\"font-weight: 400;\">Cualquier otro gasto (transporte local, dietas, producci\u00f3n de obra\u2026) ir\u00e1 a cargo del artista.<\/span><\/li>\n<li style=\"font-weight: 400;\" aria-level=\"1\"><span style=\"font-weight: 400;\">El artista acepta los t\u00e9rminos de la convocatoria y la normativa de la residencia.<\/span><\/li>\n<li style=\"font-weight: 400;\" aria-level=\"1\"><span style=\"font-weight: 400;\">El artista autoriza el uso de la documentaci\u00f3n visual y sonora con fines divulgativos y como archivo de la Casa d\u2019Artistes \/ Es FAR Cultural.<\/span><\/li>\n<\/ul>\n<p>&nbsp;<\/p>\n<p style=\"text-align: justify;\"><b>\u00bfC\u00f3mo participar?<\/b><\/p>\n<p style=\"text-align: justify;\"><span style=\"font-weight: 400;\">Deb\u00e9is rellenar el formulario y adjuntar un dosier en un solo documento pdf. El \u00edndice del documento ser\u00e1 el siguiente:<\/span><\/p>\n<ul>\n<li style=\"font-weight: 400;\" aria-level=\"1\"><span style=\"font-weight: 400;\">Breve carta de motivaci\u00f3n donde se introduce el trabajo que se quiere desarrollar (pueden ser trabajos de nueva creaci\u00f3n o en proceso). M\u00e1ximo 300 palabras<\/span><\/li>\n<li style=\"font-weight: 400;\" aria-level=\"1\"><span style=\"font-weight: 400;\">Statement art\u00edstico (declaraci\u00f3n de intenciones).<\/span><\/li>\n<li style=\"font-weight: 400;\" aria-level=\"1\"><span style=\"font-weight: 400;\">Curr\u00edculum art\u00edstico (puede ser en formato CV o biograf\u00eda escrita).<\/span><\/li>\n<li style=\"font-weight: 400;\" aria-level=\"1\"><span style=\"font-weight: 400;\">Muestra del trabajo reciente. Si es posible, enlaces a web y\/o redes sociales. M\u00e1ximo 5 p\u00e1ginas.<\/span><\/li>\n<\/ul>\n<p style=\"text-align: justify;\"><span style=\"font-weight: 400;\">El documento puede estar en catal\u00e1n, castellano o ingl\u00e9s.<\/span><\/p>\n<p>&nbsp;<\/p>\n<p style=\"text-align: justify;\"><b>Calendario<\/b><\/p>\n<ul>\n<li style=\"font-weight: 400;\" aria-level=\"1\"><span style=\"font-weight: 400;\">Plazo de presentaci\u00f3n de solicitudes: hasta el 30 de junio.<\/span><\/li>\n<li style=\"font-weight: 400;\" aria-level=\"1\"><span style=\"font-weight: 400;\">Resoluci\u00f3n: entre el 3 y el 6 de julio.<\/span><\/li>\n<li style=\"font-weight: 400;\" aria-level=\"1\"><span style=\"font-weight: 400;\">Aceptaci\u00f3n de la residencia: entre el 6 y el 9 de julio.<\/span><\/li>\n<\/ul>\n<p>[\/vc_column_text][vc_empty_space]<a href=\"https:\/\/forms.gle\/Ng3Rq4L8rF6an4kg6\" target=\"_blank\"  class=\"qbutton \" style=\"\">FORMULARI<\/a>[\/vc_column][\/vc_row]<\/p>\n<\/div>","protected":false},"excerpt":{"rendered":"<p>[vc_row row_type=\u00bbrow\u00bb use_row_as_full_screen_section=\u00bbno\u00bb type=\u00bbfull_width\u00bb text_align=\u00bbleft\u00bb background_animation=\u00bbnone\u00bb css_animation=\u00bb\u00bb][vc_column][vc_column_text] RESIDENCIA DE CREACI\u00d3N SONORA ARTS AL NORD \u00b7 2023 [\/vc_column_text][vc_empty_space][vc_single_image image=\u00bb2338&#8243; img_size=\u00bblarge\u00bb alignment=\u00bbcenter\u00bb qode_css_animation=\u00bb\u00bb][vc_empty_space][vc_column_text] El programa de residencias de creaci\u00f3n sonora Arts al Nord se dirige a artistas que emplean el sonido como herramienta de investigaci\u00f3n y creaci\u00f3n&#8230;<\/p>\n","protected":false},"author":1,"featured_media":0,"parent":0,"menu_order":0,"comment_status":"closed","ping_status":"closed","template":"","meta":{"footnotes":""},"class_list":["post-2283","page","type-page","status-publish","hentry"],"_links":{"self":[{"href":"https:\/\/casadartistes.esfarcultural.net\/es\/wp-json\/wp\/v2\/pages\/2283","targetHints":{"allow":["GET"]}}],"collection":[{"href":"https:\/\/casadartistes.esfarcultural.net\/es\/wp-json\/wp\/v2\/pages"}],"about":[{"href":"https:\/\/casadartistes.esfarcultural.net\/es\/wp-json\/wp\/v2\/types\/page"}],"author":[{"embeddable":true,"href":"https:\/\/casadartistes.esfarcultural.net\/es\/wp-json\/wp\/v2\/users\/1"}],"replies":[{"embeddable":true,"href":"https:\/\/casadartistes.esfarcultural.net\/es\/wp-json\/wp\/v2\/comments?post=2283"}],"version-history":[{"count":27,"href":"https:\/\/casadartistes.esfarcultural.net\/es\/wp-json\/wp\/v2\/pages\/2283\/revisions"}],"predecessor-version":[{"id":2356,"href":"https:\/\/casadartistes.esfarcultural.net\/es\/wp-json\/wp\/v2\/pages\/2283\/revisions\/2356"}],"wp:attachment":[{"href":"https:\/\/casadartistes.esfarcultural.net\/es\/wp-json\/wp\/v2\/media?parent=2283"}],"curies":[{"name":"wp","href":"https:\/\/api.w.org\/{rel}","templated":true}]}}