{"id":2246,"date":"2023-05-23T12:16:14","date_gmt":"2023-05-23T12:16:14","guid":{"rendered":"https:\/\/casadartistes.esfarcultural.net\/?page_id=2246"},"modified":"2024-06-26T16:43:17","modified_gmt":"2024-06-26T16:43:17","slug":"creacio-sonora","status":"publish","type":"page","link":"https:\/\/casadartistes.esfarcultural.net\/es\/creacio-sonora","title":{"rendered":"CREACI\u00d3 SONORA"},"content":{"rendered":"<div class=\"wpb-content-wrapper\"><p>[vc_row row_type=\u00bbrow\u00bb use_row_as_full_screen_section=\u00bbno\u00bb type=\u00bbfull_width\u00bb text_align=\u00bbleft\u00bb background_animation=\u00bbnone\u00bb css_animation=\u00bb\u00bb css=\u00bb.vc_custom_1610971923298{padding-top: 10px !important;padding-bottom: 20px !important;}\u00bb][vc_column][vc_empty_space][vc_column_text css=\u00bb\u00bb]<\/p>\n<h3 style=\"text-align: left;\"><strong>RESID\u00c8NCIA DE CREACI\u00d3 SONORA ARTS AL NORD \u201923<\/strong><\/h3>\n<h3 style=\"text-align: left;\"><span style=\"color: #ff0000;\"><em>Artista seleccionat<\/em><\/span><\/h3>\n<p>[\/vc_column_text][vc_empty_space][vc_row_inner row_type=\u00bbrow\u00bb type=\u00bbfull_width\u00bb use_row_as_full_screen_section_slide=\u00bbno\u00bb text_align=\u00bbleft\u00bb css_animation=\u00bb\u00bb][vc_column_inner width=\u00bb1\/2&#8243;][vc_empty_space][vc_column_text]<\/p>\n<h5 style=\"text-align: left;\"><span style=\"color: #ea2d2e;\"><b>CHARO MART\u00cdN<\/b><\/span><\/h5>\n<p>[\/vc_column_text][vc_empty_space][vc_column_text css=\u00bb\u00bb]<\/p>\n<p style=\"text-align: justify;\">Catedr\u00e0tica de Cante flamenc en el CSM Rafael Orozco de C\u00f2rdova. La seva activitat professional t\u00e9 com a fil conductor l&#8217;estudi del repertori cl\u00e0ssic flamenc i el seu re-interpretaci\u00f3.<\/p>\n<p style=\"text-align: justify;\">\u00c9s llicenciada Superior de M\u00fasica, especialitat Canti Flamenc (ESMUC, Barcelona), en Filologia Espanyola (UNED) i Diplomada en Estudis Avan\u00e7ats de Flamenc (Universitat de Sevilla). Entre les seves produccions destaquen Per a-Das (Cita amb les m\u00fasiques, Sevilla, 2011), Improvers\u00e1tiles, al costat d&#8217;Alexis D\u00edaz-Pimienta (2015-2019), i entre les col\u00b7laboracions Lliri entre Espines de Guillermo Weickert (2013), El sol quan \u00e9s de nit (2014) i Les Processons de Pedro G. Romero (2016), Droguita del esperticio per a Carn de Can\u00e7\u00f3, de Laila Tafur i Flamingos, d&#8217;Albert Quesada.<\/p>\n<p style=\"text-align: justify;\">Com a artista, investiga sobre les possibilitats del cos-veu flamenc, l&#8217;espai sonor, i la seva po\u00e8tica a trav\u00e9s de la improvisaci\u00f3 i la performance. Aquest \u00e9s l&#8217;eix tem\u00e0tic de les seves actuals creacions. Per a la resid\u00e8ncia de Creaci\u00f3 Sonora Arts al Nord es proposa estimular el llenguatge vocal i enriquir les accions esc\u00e8niques amb un tractament de site-*specific, interactuant amb el paisatge f\u00edsic i sonor espec\u00edfic de Menorca. S&#8217;exploraran elements sonors flamencs, experimentant amb tecnologies i efectes<\/p>\n<p style=\"text-align: justify;\">per a expandir el llenguatge sonor, deixant que entrin els sons i les formes musicals\u00a0orals de l&#8217;entorn, com les glosses.<\/p>\n<p>[\/vc_column_text][vc_empty_space][vc_column_text css=\u00bb.vc_custom_1690969594943{padding-top: 15px !important;}\u00bb]<\/p>\n<p style=\"text-align: center;\"><a href=\"https:\/\/charomartin.es\" target=\"_blank\" rel=\"noopener\">charomartin.es<\/a><\/p>\n<p style=\"text-align: center;\">IG <a href=\"https:\/\/www.instagram.com\/charomartinflamenco\/\" target=\"_blank\" rel=\"noopener\">charomartinflamenco<\/a><\/p>\n<p>[\/vc_column_text][\/vc_column_inner][vc_column_inner width=\u00bb1\/2&#8243;][vc_single_image image=\u00bb2387&#8243; img_size=\u00bblarge\u00bb alignment=\u00bbcenter\u00bb qode_css_animation=\u00bb\u00bb][vc_empty_space height=\u00bb10px\u00bb][vc_single_image image=\u00bb2373&#8243; img_size=\u00bblarge\u00bb alignment=\u00bbcenter\u00bb onclick=\u00bbcustom_link\u00bb img_link_target=\u00bb_blank\u00bb qode_css_animation=\u00bb\u00bb link=\u00bbhttp:\/\/sandrinedeumier.com\/\u00bb][\/vc_column_inner][\/vc_row_inner][\/vc_column][\/vc_row][vc_row row_type=\u00bbrow\u00bb use_row_as_full_screen_section=\u00bbno\u00bb type=\u00bbfull_width\u00bb text_align=\u00bbleft\u00bb background_animation=\u00bbnone\u00bb css_animation=\u00bb\u00bb css=\u00bb.vc_custom_1610971923298{padding-top: 10px !important;padding-bottom: 20px !important;}\u00bb][vc_column][vc_empty_space][vc_separator type=\u00bbnormal\u00bb border_style=\u00bb\u00bb color=\u00bb#0a0a0a\u00bb][vc_empty_space][\/vc_column][\/vc_row]<\/p>\n<\/div>","protected":false},"excerpt":{"rendered":"<p>[vc_row row_type=\u00bbrow\u00bb use_row_as_full_screen_section=\u00bbno\u00bb type=\u00bbfull_width\u00bb text_align=\u00bbleft\u00bb background_animation=\u00bbnone\u00bb css_animation=\u00bb\u00bb css=\u00bb.vc_custom_1610971923298{padding-top: 10px !important;padding-bottom: 20px !important;}\u00bb][vc_column][vc_empty_space][vc_column_text css=\u00bb\u00bb] RESID\u00c8NCIA DE CREACI\u00d3 SONORA ARTS AL NORD \u201923 Artista seleccionat [\/vc_column_text][vc_empty_space][vc_row_inner row_type=\u00bbrow\u00bb type=\u00bbfull_width\u00bb use_row_as_full_screen_section_slide=\u00bbno\u00bb text_align=\u00bbleft\u00bb css_animation=\u00bb\u00bb][vc_column_inner width=\u00bb1\/2&#8243;][vc_empty_space][vc_column_text] CHARO MART\u00cdN [\/vc_column_text][vc_empty_space][vc_column_text css=\u00bb\u00bb] Catedr\u00e0tica de Cante flamenc en el CSM Rafael Orozco de C\u00f2rdova&#8230;.<\/p>\n","protected":false},"author":1,"featured_media":0,"parent":0,"menu_order":0,"comment_status":"closed","ping_status":"closed","template":"","meta":{"footnotes":""},"class_list":["post-2246","page","type-page","status-publish","hentry"],"_links":{"self":[{"href":"https:\/\/casadartistes.esfarcultural.net\/es\/wp-json\/wp\/v2\/pages\/2246","targetHints":{"allow":["GET"]}}],"collection":[{"href":"https:\/\/casadartistes.esfarcultural.net\/es\/wp-json\/wp\/v2\/pages"}],"about":[{"href":"https:\/\/casadartistes.esfarcultural.net\/es\/wp-json\/wp\/v2\/types\/page"}],"author":[{"embeddable":true,"href":"https:\/\/casadartistes.esfarcultural.net\/es\/wp-json\/wp\/v2\/users\/1"}],"replies":[{"embeddable":true,"href":"https:\/\/casadartistes.esfarcultural.net\/es\/wp-json\/wp\/v2\/comments?post=2246"}],"version-history":[{"count":87,"href":"https:\/\/casadartistes.esfarcultural.net\/es\/wp-json\/wp\/v2\/pages\/2246\/revisions"}],"predecessor-version":[{"id":3090,"href":"https:\/\/casadartistes.esfarcultural.net\/es\/wp-json\/wp\/v2\/pages\/2246\/revisions\/3090"}],"wp:attachment":[{"href":"https:\/\/casadartistes.esfarcultural.net\/es\/wp-json\/wp\/v2\/media?parent=2246"}],"curies":[{"name":"wp","href":"https:\/\/api.w.org\/{rel}","templated":true}]}}