{"id":2230,"date":"2023-05-03T08:00:18","date_gmt":"2023-05-03T08:00:18","guid":{"rendered":"https:\/\/casadartistes.esfarcultural.net\/?page_id=2230"},"modified":"2024-06-26T16:41:47","modified_gmt":"2024-06-26T16:41:47","slug":"residencia-performance-2","status":"publish","type":"page","link":"https:\/\/casadartistes.esfarcultural.net\/es\/residencia-performance-2","title":{"rendered":"RESID\u00c8NCIA PERFORMANCE"},"content":{"rendered":"<div class=\"wpb-content-wrapper\"><p>[vc_row row_type=\u00bbrow\u00bb use_row_as_full_screen_section=\u00bbno\u00bb type=\u00bbfull_width\u00bb text_align=\u00bbcenter\u00bb background_animation=\u00bbnone\u00bb css_animation=\u00bb\u00bb css=\u00bb.vc_custom_1610973632409{padding-bottom: 20px !important;}\u00bb][vc_column][vc_column_text]<\/p>\n<h5 style=\"text-align: left;\"><span style=\"color: #ea2d2e;\"><b>NEUS MASDEU<\/b><\/span><\/h5>\n<p>[\/vc_column_text][\/vc_column][\/vc_row][vc_row row_type=\u00bbrow\u00bb use_row_as_full_screen_section=\u00bbno\u00bb type=\u00bbfull_width\u00bb text_align=\u00bbleft\u00bb background_animation=\u00bbnone\u00bb css_animation=\u00bb\u00bb css=\u00bb.vc_custom_1678713509651{padding-top: 30px !important;padding-right: 0px !important;padding-bottom: 30px !important;padding-left: 0px !important;}\u00bb][vc_column width=\u00bb2\/3&#8243;][vc_column_text css=\u00bb\u00bb]<\/p>\n<p style=\"text-align: justify;\"><a href=\"https:\/\/neusmasdeu.com\/\">Neus Masdeu<\/a> (1995) \u00e9s una artista multidisciplin\u00e0ria d&#8217;Arenys de Mar. Graduada en Arts Aplicades al Muro a l&#8217;escola Llotja (Barcelona) i graduada en Arts i Disseny a l&#8217;escola Massana (Barcelona). La seva pr\u00e0ctica se centra en el di\u00e0leg entre les arts visuals i les arts esc\u00e8niques. En els \u00faltims anys ha rebut la Beca de recerca i innovaci\u00f3 en l&#8217;\u00e0mbit de la m\u00fasica, les arts visuals, esc\u00e8niques i de pensament. Ha participat en festivals com el TNT(Terrassa), Festival BAM (Barcelona) i Festival Artefacte de la Fundaci\u00f3 Brossa (Barcelona). Tamb\u00e9 ha realitzat resid\u00e8ncies art\u00edstiques en centres com Nau Estruch, Teatre Auditori de Granollers, Roca Umbert, entre altres. A part de la seva pr\u00e0ctica treballa en acompanyament i producci\u00f3 de projectes d&#8217;artistes com Alexandra Laudo, Francesca Llopis o Ant\u00f2nia del Riu. Actualment, treballa en l&#8217;espai EART fent coordinaci\u00f3 de projectes art\u00edstic educatius i fent mediaci\u00f3 per al programa ENRESiD\u00c8NCiA.<\/p>\n<p>&nbsp;<\/p>\n<p style=\"text-align: justify;\">Habitualment es mou entre la performance i la instal\u00b7laci\u00f3, activant el material que t\u00e9 a l&#8217;abast, els objectes dom\u00e8stics o prenent el carrer com a espai de joc. Sempre ha compaginat la pr\u00e0ctica art\u00edstica, el treball i els estudis. Aquest fet tan com\u00fa li ha fet q\u00fcestionar sobre les relacions que establim amb la productivitat, els ritmes fren\u00e8tics del treball i el consum, generant respostes molt diverses dins de les seves propostes on no falten mai ni l&#8217;humor ni l&#8217;enginy.<\/p>\n<p>&nbsp;<\/p>\n<p>&nbsp;<\/p>\n<p style=\"text-align: justify;\">IG <a href=\"https:\/\/www.instagram.com\/masdeuneus\/\">@masdeuneus<\/a><\/p>\n<p>[\/vc_column_text][\/vc_column][vc_column width=\u00bb1\/3&#8243;][vc_single_image image=\u00bb2232&#8243; img_size=\u00bblarge\u00bb alignment=\u00bbcenter\u00bb onclick=\u00bbcustom_link\u00bb img_link_target=\u00bb_blank\u00bb qode_css_animation=\u00bb\u00bb link=\u00bbhttp:\/\/sandrinedeumier.com\/\u00bb][vc_empty_space][vc_single_image image=\u00bb2233&#8243; img_size=\u00bblarge\u00bb alignment=\u00bbcenter\u00bb onclick=\u00bbcustom_link\u00bb img_link_target=\u00bb_blank\u00bb qode_css_animation=\u00bb\u00bb link=\u00bbhttp:\/\/sandrinedeumier.com\/\u00bb][\/vc_column][\/vc_row][vc_row row_type=\u00bbrow\u00bb use_row_as_full_screen_section=\u00bbno\u00bb type=\u00bbfull_width\u00bb text_align=\u00bbleft\u00bb background_animation=\u00bbnone\u00bb css_animation=\u00bb\u00bb css=\u00bb.vc_custom_1610971949811{padding-top: 20px !important;padding-bottom: 30px !important;}\u00bb][vc_column][vc_separator type=\u00bbnormal\u00bb border_style=\u00bb\u00bb color=\u00bb#0a0a0a\u00bb][\/vc_column][\/vc_row][vc_row row_type=\u00bbrow\u00bb use_row_as_full_screen_section=\u00bbno\u00bb type=\u00bbfull_width\u00bb text_align=\u00bbcenter\u00bb background_animation=\u00bbnone\u00bb css_animation=\u00bb\u00bb css=\u00bb.vc_custom_1610973632409{padding-bottom: 20px !important;}\u00bb][vc_column][vc_column_text]<\/p>\n<h5 style=\"text-align: left;\"><span style=\"color: #ea2d2e;\"><b>WAIWEN VIENTO DEL SUR<\/b><\/span><\/h5>\n<p>[\/vc_column_text][\/vc_column][\/vc_row][vc_row row_type=\u00bbrow\u00bb use_row_as_full_screen_section=\u00bbno\u00bb type=\u00bbfull_width\u00bb text_align=\u00bbleft\u00bb background_animation=\u00bbnone\u00bb css_animation=\u00bb\u00bb css=\u00bb.vc_custom_1678713669032{padding-top: 0px !important;padding-bottom: 30px !important;}\u00bb][vc_column width=\u00bb2\/3&#8243;][vc_column_text css=\u00bb.vc_custom_1719419978901{padding-top: 30px !important;}\u00bb]<\/p>\n<p style=\"text-align: justify;\">Col\u00b7lectiu <a href=\"https:\/\/www.instagram.com\/waiwenviento.delsur\/\">Waiwen Viento del Sur <\/a>ho conformen les artistes Mar\u00eda Josefina Viteri Baquerizo, Paula Cecilia Araya Ya\u00f1ez i Mor\u00edn Alejandra Gonz\u00e1lez Mena, provinents de les arts esc\u00e8niques, visuals, sonores i performance. A partir dels seus processos de migraci\u00f3, confrontaci\u00f3 i di\u00e0leg entre Europa i Llatinoam\u00e8rica, activen la seva pr\u00e0ctica des de perspectives mestisses posades en tensi\u00f3 segons els diferents territoris que avui habiten. Busquen ampliar espais d&#8217;articulaci\u00f3 i participaci\u00f3 anticolonial mitjan\u00e7ant una proposta interdisciplin\u00e0ria, afectada pel paisatge\/context i la trobada viva. Situen els seus propis cossos compresos com a territoris i mixturas relatius als seus llocs d&#8217;origen en relaci\u00f3 a la seva condici\u00f3 actual de tr\u00e0nsit.<\/p>\n<p>&nbsp;<\/p>\n<p style=\"text-align: justify;\">A trav\u00e9s de les seves pr\u00e0ctiques exploren possibilitats de reconstruir relats silenciats basats en cosmovisions femenines dels territoris andins llatinoamericans que reconeixen els paisatges naturals com a fonts de creaci\u00f3, contenidors d&#8217;una trama identit\u00e0ria. Amb l&#8217;objectiu d&#8217;intervenir els territoris que transiten, emmarquen els seus treballs en un site specific, tra\u00e7ant un tipus d&#8217;acte que desprengui una interacci\u00f3 \u00fanica amb el lloc, proposant la construcci\u00f3 de nous relats.<\/p>\n<p>[\/vc_column_text][\/vc_column][vc_column width=\u00bb1\/3&#8243;][vc_single_image image=\u00bb2234&#8243; img_size=\u00bblarge\u00bb alignment=\u00bbcenter\u00bb onclick=\u00bbcustom_link\u00bb img_link_target=\u00bb_blank\u00bb qode_css_animation=\u00bb\u00bb link=\u00bbhttps:\/\/www.alky0ni.com\/\u00bb][vc_empty_space][\/vc_column][\/vc_row][vc_row row_type=\u00bbrow\u00bb use_row_as_full_screen_section=\u00bbno\u00bb type=\u00bbfull_width\u00bb text_align=\u00bbleft\u00bb background_animation=\u00bbnone\u00bb css_animation=\u00bb\u00bb][vc_column][vc_empty_space][\/vc_column][\/vc_row][vc_row row_type=\u00bbrow\u00bb use_row_as_full_screen_section=\u00bbno\u00bb type=\u00bbfull_width\u00bb text_align=\u00bbleft\u00bb background_animation=\u00bbnone\u00bb css_animation=\u00bb\u00bb css=\u00bb.vc_custom_1678713662765{padding-top: 30px !important;padding-bottom: 20px !important;}\u00bb][vc_column width=\u00bb2\/3&#8243;][vc_column_text css=\u00bb.vc_custom_1719420011952{padding-top: 30px !important;}\u00bb]<\/p>\n<p style=\"text-align: justify;\"><b>Paula Cecilia Araya Ya\u00f1ez<\/b><\/p>\n<p style=\"text-align: justify;\">Migrant. Artista esc\u00e8nica. Actualment la seva pr\u00e0ctica explora l\u00edmits esc\u00e8nics de car\u00e0cter performatiu. Excava en les paraules que la travessen utilitzant el seu cos\/territori com eina d&#8217;acci\u00f3. Els forats que obre s\u00f3n tradu\u00efts en accions art\u00edstiques \u00edntimes ef\u00edmeres que ha anat desplegant en relaci\u00f3 directa amb la terra i com d&#8217;aquesta relaci\u00f3 sorgeix una possible corporeizaci\u00f3n de les paraules i del so amagats en elles. Ha integrat grups de recerca i resid\u00e8ncies de creaci\u00f3 a Xile, l&#8217;Argentina, Bol\u00edvia, Espanya i Fran\u00e7a. Cocreadora del Festival de Dramat\u00fargia Maulina FEDAM. Llicenciada en Arts amb esment en actuaci\u00f3 teatral Universitat de Xile i M\u00e0ster en Pr\u00e0ctica Esc\u00e8nica i Cultura Visual de Centre Nacional d&#8217;Art Museu Reina esc\u00e8nica Sof\u00eda, Artea-Universitat Castella-la Manxa.<\/p>\n<p>&nbsp;<\/p>\n<p>&nbsp;<\/p>\n<p style=\"text-align: justify;\">IG <a href=\"https:\/\/www.instagram.com\/lapaula.a\/\">@lapaula<\/a><\/p>\n<p>[\/vc_column_text][\/vc_column][vc_column width=\u00bb1\/3&#8243;][vc_single_image image=\u00bb2236&#8243; img_size=\u00bblarge\u00bb alignment=\u00bbcenter\u00bb onclick=\u00bbcustom_link\u00bb img_link_target=\u00bb_blank\u00bb qode_css_animation=\u00bb\u00bb link=\u00bbhttps:\/\/paulavicente.hotglue.me\u00bb][vc_empty_space][\/vc_column][\/vc_row][vc_row row_type=\u00bbrow\u00bb use_row_as_full_screen_section=\u00bbno\u00bb type=\u00bbfull_width\u00bb text_align=\u00bbleft\u00bb background_animation=\u00bbnone\u00bb css_animation=\u00bb\u00bb][vc_column][vc_empty_space][\/vc_column][\/vc_row][vc_row row_type=\u00bbrow\u00bb use_row_as_full_screen_section=\u00bbno\u00bb type=\u00bbfull_width\u00bb text_align=\u00bbleft\u00bb background_animation=\u00bbnone\u00bb css_animation=\u00bb\u00bb css=\u00bb.vc_custom_1678713662765{padding-top: 30px !important;padding-bottom: 20px !important;}\u00bb][vc_column width=\u00bb2\/3&#8243;][vc_column_text css=\u00bb.vc_custom_1719420031836{padding-top: 30px !important;}\u00bb]<b>Mor\u00edn Alejandra Gonz\u00e1lez Mena<\/b><\/p>\n<p style=\"text-align: justify;\">\u00c9s artista esc\u00e8nica, cantant i dramaturga. Explora en el cant i la sonoritat elements performatius que possibiliten espais d&#8217;origen ritual i trobada. \u00c9s Llicenciada en Actuaci\u00f3 Teatral amb especialitat en Dramat\u00fargia per la Universitat de Valpara\u00edso(Xile) i va estudiar durant m\u00e9s de 4 anys al costat del grup Open Program del Workcenter de JerzyGrotowski and Thomas Richards en Pontedera(It\u00e0lia). Actualment realitza un mestratge en Dramat\u00fargia en la Hochschule f\u00fcr Musik undTheater Hamburg\/ Alemanya i la seva pr\u00e0ctica en l&#8217;\u00e0rea al costat del projecte Soci\u00e9t\u00e9 Anonyme de Stefan Kaegi \/ Rimini Protokoll i el DeutschesSchauspielhaus Hamburg. Al mateix temps \u00e9s cantant en la banda musical Les Flors Daurades i cocreadora del Projecte Veus de La Lluna.<\/p>\n<p>&nbsp;<\/p>\n<p>IG <a href=\"https:\/\/www.instagram.com\/morin.agm\/\">@morin.agm<\/a>[\/vc_column_text][\/vc_column][vc_column width=\u00bb1\/3&#8243;][vc_single_image image=\u00bb2235&#8243; img_size=\u00bblarge\u00bb alignment=\u00bbcenter\u00bb onclick=\u00bbcustom_link\u00bb img_link_target=\u00bb_blank\u00bb qode_css_animation=\u00bb\u00bb link=\u00bbhttps:\/\/paulavicente.hotglue.me\u00bb][vc_empty_space][\/vc_column][\/vc_row][vc_row row_type=\u00bbrow\u00bb use_row_as_full_screen_section=\u00bbno\u00bb type=\u00bbfull_width\u00bb text_align=\u00bbleft\u00bb background_animation=\u00bbnone\u00bb css_animation=\u00bb\u00bb css=\u00bb.vc_custom_1610971949811{padding-top: 20px !important;padding-bottom: 30px !important;}\u00bb][vc_column][vc_separator type=\u00bbnormal\u00bb border_style=\u00bb\u00bb color=\u00bb#0a0a0a\u00bb][\/vc_column][\/vc_row]<\/p>\n<\/div>","protected":false},"excerpt":{"rendered":"<p>[vc_row row_type=\u00bbrow\u00bb use_row_as_full_screen_section=\u00bbno\u00bb type=\u00bbfull_width\u00bb text_align=\u00bbcenter\u00bb background_animation=\u00bbnone\u00bb css_animation=\u00bb\u00bb css=\u00bb.vc_custom_1610973632409{padding-bottom: 20px !important;}\u00bb][vc_column][vc_column_text] NEUS MASDEU [\/vc_column_text][\/vc_column][\/vc_row][vc_row row_type=\u00bbrow\u00bb use_row_as_full_screen_section=\u00bbno\u00bb type=\u00bbfull_width\u00bb text_align=\u00bbleft\u00bb background_animation=\u00bbnone\u00bb css_animation=\u00bb\u00bb css=\u00bb.vc_custom_1678713509651{padding-top: 30px !important;padding-right: 0px !important;padding-bottom: 30px !important;padding-left: 0px !important;}\u00bb][vc_column width=\u00bb2\/3&#8243;][vc_column_text css=\u00bb\u00bb] Neus Masdeu (1995) \u00e9s una artista multidisciplin\u00e0ria d&#8217;Arenys de Mar. Graduada en Arts Aplicades al&#8230;<\/p>\n","protected":false},"author":1,"featured_media":0,"parent":0,"menu_order":0,"comment_status":"closed","ping_status":"closed","template":"","meta":{"footnotes":""},"class_list":["post-2230","page","type-page","status-publish","hentry"],"_links":{"self":[{"href":"https:\/\/casadartistes.esfarcultural.net\/es\/wp-json\/wp\/v2\/pages\/2230","targetHints":{"allow":["GET"]}}],"collection":[{"href":"https:\/\/casadartistes.esfarcultural.net\/es\/wp-json\/wp\/v2\/pages"}],"about":[{"href":"https:\/\/casadartistes.esfarcultural.net\/es\/wp-json\/wp\/v2\/types\/page"}],"author":[{"embeddable":true,"href":"https:\/\/casadartistes.esfarcultural.net\/es\/wp-json\/wp\/v2\/users\/1"}],"replies":[{"embeddable":true,"href":"https:\/\/casadartistes.esfarcultural.net\/es\/wp-json\/wp\/v2\/comments?post=2230"}],"version-history":[{"count":8,"href":"https:\/\/casadartistes.esfarcultural.net\/es\/wp-json\/wp\/v2\/pages\/2230\/revisions"}],"predecessor-version":[{"id":3089,"href":"https:\/\/casadartistes.esfarcultural.net\/es\/wp-json\/wp\/v2\/pages\/2230\/revisions\/3089"}],"wp:attachment":[{"href":"https:\/\/casadartistes.esfarcultural.net\/es\/wp-json\/wp\/v2\/media?parent=2230"}],"curies":[{"name":"wp","href":"https:\/\/api.w.org\/{rel}","templated":true}]}}