{"id":2072,"date":"2023-03-29T10:10:54","date_gmt":"2023-03-29T10:10:54","guid":{"rendered":"https:\/\/casadartistes.esfarcultural.net\/?page_id=2072"},"modified":"2024-06-26T16:37:42","modified_gmt":"2024-06-26T16:37:42","slug":"abril-23","status":"publish","type":"page","link":"https:\/\/casadartistes.esfarcultural.net\/es\/abril-23","title":{"rendered":"ABRIL\/23"},"content":{"rendered":"<div class=\"wpb-content-wrapper\"><p>[vc_row row_type=\u00bbrow\u00bb use_row_as_full_screen_section=\u00bbno\u00bb type=\u00bbfull_width\u00bb text_align=\u00bbcenter\u00bb background_animation=\u00bbnone\u00bb css_animation=\u00bb\u00bb css=\u00bb.vc_custom_1610973632409{padding-bottom: 20px !important;}\u00bb][vc_column][vc_column_text]<\/p>\n<h5 style=\"text-align: left;\"><span style=\"color: #ea2d2e;\"><b>ALE LACOUR<\/b><\/span><\/h5>\n<p>[\/vc_column_text][\/vc_column][\/vc_row][vc_row row_type=\u00bbrow\u00bb use_row_as_full_screen_section=\u00bbno\u00bb type=\u00bbfull_width\u00bb text_align=\u00bbleft\u00bb background_animation=\u00bbnone\u00bb css_animation=\u00bb\u00bb css=\u00bb.vc_custom_1678713509651{padding-top: 30px !important;padding-right: 0px !important;padding-bottom: 30px !important;padding-left: 0px !important;}\u00bb][vc_column width=\u00bb2\/3&#8243;][vc_column_text css=\u00bb\u00bb]<\/p>\n<p style=\"text-align: justify;\">Actriu, guionista, dramaturga i directora que crea els seus propis projectes. Funda la companyia La Impura al costat de Candela Sol\u00e9. Entre 2020 i 2021 va estrenar tres obres de dramat\u00fargia pr\u00f2pia, en dues de les quals actua i, en l&#8217;altra, dirigeix. Aquestes obres s\u00f3n: N\u00e9ixer amb culpa i sense nom, Parla&#8217;m de sexe i L&#8217;Escala de Jacob.<\/p>\n<p>&nbsp;<\/p>\n<p style=\"text-align: justify;\">En 2022 va ser seleccionada per al VIII Mestratge en escriptura creativa de Gui\u00f3 Audiovisual en EICTV (Cuba) i aquest 2023 per a cursar el M\u00e0ster de Narrativa a l&#8217;Escola d&#8217;Escriptors (Madrid).<\/p>\n<p>&nbsp;<\/p>\n<p style=\"text-align: justify;\">El seu primer curtmetratge Sestil (2021), va ser el guanyador del certamen de la Rioja Film Commission, i ha estat seleccionat en m\u00e9s de deu festivals entre Espanya i It\u00e0lia.<\/p>\n<p>&nbsp;<\/p>\n<p>&nbsp;<\/p>\n<p style=\"text-align: justify;\">IG <a href=\"https:\/\/www.instagram.com\/_alelacour\/\">@_alelacour<\/a><\/p>\n<p style=\"text-align: justify;\">IG <a href=\"https:\/\/www.instagram.com\/_laimpura\/\">@_laimpura<\/a><\/p>\n<p>[\/vc_column_text][\/vc_column][vc_column width=\u00bb1\/3&#8243;][vc_single_image image=\u00bb2075&#8243; img_size=\u00bblarge\u00bb alignment=\u00bbcenter\u00bb onclick=\u00bbcustom_link\u00bb img_link_target=\u00bb_blank\u00bb qode_css_animation=\u00bb\u00bb link=\u00bbhttp:\/\/sandrinedeumier.com\/\u00bb][vc_empty_space][\/vc_column][\/vc_row][vc_row row_type=\u00bbrow\u00bb use_row_as_full_screen_section=\u00bbno\u00bb type=\u00bbfull_width\u00bb text_align=\u00bbcenter\u00bb background_animation=\u00bbnone\u00bb css_animation=\u00bb\u00bb css=\u00bb.vc_custom_1610973632409{padding-bottom: 20px !important;}\u00bb][vc_column][vc_column_text][\/vc_column_text][vc_column_text][\/vc_column_text][\/vc_column][\/vc_row][vc_row row_type=\u00bbrow\u00bb use_row_as_full_screen_section=\u00bbno\u00bb type=\u00bbfull_width\u00bb text_align=\u00bbcenter\u00bb background_animation=\u00bbnone\u00bb css_animation=\u00bb\u00bb css=\u00bb.vc_custom_1610973632409{padding-bottom: 20px !important;}\u00bb][vc_column][vc_column_text][\/vc_column_text][vc_column_text][\/vc_column_text][\/vc_column][\/vc_row][vc_row row_type=\u00bbrow\u00bb use_row_as_full_screen_section=\u00bbno\u00bb type=\u00bbfull_width\u00bb text_align=\u00bbcenter\u00bb background_animation=\u00bbnone\u00bb css_animation=\u00bb\u00bb css=\u00bb.vc_custom_1610973632409{padding-bottom: 20px !important;}\u00bb][vc_column][vc_column_text]<\/p>\n<h5 style=\"text-align: left;\"><span style=\"color: #ea2d2e;\"><b>ANA\u00cfS FANER ANGLADA<\/b><\/span><\/h5>\n<p>[\/vc_column_text][\/vc_column][\/vc_row][vc_row row_type=\u00bbrow\u00bb use_row_as_full_screen_section=\u00bbno\u00bb type=\u00bbfull_width\u00bb text_align=\u00bbleft\u00bb background_animation=\u00bbnone\u00bb css_animation=\u00bb\u00bb css=\u00bb.vc_custom_1678713669032{padding-top: 0px !important;padding-bottom: 30px !important;}\u00bb][vc_column width=\u00bb2\/3&#8243;][vc_column_text css=\u00bb.vc_custom_1719419814280{padding-top: 30px !important;}\u00bb]<\/p>\n<p style=\"text-align: justify;\">Llicenciada en el Grau en Periodisme, amb esment en Periodisme Especialitzat en Cultura i Societat, per la Universitat Aut\u00f2noma de Barcelona, i en el M\u00e0ster en Creaci\u00f3 Liter\u00e0ria, impartit per la Barcelona School of Management.<\/p>\n<p>&nbsp;<\/p>\n<p style=\"text-align: justify;\">Recentment, ha publicat dos llibres: Eleanor Roosevelt. Impulsora dels drets humans (VeguetaEdicions, 2022) i La defensora de la humanitat. Eleanor Roosevelt (Vegueta Edicions, 2023). Tamb\u00e9 ha col\u00b7laborat en el llibre Els ciutatsinvisibles: art de la ciutadania en temps d&#8217;estatd&#8217;alarma i confinament obligat\u00f2ria (2021). Ha rebut diversos reconeixements literaris de narraci\u00f3 curta i de poesia.<\/p>\n<p>&nbsp;<\/p>\n<p style=\"text-align: justify;\">La seva pr\u00e0ctica \u00e9s pr\u00f2pia de l&#8217;escriptura d&#8217;una poesia confessional, sincera, espont\u00e0nia, autocr\u00edtica amb elements de l&#8217;autoficci\u00f3, i amb una t\u00e8cnica imperfecta que, algunes vegades, es decanta per la prosa po\u00e8tica. La desorientaci\u00f3, corporalitat, incertesa, inseguretat, o les anades i vingudes, obsessions, obsessions, contradiccions i polaritats irresoltes s\u00f3n el vehicle essencial d&#8217;aquesta poesia, a vegades reflexiva i remullada de sarcasme.<\/p>\n<p>&nbsp;<\/p>\n<p>&nbsp;<\/p>\n<p style=\"text-align: justify;\">IG <a href=\"https:\/\/www.instagram.com\/anaisfaner\/\">@anaisfaner<\/a><\/p>\n<p>[\/vc_column_text][\/vc_column][vc_column width=\u00bb1\/3&#8243;][vc_single_image image=\u00bb2074&#8243; img_size=\u00bblarge\u00bb alignment=\u00bbcenter\u00bb onclick=\u00bbcustom_link\u00bb img_link_target=\u00bb_blank\u00bb qode_css_animation=\u00bb\u00bb link=\u00bbhttps:\/\/www.alky0ni.com\/\u00bb][vc_empty_space][\/vc_column][\/vc_row][vc_row row_type=\u00bbrow\u00bb use_row_as_full_screen_section=\u00bbno\u00bb type=\u00bbfull_width\u00bb text_align=\u00bbcenter\u00bb background_animation=\u00bbnone\u00bb css_animation=\u00bb\u00bb css=\u00bb.vc_custom_1610973632409{padding-bottom: 20px !important;}\u00bb][vc_column][vc_column_text][\/vc_column_text][vc_column_text][\/vc_column_text][\/vc_column][\/vc_row][vc_row row_type=\u00bbrow\u00bb use_row_as_full_screen_section=\u00bbno\u00bb type=\u00bbfull_width\u00bb text_align=\u00bbcenter\u00bb background_animation=\u00bbnone\u00bb css_animation=\u00bb\u00bb css=\u00bb.vc_custom_1610973632409{padding-bottom: 20px !important;}\u00bb][vc_column][vc_column_text][\/vc_column_text][vc_column_text][\/vc_column_text][\/vc_column][\/vc_row][vc_row row_type=\u00bbrow\u00bb use_row_as_full_screen_section=\u00bbno\u00bb type=\u00bbfull_width\u00bb text_align=\u00bbleft\u00bb background_animation=\u00bbnone\u00bb css_animation=\u00bb\u00bb css=\u00bb.vc_custom_1610971612162{padding-top: 10px !important;}\u00bb][vc_column][vc_column_text]<\/p>\n<h5 style=\"text-align: left;\"><strong><span style=\"color: #ea2d2e;\">ROGER COCH ELIAS<\/span><\/strong><\/h5>\n<p>[\/vc_column_text][\/vc_column][\/vc_row][vc_row row_type=\u00bbrow\u00bb use_row_as_full_screen_section=\u00bbno\u00bb type=\u00bbfull_width\u00bb text_align=\u00bbleft\u00bb background_animation=\u00bbnone\u00bb css_animation=\u00bb\u00bb css=\u00bb.vc_custom_1678713662765{padding-top: 30px !important;padding-bottom: 20px !important;}\u00bb][vc_column width=\u00bb2\/3&#8243;][vc_column_text css=\u00bb.vc_custom_1719419856866{padding-top: 30px !important;}\u00bb]<\/p>\n<p style=\"text-align: justify;\">Escriptor i acompanyant de projectes literaris i processos creatius. Autor de de Udzu (Mals Herbes, 2017) i co-autor, juntament amb Muriel Villanueva (pseud\u00f2nim Muriel Rogers), de la trilogia L&#8217;Esfera (Planeta, 2016; traducci\u00f3 catalana Columna, 2016); Sense ales, Ales d&#8217;\u00cdcar i\u00a0El vol del f\u00e8nix. Tamb\u00e9 ha escrit contes, poemes i can\u00e7ons, com el conte \u00a0La m\u00e0 blanca (Branca #3: Ritu) i les compilacions Els esquerdes i Els altresdimensions.<\/p>\n<p>&nbsp;<\/p>\n<p style=\"text-align: justify;\">Es considera escriptor de mons estranys. Amb la seva escriptura s&#8217;enfonsa en les parts m\u00e9s profundes de la imaginaci\u00f3. Les seves hist\u00f2ries mostren la part fosca de l&#8217;experi\u00e8ncia humana, en una realitat sovint distorsionada, de la qual li agrada explorar els l\u00edmits, les altres dimensions. Els seus personatges se situen als marges, perduts en els seus laberints particulars. No ha tingut m\u00e9s remei que emmarcar-se en la ci\u00e8ncia-ficci\u00f3, la fantasia i el terror, per a explorar els g\u00e8neres i tibar-los, mai per a tancar-se. Ha conreat els g\u00e8neres de la novel\u00b7la i el conte, pel qual t\u00e9 predilecci\u00f3. Beu de Le Guin, Bradbury, Borges i el Calvino dels ciutats invisibles. Tamb\u00e9 de tot all\u00f2 que provingui de la Gr\u00e8cia antiga i d&#8217;epopeies com Guilgameix. El seu desig com a escriptor \u00e9s que el lector que estigui a punt de llegir-lo no s\u00e0piga mai al fet que s&#8217;enfrontar\u00e0.<\/p>\n<p>&nbsp;<\/p>\n<p>&nbsp;<\/p>\n<p style=\"text-align: justify;\"><a href=\"https:\/\/rogercoch.com\/\">rogercoch.com<\/a><\/p>\n<p style=\"text-align: justify;\">IG <a href=\"https:\/\/www.instagram.com\/rogercochelias\/\">@rogercochelias<\/a><\/p>\n<p>[\/vc_column_text][\/vc_column][vc_column width=\u00bb1\/3&#8243;][vc_single_image image=\u00bb2073&#8243; img_size=\u00bblarge\u00bb alignment=\u00bbcenter\u00bb onclick=\u00bbcustom_link\u00bb img_link_target=\u00bb_blank\u00bb qode_css_animation=\u00bb\u00bb link=\u00bbhttps:\/\/paulavicente.hotglue.me\u00bb][vc_empty_space][\/vc_column][\/vc_row][vc_row row_type=\u00bbrow\u00bb use_row_as_full_screen_section=\u00bbno\u00bb type=\u00bbfull_width\u00bb text_align=\u00bbleft\u00bb background_animation=\u00bbnone\u00bb css_animation=\u00bb\u00bb css=\u00bb.vc_custom_1610971949811{padding-top: 20px !important;padding-bottom: 30px !important;}\u00bb][vc_column][vc_separator type=\u00bbnormal\u00bb border_style=\u00bb\u00bb color=\u00bb#0a0a0a\u00bb][\/vc_column][\/vc_row]<\/p>\n<\/div>","protected":false},"excerpt":{"rendered":"<p>[vc_row row_type=\u00bbrow\u00bb use_row_as_full_screen_section=\u00bbno\u00bb type=\u00bbfull_width\u00bb text_align=\u00bbcenter\u00bb background_animation=\u00bbnone\u00bb css_animation=\u00bb\u00bb css=\u00bb.vc_custom_1610973632409{padding-bottom: 20px !important;}\u00bb][vc_column][vc_column_text] ALE LACOUR [\/vc_column_text][\/vc_column][\/vc_row][vc_row row_type=\u00bbrow\u00bb use_row_as_full_screen_section=\u00bbno\u00bb type=\u00bbfull_width\u00bb text_align=\u00bbleft\u00bb background_animation=\u00bbnone\u00bb css_animation=\u00bb\u00bb css=\u00bb.vc_custom_1678713509651{padding-top: 30px !important;padding-right: 0px !important;padding-bottom: 30px !important;padding-left: 0px !important;}\u00bb][vc_column width=\u00bb2\/3&#8243;][vc_column_text css=\u00bb\u00bb] Actriu, guionista, dramaturga i directora que crea els seus propis projectes. Funda la companyia La&#8230;<\/p>\n","protected":false},"author":1,"featured_media":0,"parent":0,"menu_order":0,"comment_status":"closed","ping_status":"closed","template":"","meta":{"footnotes":""},"class_list":["post-2072","page","type-page","status-publish","hentry"],"_links":{"self":[{"href":"https:\/\/casadartistes.esfarcultural.net\/es\/wp-json\/wp\/v2\/pages\/2072","targetHints":{"allow":["GET"]}}],"collection":[{"href":"https:\/\/casadartistes.esfarcultural.net\/es\/wp-json\/wp\/v2\/pages"}],"about":[{"href":"https:\/\/casadartistes.esfarcultural.net\/es\/wp-json\/wp\/v2\/types\/page"}],"author":[{"embeddable":true,"href":"https:\/\/casadartistes.esfarcultural.net\/es\/wp-json\/wp\/v2\/users\/1"}],"replies":[{"embeddable":true,"href":"https:\/\/casadartistes.esfarcultural.net\/es\/wp-json\/wp\/v2\/comments?post=2072"}],"version-history":[{"count":12,"href":"https:\/\/casadartistes.esfarcultural.net\/es\/wp-json\/wp\/v2\/pages\/2072\/revisions"}],"predecessor-version":[{"id":3087,"href":"https:\/\/casadartistes.esfarcultural.net\/es\/wp-json\/wp\/v2\/pages\/2072\/revisions\/3087"}],"wp:attachment":[{"href":"https:\/\/casadartistes.esfarcultural.net\/es\/wp-json\/wp\/v2\/media?parent=2072"}],"curies":[{"name":"wp","href":"https:\/\/api.w.org\/{rel}","templated":true}]}}