{"id":2017,"date":"2023-03-13T13:44:52","date_gmt":"2023-03-13T13:44:52","guid":{"rendered":"https:\/\/casadartistes.esfarcultural.net\/?page_id=2017"},"modified":"2024-06-26T16:26:47","modified_gmt":"2024-06-26T16:26:47","slug":"marc-23","status":"publish","type":"page","link":"https:\/\/casadartistes.esfarcultural.net\/es\/marc-23","title":{"rendered":"MAR\u00c7\/23"},"content":{"rendered":"<div class=\"wpb-content-wrapper\"><p>[vc_row row_type=\u00bbrow\u00bb use_row_as_full_screen_section=\u00bbno\u00bb type=\u00bbfull_width\u00bb text_align=\u00bbcenter\u00bb background_animation=\u00bbnone\u00bb css_animation=\u00bb\u00bb css=\u00bb.vc_custom_1610973632409{padding-bottom: 20px !important;}\u00bb][vc_column][vc_column_text]<\/p>\n<h5 style=\"text-align: left;\"><span style=\"color: #ea2d2e;\"><b>VICTORIA ELLM<\/b><\/span><\/h5>\n<p>[\/vc_column_text][\/vc_column][\/vc_row][vc_row row_type=\u00bbrow\u00bb use_row_as_full_screen_section=\u00bbno\u00bb type=\u00bbfull_width\u00bb text_align=\u00bbleft\u00bb background_animation=\u00bbnone\u00bb css_animation=\u00bb\u00bb css=\u00bb.vc_custom_1610973590515{padding-top: 30px !important;padding-right: 0px !important;padding-bottom: 30px !important;padding-left: 0px !important;}\u00bb][vc_column width=\u00bb2\/3&#8243;][vc_column_text css=\u00bb\u00bb]<\/p>\n<p style=\"text-align: justify;\">Els interessos centrals del work in progress de Victoria Ellm se centren en la fractura ling\u00fc\u00edstica produ\u00efda en la tangent relacionis-temps i en la salut, especialment la mental. D&#8217;aqu\u00ed a un temps, les fragilitats humanes evidents en tots dos espais d&#8217;exploraci\u00f3 han pres cos a trav\u00e9s de la paraula, el menjar i la imatge en moviment.<\/p>\n<p>&nbsp;<\/p>\n<p style=\"text-align: justify;\">Graduada en Belles arts i Comunicaci\u00f3 i Ind\u00fastries Culturals i, despr\u00e9s d&#8217;un M\u00e0ster de professorat d&#8217;educaci\u00f3 secund\u00e0ria en arts visuals per la Universitat de Barcelona, ha continuat aprenent a trav\u00e9s de seminaris i grups d&#8217;estudi independents centrats en l&#8217;audiovisual, la filosofia, les pr\u00e0ctiques curatoriales i la salut: L&#8217;educaci\u00f3 superior en el m\u00f3n actual. Disseny universal de l&#8217;aprenentatge (UB), Fer-s&#8217;un cos. Entrenamentpoliticopo\u00e8tic (Casal Solleric), Nomadolog\u00eda i Rostridad: Mil Altiplans, (Osmionirca Biblioteca), Dementia and the Arts: Sharing practice, developing, Understanding and Enhancing Lives ,(University College London i Futurlearn), Film Education: A User&#8217;s Guide (British Film Institut i Futurelearn), LAB: Transaccions, l\u00edmits i h\u00edbrids. Taller de desenvolupament de projectes (Hangar), Ecoficciones. De l&#8217;imaginari cinematogr\u00e0fic a les narratives especulatives (Hangar), WorkshopArtefactes cinematogr\u00e0fics. una iniciaci\u00f3 al cinema anal\u00f2gic (Xc\u00e8ntric -CCCB), Epistemologies i metodologies de revolta feminista (Universitat Pompeu Fabra), Taller Totes Incloses: museus i dons en situaci\u00f3 de vulnerabilitat (ApropaCultura).<\/p>\n<p>&nbsp;<\/p>\n<p style=\"text-align: justify;\">Ha participat en exposicions col\u00b7lectives com El laboratori del no fer, de Christina Schultz (BlueProject, 2019) o el projecte curatorial virtual <Eye-framing=OM=\/7> (La Capella, 2021) i ha investigant en espais de creaci\u00f3 com el Konvent o Sa Talaia.<\/p>\n<p>&nbsp;<\/p>\n<p style=\"text-align: justify;\">Seleccionada en el Talent Lab de Atlantida Film Festival amb A Woman\u2019s House, aquesta pe\u00e7a audiovisual s&#8217;ha anat desplegant en una sort de projecte de vida on treballs previs com a Sala d&#8217;espera, Un llit \u00b7 Hist\u00f2ries per a un llit, ibuprofeno600min o The Food is Present tamb\u00e9 tenen cabuda.<\/p>\n<p>&nbsp;<\/p>\n<p>&nbsp;<\/p>\n<p style=\"text-align: justify;\"><a href=\"https:\/\/linktr.ee\/victoriaellm\">linktr.ee\/victoriaellm\u00a0<\/a><\/p>\n<p>[\/vc_column_text][\/vc_column][vc_column width=\u00bb1\/3&#8243;][vc_single_image image=\u00bb2007&#8243; img_size=\u00bblarge\u00bb alignment=\u00bbcenter\u00bb onclick=\u00bbcustom_link\u00bb img_link_target=\u00bb_blank\u00bb qode_css_animation=\u00bb\u00bb link=\u00bbhttp:\/\/sandrinedeumier.com\/\u00bb][vc_empty_space][vc_single_image image=\u00bb2006&#8243; img_size=\u00bblarge\u00bb alignment=\u00bbcenter\u00bb onclick=\u00bbcustom_link\u00bb img_link_target=\u00bb_blank\u00bb qode_css_animation=\u00bb\u00bb link=\u00bbhttp:\/\/sandrinedeumier.com\/\u00bb][\/vc_column][\/vc_row][vc_row row_type=\u00bbrow\u00bb use_row_as_full_screen_section=\u00bbno\u00bb type=\u00bbfull_width\u00bb text_align=\u00bbleft\u00bb background_animation=\u00bbnone\u00bb css_animation=\u00bb\u00bb css=\u00bb.vc_custom_1610971923298{padding-top: 10px !important;padding-bottom: 20px !important;}\u00bb][vc_column][vc_separator type=\u00bbnormal\u00bb border_style=\u00bb\u00bb color=\u00bb#0a0a0a\u00bb][\/vc_column][\/vc_row][vc_row row_type=\u00bbrow\u00bb use_row_as_full_screen_section=\u00bbno\u00bb type=\u00bbfull_width\u00bb text_align=\u00bbcenter\u00bb background_animation=\u00bbnone\u00bb css_animation=\u00bb\u00bb css=\u00bb.vc_custom_1610971790637{padding-top: 10px !important;padding-bottom: 30px !important;}\u00bb][vc_column][vc_column_text]<\/p>\n<h5 style=\"text-align: left;\"><span style=\"color: #ea2d2e;\"><b>IV\u00c1N TORRES HDEZ<\/b><\/span><\/h5>\n<p>[\/vc_column_text][\/vc_column][\/vc_row][vc_row row_type=\u00bbrow\u00bb use_row_as_full_screen_section=\u00bbno\u00bb type=\u00bbfull_width\u00bb text_align=\u00bbleft\u00bb background_animation=\u00bbnone\u00bb css_animation=\u00bb\u00bb css=\u00bb.vc_custom_1610973117877{padding-top: 0px !important;padding-bottom: 30px !important;}\u00bb][vc_column width=\u00bb2\/3&#8243;][vc_column_text css=\u00bb.vc_custom_1719419163702{padding-top: 30px !important;}\u00bb]<\/p>\n<p style=\"text-align: justify;\">Treballa en cinema documental i d&#8217;assaig entre Finl\u00e0ndia i Gal\u00edcia, on viu actualment. La seva pr\u00e0ctica inclou tamb\u00e9 la performance de \u201clivevisuals\u201d o cinema en directe, i la creaci\u00f3 d&#8217;art sonor destinat a la seva interpretaci\u00f3 en viu. Els projectes que desenvolupa tenen sempre un car\u00e0cter desconstructiu i d&#8217;experimentaci\u00f3 amb noves narratives i formats anal\u00f2gics mitjan\u00e7ant la seva recuperaci\u00f3, transformaci\u00f3 i reinterpretaci\u00f3. Una part recurrent en el seu treball \u00e9s la mem\u00f2ria, el seu significat i tra\u00e7a d&#8217;aquesta en els processos de construcci\u00f3 narrativa mitjan\u00e7ant l&#8217;erosi\u00f3 o alteraci\u00f3 d&#8217;aquesta.<\/p>\n<p>&nbsp;<\/p>\n<p>&nbsp;<\/p>\n<p style=\"text-align: justify;\"><a href=\"https:\/\/ivantorreshdez.com\/\">ivantorreshdez.com<\/a><\/p>\n<p>[\/vc_column_text][\/vc_column][vc_column width=\u00bb1\/3&#8243;][vc_single_image image=\u00bb2008&#8243; img_size=\u00bblarge\u00bb alignment=\u00bbcenter\u00bb onclick=\u00bbcustom_link\u00bb img_link_target=\u00bb_blank\u00bb qode_css_animation=\u00bb\u00bb link=\u00bbhttps:\/\/www.alky0ni.com\/\u00bb][vc_empty_space][vc_single_image image=\u00bb2009&#8243; img_size=\u00bblarge\u00bb alignment=\u00bbcenter\u00bb onclick=\u00bbcustom_link\u00bb img_link_target=\u00bb_blank\u00bb qode_css_animation=\u00bb\u00bb link=\u00bbhttps:\/\/www.alky0ni.com\/\u00bb][\/vc_column][\/vc_row][vc_row row_type=\u00bbrow\u00bb use_row_as_full_screen_section=\u00bbno\u00bb type=\u00bbfull_width\u00bb text_align=\u00bbleft\u00bb background_animation=\u00bbnone\u00bb css_animation=\u00bb\u00bb css=\u00bb.vc_custom_1610973136118{padding-top: px !important;padding-bottom: 30px !important;}\u00bb][vc_column][vc_separator type=\u00bbnormal\u00bb border_style=\u00bb\u00bb color=\u00bb#0a0a0a\u00bb][\/vc_column][\/vc_row][vc_row row_type=\u00bbrow\u00bb use_row_as_full_screen_section=\u00bbno\u00bb type=\u00bbfull_width\u00bb text_align=\u00bbleft\u00bb background_animation=\u00bbnone\u00bb css_animation=\u00bb\u00bb css=\u00bb.vc_custom_1610971612162{padding-top: 10px !important;}\u00bb][vc_column][vc_column_text]<\/p>\n<h5 style=\"text-align: left;\"><span style=\"color: #ea2d2e;\"><b>LUIS D\u00cdAZ<\/b><\/span><\/h5>\n<p>[\/vc_column_text][\/vc_column][\/vc_row][vc_row row_type=\u00bbrow\u00bb use_row_as_full_screen_section=\u00bbno\u00bb type=\u00bbfull_width\u00bb text_align=\u00bbleft\u00bb background_animation=\u00bbnone\u00bb css_animation=\u00bb\u00bb css=\u00bb.vc_custom_1610971880916{padding-top: 30px !important;padding-bottom: 20px !important;}\u00bb][vc_column width=\u00bb2\/3&#8243;][vc_column_text css=\u00bb.vc_custom_1719419203821{padding-top: 30px !important;}\u00bb]<\/p>\n<p style=\"text-align: justify;\">Actualment est\u00e0 treballant en l&#8217;escriptura d&#8217;una novel\u00b7la sobre el desig de ser escriptor, a m\u00e9s d&#8217;altres eixos com la confusi\u00f3 i la falta de significat de molts moments de les nostres vides, degut en part per una pres\u00e8ncia constant dels mitjans de comunicaci\u00f3, especialment de la televisi\u00f3. Els seus anteriors llibres treballaven els textos des de la poesia en prosa i per a aquesta tercera obra pret\u00e9n afrontar l&#8217;escriptura des de la narrativa procurant que l&#8217;\u00fas del llenguatge, les imatges i el ritme siguin tan important com el que es compta.<\/p>\n<p>&nbsp;<\/p>\n<p style=\"text-align: justify;\">Luis D\u00edaz (Alcal\u00e1 de Henares, 1994) \u00e9s escriptor, periodista i gestor cultural. Ha publicat els llibres Homes amb una dent de llet (C\u00e0ntic, 2020), obra guanyadora de l&#8217;IV Premi Irreconciliables, i Els blocs taronges (Cavall de Troia, 2023), editada per Sabina Urraca. Els seus textos tamb\u00e9 han aparegut en antologies com a Arbres fruiters (Editorial 16, 2021) o De qu\u00e8 parlem quan parlem d&#8217;amor (C\u00e0ntic, 2023).<\/p>\n<p>&nbsp;<\/p>\n<p style=\"text-align: justify;\">Aix\u00ed, uns altres dels seus treballs \u2014literaris o culturals\u2014 han estat publicats en revistes com MULE o postcultura, a m\u00e9s d&#8217;en mitjans period\u00edstics com a VICE, El Salt o Pelat Sonor.<\/p>\n<p>&nbsp;<\/p>\n<p style=\"text-align: justify;\">En l&#8217;\u00e0mbit de la gesti\u00f3 cultural, dirigeix des de 2019 el Festival de Poesia Jove d&#8217;Alcal\u00e1 de Henares. Aquesta proposta liter\u00e0ria t\u00e9 com a objectiu promocionar les noves veus de la poesia a Espanya. En les anteriors edicions \u2014la IV edici\u00f3 tindr\u00e0 lloc a la fi d&#8217;abril\u2014 han participat autorxscom Elizabeth Duval, Sara Torres, \u00d3scar Garc\u00eda Sierra o Rosa Berbel.<\/p>\n<p>&nbsp;<\/p>\n<p>&nbsp;<\/p>\n<p style=\"text-align: justify;\"><a href=\"https:\/\/www.instagram.com\/yungarepa\/\">www.instagram.com\/yungarepa<\/a><\/p>\n<p>[\/vc_column_text][\/vc_column][vc_column width=\u00bb1\/3&#8243;][vc_single_image image=\u00bb2011&#8243; img_size=\u00bblarge\u00bb alignment=\u00bbcenter\u00bb onclick=\u00bbcustom_link\u00bb img_link_target=\u00bb_blank\u00bb qode_css_animation=\u00bb\u00bb link=\u00bbhttps:\/\/paulavicente.hotglue.me\u00bb][vc_empty_space][vc_single_image image=\u00bb2010&#8243; img_size=\u00bblarge\u00bb alignment=\u00bbcenter\u00bb onclick=\u00bbcustom_link\u00bb img_link_target=\u00bb_blank\u00bb qode_css_animation=\u00bb\u00bb link=\u00bbhttps:\/\/paulavicente.hotglue.me\u00bb][\/vc_column][\/vc_row][vc_row row_type=\u00bbrow\u00bb use_row_as_full_screen_section=\u00bbno\u00bb type=\u00bbfull_width\u00bb text_align=\u00bbleft\u00bb background_animation=\u00bbnone\u00bb css_animation=\u00bb\u00bb css=\u00bb.vc_custom_1610971949811{padding-top: 20px !important;padding-bottom: 30px !important;}\u00bb][vc_column][vc_separator type=\u00bbnormal\u00bb border_style=\u00bb\u00bb color=\u00bb#0a0a0a\u00bb][\/vc_column][\/vc_row]<\/p>\n<\/div>","protected":false},"excerpt":{"rendered":"<p>[vc_row row_type=\u00bbrow\u00bb use_row_as_full_screen_section=\u00bbno\u00bb type=\u00bbfull_width\u00bb text_align=\u00bbcenter\u00bb background_animation=\u00bbnone\u00bb css_animation=\u00bb\u00bb css=\u00bb.vc_custom_1610973632409{padding-bottom: 20px !important;}\u00bb][vc_column][vc_column_text] VICTORIA ELLM [\/vc_column_text][\/vc_column][\/vc_row][vc_row row_type=\u00bbrow\u00bb use_row_as_full_screen_section=\u00bbno\u00bb type=\u00bbfull_width\u00bb text_align=\u00bbleft\u00bb background_animation=\u00bbnone\u00bb css_animation=\u00bb\u00bb css=\u00bb.vc_custom_1610973590515{padding-top: 30px !important;padding-right: 0px !important;padding-bottom: 30px !important;padding-left: 0px !important;}\u00bb][vc_column width=\u00bb2\/3&#8243;][vc_column_text css=\u00bb\u00bb] Els interessos centrals del work in progress de Victoria Ellm se centren en la fractura&#8230;<\/p>\n","protected":false},"author":1,"featured_media":0,"parent":0,"menu_order":0,"comment_status":"closed","ping_status":"closed","template":"","meta":{"footnotes":""},"class_list":["post-2017","page","type-page","status-publish","hentry"],"_links":{"self":[{"href":"https:\/\/casadartistes.esfarcultural.net\/es\/wp-json\/wp\/v2\/pages\/2017","targetHints":{"allow":["GET"]}}],"collection":[{"href":"https:\/\/casadartistes.esfarcultural.net\/es\/wp-json\/wp\/v2\/pages"}],"about":[{"href":"https:\/\/casadartistes.esfarcultural.net\/es\/wp-json\/wp\/v2\/types\/page"}],"author":[{"embeddable":true,"href":"https:\/\/casadartistes.esfarcultural.net\/es\/wp-json\/wp\/v2\/users\/1"}],"replies":[{"embeddable":true,"href":"https:\/\/casadartistes.esfarcultural.net\/es\/wp-json\/wp\/v2\/comments?post=2017"}],"version-history":[{"count":11,"href":"https:\/\/casadartistes.esfarcultural.net\/es\/wp-json\/wp\/v2\/pages\/2017\/revisions"}],"predecessor-version":[{"id":3078,"href":"https:\/\/casadartistes.esfarcultural.net\/es\/wp-json\/wp\/v2\/pages\/2017\/revisions\/3078"}],"wp:attachment":[{"href":"https:\/\/casadartistes.esfarcultural.net\/es\/wp-json\/wp\/v2\/media?parent=2017"}],"curies":[{"name":"wp","href":"https:\/\/api.w.org\/{rel}","templated":true}]}}