{"id":1959,"date":"2023-02-07T17:16:42","date_gmt":"2023-02-07T17:16:42","guid":{"rendered":"https:\/\/casadartistes.esfarcultural.net\/?page_id=1959"},"modified":"2024-06-26T16:24:28","modified_gmt":"2024-06-26T16:24:28","slug":"febrer-23","status":"publish","type":"page","link":"https:\/\/casadartistes.esfarcultural.net\/es\/febrer-23","title":{"rendered":"FEBRER\/23"},"content":{"rendered":"<div class=\"wpb-content-wrapper\"><p>[vc_row row_type=\u00bbrow\u00bb use_row_as_full_screen_section=\u00bbno\u00bb type=\u00bbfull_width\u00bb text_align=\u00bbcenter\u00bb background_animation=\u00bbnone\u00bb css_animation=\u00bb\u00bb css=\u00bb.vc_custom_1610973632409{padding-bottom: 20px !important;}\u00bb][vc_column][vc_column_text]<\/p>\n<h5 style=\"text-align: center;\"><span style=\"color: #ea2d2e;\"><b>BLANCA ALONSO<\/b><\/span><\/h5>\n<p>[\/vc_column_text][\/vc_column][\/vc_row][vc_row row_type=\u00bbrow\u00bb use_row_as_full_screen_section=\u00bbno\u00bb type=\u00bbfull_width\u00bb text_align=\u00bbleft\u00bb background_animation=\u00bbnone\u00bb css_animation=\u00bb\u00bb css=\u00bb.vc_custom_1610973590515{padding-top: 30px !important;padding-right: 0px !important;padding-bottom: 30px !important;padding-left: 0px !important;}\u00bb][vc_column width=\u00bb2\/3&#8243;][vc_column_text css=\u00bb\u00bb]<\/p>\n<p style=\"text-align: justify;\">Blanca Alonso va estudiar la carrera de Belles arts entre Madrid i Munic. El seu pare \u00e9s il\u00b7lustrador, per aquesta ra\u00f3 prov\u00e9 d&#8217;una fam\u00edlia en la qual el dibuix i la literatura infantil formen part del seu entorn.<\/p>\n<p>&nbsp;<\/p>\n<p style=\"text-align: justify;\">Com a artista individual, Blanca Alonso ha col\u00b7laborat en projectes de creaci\u00f3 esc\u00e8nica, visuals i instal\u00b7laci\u00f3 a Fran\u00e7a, Holanda i a Luxemburg, en l&#8217;innovador projecte NomadicIsland.<\/p>\n<p>&nbsp;<\/p>\n<p style=\"text-align: justify;\">Des del 2009 forma la companyia Acolorides en la qual introdueix il\u00b7lustracions projectades que cregui en directe. Acolorides crea un univers visual personal on conviuen el dibuix, les ombres, els objectes, les llums i tot all\u00f2 que aporti poesia, m\u00e0gia i que ajuda a crear un m\u00f3n m\u00e9s bell i hum\u00e0.<\/p>\n<p>&nbsp;<\/p>\n<p style=\"text-align: justify;\">Fa m\u00e9s de deu anys que Blanca Alons va formar aquesta companyia, acompanyada d&#8217;altres narradores, ballarines, m\u00fasiques i artistes, que han anat enriquint i sumant el projecte. La companyia Acolorides ha mostrat el seu treball en molts llocs com Mallorca, Barcelona, Madrid, Alemanya, Holanda, It\u00e0lia, Col\u00f2mbia i Luxemburg. Tamb\u00e9 ha participat en festivals d&#8217;Espanya com FIET (Teresetes), premi B\u00f2til (Mallorca), Pendents d&#8217;un Fil (Madrid), Festit\u00edteres (Alacant), Festival de la Llum (Sagunt), 21 districtes (Madrid) i Festival Iberoameric\u00e0 de Teatre de Ninots (Col\u00f2mbia).<\/p>\n<p>&nbsp;<\/p>\n<p style=\"text-align: justify;\">L&#8217;\u00faltima creaci\u00f3 de la companyia, Llevar-se el Barret va rebre una subvenci\u00f3 de l&#8217;Institut de la Dona i est\u00e0 dins del programa de resid\u00e8ncies art\u00edstiques del Teatre Principal de Mallorca.<\/p>\n<p>&nbsp;<\/p>\n<p>&nbsp;<\/p>\n<p style=\"text-align: justify;\"><a href=\"https:\/\/www.blancaalonso.es\/\">www.blancaalonso.es<\/a><\/p>\n<p>[\/vc_column_text][\/vc_column][vc_column width=\u00bb1\/3&#8243;][vc_single_image image=\u00bb1960&#8243; img_size=\u00bblarge\u00bb alignment=\u00bbcenter\u00bb onclick=\u00bbcustom_link\u00bb img_link_target=\u00bb_blank\u00bb qode_css_animation=\u00bb\u00bb link=\u00bbhttp:\/\/sandrinedeumier.com\/\u00bb][vc_empty_space][\/vc_column][\/vc_row][vc_row row_type=\u00bbrow\u00bb use_row_as_full_screen_section=\u00bbno\u00bb type=\u00bbfull_width\u00bb text_align=\u00bbleft\u00bb background_animation=\u00bbnone\u00bb css_animation=\u00bb\u00bb css=\u00bb.vc_custom_1610971923298{padding-top: 10px !important;padding-bottom: 20px !important;}\u00bb][vc_column][vc_separator type=\u00bbnormal\u00bb border_style=\u00bb\u00bb color=\u00bb#0a0a0a\u00bb][\/vc_column][\/vc_row]<\/p>\n<\/div>","protected":false},"excerpt":{"rendered":"<p>[vc_row row_type=\u00bbrow\u00bb use_row_as_full_screen_section=\u00bbno\u00bb type=\u00bbfull_width\u00bb text_align=\u00bbcenter\u00bb background_animation=\u00bbnone\u00bb css_animation=\u00bb\u00bb css=\u00bb.vc_custom_1610973632409{padding-bottom: 20px !important;}\u00bb][vc_column][vc_column_text] BLANCA ALONSO [\/vc_column_text][\/vc_column][\/vc_row][vc_row row_type=\u00bbrow\u00bb use_row_as_full_screen_section=\u00bbno\u00bb type=\u00bbfull_width\u00bb text_align=\u00bbleft\u00bb background_animation=\u00bbnone\u00bb css_animation=\u00bb\u00bb css=\u00bb.vc_custom_1610973590515{padding-top: 30px !important;padding-right: 0px !important;padding-bottom: 30px !important;padding-left: 0px !important;}\u00bb][vc_column width=\u00bb2\/3&#8243;][vc_column_text css=\u00bb\u00bb] Blanca Alonso va estudiar la carrera de Belles arts entre Madrid i Munic. El seu&#8230;<\/p>\n","protected":false},"author":1,"featured_media":0,"parent":0,"menu_order":0,"comment_status":"closed","ping_status":"closed","template":"","meta":{"footnotes":""},"class_list":["post-1959","page","type-page","status-publish","hentry"],"_links":{"self":[{"href":"https:\/\/casadartistes.esfarcultural.net\/es\/wp-json\/wp\/v2\/pages\/1959","targetHints":{"allow":["GET"]}}],"collection":[{"href":"https:\/\/casadartistes.esfarcultural.net\/es\/wp-json\/wp\/v2\/pages"}],"about":[{"href":"https:\/\/casadartistes.esfarcultural.net\/es\/wp-json\/wp\/v2\/types\/page"}],"author":[{"embeddable":true,"href":"https:\/\/casadartistes.esfarcultural.net\/es\/wp-json\/wp\/v2\/users\/1"}],"replies":[{"embeddable":true,"href":"https:\/\/casadartistes.esfarcultural.net\/es\/wp-json\/wp\/v2\/comments?post=1959"}],"version-history":[{"count":8,"href":"https:\/\/casadartistes.esfarcultural.net\/es\/wp-json\/wp\/v2\/pages\/1959\/revisions"}],"predecessor-version":[{"id":3077,"href":"https:\/\/casadartistes.esfarcultural.net\/es\/wp-json\/wp\/v2\/pages\/1959\/revisions\/3077"}],"wp:attachment":[{"href":"https:\/\/casadartistes.esfarcultural.net\/es\/wp-json\/wp\/v2\/media?parent=1959"}],"curies":[{"name":"wp","href":"https:\/\/api.w.org\/{rel}","templated":true}]}}