{"id":187,"date":"2020-11-22T21:05:23","date_gmt":"2020-11-22T21:05:23","guid":{"rendered":"https:\/\/casadartistes.esfarcultural.net\/?page_id=187"},"modified":"2020-12-14T19:51:41","modified_gmt":"2020-12-14T19:51:41","slug":"informacio","status":"publish","type":"page","link":"https:\/\/casadartistes.esfarcultural.net\/es\/informacio","title":{"rendered":"INFORMACI\u00d3N"},"content":{"rendered":"<div class=\"wpb-content-wrapper\"><p>[vc_row row_type=\u00bbrow\u00bb use_row_as_full_screen_section=\u00bbno\u00bb type=\u00bbfull_width\u00bb text_align=\u00bbleft\u00bb background_animation=\u00bbnone\u00bb css_animation=\u00bb\u00bb css=\u00bb.vc_custom_1606298529708{padding-top: 32px !important;padding-bottom: 32px !important;}\u00bb][vc_column][vc_column_text]<\/p>\n<h3><span style=\"color: #000000;\"><strong>ESTANCIAS DE CREACI\u00d3N<\/strong><\/span><\/h3>\n<p>Se trata de estancias en la Casa de Artistas con el objetivo de desarrollar un proyecto de creaci\u00f3n y \/ o investigaci\u00f3n. Est\u00e1n dirigidas a artistas visuales, de las artes esc\u00e9nicas, m\u00fasica, escritores \/ as, gestores \/ as culturales, investigadores \/ as, fil\u00f3sofos, etc. En definitiva, a cualquier persona o grupo que se dedique a alguno de los \u00e1mbitos culturales y art\u00edsticos.[\/vc_column_text][\/vc_column][\/vc_row][vc_row row_type=\u00bbrow\u00bb use_row_as_full_screen_section=\u00bbno\u00bb type=\u00bbfull_width\u00bb text_align=\u00bbleft\u00bb background_animation=\u00bbnone\u00bb css_animation=\u00bb\u00bb][vc_column width=\u00bb1\/2&#8243;][vc_column_text]<\/p>\n<h5>ORENETA<\/h5>\n<p>[\/vc_column_text][vc_empty_space height=\u00bb12px\u00bb][vc_column_text]<\/p>\n<ul>\n<li>Estancias cortas, m\u00ednimo 2 noches, m\u00e1ximo 5 noches.<\/li>\n<li>Servicios: habitaci\u00f3n individual (cama equipado con s\u00e1bana bajera, almohada y almohada). Ba\u00f1o (ducha, WC, lavadora), cocina (placa, horno, nevera, etc.), comedor (mesa, sof\u00e1, estufa de madera) y biblioteca compartida con el resto de residentes. Acceso a wifi.<\/li>\n<li>Talleres y espacios de trabajo: a determinar en funci\u00f3n de las necesidades.<\/li>\n<li>Necesario llevar: toalla, jab\u00f3n de ducha, saco de dormir.<\/li>\n<\/ul>\n<p>[\/vc_column_text][vc_empty_space height=\u00bb40&#8243;][\/vc_column][vc_column width=\u00bb1\/2&#8243;][vc_column_text]<\/p>\n<h5>ESTORNELLS<\/h5>\n<p>[\/vc_column_text][vc_empty_space height=\u00bb12&#8243;][vc_column_text]<\/p>\n<ul>\n<li>Estancias cortas, m\u00ednimo 2 noches, m\u00e1ximo 5 noches.<\/li>\n<li>Servicios: habitaci\u00f3n individual (cama equipado con s\u00e1bana bajera, almohada y almohada). Ba\u00f1o (ducha, WC, lavadora), cocina (placa, horno, nevera, etc.), comedor (mesa, sof\u00e1, estufa de madera) y biblioteca compartida con el resto de residentes. Acceso a wifi.<\/li>\n<li>Talleres y espacios de trabajo: a determinar en funci\u00f3n de las necesidades.<\/li>\n<li>Necesario llevar: toalla, jab\u00f3n de ducha, saco de dormir.<\/li>\n<\/ul>\n<p>[\/vc_column_text][vc_empty_space height=\u00bb40&#8243;][\/vc_column][\/vc_row][vc_row row_type=\u00bbrow\u00bb use_row_as_full_screen_section=\u00bbno\u00bb type=\u00bbfull_width\u00bb text_align=\u00bbleft\u00bb background_animation=\u00bbnone\u00bb css_animation=\u00bb\u00bb css=\u00bb.vc_custom_1606132958720{margin-top: 20px !important;}\u00bb][vc_column width=\u00bb1\/2&#8243;][vc_column_text]<\/p>\n<h5>X\u00d2RIC<\/h5>\n<p>[\/vc_column_text][vc_empty_space height=\u00bb12&#8243;][vc_column_text]<\/p>\n<ul>\n<li>M\u00ednimo 6 noches, m\u00e1ximo 21 noches.<\/li>\n<li>Servicios:<\/li>\n<\/ul>\n<p>Habitaci\u00f3n equipada con ropa de cama y toalla de ducha. Ba\u00f1o (ducha, WC, lavadora), cocina (placa, horno, nevera, etc.), comedor (mesa, sof\u00e1, estufa de madera) y biblioteca compartida con el resto de residentes. Acceso a wifi.Gastos incluidos (de internet, de agua, luz y gas)Talleres y espacios de trabajo: a determinar en funci\u00f3n de las necesidades.Taller polivalente, espacio de coworking, estudio de radio, taller limpio, taller sucio, etc.<\/p>\n<p>Laboratorio fotograf\u00eda anal\u00f3gico solo si se pide en la solicitud. Los l\u00edquidos y papel fotogr\u00e1fico a cargo del artista.<\/p>\n<p>Estudio fotogr\u00e1fico (fondo blanco, negro, croma. Flashes de estudio y focos de luz continua) bajo demanda en la solicitud.[\/vc_column_text][vc_empty_space height=\u00bb40&#8243;][\/vc_column][vc_column width=\u00bb1\/2&#8243;][vc_column_text]<\/p>\n<h5>MILANA<\/h5>\n<p>[\/vc_column_text][vc_empty_space height=\u00bb12&#8243;][vc_column_text]<\/p>\n<ul>\n<li>M\u00ednimo 1 mes.<\/li>\n<li>Servicios:<\/li>\n<\/ul>\n<p>Habitaci\u00f3n equipada con ropa de cama y toalla de ducha. Ba\u00f1o (ducha, WC, lavadora), cocina (placa, horno, nevera, etc.), comedor (mesa, sof\u00e1, estufa de madera) y biblioteca compartida con el resto de residentes. Acceso a wifi.Gastos incluidos (de internet, de agua, luz y gas).Talleres y espacios de trabajo: a determinar en funci\u00f3n de las necesidades.<\/p>\n<p>Taller polivalente, espacio de coworking, estudio de radio, taller limpio, taller sucio, etc.<\/p>\n<p>Laboratorio fotograf\u00eda anal\u00f3gico solo si se pide en la solicitud. Los l\u00edquidos y papel fotogr\u00e1fico a cargo del artista.<\/p>\n<p>Estudio fotogr\u00e1fico (fondo blanco, negro, croma. Flashes de estudio y focos de luz continua) bajo demanda en la solicitud.[\/vc_column_text][vc_empty_space height=\u00bb40&#8243;][\/vc_column][\/vc_row][vc_row row_type=\u00bbrow\u00bb use_row_as_full_screen_section=\u00bbno\u00bb type=\u00bbfull_width\u00bb text_align=\u00bbleft\u00bb background_animation=\u00bbnone\u00bb css_animation=\u00bb\u00bb][vc_column width=\u00bb1\/3&#8243;][vc_empty_space][\/vc_column][vc_column width=\u00bb1\/3&#8243;]<a href=\"https:\/\/casadartistes.esfarcultural.net\/contacte\" target=\"_self\"  class=\"qbutton \" style=\"color: #000000; \">CONTACTE<\/a>[\/vc_column][vc_column width=\u00bb1\/3&#8243;][vc_empty_space][\/vc_column][\/vc_row][vc_row row_type=\u00bbrow\u00bb use_row_as_full_screen_section=\u00bbno\u00bb type=\u00bbfull_width\u00bb text_align=\u00bbleft\u00bb background_animation=\u00bbnone\u00bb css_animation=\u00bb\u00bb][vc_column][vc_empty_space height=\u00bb40&#8243;][vc_separator type=\u00bbnormal\u00bb border_style=\u00bb\u00bb color=\u00bb#dd3333&#8243;][vc_empty_space height=\u00bb40&#8243;][\/vc_column][\/vc_row][vc_row row_type=\u00bbrow\u00bb use_row_as_full_screen_section=\u00bbno\u00bb type=\u00bbfull_width\u00bb text_align=\u00bbleft\u00bb background_animation=\u00bbnone\u00bb css_animation=\u00bb\u00bb][vc_column width=\u00bb1\/2&#8243;][vc_empty_space][vc_video link=\u00bbhttps:\/\/www.youtube.com\/watch?v=VhYsDUXDzZg\u00bb][vc_empty_space height=\u00bb40&#8243;][\/vc_column][vc_column width=\u00bb1\/2&#8243;][vc_empty_space height=\u00bb40&#8243;][vc_video link=\u00bbhttps:\/\/www.youtube.com\/watch?v=Cn1psVFGPaQ\u00bb][vc_empty_space height=\u00bb40&#8243;][\/vc_column][\/vc_row][vc_row row_type=\u00bbrow\u00bb use_row_as_full_screen_section=\u00bbno\u00bb type=\u00bbfull_width\u00bb text_align=\u00bbleft\u00bb background_animation=\u00bbnone\u00bb css_animation=\u00bb\u00bb][vc_column][vc_separator type=\u00bbnormal\u00bb border_style=\u00bb\u00bb color=\u00bb#dd3333&#8243;][vc_empty_space][\/vc_column][\/vc_row]<\/p>\n<\/div>","protected":false},"excerpt":{"rendered":"<p>[vc_row row_type=\u00bbrow\u00bb use_row_as_full_screen_section=\u00bbno\u00bb type=\u00bbfull_width\u00bb text_align=\u00bbleft\u00bb background_animation=\u00bbnone\u00bb css_animation=\u00bb\u00bb css=\u00bb.vc_custom_1606298529708{padding-top: 32px !important;padding-bottom: 32px !important;}\u00bb][vc_column][vc_column_text] ESTANCIAS DE CREACI\u00d3N Se trata de estancias en la Casa de Artistas con el objetivo de desarrollar un proyecto de creaci\u00f3n y \/ o investigaci\u00f3n. Est\u00e1n dirigidas a artistas visuales, de las artes&#8230;<\/p>\n","protected":false},"author":1,"featured_media":0,"parent":0,"menu_order":0,"comment_status":"closed","ping_status":"closed","template":"","meta":{"footnotes":""},"class_list":["post-187","page","type-page","status-publish","hentry"],"_links":{"self":[{"href":"https:\/\/casadartistes.esfarcultural.net\/es\/wp-json\/wp\/v2\/pages\/187","targetHints":{"allow":["GET"]}}],"collection":[{"href":"https:\/\/casadartistes.esfarcultural.net\/es\/wp-json\/wp\/v2\/pages"}],"about":[{"href":"https:\/\/casadartistes.esfarcultural.net\/es\/wp-json\/wp\/v2\/types\/page"}],"author":[{"embeddable":true,"href":"https:\/\/casadartistes.esfarcultural.net\/es\/wp-json\/wp\/v2\/users\/1"}],"replies":[{"embeddable":true,"href":"https:\/\/casadartistes.esfarcultural.net\/es\/wp-json\/wp\/v2\/comments?post=187"}],"version-history":[{"count":143,"href":"https:\/\/casadartistes.esfarcultural.net\/es\/wp-json\/wp\/v2\/pages\/187\/revisions"}],"predecessor-version":[{"id":849,"href":"https:\/\/casadartistes.esfarcultural.net\/es\/wp-json\/wp\/v2\/pages\/187\/revisions\/849"}],"wp:attachment":[{"href":"https:\/\/casadartistes.esfarcultural.net\/es\/wp-json\/wp\/v2\/media?parent=187"}],"curies":[{"name":"wp","href":"https:\/\/api.w.org\/{rel}","templated":true}]}}