{"id":1835,"date":"2022-06-29T16:32:05","date_gmt":"2022-06-29T16:32:05","guid":{"rendered":"https:\/\/casadartistes.esfarcultural.net\/?page_id=1835"},"modified":"2024-06-26T17:09:40","modified_gmt":"2024-06-26T17:09:40","slug":"1835-2","status":"publish","type":"page","link":"https:\/\/casadartistes.esfarcultural.net\/es\/1835-2","title":{"rendered":"RESID\u00c8NCIA ILLES D&#8217;ART 8"},"content":{"rendered":"<div class=\"wpb-content-wrapper\"><p>[vc_row row_type=\u00bbrow\u00bb use_row_as_full_screen_section=\u00bbno\u00bb type=\u00bbfull_width\u00bb text_align=\u00bbleft\u00bb background_animation=\u00bbnone\u00bb css_animation=\u00bb\u00bb][vc_column][vc_column_text]<\/p>\r\n<p><p>[\/vc_column_text][\/vc_column][\/vc_row][vc_row row_type=\u00bbrow\u00bb use_row_as_full_screen_section=\u00bbno\u00bb type=\u00bbfull_width\u00bb text_align=\u00bbleft\u00bb background_animation=\u00bbnone\u00bb css_animation=\u00bb\u00bb][vc_column][vc_empty_space][vc_column_text]<\/p>\n<h2><strong>RESIDENCIA <em>ILLES D&#8217;ART 8<\/em><\/strong><\/h2>\n<p>[\/vc_column_text][vc_empty_space][vc_empty_space][\/vc_column][\/vc_row][vc_row row_type=\u00bbrow\u00bb use_row_as_full_screen_section=\u00bbno\u00bb type=\u00bbfull_width\u00bb text_align=\u00bbleft\u00bb background_animation=\u00bbnone\u00bb css_animation=\u00bb\u00bb][vc_column][vc_column_text]<\/p>\n\r\n<p>[\/vc_column_text][\/vc_column][\/vc_row][vc_row row_type=\u00bbrow\u00bb use_row_as_full_screen_section=\u00bbno\u00bb type=\u00bbfull_width\u00bb text_align=\u00bbleft\u00bb background_animation=\u00bbnone\u00bb css_animation=\u00bb\u00bb][vc_column][vc_empty_space][vc_empty_space][\/vc_column][\/vc_row][vc_row row_type=\u00bbrow\u00bb use_row_as_full_screen_section=\u00bbno\u00bb type=\u00bbfull_width\u00bb text_align=\u00bbleft\u00bb background_animation=\u00bbnone\u00bb css_animation=\u00bb\u00bb][vc_column][vc_column_text]<\/p>\r\n\r\n<p><p>[\/vc_column_text][\/vc_column][\/vc_row][vc_row row_type=\u00bbrow\u00bb use_row_as_full_screen_section=\u00bbno\u00bb type=\u00bbfull_width\u00bb text_align=\u00bbleft\u00bb background_animation=\u00bbnone\u00bb css_animation=\u00bb\u00bb][vc_column width=\u00bb1\/2&#8243;][vc_column_text]<\/p>\n<h5><span style=\"color: #ff0000;\"><strong>IVANA RAY SINGH<\/strong> (Menorca)<\/span><\/h5>\n<p>[\/vc_column_text][vc_empty_space][vc_column_text]<\/p>\n<p class=\"p1\">Ivana Ray Singh, alias Lucy Tcherno Ivanenko, es una artista multidisciplinaria, agitadora cultural y DJ nacida en Menorca (1985). Miembro del centro cultural y comunidad art\u00edstica Konvent (Cal Rosal, Berga). Creadora y co-presentadora del podcast Fetichismo S\u00f3nico (proyecto becado por la Generalitat de Catalu\u00f1a 2021). Creadora del proyecto interdisciplinar de m\u00fasica experimental y performance Amas (proyecto becado por la Generalitat de Catalu\u00f1a 2020). Co-fundadora de Konvent Radio y creadora de los programas Hortus Conclusus y A Love Supreme. Creadora y comisaria del Festival A Love Supreme. Co-fundadora de la red de colaboraci\u00f3n internacional Sympoietic Sound Network por artistas disidentes. Ha realizado performance\/arte de acci\u00f3n en los Festivales Trilita 9, Stripart, Perpetracions (Barcelona) y, Milhoes de Festa (Portugal), entre otros. Ha realizado murales, pinturas e instalacions en Picnic &#038; Break Festival del C.C. Bocanord (Barcelona), residencia Creen\u00e7a del Konvent, y varias localizaciones de calles de Barcelona.<\/p>\n<p>Tambi\u00e9n ha sido directora y comisaria de asociaciones de m\u00fasica experimental y arte en Barcelona como M\u00e0gia Roja (de la cual fue co-fundadora, directora y directora art\u00edstica durante 10 a\u00f1os), Gracia Territori Sonor \/ LEM Festival LEM (del cual fue directora de producci\u00f3n y gerente durante 7 a\u00f1os) y colaboradora de festivales como S\u00f3nar (donde realiz\u00f3 la sesi\u00f3n inaugural del 25.\u00ba cumplea\u00f1os) o In-Edit, entre otros.<\/p>\n<p>Su obra est\u00e1 marcada principalmente por un enfoque sincr\u00e9tico y una apropiaci\u00f3n simb\u00f3lica de autor, inspirada por temas de metaf\u00edsica y literatura ocultista, sobre todo la met\u00e1fora Jungiana de la alquimia como proceso de individuaci\u00f3n y la ficci\u00f3n especulativa (ficci\u00f3n=ciencia, hiperstici\u00f3n) como propuesta activa versus todo aquello no deseado (Donna Haraway, Nick Land).<\/p>\n<p>Busca generar obras y acciones simb\u00f3licas con la intenci\u00f3n de materializar otros futuros (y presentes) posibles y deseables.<\/p>\n<div class=\" Igw0E IwRSH eGOV_ _4EzTm \">\u00a0<\/div>\n<div>\u00a0<\/div>\n<div>\u00a0<\/div>\n<div><a href=\"https:\/\/linktr.ee\/Ivana_Ray_Singh\">https:\/\/linktr.ee\/Ivana_Ray_Singh<\/a><\/div>\n<div>IG <a href=\"https:\/\/www.instagram.com\/ivana_ray_singh\/\">@ivana_ray_singh<\/a><\/div>\n<p>[\/vc_column_text][vc_empty_space][vc_empty_space][\/vc_column][vc_column width=\u00bb1\/2&#8243;][vc_empty_space][vc_single_image image=\u00bb1836&#8243; img_size=\u00bblarge\u00bb alignment=\u00bbright\u00bb qode_css_animation=\u00bb\u00bb][vc_column_text]<\/p>\n<p style=\"text-align: center;\">Foto de S\u00e9verine Sajous<\/p>\n<p>[\/vc_column_text][vc_empty_space][vc_single_image image=\u00bb1837&#8243; img_size=\u00bblarge\u00bb alignment=\u00bbright\u00bb qode_css_animation=\u00bb\u00bb][vc_column_text]<\/p>\n<p style=\"text-align: center;\">Foto de Pep Bosch Calvo<\/p>\n<p>[\/vc_column_text][\/vc_column][vc_column][vc_empty_space][vc_empty_space][vc_empty_space][vc_empty_space][\/vc_column][\/vc_row][vc_row row_type=\u00bbrow\u00bb use_row_as_full_screen_section=\u00bbno\u00bb type=\u00bbfull_width\u00bb text_align=\u00bbleft\u00bb background_animation=\u00bbnone\u00bb css_animation=\u00bb\u00bb][vc_column width=\u00bb1\/2&#8243;][vc_column_text]<\/p>\n<h5><span style=\"color: #ff0000;\"><strong>BARTOMEU SASTRE<\/strong>\u00a0(Mallorca)<\/span><\/h5>\n<p>[\/vc_column_text][vc_empty_space][vc_column_text]<\/p>\n<div id=\"pageContainer1\" class=\"_page_1gl8y_100 \" data-index=\"0\">Licenciado en Bellas Artes por la Universidad de Barcelona. Algunas de sus exposiciones individuales son\u00a0<em>Assaig per a un mon\u00f2leg improvisat<\/em> (Galer\u00eda Fran Reus, Palma, 2018) o <em>La voluntat<\/em> (The will) (Palma,2014), en el Box 27 del Casal Solleric y comisariada per Tolo Ca\u00f1ellas. Tambi\u00e9n ha realitzado diversas performances, entre les cuals destaca <em>Assaig per aun mon\u00f2leg improvisat<\/em>, realizada en SWAB Barcelona Contemporary Art Fair (2018).<\/div>\n<div data-index=\"0\">\u00a0<\/div>\n<div class=\"_page_1gl8y_100 \" data-index=\"0\">Anteriormente, bajo el nombre de Ang\u00e9lique Pailler ((\/ ((, destaca <em>Everyday Practice<\/em>, comisariada per Ana Jehle (LAB Artists Unlimited. Bielefeld, Alemanya, 2016) y <em>The intervening space between two points orthings <\/em>(CCA Andratx, 2015). Tambi\u00e9n ha realitzado proyectos conjuntamente con Marcos Cuesta, bajo el nombre de Cuesta-Sastre, como <em>We are the new slave<\/em>s (dentro del ciclo Financial Crimes. Po\u00e8tiques en l&#8217;era del colonialisme financer, comisariada por Ivan Mej\u00eda, Sala Montcunill, Terrassa, 2013).<\/div>\n<div data-index=\"0\">\u00a0<\/div>\n<div class=\"_page_1gl8y_100 \" data-index=\"0\">Ha participado en diversas exposiciones colectivas como<em>Tabula Rasa <\/em>(comisariada per Fernando G\u00f3mezde la Costa y Pau Waelder, Es Baluard, Palma, 2014), <em>Burned by the sun <\/em>(Lundgren Gallery, Palma) o <em>15 peces en 3 actes <\/em>(comisariada por Zaida Trallero,Eduardo Hurtado y Rosa Lle\u00f3, Sant Andreu Contemporani, Barcelona 2011). Ha realizado diversos talleres educativos, entre los cuales destaca su participaci\u00f3n en el programa <em>Zona intrusa 12: Prendre la paraula<\/em>, comisariado por Rita Andreu. Tambi\u00e9n ha trabajado en el departamento educativo de la Fundaci\u00f3n Pilar i Joan Mir\u00f3 (Mallorca,2011-2013). Ha ganado cert\u00e1menes como\u00a0 Art Jove convocado anualmente por el Govern Balear (Mallorca, 2012) y ha recibido becas como la de la Fundaci\u00f3n Guasch Coranty (Barcelona,2010).<\/div>\n<div class=\" Igw0E IwRSH eGOV_ _4EzTm \">\u00a0<\/div>\n<div>\u00a0<\/div>\n<div>\u00a0<\/div>\n<div><a href=\"https:\/\/bartomeusastre.com\/\">https:\/\/bartomeusastre.com\/<\/a><\/div>\n<div>IG <a href=\"https:\/\/www.instagram.com\/bartomeusastre\/\">@bartomeusastre<\/a><\/div>\n<p>[\/vc_column_text][vc_empty_space][vc_empty_space][\/vc_column][vc_column width=\u00bb1\/2&#8243;][vc_empty_space][vc_single_image image=\u00bb1885&#8243; img_size=\u00bblarge\u00bb alignment=\u00bbright\u00bb qode_css_animation=\u00bb\u00bb][vc_column_text]<\/p>\n<p style=\"text-align: center;\">Foto de S\u00e9verine Sajous<\/p>\n<p>[\/vc_column_text][vc_empty_space][vc_single_image image=\u00bb1886&#8243; img_size=\u00bblarge\u00bb alignment=\u00bbright\u00bb qode_css_animation=\u00bb\u00bb][vc_column_text]<\/p>\n<p style=\"text-align: center;\">Foto de Pep Bosch Calvo<\/p>\n<p>[\/vc_column_text][\/vc_column][vc_column][\/vc_column][\/vc_row][vc_row row_type=\u00bbrow\u00bb use_row_as_full_screen_section=\u00bbno\u00bb type=\u00bbfull_width\u00bb text_align=\u00bbleft\u00bb background_animation=\u00bbnone\u00bb css_animation=\u00bb\u00bb][vc_column][vc_column_text]<\/p>\n\r\n<p>[\/vc_column_text][\/vc_column][\/vc_row][vc_row row_type=\u00bbrow\u00bb use_row_as_full_screen_section=\u00bbno\u00bb type=\u00bbfull_width\u00bb text_align=\u00bbleft\u00bb background_animation=\u00bbnone\u00bb css_animation=\u00bb\u00bb][vc_column][vc_empty_space][\/vc_column][\/vc_row][vc_row row_type=\u00bbrow\u00bb use_row_as_full_screen_section=\u00bbno\u00bb type=\u00bbfull_width\u00bb text_align=\u00bbleft\u00bb background_animation=\u00bbnone\u00bb css_animation=\u00bb\u00bb][vc_column][vc_column_text]<\/p>\r\n\r\n<p><p>[\/vc_column_text][\/vc_column][\/vc_row][vc_row row_type=\u00bbrow\u00bb use_row_as_full_screen_section=\u00bbno\u00bb type=\u00bbfull_width\u00bb text_align=\u00bbleft\u00bb background_animation=\u00bbnone\u00bb css_animation=\u00bb\u00bb][vc_column][vc_empty_space][vc_empty_space][vc_empty_space][vc_empty_space][vc_column_text]<\/p>\n<div class=\"et_pb_row et_pb_row_2\">\n<div class=\"et_pb_column et_pb_column_4_4 et_pb_column_3 et_pb_css_mix_blend_mode_passthrough et-last-child\">\n<div class=\"et_pb_module et_pb_text et_pb_text_2 et_pb_text_align_justified et_pb_text_align_left-phone et_pb_bg_layout_light\">\n<div class=\"et_pb_text_inner\">Con la participaci\u00f3n de:<\/div>\n<\/div>\n<\/div>\n<\/div>\n<p>[\/vc_column_text][vc_empty_space][\/vc_column][\/vc_row][vc_row row_type=\u00bbrow\u00bb use_row_as_full_screen_section=\u00bbno\u00bb type=\u00bbfull_width\u00bb text_align=\u00bbleft\u00bb background_animation=\u00bbnone\u00bb css_animation=\u00bb\u00bb][vc_column][vc_column_text]<\/p>\n\r\n<p>[\/vc_column_text][\/vc_column][\/vc_row][vc_row row_type=\u00bbrow\u00bb use_row_as_full_screen_section=\u00bbno\u00bb type=\u00bbfull_width\u00bb text_align=\u00bbleft\u00bb background_animation=\u00bbnone\u00bb css_animation=\u00bb\u00bb][vc_column width=\u00bb1\/3&#8243;][vc_single_image image=\u00bb1431&#8243; img_size=\u00bbmedium\u00bb qode_css_animation=\u00bb\u00bb][\/vc_column][vc_column width=\u00bb1\/3&#8243;][vc_single_image image=\u00bb1367&#8243; img_size=\u00bbmedium\u00bb qode_css_animation=\u00bb\u00bb][\/vc_column][\/vc_row][vc_row row_type=\u00bbrow\u00bb use_row_as_full_screen_section=\u00bbno\u00bb type=\u00bbfull_width\u00bb text_align=\u00bbleft\u00bb background_animation=\u00bbnone\u00bb css_animation=\u00bb\u00bb][vc_column][vc_empty_space height=\u00bb52px\u00bb][vc_empty_space height=\u00bb52px\u00bb][\/vc_column][\/vc_row][vc_row row_type=\u00bbrow\u00bb use_row_as_full_screen_section=\u00bbno\u00bb type=\u00bbfull_width\u00bb text_align=\u00bbleft\u00bb background_animation=\u00bbnone\u00bb css_animation=\u00bb\u00bb][vc_column][\/vc_column][\/vc_row][vc_row row_type=\u00bbrow\u00bb use_row_as_full_screen_section=\u00bbno\u00bb type=\u00bbfull_width\u00bb text_align=\u00bbleft\u00bb background_animation=\u00bbnone\u00bb css_animation=\u00bb\u00bb][vc_column][\/vc_column][\/vc_row][vc_row row_type=\u00bbrow\u00bb use_row_as_full_screen_section=\u00bbno\u00bb type=\u00bbfull_width\u00bb text_align=\u00bbleft\u00bb background_animation=\u00bbnone\u00bb css_animation=\u00bb\u00bb][vc_column][vc_column_text]<\/p>\r\n<p>[\/vc_column_text][\/vc_column][\/vc_row]<\/p><\/div>","protected":false},"excerpt":{"rendered":"<p>[vc_row row_type=\u00bbrow\u00bb use_row_as_full_screen_section=\u00bbno\u00bb type=\u00bbfull_width\u00bb text_align=\u00bbleft\u00bb background_animation=\u00bbnone\u00bb css_animation=\u00bb\u00bb][vc_column][vc_column_text] [\/vc_column_text][\/vc_column][\/vc_row][vc_row row_type=\u00bbrow\u00bb use_row_as_full_screen_section=\u00bbno\u00bb type=\u00bbfull_width\u00bb text_align=\u00bbleft\u00bb background_animation=\u00bbnone\u00bb css_animation=\u00bb\u00bb][vc_column][vc_empty_space][vc_empty_space][\/vc_column][\/vc_row][vc_row row_type=\u00bbrow\u00bb use_row_as_full_screen_section=\u00bbno\u00bb type=\u00bbfull_width\u00bb text_align=\u00bbleft\u00bb background_animation=\u00bbnone\u00bb css_animation=\u00bb\u00bb][vc_column][vc_column_text] [\/vc_column_text][\/vc_column][\/vc_row][vc_row row_type=\u00bbrow\u00bb use_row_as_full_screen_section=\u00bbno\u00bb type=\u00bbfull_width\u00bb text_align=\u00bbleft\u00bb background_animation=\u00bbnone\u00bb css_animation=\u00bb\u00bb][vc_column][vc_empty_space][\/vc_column][\/vc_row][vc_row row_type=\u00bbrow\u00bb use_row_as_full_screen_section=\u00bbno\u00bb type=\u00bbfull_width\u00bb text_align=\u00bbleft\u00bb background_animation=\u00bbnone\u00bb css_animation=\u00bb\u00bb][vc_column][vc_column_text] [\/vc_column_text][\/vc_column][\/vc_row][vc_row row_type=\u00bbrow\u00bb use_row_as_full_screen_section=\u00bbno\u00bb type=\u00bbfull_width\u00bb text_align=\u00bbleft\u00bb background_animation=\u00bbnone\u00bb css_animation=\u00bb\u00bb][vc_column width=\u00bb1\/3&#8243;][vc_single_image image=\u00bb1431&#8243; img_size=\u00bbmedium\u00bb qode_css_animation=\u00bb\u00bb][\/vc_column][vc_column width=\u00bb1\/3&#8243;][vc_single_image&#8230;<\/p>\n","protected":false},"author":1,"featured_media":0,"parent":0,"menu_order":0,"comment_status":"closed","ping_status":"closed","template":"","meta":{"footnotes":""},"class_list":["post-1835","page","type-page","status-publish","hentry"],"_links":{"self":[{"href":"https:\/\/casadartistes.esfarcultural.net\/es\/wp-json\/wp\/v2\/pages\/1835","targetHints":{"allow":["GET"]}}],"collection":[{"href":"https:\/\/casadartistes.esfarcultural.net\/es\/wp-json\/wp\/v2\/pages"}],"about":[{"href":"https:\/\/casadartistes.esfarcultural.net\/es\/wp-json\/wp\/v2\/types\/page"}],"author":[{"embeddable":true,"href":"https:\/\/casadartistes.esfarcultural.net\/es\/wp-json\/wp\/v2\/users\/1"}],"replies":[{"embeddable":true,"href":"https:\/\/casadartistes.esfarcultural.net\/es\/wp-json\/wp\/v2\/comments?post=1835"}],"version-history":[{"count":18,"href":"https:\/\/casadartistes.esfarcultural.net\/es\/wp-json\/wp\/v2\/pages\/1835\/revisions"}],"predecessor-version":[{"id":3105,"href":"https:\/\/casadartistes.esfarcultural.net\/es\/wp-json\/wp\/v2\/pages\/1835\/revisions\/3105"}],"wp:attachment":[{"href":"https:\/\/casadartistes.esfarcultural.net\/es\/wp-json\/wp\/v2\/media?parent=1835"}],"curies":[{"name":"wp","href":"https:\/\/api.w.org\/{rel}","templated":true}]}}