{"id":183,"date":"2020-11-22T21:04:24","date_gmt":"2020-11-22T21:04:24","guid":{"rendered":"https:\/\/casadartistes.esfarcultural.net\/?page_id=183"},"modified":"2025-05-05T09:37:02","modified_gmt":"2025-05-05T09:37:02","slug":"jornades-de-perfomance","status":"publish","type":"page","link":"https:\/\/casadartistes.esfarcultural.net\/es\/jornades-de-perfomance","title":{"rendered":"I JORNADES DE PERFORMANCE"},"content":{"rendered":"<div class=\"wpb-content-wrapper\"><p>[vc_row row_type=\u00bbrow\u00bb use_row_as_full_screen_section=\u00bbno\u00bb type=\u00bbfull_width\u00bb text_align=\u00bbleft\u00bb background_animation=\u00bbnone\u00bb css_animation=\u00bb\u00bb][vc_column][vc_empty_space height=\u00bb20px\u00bb][vc_column_text css=\u00bb\u00bb]<\/p>\n<h2 style=\"text-align: center;\"><strong>I JORNADAS DE PERFORMANCE<br \/>\n<\/strong><\/h2>\n<p>[\/vc_column_text][vc_empty_space height=\u00bb30&#8243;][\/vc_column][\/vc_row][vc_row row_type=\u00bbrow\u00bb use_row_as_full_screen_section=\u00bbno\u00bb type=\u00bbfull_width\u00bb text_align=\u00bbleft\u00bb background_animation=\u00bbnone\u00bb css_animation=\u00bb\u00bb][vc_column][vc_video link=\u00bbhttps:\/\/www.youtube.com\/watch?v=UvZ4cCjn5SY\u00bb css=\u00bb\u00bb][vc_empty_space height=\u00bb30&#8243;][vc_column_text css=\u00bb\u00bb]Jornadas realizadas en la Casa de Artistas de Montpalau (Es Mercadal, Menorca) el septiembre de 2019. Dise\u00f1adas, coordinadas y dinamizadas por Marina E.G. con el apoyo t\u00e9cnico de Cristian P. Coll y Es FAR Cultural. En las jornadas participaron Aina Velasco (educadora social), Clara Barcel\u00f3 (maestra), Diego G. (artista), KaoriIshihara (terapeuta sonora), Marta Rosell Chust (artista y educadora) y Vict\u00f2ria Garc\u00eda Masdeu (artista y terapeuta gestalt).[\/vc_column_text][\/vc_column][\/vc_row][vc_row row_type=\u00bbrow\u00bb use_row_as_full_screen_section=\u00bbno\u00bb type=\u00bbfull_width\u00bb text_align=\u00bbleft\u00bb background_animation=\u00bbnone\u00bb css_animation=\u00bb\u00bb][vc_column][vc_empty_space][vc_separator type=\u00bbnormal\u00bb border_style=\u00bb\u00bb][vc_empty_space][\/vc_column][\/vc_row]<\/p>\n<\/div>","protected":false},"excerpt":{"rendered":"<p>[vc_row row_type=\u00bbrow\u00bb use_row_as_full_screen_section=\u00bbno\u00bb type=\u00bbfull_width\u00bb text_align=\u00bbleft\u00bb background_animation=\u00bbnone\u00bb css_animation=\u00bb\u00bb][vc_column][vc_empty_space height=\u00bb20px\u00bb][vc_column_text css=\u00bb\u00bb] I JORNADAS DE PERFORMANCE [\/vc_column_text][vc_empty_space height=\u00bb30&#8243;][\/vc_column][\/vc_row][vc_row row_type=\u00bbrow\u00bb use_row_as_full_screen_section=\u00bbno\u00bb type=\u00bbfull_width\u00bb text_align=\u00bbleft\u00bb background_animation=\u00bbnone\u00bb css_animation=\u00bb\u00bb][vc_column][vc_video link=\u00bbhttps:\/\/www.youtube.com\/watch?v=UvZ4cCjn5SY\u00bb css=\u00bb\u00bb][vc_empty_space height=\u00bb30&#8243;][vc_column_text css=\u00bb\u00bb]Jornadas realizadas en la Casa de Artistas de Montpalau (Es Mercadal, Menorca) el septiembre de 2019. Dise\u00f1adas, coordinadas y dinamizadas por&#8230;<\/p>\n","protected":false},"author":1,"featured_media":0,"parent":0,"menu_order":0,"comment_status":"closed","ping_status":"closed","template":"","meta":{"footnotes":""},"class_list":["post-183","page","type-page","status-publish","hentry"],"_links":{"self":[{"href":"https:\/\/casadartistes.esfarcultural.net\/es\/wp-json\/wp\/v2\/pages\/183","targetHints":{"allow":["GET"]}}],"collection":[{"href":"https:\/\/casadartistes.esfarcultural.net\/es\/wp-json\/wp\/v2\/pages"}],"about":[{"href":"https:\/\/casadartistes.esfarcultural.net\/es\/wp-json\/wp\/v2\/types\/page"}],"author":[{"embeddable":true,"href":"https:\/\/casadartistes.esfarcultural.net\/es\/wp-json\/wp\/v2\/users\/1"}],"replies":[{"embeddable":true,"href":"https:\/\/casadartistes.esfarcultural.net\/es\/wp-json\/wp\/v2\/comments?post=183"}],"version-history":[{"count":32,"href":"https:\/\/casadartistes.esfarcultural.net\/es\/wp-json\/wp\/v2\/pages\/183\/revisions"}],"predecessor-version":[{"id":3509,"href":"https:\/\/casadartistes.esfarcultural.net\/es\/wp-json\/wp\/v2\/pages\/183\/revisions\/3509"}],"wp:attachment":[{"href":"https:\/\/casadartistes.esfarcultural.net\/es\/wp-json\/wp\/v2\/media?parent=183"}],"curies":[{"name":"wp","href":"https:\/\/api.w.org\/{rel}","templated":true}]}}