{"id":1781,"date":"2022-05-23T16:51:37","date_gmt":"2022-05-23T16:51:37","guid":{"rendered":"https:\/\/casadartistes.esfarcultural.net\/es\/?page_id=1781"},"modified":"2024-06-26T17:13:47","modified_gmt":"2024-06-26T17:13:47","slug":"primavera-22","status":"publish","type":"page","link":"https:\/\/casadartistes.esfarcultural.net\/es\/primavera-22","title":{"rendered":"PRIMAVERS 22"},"content":{"rendered":"<div class=\"wpb-content-wrapper\"><p>[vc_row row_type=\u00bbrow\u00bb use_row_as_full_screen_section=\u00bbno\u00bb type=\u00bbfull_width\u00bb text_align=\u00bbcenter\u00bb background_animation=\u00bbnone\u00bb css_animation=\u00bb\u00bb css=\u00bb.vc_custom_1610973632409{padding-bottom: 20px !important;}\u00bb][vc_column][vc_column_text]<\/p>\n<h5 style=\"text-align: center;\"><span style=\"color: #ea2d2e;\"><b>MARIONA VILASECA<\/b><\/span><\/h5>\n<p>[\/vc_column_text][\/vc_column][\/vc_row][vc_row row_type=\u00bbrow\u00bb use_row_as_full_screen_section=\u00bbno\u00bb type=\u00bbfull_width\u00bb text_align=\u00bbleft\u00bb background_animation=\u00bbnone\u00bb css_animation=\u00bb\u00bb css=\u00bb.vc_custom_1610973590515{padding-top: 30px !important;padding-right: 0px !important;padding-bottom: 30px !important;padding-left: 0px !important;}\u00bb][vc_column width=\u00bb2\/3&#8243;][vc_column_text]<span style=\"font-weight: 400;\">Siento un gran impulso de recuperar la vivencia de mis inicios. En 1994 descubr\u00ed que mi ritual de andar por la naturaleza en direcci\u00f3n a la monta\u00f1a de Montserrat, era un ritual para buscar un espacio de calma y poder estar presente conmigo misma, sin otra presencia que la naturaleza. Era un ritual de crear hermandad con artistas anteriores del land art, el body arte o las performance en la naturaleza. Los testigos, registros de aquellas caminatas, la documentaci\u00f3n que generaba de aquella experiencia se convirtieron, a posteriori, en obras.<\/span><\/p>\n<p>&nbsp;<\/p>\n<p><span style=\"font-weight: 400;\">Revivir y recuperar el espacio del andar, desde la vivienda directa a la naturaleza, recorrer sus caminos y dejar que cada huella y cada paso configuren el dibujo vital, plasmando la experiencia directa, dejando el rastro, la huella con mis propios elementos (la c\u00e1mara, el l\u00e1piz, el papel&#8230;). Esta vez lo hago con la monta\u00f1a del Toro. Tierra, s\u00edmbolo muy presente en mi obra y lenguaje. Y su binomio, el mar, el elemento agua, tan presente en toda mi obra, inspirando mi estado mental y mi mu\u00f1eca. Haciendo nacer nuevas emo-graf\u00edas (dibujos que empec\u00e9 a titular as\u00ed desde el 2004). Dejar que el Momento Presente dibuje y ande. La po\u00e9tica con y de la naturaleza, interior y exterior.<\/span><\/p>\n<p>&nbsp;<\/p>\n<p>&nbsp;<\/p>\n<p><a href=\"http:\/\/www.marionavilaseca.com\/?lang=ca\">www.marionavilaseca.com<\/a>[\/vc_column_text][\/vc_column][vc_column width=\u00bb1\/3&#8243;][vc_single_image image=\u00bb1782&#8243; img_size=\u00bblarge\u00bb alignment=\u00bbcenter\u00bb onclick=\u00bbcustom_link\u00bb img_link_target=\u00bb_blank\u00bb qode_css_animation=\u00bb\u00bb][vc_empty_space][vc_single_image image=\u00bb1783&#8243; img_size=\u00bblarge\u00bb alignment=\u00bbcenter\u00bb onclick=\u00bbcustom_link\u00bb img_link_target=\u00bb_blank\u00bb qode_css_animation=\u00bb\u00bb][\/vc_column][\/vc_row][vc_row row_type=\u00bbrow\u00bb use_row_as_full_screen_section=\u00bbno\u00bb type=\u00bbfull_width\u00bb text_align=\u00bbleft\u00bb background_animation=\u00bbnone\u00bb css_animation=\u00bb\u00bb css=\u00bb.vc_custom_1610971923298{padding-top: 10px !important;padding-bottom: 20px !important;}\u00bb][vc_column][vc_separator type=\u00bbnormal\u00bb border_style=\u00bb\u00bb color=\u00bb#0a0a0a\u00bb][\/vc_column][\/vc_row][vc_row row_type=\u00bbrow\u00bb use_row_as_full_screen_section=\u00bbno\u00bb type=\u00bbfull_width\u00bb text_align=\u00bbcenter\u00bb background_animation=\u00bbnone\u00bb css_animation=\u00bb\u00bb css=\u00bb.vc_custom_1610971790637{padding-top: 10px !important;padding-bottom: 30px !important;}\u00bb][vc_column][vc_column_text]<\/p>\n<h5 style=\"text-align: center;\"><span style=\"color: #ea2d2e;\"><b>CARMINA BALAGUER<\/b><\/span><\/h5>\n<p>[\/vc_column_text][\/vc_column][\/vc_row][vc_row row_type=\u00bbrow\u00bb use_row_as_full_screen_section=\u00bbno\u00bb type=\u00bbfull_width\u00bb text_align=\u00bbleft\u00bb background_animation=\u00bbnone\u00bb css_animation=\u00bb\u00bb css=\u00bb.vc_custom_1610973117877{padding-top: 0px !important;padding-bottom: 30px !important;}\u00bb][vc_column width=\u00bb3\/4&#8243;][vc_column_text css=\u00bb.vc_custom_1653324905486{padding-top: 30px !important;}\u00bb]<span style=\"font-weight: 400;\">Nacida en el Mediterr\u00e1neo, me cr\u00edo entre la ciudad de Barcelona; el Pirineo catal\u00e1n; y los <\/span><span style=\"font-weight: 400;\">constantes viajes de mi familia. Desde peque\u00f1a me acerco al mundo observando c\u00f3mo los <\/span><span style=\"font-weight: 400;\">territorios y sus paisajes marcan las idiosincrasias de quienes residen en ellos. <\/span><span style=\"font-weight: 400;\">Vivo el viaje como una herramienta para entender la realidad y sus or\u00edgenes, pues creo que <\/span><span style=\"font-weight: 400;\">escuchar las culturas ancestrales nos hace avanzar como sociedades futuras.<\/span><\/p>\n<p>&nbsp;<\/p>\n<p><span style=\"font-weight: 400;\">Licenciada en Comunicaci\u00f3n Audiovisual y mag\u00edster en Periodismo de Viajes, inicio mi trayectoria en mi tierra natal trabajando en largometrajes cinematogr\u00e1ficos como directora\/ayudante de street casting, un m\u00e9todo de b\u00fasqueda de personajes sobre terreno, as\u00ed como teniendo roles en productoras audiovisuales.<\/span><\/p>\n<p>&nbsp;<\/p>\n<p><span style=\"font-weight: 400;\">Radico seis a\u00f1os en Argentina siendo cronista para Viajes National Geographic (Espa\u00f1a) y <\/span><span style=\"font-weight: 400;\">National Geographic Traveler Latinoam\u00e9rica (M\u00e9xico), adem\u00e1s de ser corresponsal <\/span><span style=\"font-weight: 400;\">latinoamericana para el medio norteamericano The Daily Brief, Promax Global, que cubre la <\/span><span style=\"font-weight: 400;\">creatividad dentro de la industria televisiva. Colaboro con otros medios como Cond\u00e9 Nast <\/span><span style=\"font-weight: 400;\">Traveler (Espa\u00f1a), Brando (Argentina) y Travel Magazine (Argentina). Tambi\u00e9n trabajo como <\/span><span style=\"font-weight: 400;\">productora period\u00edstica para ESPN Yoga Latin America.<\/span><\/p>\n<p>&nbsp;<\/p>\n<p><span style=\"font-weight: 400;\">Durante mi sexto a\u00f1o en el pa\u00eds me instalo en la provincia andina de Jujuy para documentar el rol de las mujeres ind\u00edgenas kollas en una investigaci\u00f3n que actualmente estoy volcando en un libro. All\u00ed me acerco a las comunidades locales dirigiendo y produciendo el documental etnogr\u00e1fico \u201cLa pantalla andina\u201d, proyecto en el que sigo abocada en su fase de distribuci\u00f3n.<\/span><\/p>\n<p>&nbsp;<\/p>\n<p><span style=\"font-weight: 400;\">Actualmente combino esta labor con la colaboraci\u00f3n en medios y la escritura de libros de <\/span><span style=\"font-weight: 400;\">memorias de vida por encargo, desarrollando un m\u00e9todo que fusiona los g\u00e9neros de la biograf\u00eda, el perfil period\u00edstico y el reporterismo.<\/span><\/p>\n<p>&nbsp;<\/p>\n<p><span style=\"font-weight: 400;\">ULTIMOS TRABAJOS<\/span><\/p>\n<ul>\n<li><span style=\"font-weight: 400;\"> \u201cLa pantalla andina\u201d \u2013 Documental (<a href=\"https:\/\/vimeo.com\/640315747\">tr\u00e1iler<\/a>)<\/span><\/li>\n<li><span style=\"font-weight: 400;\"> \u201c\u00bfDe qu\u00e9 se nutre la ra\u00edz?\u201d <a href=\"https:\/\/www.altairmagazine.com\/ciclos\/periodismo-y-viaje\/de-que-se-nutre-la-raiz\/\">Diario-cr\u00f3nica de filmaci\u00f3n para Alta\u00efr Magazine<\/a>\u00a0<\/span><\/li>\n<li><span style=\"font-weight: 400;\"> \u201cJujuy y el cine itinerante\u201d \u2013 <a href=\"https:\/\/viajes.nationalgeographic.com.es\/multimedia\/jujuy-y-cine-itinerante_17581\">Cr\u00f3nica para Viajes National Geographic<\/a><\/span><\/li>\n<\/ul>\n<p>&nbsp;<\/p>\n<p>[\/vc_column_text][\/vc_column][vc_column width=\u00bb1\/4&#8243;][vc_single_image image=\u00bb1787&#8243; img_size=\u00bblarge\u00bb alignment=\u00bbcenter\u00bb onclick=\u00bbcustom_link\u00bb img_link_target=\u00bb_blank\u00bb qode_css_animation=\u00bb\u00bb][\/vc_column][\/vc_row][vc_row row_type=\u00bbrow\u00bb use_row_as_full_screen_section=\u00bbno\u00bb type=\u00bbfull_width\u00bb text_align=\u00bbleft\u00bb background_animation=\u00bbnone\u00bb css_animation=\u00bb\u00bb css=\u00bb.vc_custom_1610973136118{padding-top: px !important;padding-bottom: 30px !important;}\u00bb][vc_column][vc_separator type=\u00bbnormal\u00bb border_style=\u00bb\u00bb color=\u00bb#0a0a0a\u00bb][\/vc_column][\/vc_row][vc_row row_type=\u00bbrow\u00bb use_row_as_full_screen_section=\u00bbno\u00bb type=\u00bbfull_width\u00bb text_align=\u00bbleft\u00bb background_animation=\u00bbnone\u00bb css_animation=\u00bb\u00bb css=\u00bb.vc_custom_1610971612162{padding-top: 10px !important;}\u00bb][vc_column][vc_column_text]<\/p>\n<h5 style=\"text-align: center;\"><span style=\"color: #ea2d2e;\"><b>CATERINA TALTAVULL<\/b><\/span><\/h5>\n<p>[\/vc_column_text][\/vc_column][\/vc_row][vc_row row_type=\u00bbrow\u00bb use_row_as_full_screen_section=\u00bbno\u00bb type=\u00bbfull_width\u00bb text_align=\u00bbleft\u00bb background_animation=\u00bbnone\u00bb css_animation=\u00bb\u00bb css=\u00bb.vc_custom_1610971880916{padding-top: 30px !important;padding-bottom: 20px !important;}\u00bb][vc_column width=\u00bb2\/3&#8243;][vc_column_text css=\u00bb.vc_custom_1653324918815{padding-top: 30px !important;}\u00bb]<span style=\"font-weight: 400;\">Hace m\u00e1s de siete a\u00f1os que me dedico al mundo de la ilustraci\u00f3n y tres a\u00f1os con Corni Illustration, mi marca personal, que surge de la necesidad de mostrarme al mundo. Corni nace el 2019 durante mi estancia en el Reino Unido donde tuvo un c\u00e1lido recibimiento, a pesar de las dificultades del momento.<\/span><\/p>\n<p>&nbsp;<\/p>\n<p><span style=\"font-weight: 400;\">Desde Corni defiendo el ecologismo, los derechos de los animales, la sostenibilidad, el cero waste, el reciclaje, la igualdad, la colaboraci\u00f3n y el trabajo en equipo. Busco ser un granito de arena dirigido a cambiar la sociedad en que vivimos hacia mejor. Me identifico con el t\u00e9rmino vega y su ideolog\u00eda. Mis ilustraciones son un puente para transmitir estos ideales de una forma l\u00fadica y divertida. Para crearlas utilizo t\u00e9cnicas tradicionales como gouache, acr\u00edlico y acuarela con soportes variados como papeles de diferentes gramajes, maderas o lienzos. Tambi\u00e9n me gusta complementar algunas im\u00e1genes con programas digitales como Photoshop, Illustration y InDesign, seg\u00fan la finalidad de esta.<\/span><\/p>\n<p>&nbsp;<\/p>\n<p><span style=\"font-weight: 400;\">Como reflejo de mi estilo ilustrativo, me considero una persona alegre, trabajadora y emp\u00e1tica, siempre con ganas de descubrir nuevos horizontes y crear nuevos proyectos con los que desafiar mis conocimientos y creatividad. Me encuentro en constante evoluci\u00f3n y, por lo tanto, mi estilo tambi\u00e9n.<\/span><\/p>\n<p>&nbsp;<\/p>\n<p>&nbsp;<\/p>\n<p>IG <a href=\"https:\/\/www.instagram.com\/corni.illustration\/\">@corni.illustration<\/a>[\/vc_column_text][\/vc_column][vc_column width=\u00bb1\/3&#8243;][vc_single_image image=\u00bb1784&#8243; img_size=\u00bblarge\u00bb alignment=\u00bbcenter\u00bb onclick=\u00bbcustom_link\u00bb img_link_target=\u00bb_blank\u00bb qode_css_animation=\u00bb\u00bb][vc_empty_space][vc_single_image image=\u00bb1785&#8243; img_size=\u00bblarge\u00bb alignment=\u00bbcenter\u00bb onclick=\u00bbcustom_link\u00bb img_link_target=\u00bb_blank\u00bb qode_css_animation=\u00bb\u00bb][\/vc_column][\/vc_row][vc_row row_type=\u00bbrow\u00bb use_row_as_full_screen_section=\u00bbno\u00bb type=\u00bbfull_width\u00bb text_align=\u00bbleft\u00bb background_animation=\u00bbnone\u00bb css_animation=\u00bb\u00bb css=\u00bb.vc_custom_1610971949811{padding-top: 20px !important;padding-bottom: 30px !important;}\u00bb][vc_column][vc_separator type=\u00bbnormal\u00bb border_style=\u00bb\u00bb color=\u00bb#0a0a0a\u00bb][\/vc_column][\/vc_row]<\/p>\n<\/div>","protected":false},"excerpt":{"rendered":"<p>[vc_row row_type=\u00bbrow\u00bb use_row_as_full_screen_section=\u00bbno\u00bb type=\u00bbfull_width\u00bb text_align=\u00bbcenter\u00bb background_animation=\u00bbnone\u00bb css_animation=\u00bb\u00bb css=\u00bb.vc_custom_1610973632409{padding-bottom: 20px !important;}\u00bb][vc_column][vc_column_text] MARIONA VILASECA [\/vc_column_text][\/vc_column][\/vc_row][vc_row row_type=\u00bbrow\u00bb use_row_as_full_screen_section=\u00bbno\u00bb type=\u00bbfull_width\u00bb text_align=\u00bbleft\u00bb background_animation=\u00bbnone\u00bb css_animation=\u00bb\u00bb css=\u00bb.vc_custom_1610973590515{padding-top: 30px !important;padding-right: 0px !important;padding-bottom: 30px !important;padding-left: 0px !important;}\u00bb][vc_column width=\u00bb2\/3&#8243;][vc_column_text]Siento un gran impulso de recuperar la vivencia de mis inicios. En 1994 descubr\u00ed que mi ritual&#8230;<\/p>\n","protected":false},"author":1,"featured_media":0,"parent":0,"menu_order":0,"comment_status":"closed","ping_status":"closed","template":"","meta":{"footnotes":""},"class_list":["post-1781","page","type-page","status-publish","hentry"],"_links":{"self":[{"href":"https:\/\/casadartistes.esfarcultural.net\/es\/wp-json\/wp\/v2\/pages\/1781","targetHints":{"allow":["GET"]}}],"collection":[{"href":"https:\/\/casadartistes.esfarcultural.net\/es\/wp-json\/wp\/v2\/pages"}],"about":[{"href":"https:\/\/casadartistes.esfarcultural.net\/es\/wp-json\/wp\/v2\/types\/page"}],"author":[{"embeddable":true,"href":"https:\/\/casadartistes.esfarcultural.net\/es\/wp-json\/wp\/v2\/users\/1"}],"replies":[{"embeddable":true,"href":"https:\/\/casadartistes.esfarcultural.net\/es\/wp-json\/wp\/v2\/comments?post=1781"}],"version-history":[{"count":9,"href":"https:\/\/casadartistes.esfarcultural.net\/es\/wp-json\/wp\/v2\/pages\/1781\/revisions"}],"predecessor-version":[{"id":3107,"href":"https:\/\/casadartistes.esfarcultural.net\/es\/wp-json\/wp\/v2\/pages\/1781\/revisions\/3107"}],"wp:attachment":[{"href":"https:\/\/casadartistes.esfarcultural.net\/es\/wp-json\/wp\/v2\/media?parent=1781"}],"curies":[{"name":"wp","href":"https:\/\/api.w.org\/{rel}","templated":true}]}}