{"id":1522,"date":"2022-02-24T12:09:39","date_gmt":"2022-02-24T12:09:39","guid":{"rendered":"https:\/\/casadartistes.esfarcultural.net\/?page_id=1522"},"modified":"2024-06-26T17:17:52","modified_gmt":"2024-06-26T17:17:52","slug":"marc-22","status":"publish","type":"page","link":"https:\/\/casadartistes.esfarcultural.net\/es\/marc-22","title":{"rendered":"MAR\u00c7\/22"},"content":{"rendered":"<div class=\"wpb-content-wrapper\"><p>[vc_row row_type=\u00bbrow\u00bb use_row_as_full_screen_section=\u00bbno\u00bb type=\u00bbfull_width\u00bb text_align=\u00bbleft\u00bb background_animation=\u00bbnone\u00bb css_animation=\u00bb\u00bb][vc_column][vc_column_text]<\/p>\n<h5 style=\"text-align: center;\"><span style=\"color: #ea2d2e;\"><strong>B\u00c1RBARA BAYARRI<\/strong><\/span><\/h5>\n<p>[\/vc_column_text][\/vc_column][\/vc_row][vc_row row_type=\u00bbrow\u00bb use_row_as_full_screen_section=\u00bbno\u00bb type=\u00bbfull_width\u00bb text_align=\u00bbleft\u00bb background_animation=\u00bbnone\u00bb css_animation=\u00bb\u00bb css=\u00bb.vc_custom_1645706059727{padding-top: 30px !important;padding-bottom: 30px !important;}\u00bb][vc_column width=\u00bb2\/3&#8243;][vc_column_text]<span style=\"font-weight: 400;\">Salir de los canales conocidos, de las caras que ya son rostros familiares, de los caminos que se transitan por inercia. No ir a la acci\u00f3n, ir al encuentro. Al encuentro del discurso, de la obra, del espacio. Casa d&#8217;artistes me llama porque abre la posibilidad de un encuentro otro, de un nuevo campo de relaciones no mercantilizado donde puede haber lugar para lo inesperado, para una isla en el hacer que afecte a las disposiciones de los cuerpos y a sus relaciones.<\/span><\/p>\n<p><span style=\"font-weight: 400;\">\u00a0<\/span><\/p>\n<p><span style=\"font-weight: 400;\">En mi investigaci\u00f3n me centro en las pr\u00e1cticas curatoriales contempor\u00e1neas y en c\u00f3mo a partir de ellas se genera y transfiere el\u00a0<\/span><span style=\"font-weight: 400;\">conocimiento en las exposiciones de arte en los museos.He trabajado como documentadora, curadora y coordinadora de exposiciones en el Museo Picasso, la Fundaci\u00f3 Josep Guinovart y la Fundaci\u00f3 Joan Brossa, respectivamente. La experiencia en estos centros me ha permitido enfocar la investigaci\u00f3n de mi tesis doctoral de un modo en el que pr\u00e1ctica y teor\u00eda van de la mano.<\/span><\/p>\n<p>&nbsp;<\/p>\n<p><em>Impulsora de Sample Filos\u00f2fic, programa emitido en\u00a0<a href=\"https:\/\/radiofarmenorca.com\/programes\" target=\"_blank\" rel=\"noopener noreferrer\">R\u00e0dio Far Menorca<\/a><\/em><\/p>\n<p>&nbsp;<\/p>\n<p><a href=\"mailto:bayarri.vinas@gmail.com\" target=\"_blank\" rel=\"noopener noreferrer\">bayarri.vinas@gmail.com<\/a>[\/vc_column_text][\/vc_column][vc_column width=\u00bb1\/3&#8243;][vc_single_image image=\u00bb1524&#8243; img_size=\u00bblarge\u00bb alignment=\u00bbcenter\u00bb qode_css_animation=\u00bb\u00bb][vc_empty_space height=\u00bb15px\u00bb][vc_single_image image=\u00bb1525&#8243; img_size=\u00bblarge\u00bb alignment=\u00bbcenter\u00bb qode_css_animation=\u00bb\u00bb][vc_column_text css=\u00bb.vc_custom_1645785680275{padding-top: 15px !important;}\u00bb]<\/p>\n<div dir=\"ltr\">\n<div class=\"gmail_default\" style=\"text-align: center;\"><em>ReDesComponiendo Las Meninas<\/em><\/div>\n<\/div>\n<p>[\/vc_column_text][\/vc_column][\/vc_row][vc_row row_type=\u00bbrow\u00bb use_row_as_full_screen_section=\u00bbno\u00bb type=\u00bbfull_width\u00bb text_align=\u00bbleft\u00bb background_animation=\u00bbnone\u00bb css_animation=\u00bb\u00bb css=\u00bb.vc_custom_1645706074187{padding-top: 10px !important;padding-bottom: 20px !important;}\u00bb][vc_column][vc_separator type=\u00bbnormal\u00bb border_style=\u00bb\u00bb color=\u00bb#000000&#8243;][vc_empty_space][vc_empty_space][\/vc_column][\/vc_row][vc_row row_type=\u00bbrow\u00bb use_row_as_full_screen_section=\u00bbno\u00bb type=\u00bbfull_width\u00bb text_align=\u00bbleft\u00bb background_animation=\u00bbnone\u00bb css_animation=\u00bb\u00bb][vc_column][vc_column_text]<\/p>\n<h5 style=\"text-align: center;\"><span style=\"color: #ea2d2e;\"><strong>ISABEL VAL<\/strong><\/span><\/h5>\n<p>[\/vc_column_text][\/vc_column][\/vc_row][vc_row row_type=\u00bbrow\u00bb use_row_as_full_screen_section=\u00bbno\u00bb type=\u00bbfull_width\u00bb text_align=\u00bbleft\u00bb background_animation=\u00bbnone\u00bb css_animation=\u00bb\u00bb css=\u00bb.vc_custom_1645704911281{padding-top: 30px !important;padding-bottom: 30px !important;}\u00bb][vc_column width=\u00bb2\/3&#8243;][vc_column_text]<span style=\"font-weight: 400;\">Isabel <\/span><span style=\"font-weight: 400;\">Val<\/span><span style=\"font-weight: 400;\"> ( Barcelona,1988) es una artista visual que combina fotograf\u00eda, <\/span><span style=\"font-weight: 400;\">video<\/span><span style=\"font-weight: 400;\"> y dibujo en sus proyectos. Su trabajo explora la relaci\u00f3n entre pasado y presiente y reflexiona sobre el concepto de nostalgia. Sus proyectos han estado <\/span><span style=\"font-weight: 400;\">expuesta <\/span><span style=\"font-weight: 400;\">en Barcelona, Budapest, <\/span><span style=\"font-weight: 400;\">Berlin<\/span><span style=\"font-weight: 400;\"> y <\/span><span style=\"font-weight: 400;\">Timisoara<\/span><span style=\"font-weight: 400;\">. Actualmente est\u00e1 representada por <\/span><span style=\"font-weight: 400;\">MymuseumGallery<\/span><span style=\"font-weight: 400;\"> en Budapest.<\/span><\/p>\n<p>&nbsp;<\/p>\n<p><span style=\"font-weight: 400;\">Mi trabajo explora la presencia del pasado en nuestro d\u00eda a d\u00eda y busca <\/span><span style=\"font-weight: 400;\">profundizar<\/span><span style=\"font-weight: 400;\"> en las din\u00e1micas que se establecen entre los recuerdos personales y la memoria colectiva.<\/span><\/p>\n<p><span style=\"font-weight: 400;\">Dentro de la pr\u00e1ctica art\u00edstica he encontrado una manera de captar todo aquello que, por cotidiano, pasa desapercibido en los ojos de la Historia y de conservar su legado. A veces se trata de mobiliario urbano o de se\u00f1ales de ne\u00f3n que caen a trozos; otros, de un recuerdo a punto de ser olvidado.<\/span><\/p>\n<p><span style=\"font-weight: 400;\">Me fascina el concepto de nostalgia y es un tema recurrente dentro de mi investigaci\u00f3n, <\/span><span style=\"font-weight: 400;\">desde su<\/span><span style=\"font-weight: 400;\"> instrumentalizaci\u00f3n pol\u00edtica hasta la necesidad individual y colectiva de crear un imaginario y una narrativa que nos ayude a <\/span><span style=\"font-weight: 400;\">lidiar<\/span><span style=\"font-weight: 400;\"> con el pasado. Tambi\u00e9n me interesa profundizar en la mutabilidad de la memoria y en c\u00f3mo impregnamos nuestras <\/span><span style=\"font-weight: 400;\">posesiones<\/span><span style=\"font-weight: 400;\"> de esta.<\/span><\/p>\n<p><span style=\"font-weight: 400;\">Mi intenci\u00f3n es la de establecer un di\u00e1logo con el espectador que permita <\/span><span style=\"font-weight: 400;\">transmutar<\/span><span style=\"font-weight: 400;\"> la vivencia personal en colectiva, encontrando as\u00ed nuevos puntos en com\u00fan a trav\u00e9s de los cuales relacionarnos de una manera m\u00e1s emp\u00e1tica y humana.<\/span><\/p>\n<p><span style=\"font-weight: 400;\">Afronto cada proyecto <\/span><span style=\"font-weight: 400;\">desde<\/span><span style=\"font-weight: 400;\"> la curiosidad y la experimentaci\u00f3n, ya sea trabajando con fotograf\u00eda, dibujo o video. Me <\/span><span style=\"font-weight: 400;\">interesa experimentar<\/span><span style=\"font-weight: 400;\"> pl\u00e1sticamente con cada disciplina e indagar en las posibilidades que ofrece cada apoyo m\u00e1s all\u00e1 de m\u00e9todos preestablecidos.<\/span><\/p>\n<p>&nbsp;<\/p>\n<p><em>Artista seleccionada en el marco de la colaboraci\u00f3n con\u00a0<a href=\"https:\/\/stripart.cat\/festival\/\" target=\"_blank\" rel=\"noopener noreferrer\">Stripart<\/a><\/em><\/p>\n<p>&nbsp;<\/p>\n<p>&nbsp;<\/p>\n<p><a href=\"https:\/\/www.isabelval.com\" target=\"_blank\" rel=\"noopener noreferrer\">isabelval.com<\/a><\/p>\n<p><a href=\"https:\/\/www.instagram.com\/isabel_val\" target=\"_blank\" rel=\"noopener noreferrer\">@isabel_val<\/a>[\/vc_column_text][\/vc_column][vc_column width=\u00bb1\/3&#8243;][vc_single_image image=\u00bb1539&#8243; img_size=\u00bblarge\u00bb alignment=\u00bbcenter\u00bb qode_css_animation=\u00bb\u00bb][vc_empty_space][vc_single_image image=\u00bb1538&#8243; img_size=\u00bblarge\u00bb alignment=\u00bbcenter\u00bb qode_css_animation=\u00bb\u00bb][vc_column_text css=\u00bb.vc_custom_1645785688001{padding-top: 15px !important;}\u00bb]<\/p>\n<p style=\"text-align: center;\"><em>Estiu Robat<\/em><\/p>\n<p>[\/vc_column_text][\/vc_column][\/vc_row][vc_row row_type=\u00bbrow\u00bb use_row_as_full_screen_section=\u00bbno\u00bb type=\u00bbfull_width\u00bb text_align=\u00bbleft\u00bb background_animation=\u00bbnone\u00bb css_animation=\u00bb\u00bb css=\u00bb.vc_custom_1645706074187{padding-top: 10px !important;padding-bottom: 20px !important;}\u00bb][vc_column][vc_separator type=\u00bbnormal\u00bb border_style=\u00bb\u00bb color=\u00bb#000000&#8243;][vc_empty_space][vc_empty_space][\/vc_column][\/vc_row][vc_row row_type=\u00bbrow\u00bb use_row_as_full_screen_section=\u00bbno\u00bb type=\u00bbfull_width\u00bb text_align=\u00bbleft\u00bb background_animation=\u00bbnone\u00bb css_animation=\u00bb\u00bb][vc_column][vc_column_text]<\/p>\n<h5 style=\"text-align: center;\"><span style=\"color: #ea2d2e;\"><strong>HUMA RISE<\/strong><\/span><\/h5>\n<p>[\/vc_column_text][\/vc_column][\/vc_row][vc_row row_type=\u00bbrow\u00bb use_row_as_full_screen_section=\u00bbno\u00bb type=\u00bbfull_width\u00bb text_align=\u00bbleft\u00bb background_animation=\u00bbnone\u00bb css_animation=\u00bb\u00bb css=\u00bb.vc_custom_1645704911281{padding-top: 30px !important;padding-bottom: 30px !important;}\u00bb][vc_column width=\u00bb2\/3&#8243;][vc_column_text]<span style=\"font-weight: 400;\">Desde ni\u00f1a, la \u00fanica manera de sentirme <\/span><span style=\"font-weight: 400;\">conectada<\/span><span style=\"font-weight: 400;\">, viva y real, ha estado experimentando a trav\u00e9s de diferentes materiales pl\u00e1sticos. De m\u00e1s grande, no ha <\/span><span style=\"font-weight: 400;\">cambiado<\/span><span style=\"font-weight: 400;\">, y quiz\u00e1s por este motivo ahora est\u00e1is leyendo estas <\/span><span style=\"font-weight: 400;\">l\u00edneas<\/span><span style=\"font-weight: 400;\">, pues he escogido el arte como camino de vida. Pr\u00e1cticamente acabo de salir del cascar\u00f3n, s\u00ed que es cierto que en su d\u00eda me form\u00e9 (<\/span><span style=\"font-weight: 400;\">bachillerato <\/span><span style=\"font-weight: 400;\">art\u00edstico, dise\u00f1o gr\u00e1fico, ilustraci\u00f3n, arte <\/span><span style=\"font-weight: 400;\">terapia<\/span><span style=\"font-weight: 400;\">, etc..) pero, como bien sab\u00e9is, no siempre es <\/span><span style=\"font-weight: 400;\">posible<\/span><span style=\"font-weight: 400;\"> dedicarse de manera exclusiva.<\/span><\/p>\n<p><span style=\"font-weight: 400;\">Ahora, pero, S\u00cd: Lo estoy apostando TODO, haciendo un \u201cajo <\/span><span style=\"font-weight: 400;\">in\u201d<\/span><span style=\"font-weight: 400;\"> y que no sea por no <\/span><span style=\"font-weight: 400;\">haberlo intentado<\/span><span style=\"font-weight: 400;\">. Entre otros, picando vuestra puerta, para no perder la oportunidad de intentarlo, pues como experiencia creo que me puede ser muy favorable en el punto de mi trayectoria donde me encuentro, ya tanto por el que pueda aprender del recorrido y experiencias al compartir con los otros artistas <\/span><span style=\"font-weight: 400;\">seleccionadas<\/span><span style=\"font-weight: 400;\">, pudiendo tambi\u00e9n compartir tambi\u00e9n los miedos y adversidades del sector, oportunidades en otros proyectos&#8230; As\u00ed como otras disciplinas, como de m\u00ed misma y los <\/span><span style=\"font-weight: 400;\">procesos<\/span><span style=\"font-weight: 400;\"> creativos en un proyecto con este formato, pues <\/span><span style=\"font-weight: 400;\">ser\u00eda<\/span><span style=\"font-weight: 400;\"> la primera vez para m\u00ed. En definitiva, poner la primera <\/span><span style=\"font-weight: 400;\">pata<\/span><span style=\"font-weight: 400;\"> fuera del huevo.<\/span><\/p>\n<p><span style=\"font-weight: 400;\">Emergente.<\/span><\/p>\n<p><span style=\"font-weight: 400;\">Bien, humildemente os dir\u00e9 que incluso todav\u00eda me cuesta presentarme como una artista. Me considero una persona creativa, con todo aquello que hago y soy. Este componente creativo en mi esencia ha conseguido hablar tanto fuerte que solo puedo sentirlo, as\u00ed como si se tratara de la <\/span><span style=\"font-weight: 400;\">br\u00fajula<\/span><span style=\"font-weight: 400;\"> de mi <\/span><span style=\"font-weight: 400;\">intuici\u00f3n<\/span><span style=\"font-weight: 400;\">. A pesar de ser joven, he viajado desde ya hace m\u00e1s de media vida, vivido en diferentes pa\u00edses y compartido e <\/span><span style=\"font-weight: 400;\">intercambiado con<\/span><span style=\"font-weight: 400;\"> otras culturas, adquiriendo tambi\u00e9n diferentes lenguas. All\u00e1 donde he ido ha habido siempre un denominador com\u00fan: La naturaleza, quien de una manera u otra est\u00e1 siempre presente en mis creaciones.<\/span><\/p>\n<p>&nbsp;<\/p>\n<p><span style=\"font-weight: 400;\">Durante muchos a\u00f1os me dediqu\u00e9 a la producci\u00f3n de cine, acontecimientos culturales, festivales, etc&#8230;Pero hace unos a\u00f1os me qued\u00e9 en silla de ruedas, me dijeron que no me volver\u00eda a levantar, pero en cambio, con la ayuda del mar, vuelvo a andar. El \u201cno\u201d ya lo tenemos, as\u00ed que por eso tambi\u00e9n estoy <\/span><span style=\"font-weight: 400;\">escribiendo<\/span><span style=\"font-weight: 400;\">, para ir a buscar el s\u00ed. Este es uno de los motivos por los cuales mis creaciones <\/span><span style=\"font-weight: 400;\">est\u00e1n<\/span><span style=\"font-weight: 400;\"> siempre hechas con agua del mar. Al quedarme sin piernas volv\u00ed a las manos , y cambi\u00e9 los ingredientes que <\/span><span style=\"font-weight: 400;\">conformaban<\/span><span style=\"font-weight: 400;\"> el plato que me com\u00eda en el d\u00eda a d\u00eda de mi vida. El arte se ha quedado.<\/span><\/p>\n<p><span style=\"font-weight: 400;\">En este \u201cvolver a andar\u201d tanto f\u00edsico como metaf\u00f3rico, he estado experimentando con diferentes t\u00e9cnicas y materiales, saliendo de la ilustraci\u00f3n para ir a los <\/span><span style=\"font-weight: 400;\">cuadros<\/span><span style=\"font-weight: 400;\"> de pinturas a gran formato. A menudo, busco texturas en el entorno, ya sea de objetos encontrados en la naturaleza, reciclando materiales, etc. Es de vuestra mano como Casa de <\/span><span style=\"font-weight: 400;\">Artistas<\/span><span style=\"font-weight: 400;\">, con quien como ser creativo, me <\/span><span style=\"font-weight: 400;\">agradar\u00eda<\/span><span style=\"font-weight: 400;\"> poder <\/span><span style=\"font-weight: 400;\">profundizar<\/span><span style=\"font-weight: 400;\"> en esta <\/span><span style=\"font-weight: 400;\">b\u00fasqueda<\/span><span style=\"font-weight: 400;\"> intr\u00ednseca por mi entorno, y poder plasmarlo junto con todo aquello que pienso, siento, escucho, veo, aprendo&#8230; <\/span><span style=\"font-weight: 400;\">Vendr\u00eda<\/span><span style=\"font-weight: 400;\"> a ser un diario en gran formato, donde <\/span><span style=\"font-weight: 400;\">vuelco<\/span><span style=\"font-weight: 400;\"> tanto un mensaje capturado al compartir un debate o conversaci\u00f3n, a una emoci\u00f3n generada por una m\u00fasica, la esencia de <\/span><span style=\"font-weight: 400;\">algo<\/span><span style=\"font-weight: 400;\"> que he sentido, etc; como si cambiara las palabras por trazos emocionales que plasmo a trav\u00e9s del color y este infinito de texturas.<\/span><\/p>\n<p><span style=\"font-weight: 400;\">Dejar <\/span><span style=\"font-weight: 400;\">flu\u00edr<\/span><span style=\"font-weight: 400;\"> mi ni\u00f1a interior, como si volviera a tratarse de la primera vez que lo vivo. Y hacerlo desde acuarelas, collage, acr\u00edlicos, <\/span><span style=\"font-weight: 400;\">dags<\/span><span style=\"font-weight: 400;\">, <\/span><span style=\"font-weight: 400;\">rotuladors<\/span><span style=\"font-weight: 400;\">, agua de mar, caf\u00e9, transfiriendo texturas, con materiales reciclados, o encontrados de la naturaleza, etc. Pura expresi\u00f3n de esencia con el \u00e1nimo de compartirlo desde vuestros muros.<\/span><\/p>\n<p>&nbsp;<\/p>\n<p>&nbsp;<\/p>\n<p class=\"_7UhW9 fKFbl yUEEX KV-D4 fDxYl \"><a href=\"https:\/\/www.instagram.com\/art.humarise\/\" target=\"_blank\" rel=\"noopener noreferrer\">@art.humarise<\/a><\/p>\n<p>[\/vc_column_text][\/vc_column][vc_column width=\u00bb1\/3&#8243;][vc_single_image image=\u00bb1546&#8243; img_size=\u00bblarge\u00bb alignment=\u00bbcenter\u00bb qode_css_animation=\u00bb\u00bb][vc_empty_space][vc_single_image image=\u00bb1547&#8243; img_size=\u00bblarge\u00bb alignment=\u00bbcenter\u00bb qode_css_animation=\u00bb\u00bb][vc_column_text css=\u00bb.vc_custom_1645785735131{padding-top: 15px !important;}\u00bb]<\/p>\n<p style=\"text-align: center;\"><em>Mixmedia i aigua de mar sobre lli<\/em><\/p>\n<p>[\/vc_column_text][\/vc_column][\/vc_row][vc_row row_type=\u00bbrow\u00bb use_row_as_full_screen_section=\u00bbno\u00bb type=\u00bbfull_width\u00bb text_align=\u00bbleft\u00bb background_animation=\u00bbnone\u00bb css_animation=\u00bb\u00bb css=\u00bb.vc_custom_1645706074187{padding-top: 10px !important;padding-bottom: 20px !important;}\u00bb][vc_column][vc_separator type=\u00bbnormal\u00bb border_style=\u00bb\u00bb color=\u00bb#000000&#8243;][vc_empty_space][vc_empty_space][\/vc_column][\/vc_row][vc_row row_type=\u00bbrow\u00bb use_row_as_full_screen_section=\u00bbno\u00bb type=\u00bbfull_width\u00bb text_align=\u00bbleft\u00bb background_animation=\u00bbnone\u00bb css_animation=\u00bb\u00bb][vc_column][vc_column_text]<\/p>\n<h5 style=\"text-align: center;\"><span style=\"color: #ea2d2e;\"><strong>MARTA L. L\u00c1ZARO<\/strong><\/span><\/h5>\n<p>[\/vc_column_text][\/vc_column][\/vc_row][vc_row row_type=\u00bbrow\u00bb use_row_as_full_screen_section=\u00bbno\u00bb type=\u00bbfull_width\u00bb text_align=\u00bbleft\u00bb background_animation=\u00bbnone\u00bb css_animation=\u00bb\u00bb css=\u00bb.vc_custom_1645704911281{padding-top: 30px !important;padding-bottom: 30px !important;}\u00bb][vc_column width=\u00bb2\/3&#8243;][vc_column_text]<span style=\"font-weight: 400;\">Marta L. L\u00e1zaro (Zaragoza 1982) se desplaz\u00f3 a Madrid en 2005 para ser operador de c\u00e1mara: \u201cEl rojo desde el visor de una betacam Sp era s\u00f3lo gris oscuro\u201d. Trabaj\u00f3 durante m\u00e1s de diez a\u00f1os en cine y televisi\u00f3n, compaginando con la ampliaci\u00f3n de sus estudios. Al querer horarios dignos en su profesi\u00f3n decidi\u00f3 hacer un par\u00f3n y viajar all\u00ed donde encontrase un trabajo. Ha estado y est\u00e1 presente en muestras de cine y videoarte como la Muestra Underground de Barcelona, dentro del LOOP 2014, el Festival Internacional de Videoarte de Madrid, IVAHM 2019, el Festival International Film &#038; Art Festival Buenos Aires, ANSFF 2020, entre otros. Ha realizado varias exposiciones colectivas, as\u00ed como una individual titulada Calipso No Es, en la Galer\u00eda FinestraEstudio, Zaragoza 2017. En 2015 particip\u00f3 en la Academia Fachada Media en Etopia, Centro de Arte y Tecnolog\u00eda, Zaragoza, lugar donde cinco a\u00f1os despu\u00e9s le otorgan la residencia de arte Hedy Lamarr. Resultado de esta residencia es la exposici\u00f3n Grandma, un recuerdo iluminado (marzo-julio 2021). En el pasado octubre consigui\u00f3 la beca Art House Madrid, residencia K\u00e1rstica, y en la actualidad est\u00e1 preparando una intervenci\u00f3n acerca del videoarte para poner de manifiesto todo lo aprendido en el \u00faltimo a\u00f1o, de la mano de los responsables de Laneomud\u00e9jar,<\/span><\/p>\n<p><span style=\"font-weight: 400;\">Madrid.<\/span><\/p>\n<p><span style=\"font-weight: 400;\">\u00a0<\/span><\/p>\n<p><span style=\"font-weight: 400;\">Gracias a mis \u00faltimos proyectos me he dado de bruces con lo que se hace llamar identidad territorial. El haber estado fuera de casa tanto tiempo, el buscar soluciones lejos, es como una especie de s\u00edndrome de Ulises. Vuelves a casa s\u00f3lo para contar tus haza\u00f1as, te vas lejos, muy lejos, pero siempre vuelves porque no consigues quedarte. Entonces, \u00bfel arraigo se pierde?, \u00bfde d\u00f3nde soy?<\/span><\/p>\n<p><span style=\"font-weight: 400;\">Y de repente, a trav\u00e9s de una residencia de arte, te dan la oportunidad de investigar. Por fin, tiempo. Te das cuenta de que la inspiraci\u00f3n te viene de tu abuela, de tu madre, de tus t\u00edas. Lo que hab\u00edas ocultado, porque est\u00e1s siempre actualiz\u00e1ndote, mirando al futuro. Olvidaste qu\u00e9 tipo de ni\u00f1a fuiste, siempre mirando a una ventana que te obliga a sobre-informarte, a una ventana que te individualiza incrementando tu soledad. As\u00ed que he decidido utilizar la tecnolog\u00eda, mis herramientas videoart\u00edsticas, para conectarme con mis antepasadas. Me siento c\u00f3moda si en mis proyectos puedo reivindicar el trabajo, infravalorado, que han realizado las mujeres.<\/span><\/p>\n<p>&nbsp;<\/p>\n<p>&nbsp;<\/p>\n<p class=\"_7UhW9 fKFbl yUEEX KV-D4 fDxYl \"><a href=\"https:\/\/www.instagram.com\/marta_l_lazaro\/\" target=\"_blank\" rel=\"noopener noreferrer\">@marta_l_lazaro<\/a><\/p>\n<p><a href=\"https:\/\/martalopezlazaro.webnode.es\" target=\"_blank\" rel=\"noopener noreferrer\">martalopezlazaro.es<\/a>[\/vc_column_text][\/vc_column][vc_column width=\u00bb1\/3&#8243;][vc_single_image image=\u00bb1554&#8243; img_size=\u00bblarge\u00bb alignment=\u00bbcenter\u00bb qode_css_animation=\u00bb\u00bb][vc_empty_space][vc_single_image image=\u00bb1555&#8243; img_size=\u00bblarge\u00bb alignment=\u00bbcenter\u00bb qode_css_animation=\u00bb\u00bb][vc_column_text css=\u00bb.vc_custom_1645785746549{padding-top: 15px !important;}\u00bb]<\/p>\n<p style=\"text-align: center;\"><em>Grandma, un recuerdo iluminado<\/em><\/p>\n<p>[\/vc_column_text][\/vc_column][\/vc_row][vc_row row_type=\u00bbrow\u00bb use_row_as_full_screen_section=\u00bbno\u00bb type=\u00bbfull_width\u00bb text_align=\u00bbleft\u00bb background_animation=\u00bbnone\u00bb css_animation=\u00bb\u00bb][vc_column][vc_empty_space][vc_empty_space][vc_empty_space][\/vc_column][\/vc_row]<\/p>\n<\/div>","protected":false},"excerpt":{"rendered":"<p>[vc_row row_type=\u00bbrow\u00bb use_row_as_full_screen_section=\u00bbno\u00bb type=\u00bbfull_width\u00bb text_align=\u00bbleft\u00bb background_animation=\u00bbnone\u00bb css_animation=\u00bb\u00bb][vc_column][vc_column_text] B\u00c1RBARA BAYARRI [\/vc_column_text][\/vc_column][\/vc_row][vc_row row_type=\u00bbrow\u00bb use_row_as_full_screen_section=\u00bbno\u00bb type=\u00bbfull_width\u00bb text_align=\u00bbleft\u00bb background_animation=\u00bbnone\u00bb css_animation=\u00bb\u00bb css=\u00bb.vc_custom_1645706059727{padding-top: 30px !important;padding-bottom: 30px !important;}\u00bb][vc_column width=\u00bb2\/3&#8243;][vc_column_text]Salir de los canales conocidos, de las caras que ya son rostros familiares, de los caminos que se transitan por inercia. No ir a&#8230;<\/p>\n","protected":false},"author":1,"featured_media":0,"parent":0,"menu_order":0,"comment_status":"closed","ping_status":"closed","template":"","meta":{"footnotes":""},"class_list":["post-1522","page","type-page","status-publish","hentry"],"_links":{"self":[{"href":"https:\/\/casadartistes.esfarcultural.net\/es\/wp-json\/wp\/v2\/pages\/1522","targetHints":{"allow":["GET"]}}],"collection":[{"href":"https:\/\/casadartistes.esfarcultural.net\/es\/wp-json\/wp\/v2\/pages"}],"about":[{"href":"https:\/\/casadartistes.esfarcultural.net\/es\/wp-json\/wp\/v2\/types\/page"}],"author":[{"embeddable":true,"href":"https:\/\/casadartistes.esfarcultural.net\/es\/wp-json\/wp\/v2\/users\/1"}],"replies":[{"embeddable":true,"href":"https:\/\/casadartistes.esfarcultural.net\/es\/wp-json\/wp\/v2\/comments?post=1522"}],"version-history":[{"count":43,"href":"https:\/\/casadartistes.esfarcultural.net\/es\/wp-json\/wp\/v2\/pages\/1522\/revisions"}],"predecessor-version":[{"id":3110,"href":"https:\/\/casadartistes.esfarcultural.net\/es\/wp-json\/wp\/v2\/pages\/1522\/revisions\/3110"}],"wp:attachment":[{"href":"https:\/\/casadartistes.esfarcultural.net\/es\/wp-json\/wp\/v2\/media?parent=1522"}],"curies":[{"name":"wp","href":"https:\/\/api.w.org\/{rel}","templated":true}]}}