{"id":1461,"date":"2022-02-07T18:13:44","date_gmt":"2022-02-07T18:13:44","guid":{"rendered":"https:\/\/casadartistes.esfarcultural.net\/?page_id=1461"},"modified":"2024-06-26T17:19:36","modified_gmt":"2024-06-26T17:19:36","slug":"febrer-22","status":"publish","type":"page","link":"https:\/\/casadartistes.esfarcultural.net\/es\/febrer-22","title":{"rendered":"FEBRER\/22"},"content":{"rendered":"<div class=\"wpb-content-wrapper\"><p>[vc_row row_type=\u00bbrow\u00bb use_row_as_full_screen_section=\u00bbno\u00bb type=\u00bbfull_width\u00bb text_align=\u00bbcenter\u00bb background_animation=\u00bbnone\u00bb css_animation=\u00bb\u00bb css=\u00bb.vc_custom_1610973632409{padding-bottom: 20px !important;}\u00bb][vc_column][vc_column_text]<\/p>\n<h5 style=\"text-align: center;\"><span style=\"color: #ea2d2e;\"><b>OSCAR MOYA VILLANUEVA<br \/>\n<\/b><\/span><\/h5>\n<p>[\/vc_column_text][\/vc_column][\/vc_row][vc_row row_type=\u00bbrow\u00bb use_row_as_full_screen_section=\u00bbno\u00bb type=\u00bbfull_width\u00bb text_align=\u00bbleft\u00bb background_animation=\u00bbnone\u00bb css_animation=\u00bb\u00bb css=\u00bb.vc_custom_1610973590515{padding-top: 30px !important;padding-right: 0px !important;padding-bottom: 30px !important;padding-left: 0px !important;}\u00bb][vc_column width=\u00bb2\/3&#8243;][vc_column_text]Mi inter\u00e9s por la creaci\u00f3n remite en mi infancia, pero no fue una opci\u00f3n real hasta despu\u00e9s de acabar el Bachillerato Art\u00edstico en el Instituto Mollet del Vall\u00e8s (2012). En aquel momento fue cuando tom\u00e9 la decisi\u00f3n de estudiar el Grado en Bellas Artes de la Universidad de Barcelona y dos a\u00f1os despu\u00e9s empec\u00e9 a introducirme en el circuito art\u00edstico a trav\u00e9s de la participaci\u00f3n en mi primera exposici\u00f3n colectiva. Finalmente, en 2018 me gradu\u00e9 en la especialidad de escultura y la inquietud para trabajar el lenguaje art\u00edstico desde los institutos me llev\u00f3 a cursar el M\u00e1ster en formaci\u00f3n del profesorado en la Universidad de Barcelona.<\/p>\n<p>&nbsp;<\/p>\n<p>En los \u00faltimos a\u00f1os he participado en diferentes exposiciones colectivas y tambi\u00e9n he presentado alguna propuesta individual. La m\u00e1s reciente ha sido la presentaci\u00f3n de la escultura p\u00fablica titulada <em>Homenatge a la vida<\/em> situada en el Parque de la Salud de Parets del Vall\u00e8s. Este encargo por parte del Ayuntamiento del municipio me ha abierto las puertas al \u00e1mbito p\u00fablico y me ha permitido conocer y trabajar en el taller del escultor Josep Plandiura. Durante m\u00e1s de quince meses he aprendido a trabajar el acero, colaborando con \u00e9l en sus \u00faltimas creaciones, para as\u00ed poder materializar mi propuesta escult\u00f3rica.<\/p>\n<p>&nbsp;<\/p>\n<p>En cuanto a mi l\u00ednea de trabajo, gran parte de mis obras se inspiran en situaciones que surgen de mi entorno m\u00e1s pr\u00f3ximo. Es aquello que m\u00e1s conozco y, por lo tanto, de lo que mejor puedo hablar. Los objetos cotidianos, los recuerdos y aquellas experiencias que tienen un significado especial para m\u00ed suelen ser el punto de partida de mis proyectos. A partir de estos relatos, identifico elementos f\u00edsicos que son significativos y realizo una intervenci\u00f3n material, de mayor o menor grado, para variar su significado. Ya sea modific\u00e1ndolos f\u00edsicamente, contraponi\u00e9ndolos o descontextualitzandolos, los objetos originales se convierten en elementos singulares a trav\u00e9s de los cuales busco poder dejar constancia de experiencias para que estas no queden en el olvido. Utilizando estos gestos, a menudo po\u00e9ticos, pretendo invitar a la persona espectadora a reflexionar sobre la importancia del camino recorrido hacia la incertidumbre de lo que vendr\u00e1 y tambi\u00e9n a adentrarse en cada una de las obras para reinterpretarlas y hacerlas suyas. De este modo, tambi\u00e9n se puede reflexionar sobre la universalidad de muchas experiencias que a veces interpretamos como \u00fanicas o intransferibles.<\/p>\n<p>&nbsp;<\/p>\n<p>&nbsp;<\/p>\n<p>&nbsp;<\/p>\n<p>&nbsp;<\/p>\n<p><a href=\"https:\/\/www.instagram.com\/oscaremeuve\/\">@oscaremeuve<\/a>[\/vc_column_text][\/vc_column][vc_column width=\u00bb1\/3&#8243;][vc_single_image image=\u00bb1473&#8243; img_size=\u00bblarge\u00bb alignment=\u00bbcenter\u00bb onclick=\u00bbcustom_link\u00bb img_link_target=\u00bb_blank\u00bb qode_css_animation=\u00bb\u00bb][vc_column_text css=\u00bb.vc_custom_1644261805273{padding-top: 15px !important;}\u00bb]<\/p>\n<p style=\"text-align: center;\"><em><span style=\"font-weight: 400;\">Estratos (2018)<br \/>\n<\/span><\/em><\/p>\n<p>[\/vc_column_text][vc_empty_space][vc_single_image image=\u00bb1474&#8243; img_size=\u00bblarge\u00bb alignment=\u00bbcenter\u00bb onclick=\u00bbcustom_link\u00bb img_link_target=\u00bb_blank\u00bb qode_css_animation=\u00bb\u00bb][vc_column_text css=\u00bb.vc_custom_1644261850834{padding-top: 15px !important;}\u00bb]<\/p>\n<p style=\"text-align: center;\"><em><span style=\"font-weight: 400;\">Borr\u00f3n (2019)<br \/>\n<\/span><\/em><\/p>\n<p>[\/vc_column_text][\/vc_column][\/vc_row][vc_row row_type=\u00bbrow\u00bb use_row_as_full_screen_section=\u00bbno\u00bb type=\u00bbfull_width\u00bb text_align=\u00bbleft\u00bb background_animation=\u00bbnone\u00bb css_animation=\u00bb\u00bb css=\u00bb.vc_custom_1610971923298{padding-top: 10px !important;padding-bottom: 20px !important;}\u00bb][vc_column][vc_separator type=\u00bbnormal\u00bb border_style=\u00bb\u00bb color=\u00bb#0a0a0a\u00bb][vc_empty_space][vc_empty_space][\/vc_column][\/vc_row][vc_row row_type=\u00bbrow\u00bb use_row_as_full_screen_section=\u00bbno\u00bb type=\u00bbfull_width\u00bb text_align=\u00bbcenter\u00bb background_animation=\u00bbnone\u00bb css_animation=\u00bb\u00bb css=\u00bb.vc_custom_1610971790637{padding-top: 10px !important;padding-bottom: 30px !important;}\u00bb][vc_column][vc_column_text]<\/p>\n<h5 style=\"text-align: center;\"><span style=\"color: #ea2d2e;\"><b>MARINA WAGNER MOLL<br \/>\n<\/b><\/span><\/h5>\n<p>[\/vc_column_text][\/vc_column][\/vc_row][vc_row row_type=\u00bbrow\u00bb use_row_as_full_screen_section=\u00bbno\u00bb type=\u00bbfull_width\u00bb text_align=\u00bbleft\u00bb background_animation=\u00bbnone\u00bb css_animation=\u00bb\u00bb css=\u00bb.vc_custom_1610973590515{padding-top: 30px !important;padding-right: 0px !important;padding-bottom: 30px !important;padding-left: 0px !important;}\u00bb][vc_column width=\u00bb2\/3&#8243;][vc_column_text]Marina Wagner Moll es una artista hispano germana nacida en Mallorca en 1996.<\/p>\n<p>Es escritora, guionista y directora, y explora en sus obras las sinergias entre la literatura y el cine, la creaci\u00f3n de mitolog\u00edas propias y la formaci\u00f3n del presente infinito. Como autora le interesa el cine que, desde el margen, rebasa el intelectualismo y es capaz de conectarse con toda clase de p\u00fablico a trav\u00e9s de instantes que rozan lo m\u00edstico.<\/p>\n<p>&nbsp;<\/p>\n<p>Es miembro de la junta de ACIB (Asociaci\u00f3n de Cineastas de las Islas Baleares) y de CIMA. Se gradu\u00f3 en Cinematograf\u00eda y Artes Audiovisuales con menci\u00f3n en guion y obtuvo Matr\u00edcula de Honor a manos de Daniel Tubau en guion de largometraje. Despu\u00e9s curs\u00f3 el M\u00e1ster en Producci\u00f3n Ejecutiva en ECAM, a partir del cual fund\u00f3 La Impostora Films S.L, una productora cinematogr\u00e1fica enfocada al talento joven.<\/p>\n<p>&nbsp;<\/p>\n<p>Inicia su carrera profesional trabajando como analista de guion de largometrajes para grandes productoras. Ha sido coguionista de <em>Pedra i Oli<\/em> (\u00c0lex Diosc\u00f3rides) y creativa en el departamento de desarrollo de Producciones Africanauan (la productora de Esteban Crespo). Actualmente combina estas actividades con la creaci\u00f3n de proyectos propios. Su guion <em>La tierra que no pisas<\/em> fue premiado en el V Concurso Internacional de Abcguionistas y recibi\u00f3 el Coach Mecal (2020).<\/p>\n<p>&nbsp;<\/p>\n<p>Ha sido Jurado Joven en la 68 edici\u00f3n del Festival Internacional de Cine de San Sebasti\u00e1n. En 2020 escribi\u00f3 y dirigi\u00f3 <em>Seda Verde<\/em>, un cortometraje que explora el mundo fabulado por una madre que sufre maltrato a manos de su hijo. La pieza se estren\u00f3 en el FICME y cuenta con varias nominaciones y premios; ha sido Finalista en el Directed by Women de Turqu\u00eda, as\u00ed como Selecci\u00f3n Oficial en la Biennal Internacional de Cinema i Dona y Premio a Mejor Actor en el Evolution! Mallorca Film Festival.<\/p>\n<p>&nbsp;<\/p>\n<p>&nbsp;<\/p>\n<p><a href=\"http:\/\/www.farofotogramas.com\">farofotogramas.com<\/a><\/p>\n<p><a href=\"https:\/\/www.instagram.com\/minawagner\/\">@minawagner<\/a><\/p>\n<p><a href=\"https:\/\/www.instagram.com\/laimpostorafilms\/\">@laimpostorafilms<\/a>[\/vc_column_text][\/vc_column][vc_column width=\u00bb1\/3&#8243;][vc_single_image image=\u00bb1471&#8243; img_size=\u00bblarge\u00bb alignment=\u00bbcenter\u00bb onclick=\u00bbcustom_link\u00bb img_link_target=\u00bb_blank\u00bb qode_css_animation=\u00bb\u00bb][vc_empty_space][vc_single_image image=\u00bb1472&#8243; img_size=\u00bblarge\u00bb alignment=\u00bbcenter\u00bb onclick=\u00bbcustom_link\u00bb img_link_target=\u00bb_blank\u00bb qode_css_animation=\u00bb\u00bb][vc_column_text css=\u00bb.vc_custom_1644262074767{padding-top: 15px !important;}\u00bb]<\/p>\n<p style=\"text-align: center;\"><em><span style=\"font-weight: 400;\">Seda Verde (2020)<br \/>\n<\/span><\/em><\/p>\n<p>[\/vc_column_text][\/vc_column][\/vc_row][vc_row row_type=\u00bbrow\u00bb use_row_as_full_screen_section=\u00bbno\u00bb type=\u00bbfull_width\u00bb text_align=\u00bbleft\u00bb background_animation=\u00bbnone\u00bb css_animation=\u00bb\u00bb][vc_column][vc_empty_space][vc_empty_space][vc_empty_space][\/vc_column][\/vc_row]<\/p>\n<\/div>","protected":false},"excerpt":{"rendered":"<p>[vc_row row_type=\u00bbrow\u00bb use_row_as_full_screen_section=\u00bbno\u00bb type=\u00bbfull_width\u00bb text_align=\u00bbcenter\u00bb background_animation=\u00bbnone\u00bb css_animation=\u00bb\u00bb css=\u00bb.vc_custom_1610973632409{padding-bottom: 20px !important;}\u00bb][vc_column][vc_column_text] OSCAR MOYA VILLANUEVA [\/vc_column_text][\/vc_column][\/vc_row][vc_row row_type=\u00bbrow\u00bb use_row_as_full_screen_section=\u00bbno\u00bb type=\u00bbfull_width\u00bb text_align=\u00bbleft\u00bb background_animation=\u00bbnone\u00bb css_animation=\u00bb\u00bb css=\u00bb.vc_custom_1610973590515{padding-top: 30px !important;padding-right: 0px !important;padding-bottom: 30px !important;padding-left: 0px !important;}\u00bb][vc_column width=\u00bb2\/3&#8243;][vc_column_text]Mi inter\u00e9s por la creaci\u00f3n remite en mi infancia, pero no fue una opci\u00f3n real hasta&#8230;<\/p>\n","protected":false},"author":1,"featured_media":0,"parent":0,"menu_order":0,"comment_status":"closed","ping_status":"closed","template":"","meta":{"footnotes":""},"class_list":["post-1461","page","type-page","status-publish","hentry"],"_links":{"self":[{"href":"https:\/\/casadartistes.esfarcultural.net\/es\/wp-json\/wp\/v2\/pages\/1461","targetHints":{"allow":["GET"]}}],"collection":[{"href":"https:\/\/casadartistes.esfarcultural.net\/es\/wp-json\/wp\/v2\/pages"}],"about":[{"href":"https:\/\/casadartistes.esfarcultural.net\/es\/wp-json\/wp\/v2\/types\/page"}],"author":[{"embeddable":true,"href":"https:\/\/casadartistes.esfarcultural.net\/es\/wp-json\/wp\/v2\/users\/1"}],"replies":[{"embeddable":true,"href":"https:\/\/casadartistes.esfarcultural.net\/es\/wp-json\/wp\/v2\/comments?post=1461"}],"version-history":[{"count":11,"href":"https:\/\/casadartistes.esfarcultural.net\/es\/wp-json\/wp\/v2\/pages\/1461\/revisions"}],"predecessor-version":[{"id":3111,"href":"https:\/\/casadartistes.esfarcultural.net\/es\/wp-json\/wp\/v2\/pages\/1461\/revisions\/3111"}],"wp:attachment":[{"href":"https:\/\/casadartistes.esfarcultural.net\/es\/wp-json\/wp\/v2\/media?parent=1461"}],"curies":[{"name":"wp","href":"https:\/\/api.w.org\/{rel}","templated":true}]}}