{"id":1261,"date":"2021-05-19T16:42:06","date_gmt":"2021-05-19T16:42:06","guid":{"rendered":"https:\/\/casadartistes.esfarcultural.net\/?page_id=1261"},"modified":"2024-06-26T17:25:06","modified_gmt":"2024-06-26T17:25:06","slug":"residentsprimavera","status":"publish","type":"page","link":"https:\/\/casadartistes.esfarcultural.net\/es\/residentsprimavera","title":{"rendered":"PRIMAVERA\/21"},"content":{"rendered":"<div class=\"wpb-content-wrapper\"><p>[vc_row row_type=\u00bbrow\u00bb use_row_as_full_screen_section=\u00bbno\u00bb type=\u00bbfull_width\u00bb text_align=\u00bbcenter\u00bb background_animation=\u00bbnone\u00bb css_animation=\u00bb\u00bb css=\u00bb.vc_custom_1610973632409{padding-bottom: 20px !important;}\u00bb][vc_column][vc_column_text]<\/p>\n<h5 style=\"text-align: center;\"><span style=\"color: #ea2d2e;\"><b>BEATRIZ POLO I JAUME GOMILA<br \/>\n<\/b><\/span><\/h5>\n<p>[\/vc_column_text][\/vc_column][\/vc_row][vc_row row_type=\u00bbrow\u00bb use_row_as_full_screen_section=\u00bbno\u00bb type=\u00bbfull_width\u00bb text_align=\u00bbleft\u00bb background_animation=\u00bbnone\u00bb css_animation=\u00bb\u00bb css=\u00bb.vc_custom_1610973590515{padding-top: 30px !important;padding-right: 0px !important;padding-bottom: 30px !important;padding-left: 0px !important;}\u00bb][vc_column width=\u00bb2\/3&#8243;][vc_column_text]El concepto general que articula mi pr\u00e1ctica art\u00edstica es la configuraci\u00f3n de la identidad en el<\/p>\n<p>ser humano a trav\u00e9s de sus vivencias personales, el cuerpo, la interacci\u00f3n con el paisaje, los objetos o en la sociedad en la que vive. Al proceder de una familia donde muchos de sus componentes han tenido que emigrar, un inter\u00e9s manifiesto es c\u00f3mo los movimientos migratorios confieren al individuo una pluralidad de elementos que promueven una identidad compuesta. Permitiendo que este pueda sentir que pertenece a varios sitios y configur\u00e1ndose como un ser multicultural.<\/p>\n<p>&nbsp;<\/p>\n<p>Desde una vertiente m\u00e1s introspectiva, otro elemento que he desarrollado en mi labor art\u00edstica es la relaci\u00f3n de las personas con su entorno. Viviendo en una isla como Mallorca, la naturaleza que nos rodea tiene una presencia considerable en nuestra vida personal e incluso en nuestra manera de ser.<\/p>\n<p>&nbsp;<\/p>\n<p>Todos estos temas los he desarrollado desde diferentes disciplinas como el dibujo y la fotograf\u00eda, aunque este \u00faltimo a\u00f1o, mis investigaciones se han centrado m\u00e1s en la interacci\u00f3n de la tecnolog\u00eda con la actividad art\u00edstica. En un mundo globalizado, donde los cambios se producen a una gran velocidad, observo la importancia y la necesidad de la transdisciplinariedad e hibridaci\u00f3n entre diferentes materias para el desarrollo de un enfoque m\u00e1s hol\u00edstico en las propuestas creativas. Esto permite un enriquecimiento y una complejidad en los conceptos planteados, adapt\u00e1ndose a un periodo donde la cultura transmedia y otras maneras de interactuar con el p\u00fablico est\u00e1n cada vez m\u00e1s presentes. Estas inquietudes se materializan en proyectos como Nasciturus donde el duelo perinatal y la infertilidad son abordados desde la inteligencia artificial, las redes sociales, la web, los grupos comunitarios y diferentes lenguajes art\u00edsticos.<\/p>\n<p>&nbsp;<\/p>\n<p>&nbsp;<\/p>\n<p><a href=\"http:\/\/www.beatrizpolo.es\/\">www.beatrizpolo.es\/<\/a><\/p>\n<p><a href=\"http:\/\/www.instagram.com\/beapoloianez\/\">www.instagram.com\/beapoloianez\/<\/a>[\/vc_column_text][\/vc_column][vc_column width=\u00bb1\/3&#8243;][vc_single_image image=\u00bb1267&#8243; img_size=\u00bblarge\u00bb alignment=\u00bbcenter\u00bb onclick=\u00bbcustom_link\u00bb img_link_target=\u00bb_blank\u00bb qode_css_animation=\u00bb\u00bb][vc_column_text css=\u00bb.vc_custom_1621454959318{padding-top: 15px !important;}\u00bb][\/vc_column_text][\/vc_column][\/vc_row][vc_row row_type=\u00bbrow\u00bb use_row_as_full_screen_section=\u00bbno\u00bb type=\u00bbfull_width\u00bb text_align=\u00bbleft\u00bb background_animation=\u00bbnone\u00bb css_animation=\u00bb\u00bb css=\u00bb.vc_custom_1610971923298{padding-top: 10px !important;padding-bottom: 20px !important;}\u00bb][vc_column][vc_separator type=\u00bbnormal\u00bb border_style=\u00bb\u00bb color=\u00bb#0a0a0a\u00bb][\/vc_column][\/vc_row][vc_row row_type=\u00bbrow\u00bb use_row_as_full_screen_section=\u00bbno\u00bb type=\u00bbfull_width\u00bb text_align=\u00bbcenter\u00bb background_animation=\u00bbnone\u00bb css_animation=\u00bb\u00bb css=\u00bb.vc_custom_1610971790637{padding-top: 10px !important;padding-bottom: 30px !important;}\u00bb][vc_column][vc_column_text]<\/p>\n<h5 style=\"text-align: center;\"><span style=\"color: #ea2d2e;\"><b>AVESTRUCES<\/b><\/span><\/h5>\n<p>[\/vc_column_text][\/vc_column][\/vc_row][vc_row row_type=\u00bbrow\u00bb use_row_as_full_screen_section=\u00bbno\u00bb type=\u00bbfull_width\u00bb text_align=\u00bbleft\u00bb background_animation=\u00bbnone\u00bb css_animation=\u00bb\u00bb css=\u00bb.vc_custom_1610973117877{padding-top: 0px !important;padding-bottom: 30px !important;}\u00bb][vc_column width=\u00bb3\/4&#8243;][vc_column_text css=\u00bb.vc_custom_1621457347980{padding-top: 30px !important;}\u00bb]Avestruces (Luz Ach\u00e1val, 1991; \u00d3liver Vinent, 1992) empieza su viaje durante el 2018. Las herramientas e inspiraciones propias de Avestruces se pueden clasificar dentro del amplio abanico que engloba el arte sonoro y digital. Su visi\u00f3n creativa toca la est\u00e9tica noise, el paisaje sonoro, el meme y lo gif, aprovechando la inmediatez proporcionada por el medio digital dentro de una sociedad cada vez m\u00e1s ansiosa.<\/p>\n<p>&nbsp;<\/p>\n<p>Entre sus temas encontramos el error, la deconstrucci\u00f3n de im\u00e1genes y conceptos, la ambig\u00fcedad de la palabra y la crisis clim\u00e1tica como hecho ineludible del siglo XXI.<\/p>\n<p>&nbsp;<\/p>\n<p>El caos y la angustia del imprevisible son los puntos de partida de los conceptos de desjerarquizaci\u00f3n y deconstrucci\u00f3n que se ponen al frente del eje principal que recorren<\/p>\n<p>tanto la parte m\u00e1s anal\u00edtica como el imaginario audiovisual del grupo.<\/p>\n<p>&nbsp;<\/p>\n<p>De una manera tragic\u00f3mica y decadente, el d\u00fao plantea una escena donde nadie sabe bailar, pero todo el mundo est\u00e1 obligadx a bailar. As\u00ed pues, se baila.<\/p>\n<p>&nbsp;<\/p>\n<p>Se propone, siempre desde la inocencia y la ternura, observar un mundo en decadencia,<\/p>\n<p>donde parece que el modelo imperante es ir por el mundo como qui\u00e9n va por el Corte Ingl\u00e9s, cogiendo todo aquello que nos place, como dioses miopes que cierren los ojos ante la amenaza, o tal vez la certeza, que esto no podr\u00e1 seguir as\u00ed mucha tiempo m\u00e1s.<\/p>\n<p>&nbsp;<\/p>\n<p>As\u00ed, Avestruces presenta como opci\u00f3n la resistencia del amor, la resistencia de las curas y la infancia. Tomamos como opci\u00f3n recorrer la existencia desde la curiosidad y el histrionismo, e intentando responder a preguntas que van surgiendo, como si Jesucristo huele a Brummel.<\/p>\n<p>&nbsp;<\/p>\n<p>&nbsp;<\/p>\n<p><a href=\"https:\/\/avestruceslas.bandcamp.com\/\">avestruceslas.bandcamp.com<\/a><\/p>\n<p>@avestruceslasnoacelgas[\/vc_column_text][\/vc_column][vc_column width=\u00bb1\/4&#8243;][vc_single_image image=\u00bb1266&#8243; img_size=\u00bbmedium\u00bb alignment=\u00bbcenter\u00bb onclick=\u00bbcustom_link\u00bb img_link_target=\u00bb_blank\u00bb qode_css_animation=\u00bb\u00bb][\/vc_column][\/vc_row][vc_row row_type=\u00bbrow\u00bb use_row_as_full_screen_section=\u00bbno\u00bb type=\u00bbfull_width\u00bb text_align=\u00bbleft\u00bb background_animation=\u00bbnone\u00bb css_animation=\u00bb\u00bb css=\u00bb.vc_custom_1610973136118{padding-top: px !important;padding-bottom: 30px !important;}\u00bb][vc_column][vc_separator type=\u00bbnormal\u00bb border_style=\u00bb\u00bb color=\u00bb#0a0a0a\u00bb][\/vc_column][\/vc_row][vc_row row_type=\u00bbrow\u00bb use_row_as_full_screen_section=\u00bbno\u00bb type=\u00bbfull_width\u00bb text_align=\u00bbleft\u00bb background_animation=\u00bbnone\u00bb css_animation=\u00bb\u00bb css=\u00bb.vc_custom_1610971612162{padding-top: 10px !important;}\u00bb][vc_column][vc_column_text]<\/p>\n<h5 style=\"text-align: center;\"><span style=\"color: #ea2d2e;\"><b>DAR\u00cdO GIL CABANAS<br \/>\n<\/b><\/span><\/h5>\n<p>[\/vc_column_text][\/vc_column][\/vc_row][vc_row row_type=\u00bbrow\u00bb use_row_as_full_screen_section=\u00bbno\u00bb type=\u00bbfull_width\u00bb text_align=\u00bbleft\u00bb background_animation=\u00bbnone\u00bb css_animation=\u00bb\u00bb css=\u00bb.vc_custom_1610971880916{padding-top: 30px !important;padding-bottom: 20px !important;}\u00bb][vc_column width=\u00bb2\/3&#8243;][vc_column_text css=\u00bb.vc_custom_1621456681017{padding-top: 30px !important;}\u00bb]Creci\u00f3 rodeado de sus abuelos toda su infancia. La fotograf\u00eda, la escritura, las piezas artesanales y la hibridaci\u00f3n de formatos son las cuatro patas sobre las que se sienta para reflexionar sobre infancia, memoria y construcci\u00f3n de relatos.<\/p>\n<p>&nbsp;<\/p>\n<p>Entiende el proceso de creaci\u00f3n como un camino po\u00e9tico en el que dialogar, pensar y descubrir c\u00f3mo lo hace un artesano con el material que trabaja con sus manos. Las im\u00e1genes se convierten en la materia prima de un equilibrio que habita todas las historias posibles.<\/p>\n<p>&nbsp;<\/p>\n<p>&nbsp;<\/p>\n<p>@d.gilcabanas[\/vc_column_text][\/vc_column][vc_column width=\u00bb1\/3&#8243;][vc_single_image image=\u00bb1268&#8243; img_size=\u00bblarge\u00bb alignment=\u00bbcenter\u00bb onclick=\u00bbcustom_link\u00bb img_link_target=\u00bb_blank\u00bb qode_css_animation=\u00bb\u00bb link=\u00bbhttps:\/\/paulavicente.hotglue.me\u00bb][\/vc_column][\/vc_row][vc_row row_type=\u00bbrow\u00bb use_row_as_full_screen_section=\u00bbno\u00bb type=\u00bbfull_width\u00bb text_align=\u00bbleft\u00bb background_animation=\u00bbnone\u00bb css_animation=\u00bb\u00bb css=\u00bb.vc_custom_1610971949811{padding-top: 20px !important;padding-bottom: 30px !important;}\u00bb][vc_column][vc_empty_space][vc_separator type=\u00bbnormal\u00bb border_style=\u00bb\u00bb color=\u00bb#0a0a0a\u00bb][\/vc_column][\/vc_row][vc_row row_type=\u00bbrow\u00bb use_row_as_full_screen_section=\u00bbno\u00bb type=\u00bbfull_width\u00bb text_align=\u00bbleft\u00bb background_animation=\u00bbnone\u00bb css_animation=\u00bb\u00bb css=\u00bb.vc_custom_1610971612162{padding-top: 10px !important;}\u00bb][vc_column][vc_column_text]<\/p>\n<h5 style=\"text-align: center;\"><span style=\"color: #ea2d2e;\"><b>GLORIA CEBALLOS<\/b><\/span><\/h5>\n<p>[\/vc_column_text][\/vc_column][\/vc_row][vc_row row_type=\u00bbrow\u00bb use_row_as_full_screen_section=\u00bbno\u00bb type=\u00bbfull_width\u00bb text_align=\u00bbleft\u00bb background_animation=\u00bbnone\u00bb css_animation=\u00bb\u00bb css=\u00bb.vc_custom_1610975110011{padding-top: 20px !important;padding-bottom: 20px !important;}\u00bb][vc_column width=\u00bb2\/3&#8243;][vc_column_text css=\u00bb.vc_custom_1621456701453{padding-top: 10px !important;}\u00bb]\u201cPrimero ten\u00edamos la natura y despu\u00e9s ven\u00eda el ambiente; las personas que utilizaban el lat\u00edn no ten\u00edan palabra para el entorno, s\u00f3lo conoc\u00edan la naturaleza\u00bb. Esta cita de Gustav Metzger resume mi inter\u00e9s por la relaci\u00f3n humana con la naturaleza y c\u00f3mo est\u00e1 cambiando con el tiempo.<\/p>\n<p>&nbsp;<\/p>\n<p>Naturaleza, \u00bfqu\u00e9 es? Como urbanitas, denominamos medio ambiente natural lo que en realidad son espacios verdes controlados por el ser humano. Hoy en d\u00eda, todas nuestras experiencias de la naturaleza se limitan a parques, jardines y otras \u00e1reas verdes dentro de nuestras ciudades: la \u00abnaturaleza cultivada\u00bb.<\/p>\n<p>&nbsp;<\/p>\n<p>En nuestro objetivo de controlar todo, la naturaleza est\u00e1 clasificada, organizada, dise\u00f1ada y teorizada. Parece que estamos reduciendo la naturaleza salvaje a un paisaje imaginario.<\/p>\n<p>&nbsp;<\/p>\n<p>En mi trabajo, me interesan los planes y las ideas pol\u00edticas que subyacen a los cambios en nuestro entorno natural. Hago estas reflexiones no s\u00f3lo en forma de grabados, sino tambi\u00e9n de instalaciones, dibujos y libros art\u00edsticos.<\/p>\n<p>&nbsp;<\/p>\n<p><a href=\"http:\/\/www.gloriaceballos.com\">www.gloriaceballos.com<\/a><\/p>\n<p>@gl0riaceballos[\/vc_column_text][\/vc_column][vc_column width=\u00bb1\/3&#8243;][vc_single_image image=\u00bb1270&#8243; img_size=\u00bbmedium\u00bb alignment=\u00bbcenter\u00bb onclick=\u00bbcustom_link\u00bb img_link_target=\u00bb_blank\u00bb qode_css_animation=\u00bb\u00bb link=\u00bbhttps:\/\/www.sabinaurraca.com\/\u00bb][\/vc_column][\/vc_row][vc_row row_type=\u00bbrow\u00bb use_row_as_full_screen_section=\u00bbno\u00bb type=\u00bbfull_width\u00bb text_align=\u00bbleft\u00bb background_animation=\u00bbnone\u00bb css_animation=\u00bb\u00bb css=\u00bb.vc_custom_1610971949811{padding-top: 20px !important;padding-bottom: 30px !important;}\u00bb][vc_column][vc_separator type=\u00bbnormal\u00bb border_style=\u00bb\u00bb color=\u00bb#0a0a0a\u00bb][\/vc_column][\/vc_row][vc_row row_type=\u00bbrow\u00bb use_row_as_full_screen_section=\u00bbno\u00bb type=\u00bbfull_width\u00bb text_align=\u00bbleft\u00bb background_animation=\u00bbnone\u00bb css_animation=\u00bb\u00bb css=\u00bb.vc_custom_1610971612162{padding-top: 10px !important;}\u00bb][vc_column][vc_column_text]<\/p>\n<h5 style=\"text-align: center;\"><span style=\"color: #ea2d2e;\"><b>ELENA NI\u00d1AVIEJA<br \/>\n<\/b><\/span><\/h5>\n<p>[\/vc_column_text][\/vc_column][\/vc_row][vc_row row_type=\u00bbrow\u00bb use_row_as_full_screen_section=\u00bbno\u00bb type=\u00bbfull_width\u00bb text_align=\u00bbleft\u00bb background_animation=\u00bbnone\u00bb css_animation=\u00bb\u00bb css=\u00bb.vc_custom_1610975110011{padding-top: 20px !important;padding-bottom: 20px !important;}\u00bb][vc_column width=\u00bb2\/3&#8243;][vc_column_text css=\u00bb.vc_custom_1621456721264{padding-top: 10px !important;}\u00bb]Mi mayor placer es dibujar. Desde que era peque\u00f1a sol\u00eda pintar las historias que mi madre explicaba a mi hermana y a m\u00ed a la hora de dormir, y despacio he crecido con la necesidad de generar aquellos mundos \u00edntimos y fant\u00e1sticos que inventamos para nosotros. Estudi\u00e9 Bellas artes y m\u00e1s tarde me especialic\u00e9 en la ilustraci\u00f3n editorial. Siempre he estado rodeada de ni\u00f1os\/as, animales y naturaleza y esto me ha inspirado a ser una persona mejor, m\u00e1s curiosa y feliz haciendo lo que hago. En mi opini\u00f3n, cada ilustrador tiene la responsabilidad de cuidar la conexi\u00f3n de la narrativa, guiar al lector y permitirle explorar en su propia fantas\u00eda.<\/p>\n<p>&nbsp;<\/p>\n<p><a href=\"https:\/\/elenaninavieja.wixsite.com\/ninavieja\">https:\/\/elenaninavieja.wixsite.com\/ninavieja<\/a><\/p>\n<p>@elena.ninavieja[\/vc_column_text][\/vc_column][vc_column width=\u00bb1\/3&#8243;][vc_single_image image=\u00bb1269&#8243; alignment=\u00bbcenter\u00bb qode_css_animation=\u00bb\u00bb][\/vc_column][\/vc_row]<\/p>\n<\/div>","protected":false},"excerpt":{"rendered":"<p>[vc_row row_type=\u00bbrow\u00bb use_row_as_full_screen_section=\u00bbno\u00bb type=\u00bbfull_width\u00bb text_align=\u00bbcenter\u00bb background_animation=\u00bbnone\u00bb css_animation=\u00bb\u00bb css=\u00bb.vc_custom_1610973632409{padding-bottom: 20px !important;}\u00bb][vc_column][vc_column_text] BEATRIZ POLO I JAUME GOMILA [\/vc_column_text][\/vc_column][\/vc_row][vc_row row_type=\u00bbrow\u00bb use_row_as_full_screen_section=\u00bbno\u00bb type=\u00bbfull_width\u00bb text_align=\u00bbleft\u00bb background_animation=\u00bbnone\u00bb css_animation=\u00bb\u00bb css=\u00bb.vc_custom_1610973590515{padding-top: 30px !important;padding-right: 0px !important;padding-bottom: 30px !important;padding-left: 0px !important;}\u00bb][vc_column width=\u00bb2\/3&#8243;][vc_column_text]El concepto general que articula mi pr\u00e1ctica art\u00edstica es la configuraci\u00f3n de la identidad&#8230;<\/p>\n","protected":false},"author":1,"featured_media":0,"parent":0,"menu_order":0,"comment_status":"closed","ping_status":"closed","template":"","meta":{"footnotes":""},"class_list":["post-1261","page","type-page","status-publish","hentry"],"_links":{"self":[{"href":"https:\/\/casadartistes.esfarcultural.net\/es\/wp-json\/wp\/v2\/pages\/1261","targetHints":{"allow":["GET"]}}],"collection":[{"href":"https:\/\/casadartistes.esfarcultural.net\/es\/wp-json\/wp\/v2\/pages"}],"about":[{"href":"https:\/\/casadartistes.esfarcultural.net\/es\/wp-json\/wp\/v2\/types\/page"}],"author":[{"embeddable":true,"href":"https:\/\/casadartistes.esfarcultural.net\/es\/wp-json\/wp\/v2\/users\/1"}],"replies":[{"embeddable":true,"href":"https:\/\/casadartistes.esfarcultural.net\/es\/wp-json\/wp\/v2\/comments?post=1261"}],"version-history":[{"count":8,"href":"https:\/\/casadartistes.esfarcultural.net\/es\/wp-json\/wp\/v2\/pages\/1261\/revisions"}],"predecessor-version":[{"id":3116,"href":"https:\/\/casadartistes.esfarcultural.net\/es\/wp-json\/wp\/v2\/pages\/1261\/revisions\/3116"}],"wp:attachment":[{"href":"https:\/\/casadartistes.esfarcultural.net\/es\/wp-json\/wp\/v2\/media?parent=1261"}],"curies":[{"name":"wp","href":"https:\/\/api.w.org\/{rel}","templated":true}]}}