{"id":1061,"date":"2021-03-10T10:38:39","date_gmt":"2021-03-10T10:38:39","guid":{"rendered":"https:\/\/casadartistes.esfarcultural.net\/?page_id=1061"},"modified":"2024-06-26T17:26:03","modified_gmt":"2024-06-26T17:26:03","slug":"marc21","status":"publish","type":"page","link":"https:\/\/casadartistes.esfarcultural.net\/es\/marc21","title":{"rendered":"MAR\u00c7\/21"},"content":{"rendered":"<div class=\"wpb-content-wrapper\"><p>[vc_row row_type=\u00bbrow\u00bb use_row_as_full_screen_section=\u00bbno\u00bb type=\u00bbfull_width\u00bb text_align=\u00bbcenter\u00bb background_animation=\u00bbnone\u00bb css_animation=\u00bb\u00bb css=\u00bb.vc_custom_1610973632409{padding-bottom: 20px !important;}\u00bb][vc_column][vc_column_text]<\/p>\n<h5 style=\"text-align: center;\"><span style=\"color: #ea2d2e;\"><b>CRISTINA GONZ\u00c1LEZ PA\u00d1OS<\/b><\/span><\/h5>\n<p>[\/vc_column_text][\/vc_column][\/vc_row][vc_row row_type=\u00bbrow\u00bb use_row_as_full_screen_section=\u00bbno\u00bb type=\u00bbfull_width\u00bb text_align=\u00bbleft\u00bb background_animation=\u00bbnone\u00bb css_animation=\u00bb\u00bb css=\u00bb.vc_custom_1610973590515{padding-top: 30px !important;padding-right: 0px !important;padding-bottom: 30px !important;padding-left: 0px !important;}\u00bb][vc_column width=\u00bb2\/3&#8243;][vc_column_text]Graduada en Bellas Artes (2009-2013, Universidad de Barcelona), especializaci\u00f3n en imagen y fotograf\u00eda y m\u00e1ster en Literatura Comparada y Cr\u00edtica Cultural (2014-2015, Universidad de Valencia).<\/p>\n<p>&nbsp;<\/p>\n<p>A trav\u00e9s de mis proyectos propongo un acercamiento a la naturaleza y el paisaje de manera m\u00e1s consciente para aproximar a esa comuni\u00f3n que rompimos en pro de la evoluci\u00f3n.<\/p>\n<p>&nbsp;<\/p>\n<p>Cuestiono lo establecido y propongo asimilar la espacialidad como estructura existencial del sujeto, desde mi propia experiencia ofrezco la posibilidad de un retorno a lo primigenio en el que la naturaleza es inherente al ser humano. Partiendo de estos conceptos sigo l\u00edneas paralelas de trabajo, contemplo la idea de paisaje\/identidad, naturaleza\/conservaci\u00f3n y recuperaci\u00f3n.A partir de esta necesidad de explicar mi concepci\u00f3n de paisaje y naturaleza articulo el discurso mediante el uso de diferentes medios desde la pintura a la escritura.<\/p>\n<p>&nbsp;<\/p>\n<p><a href=\"https:\/\/www.cristinagonzalezart.com\/\" target=\"_blank\" rel=\"noopener noreferrer\">https:\/\/www.cristinagonzalezart.com\/<\/a>[\/vc_column_text][\/vc_column][vc_column width=\u00bb1\/3&#8243;][vc_single_image image=\u00bb1066&#8243; img_size=\u00bblarge\u00bb alignment=\u00bbcenter\u00bb onclick=\u00bbcustom_link\u00bb img_link_target=\u00bb_blank\u00bb qode_css_animation=\u00bb\u00bb link=\u00bbhttps:\/\/www.cristinagonzalezart.com\/\u00bb][vc_column_text css=\u00bb.vc_custom_1614163871734{padding-top: 15px !important;}\u00bb]<\/p>\n<p style=\"text-align: center;\"><em><span style=\"font-weight: 400;\">Kimono-Caminos<\/span><\/em><\/p>\n<p>[\/vc_column_text][\/vc_column][\/vc_row][vc_row row_type=\u00bbrow\u00bb use_row_as_full_screen_section=\u00bbno\u00bb type=\u00bbfull_width\u00bb text_align=\u00bbleft\u00bb background_animation=\u00bbnone\u00bb css_animation=\u00bb\u00bb css=\u00bb.vc_custom_1610971923298{padding-top: 10px !important;padding-bottom: 20px !important;}\u00bb][vc_column][vc_separator type=\u00bbnormal\u00bb border_style=\u00bb\u00bb color=\u00bb#0a0a0a\u00bb][\/vc_column][\/vc_row][vc_row row_type=\u00bbrow\u00bb use_row_as_full_screen_section=\u00bbno\u00bb type=\u00bbfull_width\u00bb text_align=\u00bbcenter\u00bb background_animation=\u00bbnone\u00bb css_animation=\u00bb\u00bb css=\u00bb.vc_custom_1610971790637{padding-top: 10px !important;padding-bottom: 30px !important;}\u00bb][vc_column][vc_column_text]<\/p>\n<h5 style=\"text-align: center;\"><span style=\"color: #ea2d2e;\"><b>LANA DUVAL<\/b><\/span><\/h5>\n<p>[\/vc_column_text][\/vc_column][\/vc_row][vc_row row_type=\u00bbrow\u00bb use_row_as_full_screen_section=\u00bbno\u00bb type=\u00bbfull_width\u00bb text_align=\u00bbleft\u00bb background_animation=\u00bbnone\u00bb css_animation=\u00bb\u00bb css=\u00bb.vc_custom_1610973117877{padding-top: 0px !important;padding-bottom: 30px !important;}\u00bb][vc_column width=\u00bb3\/4&#8243;][vc_column_text css=\u00bb.vc_custom_1614165115501{padding-top: 30px !important;}\u00bb]Lana Duval, artista visual nacida en Biarritz (sur de Francia), el 1991. Se gradu\u00f3 en la Escuela de Arte Pirineos desde el 2015. Vive y trabaja en Toulouse, Francia.<\/p>\n<p>&nbsp;<\/p>\n<p>Trabaja con im\u00e1genes de transmisiones, principalmente los paisajes, pantallas de pel\u00edculas famosas y vistas de lugares famosos que se pueden encontrar en la red.<\/p>\n<p>&nbsp;<\/p>\n<p>Utiliza el componente est\u00e9tico de estas im\u00e1genes atractivas como colores brillantes y brillantez para convertirlas en im\u00e1genes-espejismo. Con su imagen-espejismo intenta interactuar con nuestros recuerdos. Su intenci\u00f3n es desarrollar pinturas neblinosas que puedan parecer familiares, como si vinieran directamente de los recuerdos de la gente.<\/p>\n<p>&nbsp;<\/p>\n<p>El paisaje es un tema principal de sus pinturas: el agua, la tierra, las texturas son los personajes principales y ninguna figura humana para dejar que el espectador abrace la pintura como un medio, su propio entorno durante unos minutos. Hace algunas instalaciones en el espacio con sus pinturas, a menudo utiliza textiles o materiales escult\u00f3ricos. El espacio es una oportunidad para construir una ficci\u00f3n con diferentes \u00e1ngulos de visi\u00f3n, para ofrecer una historia potencial basada en un recuerdo emocional.<\/p>\n<p>&nbsp;<\/p>\n<p>&nbsp;<\/p>\n<p><a href=\"https:\/\/www.lanaduval.com\/\" target=\"_blank\" rel=\"noopener noreferrer\">https:\/\/www.lanaduval.com\/<\/a>[\/vc_column_text][\/vc_column][vc_column width=\u00bb1\/4&#8243;][vc_single_image image=\u00bb1068&#8243; img_size=\u00bbmedium\u00bb alignment=\u00bbcenter\u00bb onclick=\u00bbcustom_link\u00bb img_link_target=\u00bb_blank\u00bb qode_css_animation=\u00bb\u00bb link=\u00bbhttps:\/\/www.lanaduval.com\/\u00bb][vc_column_text css=\u00bb.vc_custom_1614164262912{padding-top: 15px !important;}\u00bb]<\/p>\n<p style=\"text-align: center;\"><em><span style=\"font-weight: 400;\">Echo ce n&#8217;est pas un corps mais de l&#8217;eau, au lac<\/span><\/em><\/p>\n<p>[\/vc_column_text][\/vc_column][\/vc_row][vc_row row_type=\u00bbrow\u00bb use_row_as_full_screen_section=\u00bbno\u00bb type=\u00bbfull_width\u00bb text_align=\u00bbleft\u00bb background_animation=\u00bbnone\u00bb css_animation=\u00bb\u00bb css=\u00bb.vc_custom_1610973136118{padding-top: px !important;padding-bottom: 30px !important;}\u00bb][vc_column][vc_separator type=\u00bbnormal\u00bb border_style=\u00bb\u00bb color=\u00bb#0a0a0a\u00bb][\/vc_column][\/vc_row][vc_row row_type=\u00bbrow\u00bb use_row_as_full_screen_section=\u00bbno\u00bb type=\u00bbfull_width\u00bb text_align=\u00bbleft\u00bb background_animation=\u00bbnone\u00bb css_animation=\u00bb\u00bb css=\u00bb.vc_custom_1610971612162{padding-top: 10px !important;}\u00bb][vc_column][vc_column_text]<\/p>\n<h5 style=\"text-align: center;\"><span style=\"color: #ea2d2e;\"><b>LA JABATA PRODUCCIONES<\/b><\/span><\/h5>\n<p>[\/vc_column_text][\/vc_column][\/vc_row][vc_row row_type=\u00bbrow\u00bb use_row_as_full_screen_section=\u00bbno\u00bb type=\u00bbfull_width\u00bb text_align=\u00bbleft\u00bb background_animation=\u00bbnone\u00bb css_animation=\u00bb\u00bb css=\u00bb.vc_custom_1610971880916{padding-top: 30px !important;padding-bottom: 20px !important;}\u00bb][vc_column width=\u00bb2\/3&#8243;][vc_column_text css=\u00bb.vc_custom_1614165465162{padding-top: 30px !important;}\u00bb]Dakota Su\u00e1rez (actriz, dramaturga y cantante nacida en Gran Canaria) y C\u00e1stor Iglesias (actor nacido en Madrid) son La Jabata Producciones, una compa\u00f1\u00eda de Teatro joven y emergente que quiere poner en pie el segundo espect\u00e1culo de creaci\u00f3n de la compa\u00f1\u00eda, <i>La Sensibilidad de los Patos<\/i>.<\/p>\n<p>&nbsp;<\/p>\n<p><em>Este espect\u00e1culo quiere hablar de la inadaptaci\u00f3n social de las personas sensibles que existen en nuestro mundo. El proyecto nace desde un enfoque internacional, ya que queremos llegar a todos los p\u00fablicos utilizando lenguajes visuales como la pantomima o el teatro de objetos, sin que el idioma se convierta en un impedimento. Sabemos que el espect\u00e1culo parte de una tem\u00e1tica universal: la sensibilidad de las personas y su verdadero \u201cyo\u201d, tan conectado con los ciclos que podemos encontrar en la naturaleza. Es por eso que queremos crear un lenguaje personal con una po\u00e9tica precisa con la que poder llegar al mayor n\u00famero de personas posible.<\/em><\/p>\n<p>&nbsp;<\/p>\n<p>&nbsp;<\/p>\n<p>@dakota.actriz<\/p>\n<p>@castoriglesias[\/vc_column_text][\/vc_column][vc_column width=\u00bb1\/3&#8243;][vc_single_image image=\u00bb1069&#8243; img_size=\u00bblarge\u00bb alignment=\u00bbcenter\u00bb onclick=\u00bbcustom_link\u00bb img_link_target=\u00bb_blank\u00bb qode_css_animation=\u00bb\u00bb][vc_column_text css=\u00bb.vc_custom_1614164473854{padding-top: 15px !important;}\u00bb]<\/p>\n<p style=\"text-align: center;\"><em><span style=\"font-weight: 400;\">La Sensibilidad de los Patos<br \/>\n<\/span><\/em><\/p>\n<p>[\/vc_column_text][\/vc_column][\/vc_row][vc_row row_type=\u00bbrow\u00bb use_row_as_full_screen_section=\u00bbno\u00bb type=\u00bbfull_width\u00bb text_align=\u00bbleft\u00bb background_animation=\u00bbnone\u00bb css_animation=\u00bb\u00bb css=\u00bb.vc_custom_1610971949811{padding-top: 20px !important;padding-bottom: 30px !important;}\u00bb][vc_column][vc_separator type=\u00bbnormal\u00bb border_style=\u00bb\u00bb color=\u00bb#0a0a0a\u00bb][\/vc_column][\/vc_row][vc_row row_type=\u00bbrow\u00bb use_row_as_full_screen_section=\u00bbno\u00bb type=\u00bbfull_width\u00bb text_align=\u00bbleft\u00bb background_animation=\u00bbnone\u00bb css_animation=\u00bb\u00bb css=\u00bb.vc_custom_1610971612162{padding-top: 10px !important;}\u00bb][vc_column][vc_column_text]<\/p>\n<h5 style=\"text-align: center;\"><span style=\"color: #ea2d2e;\"><b>PILAR MCCARTHY<br \/>\n<\/b><\/span><\/h5>\n<p>[\/vc_column_text][\/vc_column][\/vc_row][vc_row row_type=\u00bbrow\u00bb use_row_as_full_screen_section=\u00bbno\u00bb type=\u00bbfull_width\u00bb text_align=\u00bbleft\u00bb background_animation=\u00bbnone\u00bb css_animation=\u00bb\u00bb css=\u00bb.vc_custom_1610975110011{padding-top: 20px !important;padding-bottom: 20px !important;}\u00bb][vc_column width=\u00bb2\/3&#8243;][vc_column_text css=\u00bb.vc_custom_1614165184211{padding-top: 10px !important;}\u00bb]Me emociona hacer canciones,sorprenderme en el proceso y cantarlas una y otra vez. Entiendo la voz como el instrumento m\u00e1s potente y transformador que existe,un veh\u00edculo comunicativo y emocional que puede unir la palabra y la m\u00fasica, eso, es muy maravilloso.<\/p>\n<p>&nbsp;<\/p>\n<p>@pilarmccarthy<\/p>\n<p><a href=\"http:\/\/pilarmccarthy.com\/\">http:\/\/pilarmccarthy.com\/<\/a>[\/vc_column_text][\/vc_column][vc_column width=\u00bb1\/3&#8243;][vc_single_image image=\u00bb1071&#8243; img_size=\u00bbmedium\u00bb alignment=\u00bbcenter\u00bb onclick=\u00bbcustom_link\u00bb img_link_target=\u00bb_blank\u00bb qode_css_animation=\u00bb\u00bb][\/vc_column][\/vc_row][vc_row row_type=\u00bbrow\u00bb use_row_as_full_screen_section=\u00bbno\u00bb type=\u00bbfull_width\u00bb text_align=\u00bbleft\u00bb background_animation=\u00bbnone\u00bb css_animation=\u00bb\u00bb css=\u00bb.vc_custom_1610971949811{padding-top: 20px !important;padding-bottom: 30px !important;}\u00bb][vc_column][vc_separator type=\u00bbnormal\u00bb border_style=\u00bb\u00bb color=\u00bb#0a0a0a\u00bb][\/vc_column][\/vc_row]<\/p>\n<\/div>","protected":false},"excerpt":{"rendered":"<p>[vc_row row_type=\u00bbrow\u00bb use_row_as_full_screen_section=\u00bbno\u00bb type=\u00bbfull_width\u00bb text_align=\u00bbcenter\u00bb background_animation=\u00bbnone\u00bb css_animation=\u00bb\u00bb css=\u00bb.vc_custom_1610973632409{padding-bottom: 20px !important;}\u00bb][vc_column][vc_column_text] CRISTINA GONZ\u00c1LEZ PA\u00d1OS [\/vc_column_text][\/vc_column][\/vc_row][vc_row row_type=\u00bbrow\u00bb use_row_as_full_screen_section=\u00bbno\u00bb type=\u00bbfull_width\u00bb text_align=\u00bbleft\u00bb background_animation=\u00bbnone\u00bb css_animation=\u00bb\u00bb css=\u00bb.vc_custom_1610973590515{padding-top: 30px !important;padding-right: 0px !important;padding-bottom: 30px !important;padding-left: 0px !important;}\u00bb][vc_column width=\u00bb2\/3&#8243;][vc_column_text]Graduada en Bellas Artes (2009-2013, Universidad de Barcelona), especializaci\u00f3n en imagen y fotograf\u00eda y m\u00e1ster en&#8230;<\/p>\n","protected":false},"author":1,"featured_media":0,"parent":0,"menu_order":0,"comment_status":"closed","ping_status":"closed","template":"","meta":{"footnotes":""},"class_list":["post-1061","page","type-page","status-publish","hentry"],"_links":{"self":[{"href":"https:\/\/casadartistes.esfarcultural.net\/es\/wp-json\/wp\/v2\/pages\/1061","targetHints":{"allow":["GET"]}}],"collection":[{"href":"https:\/\/casadartistes.esfarcultural.net\/es\/wp-json\/wp\/v2\/pages"}],"about":[{"href":"https:\/\/casadartistes.esfarcultural.net\/es\/wp-json\/wp\/v2\/types\/page"}],"author":[{"embeddable":true,"href":"https:\/\/casadartistes.esfarcultural.net\/es\/wp-json\/wp\/v2\/users\/1"}],"replies":[{"embeddable":true,"href":"https:\/\/casadartistes.esfarcultural.net\/es\/wp-json\/wp\/v2\/comments?post=1061"}],"version-history":[{"count":12,"href":"https:\/\/casadartistes.esfarcultural.net\/es\/wp-json\/wp\/v2\/pages\/1061\/revisions"}],"predecessor-version":[{"id":3117,"href":"https:\/\/casadartistes.esfarcultural.net\/es\/wp-json\/wp\/v2\/pages\/1061\/revisions\/3117"}],"wp:attachment":[{"href":"https:\/\/casadartistes.esfarcultural.net\/es\/wp-json\/wp\/v2\/media?parent=1061"}],"curies":[{"name":"wp","href":"https:\/\/api.w.org\/{rel}","templated":true}]}}