{"id":859,"date":"2021-01-18T11:18:44","date_gmt":"2021-01-18T11:18:44","guid":{"rendered":"https:\/\/casadartistes.esfarcultural.net\/?page_id=859"},"modified":"2024-06-26T16:21:35","modified_gmt":"2024-06-26T16:21:35","slug":"col%c2%b7laboracions","status":"publish","type":"page","link":"https:\/\/casadartistes.esfarcultural.net\/en\/col%c2%b7laboracions","title":{"rendered":"COL\u00b7LABORACIONS"},"content":{"rendered":"<div class=\"wpb-content-wrapper\"><p>[vc_row row_type=&#8221;row&#8221; use_row_as_full_screen_section=&#8221;no&#8221; type=&#8221;full_width&#8221; text_align=&#8221;left&#8221; background_animation=&#8221;none&#8221; css_animation=&#8221;&#8221; css=&#8221;.vc_custom_1611044669832{padding-top: 0px !important;padding-bottom: 40px !important;}&#8221;][vc_column][vc_column_text]<\/p>\n<h5 style=\"text-align: center;\"><strong><span style=\"color: #ea2d2e;\">NUEVOS ACUERDOS DE COLABORACI\u00d3N<\/span><\/strong><\/h5>\n<p>[\/vc_column_text][\/vc_column][\/vc_row][vc_row row_type=&#8221;row&#8221; use_row_as_full_screen_section=&#8221;no&#8221; type=&#8221;full_width&#8221; text_align=&#8221;left&#8221; background_animation=&#8221;none&#8221; css_animation=&#8221;&#8221; css=&#8221;.vc_custom_1610977133716{padding-top: 20px !important;}&#8221;][vc_column width=&#8221;1\/4&#8243;][\/vc_column][vc_column width=&#8221;1\/4&#8243;][vc_column_text css=&#8221;.vc_custom_1611044369623{padding-right: 20px !important;padding-bottom: 20px !important;}&#8221;]<\/p>\n<p style=\"text-align: center;\"><a href=\"http:\/\/stripart.cat\/festival\/2019-2?utm_source=esFAR+contactes&#038;utm_campaign=cc4b764a12-EMAIL_CAMPAIGN_2020_07_22_10_15_COPY_01&#038;utm_medium=email&#038;utm_term=0_543bb04e3e-cc4b764a12-29038585\" target=\"_blank\" rel=\"noopener noreferrer\"><span style=\"color: #ea2d2e;\"><strong>STRIPART<\/strong><\/span><\/a><\/p>\n<p>[\/vc_column_text][vc_column_text css=&#8221;.vc_custom_1611059262565{padding-right: 20px !important;}&#8221;]<\/p>\n<p style=\"text-align: left;\">25 a\u00f1os apoyando la creaci\u00f3n emergente <a href=\"http:\/\/stripart.cat\/festival\/2019-2?utm_source=esFAR+contactes&#038;utm_campaign=cc4b764a12-EMAIL_CAMPAIGN_2020_07_22_10_15_COPY_01&#038;utm_medium=email&#038;utm_term=0_543bb04e3e-cc4b764a12-29038585\" target=\"_blank\" rel=\"noopener noreferrer\">Stripartes<\/a> un festival de proyectos art\u00edsticos realizados por j\u00f3venes creadores. <a href=\"https:\/\/ajuntament.barcelona.cat\/ccivics\/guinardo?utm_source=esFAR+contactes&#038;utm_campaign=cc4b764a12-EMAIL_CAMPAIGN_2020_07_22_10_15_COPY_01&#038;utm_medium=email&#038;utm_term=0_543bb04e3e-cc4b764a12-29038585\" target=\"_blank\" rel=\"noopener noreferrer\">El Centre C\u00edvic Guinard\u00f3<\/a> llena de propuestas art\u00edsticas y de diferentes actividades que nos acercan y nos muestran los m\u00faltiples lenguajes del arte actual.<\/p>\n<p>[\/vc_column_text][vc_single_image image=&#8221;979&#8243; img_size=&#8221;medium&#8221; alignment=&#8221;center&#8221; onclick=&#8221;custom_link&#8221; img_link_target=&#8221;_blank&#8221; qode_css_animation=&#8221;&#8221; css=&#8221;.vc_custom_1611044357119{padding-top: 20px !important;padding-right: 20px !important;}&#8221; link=&#8221;http:\/\/stripart.cat\/festival\/2019-2?utm_source=esFAR+contactes&#038;utm_campaign=cc4b764a12-EMAIL_CAMPAIGN_2020_07_22_10_15_COPY_01&#038;utm_medium=email&#038;utm_term=0_543bb04e3e-cc4b764a12-29038585&#8243;][\/vc_column][vc_column width=&#8221;1\/4&#8243;][vc_column_text css=&#8221;.vc_custom_1611059285121{padding-left: 20px !important;}&#8221;]<\/p>\n<p style=\"text-align: center;\"><a href=\"https:\/\/www.experimentem.org\/index.html?utm_source=esFAR+contactes&#038;utm_campaign=cc4b764a12-EMAIL_CAMPAIGN_2020_07_22_10_15_COPY_01&#038;utm_medium=email&#038;utm_term=0_543bb04e3e-cc4b764a12-29038585\" target=\"_blank\" rel=\"noopener noreferrer\"><span style=\"color: #ea2d2e;\"><strong>EXPERIMENTEM AMB L&#8217;ART<\/strong><\/span><\/a><\/p>\n<p>[\/vc_column_text][vc_column_text css=&#8221;.vc_custom_1611059279552{padding-top: 20px !important;padding-bottom: 10px !important;padding-left: 20px !important;}&#8221;]<\/p>\n<p style=\"text-align: left;\">+25 a\u00f1os en arte y educaci\u00f3n. Somos una entidad educativa que trabajamos a partir del arte contempor\u00e1neo y los procesos creativos entendidos como herramienta para fomentar la capacidad cr\u00edtica y creativa de las personas. La actividad principal de la entidad es el dise\u00f1o y realizaci\u00f3n de proyectos art\u00edstico educativos diversos, as\u00ed como la gesti\u00f3n del Espacio <a href=\"https:\/\/www.experimentem.org\/index.html?utm_source=esFAR+contactes&#038;utm_campaign=cc4b764a12-EMAIL_CAMPAIGN_2020_07_22_10_15_COPY_01&#038;utm_medium=email&#038;utm_term=0_543bb04e3e-cc4b764a12-29038585\" target=\"_blank\" rel=\"noopener noreferrer\">EART<\/a>, un espacio plurifuncional que abre nuevos caminos en la investigaci\u00f3n y la experimentaci\u00f3n de varias vertientes del mundo del arte y la educaci\u00f3n.<\/p>\n<p>[\/vc_column_text][vc_single_image image=&#8221;982&#8243; img_size=&#8221;medium&#8221; alignment=&#8221;right&#8221; onclick=&#8221;custom_link&#8221; img_link_target=&#8221;_blank&#8221; qode_css_animation=&#8221;&#8221; css=&#8221;.vc_custom_1611059298139{padding-left: 20px !important;}&#8221; link=&#8221;https:\/\/www.experimentem.org&#8221;][\/vc_column][vc_column width=&#8221;1\/4&#8243;][\/vc_column][\/vc_row]<\/p>\n<\/div>","protected":false},"excerpt":{"rendered":"<p>[vc_row row_type=&#8221;row&#8221; use_row_as_full_screen_section=&#8221;no&#8221; type=&#8221;full_width&#8221; text_align=&#8221;left&#8221; background_animation=&#8221;none&#8221; css_animation=&#8221;&#8221; css=&#8221;.vc_custom_1611044669832{padding-top: 0px !important;padding-bottom: 40px !important;}&#8221;][vc_column][vc_column_text] NUEVOS ACUERDOS DE COLABORACI\u00d3N [\/vc_column_text][\/vc_column][\/vc_row][vc_row row_type=&#8221;row&#8221; use_row_as_full_screen_section=&#8221;no&#8221; type=&#8221;full_width&#8221; text_align=&#8221;left&#8221; background_animation=&#8221;none&#8221; css_animation=&#8221;&#8221; css=&#8221;.vc_custom_1610977133716{padding-top: 20px !important;}&#8221;][vc_column width=&#8221;1\/4&#8243;][\/vc_column][vc_column width=&#8221;1\/4&#8243;][vc_column_text css=&#8221;.vc_custom_1611044369623{padding-right: 20px !important;padding-bottom: 20px !important;}&#8221;] STRIPART [\/vc_column_text][vc_column_text css=&#8221;.vc_custom_1611059262565{padding-right: 20px !important;}&#8221;] 25 a\u00f1os apoyando la creaci\u00f3n emergente Stripartes&#8230;<\/p>\n","protected":false},"author":1,"featured_media":0,"parent":0,"menu_order":0,"comment_status":"closed","ping_status":"closed","template":"","meta":{"footnotes":""},"class_list":["post-859","page","type-page","status-publish","hentry"],"_links":{"self":[{"href":"https:\/\/casadartistes.esfarcultural.net\/en\/wp-json\/wp\/v2\/pages\/859","targetHints":{"allow":["GET"]}}],"collection":[{"href":"https:\/\/casadartistes.esfarcultural.net\/en\/wp-json\/wp\/v2\/pages"}],"about":[{"href":"https:\/\/casadartistes.esfarcultural.net\/en\/wp-json\/wp\/v2\/types\/page"}],"author":[{"embeddable":true,"href":"https:\/\/casadartistes.esfarcultural.net\/en\/wp-json\/wp\/v2\/users\/1"}],"replies":[{"embeddable":true,"href":"https:\/\/casadartistes.esfarcultural.net\/en\/wp-json\/wp\/v2\/comments?post=859"}],"version-history":[{"count":61,"href":"https:\/\/casadartistes.esfarcultural.net\/en\/wp-json\/wp\/v2\/pages\/859\/revisions"}],"predecessor-version":[{"id":978,"href":"https:\/\/casadartistes.esfarcultural.net\/en\/wp-json\/wp\/v2\/pages\/859\/revisions\/978"}],"wp:attachment":[{"href":"https:\/\/casadartistes.esfarcultural.net\/en\/wp-json\/wp\/v2\/media?parent=859"}],"curies":[{"name":"wp","href":"https:\/\/api.w.org\/{rel}","templated":true}]}}