{"id":542,"date":"2020-11-24T13:13:50","date_gmt":"2020-11-24T13:13:50","guid":{"rendered":"https:\/\/casadartistes.esfarcultural.net\/?page_id=542"},"modified":"2024-06-26T17:00:21","modified_gmt":"2024-06-26T17:00:21","slug":"espai-de-creacio","status":"publish","type":"page","link":"https:\/\/casadartistes.esfarcultural.net\/en\/espai-de-creacio","title":{"rendered":"ESPAI DE CREACI\u00d3"},"content":{"rendered":"<div class=\"wpb-content-wrapper\"><p>[vc_row row_type=&#8221;row&#8221; use_row_as_full_screen_section=&#8221;no&#8221; type=&#8221;full_width&#8221; text_align=&#8221;left&#8221; background_animation=&#8221;none&#8221; css_animation=&#8221;&#8221;][vc_column][vc_column_text]<\/p>\n<h3>La Casa d\u2019Artistes \u00e9s un espai de creaci\u00f3 i pensament situat a Es Mercadal (Menorca). Pensat per realitzar-hi estades creatives i de producci\u00f3 de totes les disciplines art\u00edstiques i d\u2019investigaci\u00f3 en general en mig d\u2019un entorn natural.<\/h3>\n<p>[\/vc_column_text][\/vc_column][\/vc_row][vc_row row_type=&#8221;row&#8221; use_row_as_full_screen_section=&#8221;no&#8221; type=&#8221;full_width&#8221; text_align=&#8221;left&#8221; background_animation=&#8221;none&#8221; css_animation=&#8221;&#8221;][vc_column][vc_gallery type=&#8221;image_grid&#8221; images=&#8221;290,289,288,452,286,292,293,285,441,1593,1595,1592,1586,1594,1579,1589,1585,1588,1591,1587,1583,1581,1580,1584&#8243; img_size=&#8221;full&#8221; onclick=&#8221;img_link_large&#8221; custom_links_target=&#8221;_blank&#8221; column_number=&#8221;4&#8243; grayscale=&#8221;no&#8221; space_between_images=&#8221;yes&#8221;][vc_separator type=&#8221;normal&#8221; border_style=&#8221;&#8221; color=&#8221;#ef3737&#8243;][vc_empty_space][\/vc_column][\/vc_row][vc_row row_type=&#8221;row&#8221; use_row_as_full_screen_section=&#8221;no&#8221; type=&#8221;full_width&#8221; text_align=&#8221;left&#8221; background_animation=&#8221;none&#8221; css_animation=&#8221;&#8221;][vc_column width=&#8221;1\/4&#8243;][\/vc_column][vc_column width=&#8221;1\/2&#8243;][vc_video link=&#8221;https:\/\/youtu.be\/Cn1psVFGPaQ&#8221;][\/vc_column][vc_column width=&#8221;1\/4&#8243;][\/vc_column][\/vc_row][vc_row row_type=&#8221;row&#8221; use_row_as_full_screen_section=&#8221;no&#8221; type=&#8221;full_width&#8221; text_align=&#8221;left&#8221; background_animation=&#8221;none&#8221; css_animation=&#8221;&#8221;][vc_column][vc_empty_space][vc_separator type=&#8221;normal&#8221; border_style=&#8221;&#8221; color=&#8221;#ef4337&#8243;][\/vc_column][\/vc_row]<\/p>\n<\/div>","protected":false},"excerpt":{"rendered":"<p>[vc_row row_type=&#8221;row&#8221; use_row_as_full_screen_section=&#8221;no&#8221; type=&#8221;full_width&#8221; text_align=&#8221;left&#8221; background_animation=&#8221;none&#8221; css_animation=&#8221;&#8221;][vc_column][vc_column_text] La Casa d\u2019Artistes \u00e9s un espai de creaci\u00f3 i pensament situat a Es Mercadal (Menorca). Pensat per realitzar-hi estades creatives i de producci\u00f3 de totes les disciplines art\u00edstiques i d\u2019investigaci\u00f3 en general en mig d\u2019un entorn natural. [\/vc_column_text][\/vc_column][\/vc_row][vc_row&#8230;<\/p>\n","protected":false},"author":1,"featured_media":0,"parent":0,"menu_order":0,"comment_status":"closed","ping_status":"closed","template":"","meta":{"footnotes":""},"class_list":["post-542","page","type-page","status-publish","hentry"],"_links":{"self":[{"href":"https:\/\/casadartistes.esfarcultural.net\/en\/wp-json\/wp\/v2\/pages\/542","targetHints":{"allow":["GET"]}}],"collection":[{"href":"https:\/\/casadartistes.esfarcultural.net\/en\/wp-json\/wp\/v2\/pages"}],"about":[{"href":"https:\/\/casadartistes.esfarcultural.net\/en\/wp-json\/wp\/v2\/types\/page"}],"author":[{"embeddable":true,"href":"https:\/\/casadartistes.esfarcultural.net\/en\/wp-json\/wp\/v2\/users\/1"}],"replies":[{"embeddable":true,"href":"https:\/\/casadartistes.esfarcultural.net\/en\/wp-json\/wp\/v2\/comments?post=542"}],"version-history":[{"count":22,"href":"https:\/\/casadartistes.esfarcultural.net\/en\/wp-json\/wp\/v2\/pages\/542\/revisions"}],"predecessor-version":[{"id":3101,"href":"https:\/\/casadartistes.esfarcultural.net\/en\/wp-json\/wp\/v2\/pages\/542\/revisions\/3101"}],"wp:attachment":[{"href":"https:\/\/casadartistes.esfarcultural.net\/en\/wp-json\/wp\/v2\/media?parent=542"}],"curies":[{"name":"wp","href":"https:\/\/api.w.org\/{rel}","templated":true}]}}