{"id":477,"date":"2020-11-24T10:29:10","date_gmt":"2020-11-24T10:29:10","guid":{"rendered":"https:\/\/casadartistes.esfarcultural.net\/?page_id=477"},"modified":"2020-11-24T18:20:06","modified_gmt":"2020-11-24T18:20:06","slug":"taller-obert","status":"publish","type":"page","link":"https:\/\/casadartistes.esfarcultural.net\/en\/taller-obert","title":{"rendered":"TALLER OBERT"},"content":{"rendered":"<div class=\"wpb-content-wrapper\"><p>[vc_row row_type=&#8221;row&#8221; use_row_as_full_screen_section=&#8221;no&#8221; type=&#8221;full_width&#8221; text_align=&#8221;left&#8221; background_animation=&#8221;none&#8221; css_animation=&#8221;&#8221;][vc_column][vc_column_text]<\/p>\n<h3><span style=\"color: #000000;\">El taller obert permet als visitats poder con\u00e8ixer l\u2019obra i l\u2019artista resident a la Casa d\u2019artistes de Montpalau.\u00a0Al final de la seva estada l\u2019artista exposa, explica les t\u00e8cniques que ha utilitzat i es pot veure com es treballa al taller de la casa d\u2019artistes.<\/span><\/h3>\n<p>[\/vc_column_text][vc_empty_space][vc_separator type=&#8221;normal&#8221; border_style=&#8221;&#8221; color=&#8221;#dd3333&#8243;][\/vc_column][\/vc_row][vc_row row_type=&#8221;row&#8221; use_row_as_full_screen_section=&#8221;no&#8221; type=&#8221;full_width&#8221; text_align=&#8221;left&#8221; background_animation=&#8221;none&#8221; css_animation=&#8221;&#8221; css=&#8221;.vc_custom_1606213952822{margin-top: 20px !important;margin-bottom: 20px !important;}&#8221;][vc_column width=&#8221;2\/3&#8243;][vc_single_image image=&#8221;478&#8243; img_size=&#8221;large&#8221; alignment=&#8221;center&#8221; qode_css_animation=&#8221;&#8221;][\/vc_column][vc_column width=&#8221;1\/3&#8243;][vc_column_text]<\/p>\n<h6><span style=\"color: #000000;\">El fot\u00f2graf Toni Amengual, Premi Mallorca de Fotografia Contempor\u00e0nia, ser\u00e0 l\u2019encarregat d\u2019introduir-nos en \u201cLa nova fotografia documental\u201d, confer\u00e8ncia que tindr\u00e0 lloc al Centre de Convencions des Mercadal, el proper dijous 14, a les 19:00, activitat que es relaciona amb la resid\u00e8ncia art\u00edstica que dur a terme a la Casa d\u2019Artistes de Montpalau durant el mesos de gener i febrer.<\/span><\/h6>\n<p>[\/vc_column_text][vc_empty_space height=&#8221;9px&#8221;][vc_single_image image=&#8221;479&#8243; alignment=&#8221;right&#8221; qode_css_animation=&#8221;&#8221;][vc_empty_space height=&#8221;9px&#8221;][vc_column_text]<span style=\"color: #000000;\">Toni Amengual, llicenciat en biologia per la Universitat de Barcelona el 2003, va estudiar fotografia a l\u2019Institut d\u2019Estudis Fotogr\u00e0fics de Catalunya entre 1999 i 2002 i va obtenir un m\u00e0ster en fotoperiodisme a l\u2019Aut\u00f2noma el 2003. Actualment exerceix de director del M\u00e0ster Nova fotografia Documental i Reportatge aplicat a l\u2019IDEP Barcelona i professor associat a Elisava (Barcelona). Entre les seves exposicions figuren Com viure amb la mem\u00f2ria (Museu d\u2019Art Contemporani Castella i Lle\u00f3), Devots (a Les Bernardes, Salt, Girona) o Holydays, mostra que es va exhibir en 2016 al Casal Solleric com a resultat de ser el projecte guanyador de la convocat\u00f2ria i formar\u00e0 part de l\u2019exposici\u00f3 col\u00b7lectiva \u201cIlles d\u2019Art 4\u201d la qual s\u2019inaugurar\u00e0 l\u20191 de mar\u00e7, al casal Solleric de Palma de Mallorca.<\/span>[\/vc_column_text][\/vc_column][\/vc_row][vc_row row_type=&#8221;row&#8221; use_row_as_full_screen_section=&#8221;no&#8221; type=&#8221;full_width&#8221; text_align=&#8221;left&#8221; background_animation=&#8221;none&#8221; css_animation=&#8221;&#8221; css=&#8221;.vc_custom_1606214064459{margin-top: 20px !important;margin-bottom: 20px !important;}&#8221;][vc_column][vc_separator type=&#8221;normal&#8221; border_style=&#8221;&#8221; color=&#8221;#dd3333&#8243;][vc_empty_space][vc_gallery type=&#8221;image_grid&#8221; images=&#8221;510,507,505,503,495,492&#8243; onclick=&#8221;img_link_large&#8221; column_number=&#8221;2&#8243; grayscale=&#8221;no&#8221; space_between_images=&#8221;no&#8221;][\/vc_column][\/vc_row][vc_row row_type=&#8221;row&#8221; use_row_as_full_screen_section=&#8221;no&#8221; type=&#8221;full_width&#8221; text_align=&#8221;left&#8221; background_animation=&#8221;none&#8221; css_animation=&#8221;&#8221;][vc_column][vc_empty_space][vc_separator type=&#8221;normal&#8221; border_style=&#8221;&#8221; color=&#8221;#dd3333&#8243;][\/vc_column][\/vc_row]<\/p>\n<\/div>","protected":false},"excerpt":{"rendered":"<p>[vc_row row_type=&#8221;row&#8221; use_row_as_full_screen_section=&#8221;no&#8221; type=&#8221;full_width&#8221; text_align=&#8221;left&#8221; background_animation=&#8221;none&#8221; css_animation=&#8221;&#8221;][vc_column][vc_column_text] El taller obert permet als visitats poder con\u00e8ixer l\u2019obra i l\u2019artista resident a la Casa d\u2019artistes de Montpalau.\u00a0Al final de la seva estada l\u2019artista exposa, explica les t\u00e8cniques que ha utilitzat i es pot veure com es treballa&#8230;<\/p>\n","protected":false},"author":1,"featured_media":0,"parent":0,"menu_order":0,"comment_status":"closed","ping_status":"closed","template":"","meta":{"footnotes":""},"class_list":["post-477","page","type-page","status-publish","hentry"],"_links":{"self":[{"href":"https:\/\/casadartistes.esfarcultural.net\/en\/wp-json\/wp\/v2\/pages\/477","targetHints":{"allow":["GET"]}}],"collection":[{"href":"https:\/\/casadartistes.esfarcultural.net\/en\/wp-json\/wp\/v2\/pages"}],"about":[{"href":"https:\/\/casadartistes.esfarcultural.net\/en\/wp-json\/wp\/v2\/types\/page"}],"author":[{"embeddable":true,"href":"https:\/\/casadartistes.esfarcultural.net\/en\/wp-json\/wp\/v2\/users\/1"}],"replies":[{"embeddable":true,"href":"https:\/\/casadartistes.esfarcultural.net\/en\/wp-json\/wp\/v2\/comments?post=477"}],"version-history":[{"count":38,"href":"https:\/\/casadartistes.esfarcultural.net\/en\/wp-json\/wp\/v2\/pages\/477\/revisions"}],"predecessor-version":[{"id":586,"href":"https:\/\/casadartistes.esfarcultural.net\/en\/wp-json\/wp\/v2\/pages\/477\/revisions\/586"}],"wp:attachment":[{"href":"https:\/\/casadartistes.esfarcultural.net\/en\/wp-json\/wp\/v2\/media?parent=477"}],"curies":[{"name":"wp","href":"https:\/\/api.w.org\/{rel}","templated":true}]}}