{"id":4065,"date":"2026-03-16T11:42:55","date_gmt":"2026-03-16T11:42:55","guid":{"rendered":"https:\/\/casadartistes.esfarcultural.net\/en\/?page_id=4065"},"modified":"2026-04-01T09:27:55","modified_gmt":"2026-04-01T09:27:55","slug":"natalia-sans","status":"publish","type":"page","link":"https:\/\/casadartistes.esfarcultural.net\/en\/natalia-sans","title":{"rendered":"NAT\u00c0LIA SANS"},"content":{"rendered":"<div class=\"wpb-content-wrapper\"><p>[vc_row row_type=&#8221;row&#8221; use_row_as_full_screen_section=&#8221;no&#8221; type=&#8221;full_width&#8221; text_align=&#8221;left&#8221; background_animation=&#8221;none&#8221; css_animation=&#8221;&#8221; css=&#8221;.vc_custom_1610971923298{padding-top: 10px !important;padding-bottom: 20px !important;}&#8221;][vc_column][vc_empty_space][vc_column_text css=&#8221;&#8221;]<\/p>\n<h1 style=\"text-align: left;\"><strong>NAT\u00c0LIA SANS RESIDENCE<\/strong><\/h1>\n<p>[\/vc_column_text][vc_empty_space][vc_column_text css=&#8221;&#8221;]<\/p>\n<h3><span style=\"color: #ff0000;\">Selected Band<\/span><\/h3>\n<p>[\/vc_column_text][vc_empty_space][vc_empty_space][vc_row_inner row_type=&#8221;row&#8221; type=&#8221;full_width&#8221; use_row_as_full_screen_section_slide=&#8221;no&#8221; text_align=&#8221;left&#8221; css_animation=&#8221;&#8221;][vc_column_inner width=&#8221;2\/3&#8243;][vc_empty_space][vc_column_text css=&#8221;&#8221;]<\/p>\n<h5 style=\"text-align: left;\"><strong><span style=\"color: #ea2d2e;\">DAHLIA<\/span><\/strong><\/h5>\n<p>[\/vc_column_text][vc_empty_space][vc_column_text css=&#8221;&#8221;]<\/p>\n<p style=\"font-weight: 400; text-align: justify;\">Dahlia is a music group based between Menorca and Barcelona, formed by Joan Dab\u00e9n Florit (vocals and guitar), Joanjo Serra Florit (guitar), Josep Pe\u00f1alver Anglada (keyboards), Joan Rotger Juli\u00e0 (bass), and Guillem Pons Taltavull (drums).<\/p>\n<p style=\"font-weight: 400; text-align: justify;\">Dahlia was formed between 2020 and 2021, but it was not until December 2022 that they introduced themselves publicly with the release of two self-produced singles and their live debut at the<strong> Teatre des Born in Ciutadella de Menorca<\/strong>. In 2023 they performed at the <strong>Claustre del Carme in Ma\u00f3<\/strong>; they were finalists in the <strong>Pop-Rock competition<\/strong> in Palma and performed at the<strong> Monkey Week 2023 festival in Seville<\/strong>. That same year they released their <strong>first EP, titled <i>Perqu\u00e8 s\u00ed i altres motius<\/i><\/strong>. In 2024, Dahlia opened the<strong> Cranc Illa de Menorca festival<\/strong> and made their debut in Barcelona at the well-known venue <strong>Razzmatazz<\/strong>. In 2025 they returned to the Teatre des Born and were selected for the first stages of the<strong> 2025 Sona9 competition<\/strong>.<\/p>\n<p style=\"font-weight: 400; text-align: justify;\">Their <strong>second EP, titled <i>Perqu\u00e8 no i altres excuses<\/i>, was released in September 2025<\/strong>. The four songs that make it up engage in a compositional dialogue with their first work and draw inspiration from admired artists such as Grateful Dead, El Petit de Cal Eril, Frank Zappa, and Big Thief. This release is a <strong>commitment to creativity and stylistic freedom, expanding their thematic, stylistic, and compositional imagination<\/strong>, <strong>and standing out for its daring, intimate, and perceptive character.<\/strong><\/p>\n<p>&nbsp;<\/p>\n<p style=\"font-weight: 400; text-align: justify;\">Dahlia\u2019s music moves across different musical styles such as <strong>alternative pop and progressive rock<\/strong>. Within this flexible stylistic framework, and blending the diverse influences of each member of the band,<strong> their musical proposal becomes bold and exploratory<\/strong>. Their music also stands out for <strong>its intimate, colloquial lyrics with a strong reflective tone<\/strong> that connect with the personal world in a distinctive way. This<strong> thematic heterogeneity, which reinforces their style, wanders between confusion, absurdity, nostalgia, and social critique<\/strong>.<\/p>\n<p>[\/vc_column_text][vc_empty_space][\/vc_column_inner][vc_column_inner width=&#8221;1\/3&#8243;][vc_empty_space][vc_empty_space][vc_empty_space][vc_single_image image=&#8221;4066&#8243; img_size=&#8221;large&#8221; alignment=&#8221;center&#8221; onclick=&#8221;custom_link&#8221; img_link_target=&#8221;_blank&#8221; css=&#8221;&#8221; qode_css_animation=&#8221;&#8221;][vc_empty_space][\/vc_column_inner][\/vc_row_inner][vc_empty_space][vc_separator type=&#8221;normal&#8221; border_style=&#8221;&#8221; color=&#8221;#0a0a0a&#8221;][vc_empty_space][vc_empty_space][\/vc_column][\/vc_row]<\/p>\n<\/div>","protected":false},"excerpt":{"rendered":"<p>[vc_row row_type=&#8221;row&#8221; use_row_as_full_screen_section=&#8221;no&#8221; type=&#8221;full_width&#8221; text_align=&#8221;left&#8221; background_animation=&#8221;none&#8221; css_animation=&#8221;&#8221; css=&#8221;.vc_custom_1610971923298{padding-top: 10px !important;padding-bottom: 20px !important;}&#8221;][vc_column][vc_empty_space][vc_column_text css=&#8221;&#8221;] NAT\u00c0LIA SANS RESIDENCE [\/vc_column_text][vc_empty_space][vc_column_text css=&#8221;&#8221;] Selected Band [\/vc_column_text][vc_empty_space][vc_empty_space][vc_row_inner row_type=&#8221;row&#8221; type=&#8221;full_width&#8221; use_row_as_full_screen_section_slide=&#8221;no&#8221; text_align=&#8221;left&#8221; css_animation=&#8221;&#8221;][vc_column_inner width=&#8221;2\/3&#8243;][vc_empty_space][vc_column_text css=&#8221;&#8221;] DAHLIA [\/vc_column_text][vc_empty_space][vc_column_text css=&#8221;&#8221;] Dahlia is a music group based between Menorca and Barcelona, formed by Joan Dab\u00e9n&#8230;<\/p>\n","protected":false},"author":1,"featured_media":0,"parent":0,"menu_order":0,"comment_status":"closed","ping_status":"closed","template":"","meta":{"footnotes":""},"class_list":["post-4065","page","type-page","status-publish","hentry"],"_links":{"self":[{"href":"https:\/\/casadartistes.esfarcultural.net\/en\/wp-json\/wp\/v2\/pages\/4065","targetHints":{"allow":["GET"]}}],"collection":[{"href":"https:\/\/casadartistes.esfarcultural.net\/en\/wp-json\/wp\/v2\/pages"}],"about":[{"href":"https:\/\/casadartistes.esfarcultural.net\/en\/wp-json\/wp\/v2\/types\/page"}],"author":[{"embeddable":true,"href":"https:\/\/casadartistes.esfarcultural.net\/en\/wp-json\/wp\/v2\/users\/1"}],"replies":[{"embeddable":true,"href":"https:\/\/casadartistes.esfarcultural.net\/en\/wp-json\/wp\/v2\/comments?post=4065"}],"version-history":[{"count":9,"href":"https:\/\/casadartistes.esfarcultural.net\/en\/wp-json\/wp\/v2\/pages\/4065\/revisions"}],"predecessor-version":[{"id":4084,"href":"https:\/\/casadartistes.esfarcultural.net\/en\/wp-json\/wp\/v2\/pages\/4065\/revisions\/4084"}],"wp:attachment":[{"href":"https:\/\/casadartistes.esfarcultural.net\/en\/wp-json\/wp\/v2\/media?parent=4065"}],"curies":[{"name":"wp","href":"https:\/\/api.w.org\/{rel}","templated":true}]}}